{"id":11706,"date":"2024-09-09T09:06:52","date_gmt":"2024-09-09T09:06:52","guid":{"rendered":"https:\/\/sinotrip.net\/?post_type=product&#038;p=11706"},"modified":"2025-10-18T05:08:40","modified_gmt":"2025-10-18T05:08:40","slug":"the-palace-museum","status":"publish","type":"product","link":"https:\/\/sinotrip.net\/de\/produkt\/the-palace-museum\/","title":{"rendered":"Das Palastmuseum"},"content":{"rendered":"<p><img fetchpriority=\"high\" decoding=\"async\" class=\"alignnone size-medium wp-image-11714\" src=\"https:\/\/sinotrip.net\/wp-content\/uploads\/2024\/09\/The-Palace-Museum-8-300x200.jpg\" alt=\"\" width=\"300\" height=\"200\" srcset=\"https:\/\/sinotrip.net\/wp-content\/uploads\/2024\/09\/The-Palace-Museum-8-300x200.jpg 300w, https:\/\/sinotrip.net\/wp-content\/uploads\/2024\/09\/The-Palace-Museum-8-600x398.jpg 600w, https:\/\/sinotrip.net\/wp-content\/uploads\/2024\/09\/The-Palace-Museum-8-1024x683.jpg 1024w, https:\/\/sinotrip.net\/wp-content\/uploads\/2024\/09\/The-Palace-Museum-8-768x512.jpg 768w, https:\/\/sinotrip.net\/wp-content\/uploads\/2024\/09\/The-Palace-Museum-8.jpg 1200w\" sizes=\"(max-width: 300px) 100vw, 300px\" \/> <img decoding=\"async\" class=\"alignnone size-medium wp-image-11715\" src=\"https:\/\/sinotrip.net\/wp-content\/uploads\/2024\/09\/The-Palace-Museum-9-300x200.jpg\" alt=\"\" width=\"300\" height=\"200\" srcset=\"https:\/\/sinotrip.net\/wp-content\/uploads\/2024\/09\/The-Palace-Museum-9-300x200.jpg 300w, https:\/\/sinotrip.net\/wp-content\/uploads\/2024\/09\/The-Palace-Museum-9-600x398.jpg 600w, https:\/\/sinotrip.net\/wp-content\/uploads\/2024\/09\/The-Palace-Museum-9-1024x683.jpg 1024w, https:\/\/sinotrip.net\/wp-content\/uploads\/2024\/09\/The-Palace-Museum-9-768x512.jpg 768w, https:\/\/sinotrip.net\/wp-content\/uploads\/2024\/09\/The-Palace-Museum-9.jpg 1200w\" sizes=\"(max-width: 300px) 100vw, 300px\" \/> <img decoding=\"async\" class=\"alignnone size-medium wp-image-11716\" src=\"https:\/\/sinotrip.net\/wp-content\/uploads\/2024\/09\/The-Palace-Museum-10-300x200.jpg\" alt=\"\" width=\"300\" height=\"200\" srcset=\"https:\/\/sinotrip.net\/wp-content\/uploads\/2024\/09\/The-Palace-Museum-10-300x200.jpg 300w, https:\/\/sinotrip.net\/wp-content\/uploads\/2024\/09\/The-Palace-Museum-10-600x398.jpg 600w, https:\/\/sinotrip.net\/wp-content\/uploads\/2024\/09\/The-Palace-Museum-10-1024x683.jpg 1024w, https:\/\/sinotrip.net\/wp-content\/uploads\/2024\/09\/The-Palace-Museum-10-768x512.jpg 768w, https:\/\/sinotrip.net\/wp-content\/uploads\/2024\/09\/The-Palace-Museum-10.jpg 1200w\" sizes=\"(max-width: 300px) 100vw, 300px\" \/><br \/>\nF\u00fcr die meisten Besucher Pekings ist die Verbotene Stadt ein Muss. Die Verbotene Stadt, auch als Verbotene Stadt bekannt, ist der kaiserliche Palast der Ming- und Qing-Dynastien und auch ein Symbol und Sinnbild des alten China. Obwohl dieser Ort nicht mehr das politische Zentrum Chinas ist, kann man, wenn man in den hohen Mauern und dem tiefen Innenhof steht, immer noch seinen fr\u00fcheren Glanz sp\u00fcren. Die lange Geschichte hat hier eine Vielzahl wertvoller Geb\u00e4ude und zahlloser kultureller Relikte hinterlassen, die auch die Hauptattraktion des heutigen Besuchs in der Verbotenen Stadt sind.<\/p>","protected":false},"excerpt":{"rendered":"<p>Entdecken Sie das majest\u00e4tische Palastmuseum, eine Fundgrube f\u00fcr alte chinesische Kunst und kaiserliche Geschichte<\/p>","protected":false},"featured_media":11707,"comment_status":"open","ping_status":"closed","template":"","meta":[],"product_cat":[15,94],"product_tag":[101,99,100],"class_list":{"0":"post-11706","1":"product","2":"type-product","3":"status-publish","4":"has-post-thumbnail","6":"product_cat-city","7":"product_cat-peking","8":"product_tag-group-travel","9":"product_tag-number-of-days-to-visit-3-5-days","10":"product_tag-self-driving-tours","12":"first","13":"instock","14":"featured","15":"shipping-taxable","16":"purchasable","17":"product-type-simple"},"aioseo_notices":[],"_links":{"self":[{"href":"https:\/\/sinotrip.net\/de\/wp-json\/wp\/v2\/product\/11706","targetHints":{"allow":["GET"]}}],"collection":[{"href":"https:\/\/sinotrip.net\/de\/wp-json\/wp\/v2\/product"}],"about":[{"href":"https:\/\/sinotrip.net\/de\/wp-json\/wp\/v2\/types\/product"}],"replies":[{"embeddable":true,"href":"https:\/\/sinotrip.net\/de\/wp-json\/wp\/v2\/comments?post=11706"}],"wp:featuredmedia":[{"embeddable":true,"href":"https:\/\/sinotrip.net\/de\/wp-json\/wp\/v2\/media\/11707"}],"wp:attachment":[{"href":"https:\/\/sinotrip.net\/de\/wp-json\/wp\/v2\/media?parent=11706"}],"wp:term":[{"taxonomy":"product_cat","embeddable":true,"href":"https:\/\/sinotrip.net\/de\/wp-json\/wp\/v2\/product_cat?post=11706"},{"taxonomy":"product_tag","embeddable":true,"href":"https:\/\/sinotrip.net\/de\/wp-json\/wp\/v2\/product_tag?post=11706"}],"curies":[{"name":"wp","href":"https:\/\/api.w.org\/{rel}","templated":true}]}}