{"id":12075,"date":"2024-12-24T09:39:20","date_gmt":"2024-12-24T09:39:20","guid":{"rendered":"https:\/\/sinotrip.net\/?post_type=product&#038;p=12075"},"modified":"2025-01-04T08:58:05","modified_gmt":"2025-01-04T08:58:05","slug":"zhangjiajie-tour-avatars-floating-mountains","status":"publish","type":"product","link":"https:\/\/sinotrip.net\/de\/produkt\/zhangjiajie-tour-avatars-floating-mountains\/","title":{"rendered":"2 Tage Mini-Gruppe Zhangjiajie Tour, ohne Shopping"},"content":{"rendered":"<p><img fetchpriority=\"high\" decoding=\"async\" class=\"aligncenter wp-image-12099 size-large\" src=\"https:\/\/sinotrip.net\/wp-content\/uploads\/2024\/12\/zhangjiajie-1024x640.jpg\" alt=\"zhangjiajie-mountains\" width=\"640\" height=\"400\" srcset=\"https:\/\/sinotrip.net\/wp-content\/uploads\/2024\/12\/zhangjiajie-1024x640.jpg 1024w, https:\/\/sinotrip.net\/wp-content\/uploads\/2024\/12\/zhangjiajie-300x188.jpg 300w, https:\/\/sinotrip.net\/wp-content\/uploads\/2024\/12\/zhangjiajie-768x480.jpg 768w, https:\/\/sinotrip.net\/wp-content\/uploads\/2024\/12\/zhangjiajie-18x12.jpg 18w, https:\/\/sinotrip.net\/wp-content\/uploads\/2024\/12\/zhangjiajie-600x375.jpg 600w, https:\/\/sinotrip.net\/wp-content\/uploads\/2024\/12\/zhangjiajie.jpg 1280w\" sizes=\"(max-width: 640px) 100vw, 640px\" \/><\/p>\n<p>Zhangjiajie, das sowohl zum Weltkulturerbe als auch zum Weltgeopark geh\u00f6rt, ist ein unheimliches Meisterwerk der Natur. Es ist ein beliebtes Ziel f\u00fcr Reisende aus der ganzen Welt. Auf unseren privaten Zhangjiajie-Touren werden Sie die \"schwebenden Berge von Avatar\" in der Realit\u00e4t sehen und einen aufregenden Spaziergang auf der l\u00e4ngsten und h\u00f6chsten Glasbr\u00fccke der Welt unternehmen. Sie werden die Naturlandschaft von ihrer sch\u00f6nsten Seite bewundern k\u00f6nnen.<\/p>\n<p><img decoding=\"async\" class=\"aligncenter wp-image-12097 size-large\" src=\"https:\/\/sinotrip.net\/wp-content\/uploads\/2024\/12\/zhangjiajieglassbridge-1024x640.jpg\" alt=\"zhangjiajie-glass-bridge\" width=\"640\" height=\"400\" srcset=\"https:\/\/sinotrip.net\/wp-content\/uploads\/2024\/12\/zhangjiajieglassbridge-1024x640.jpg 1024w, https:\/\/sinotrip.net\/wp-content\/uploads\/2024\/12\/zhangjiajieglassbridge-300x188.jpg 300w, https:\/\/sinotrip.net\/wp-content\/uploads\/2024\/12\/zhangjiajieglassbridge-768x480.jpg 768w, https:\/\/sinotrip.net\/wp-content\/uploads\/2024\/12\/zhangjiajieglassbridge-18x12.jpg 18w, https:\/\/sinotrip.net\/wp-content\/uploads\/2024\/12\/zhangjiajieglassbridge-600x375.jpg 600w, https:\/\/sinotrip.net\/wp-content\/uploads\/2024\/12\/zhangjiajieglassbridge.jpg 1280w\" sizes=\"(max-width: 640px) 100vw, 640px\" \/><\/p>\n<p>Schlie\u00dfen Sie sich einer kleinen Gruppe von etwa sechs Personen an, um die atemberaubenden Landschaften von Zhangjiajie pers\u00f6nlich zu erkunden. Mit mehr Aufmerksamkeit und Sorgfalt Ihres Reiseleiters erleben Sie die ber\u00fchmtesten Sehensw\u00fcrdigkeiten der Region ohne Ablenkungen durch Shopping-Stopps oder optionale Touren, was ein reines Sightseeing-Erlebnis garantiert.<\/p>\n<p>Beginnen Sie Ihr Abenteuer mit einer Fahrt mit dem Bailong-Aufzug, dem h\u00f6chsten Klippenaufzug der Welt, und genie\u00dfen Sie einen atemberaubenden Blick auf die majest\u00e4tischen Karstgipfel von Zhangjiajie. Treten Sie ein in die fantastische Welt von Pandora, die durch den hoch aufragenden Hallelujah-Berg zum Leben erweckt wird, der durch den Film Avatar ber\u00fchmt wurde.<\/p>\n<p>Sp\u00fcren Sie den Nervenkitzel, wenn Sie \u00fcber die Glasbr\u00fccke spazieren, die \u00fcber dem Zhangjiajie Grand Canyon schwebt und einen Panoramablick auf die atemberaubende Naturlandschaft unter Ihnen bietet. Entspannen Sie sich anschlie\u00dfend bei einer gem\u00fctlichen Wanderung entlang des Golden Whip Stream, der als eines der sch\u00f6nsten T\u00e4ler der Welt gilt und von \u00fcppigem Gr\u00fcn und dramatischen Klippen umgeben ist.<\/p>\n<p>Ohne Ablenkungen durch Shopping oder \u00fcberteuerte optionale Touren konzentriert sich diese Reise ausschlie\u00dflich auf die unvergleichliche Natursch\u00f6nheit und die kulturellen H\u00f6hepunkte der Region, was sie zu einem unvergesslichen Erlebnis macht.<\/p>\n<p>&nbsp;<\/p>","protected":false},"excerpt":{"rendered":"<p>Zhangjiajie, das sowohl zum Weltkulturerbe als auch zum Weltgeopark geh\u00f6rt, ist ein unheimliches Meisterwerk der Natur. Es ist ein beliebtes Ziel f\u00fcr Reisende aus der ganzen Welt. Auf unseren privaten Zhangjiajie-Touren werden Sie die \"schwebenden Berge von Avatar\" in der Realit\u00e4t sehen und einen aufregenden Spaziergang auf der l\u00e4ngsten und h\u00f6chsten Glasbr\u00fccke der Welt unternehmen. Sie werden die Naturlandschaft von ihrer sch\u00f6nsten Seite bewundern k\u00f6nnen.<\/p>","protected":false},"featured_media":12117,"comment_status":"open","ping_status":"closed","template":"","meta":[],"product_cat":[15,96],"product_tag":[101,99,100],"class_list":{"0":"post-12075","1":"product","2":"type-product","3":"status-publish","4":"has-post-thumbnail","6":"product_cat-city","7":"product_cat-hunan","8":"product_tag-group-travel","9":"product_tag-number-of-days-to-visit-3-5-days","10":"product_tag-self-driving-tours","12":"first","13":"instock","14":"shipping-taxable","15":"purchasable","16":"product-type-simple"},"aioseo_notices":[],"_links":{"self":[{"href":"https:\/\/sinotrip.net\/de\/wp-json\/wp\/v2\/product\/12075","targetHints":{"allow":["GET"]}}],"collection":[{"href":"https:\/\/sinotrip.net\/de\/wp-json\/wp\/v2\/product"}],"about":[{"href":"https:\/\/sinotrip.net\/de\/wp-json\/wp\/v2\/types\/product"}],"replies":[{"embeddable":true,"href":"https:\/\/sinotrip.net\/de\/wp-json\/wp\/v2\/comments?post=12075"}],"wp:featuredmedia":[{"embeddable":true,"href":"https:\/\/sinotrip.net\/de\/wp-json\/wp\/v2\/media\/12117"}],"wp:attachment":[{"href":"https:\/\/sinotrip.net\/de\/wp-json\/wp\/v2\/media?parent=12075"}],"wp:term":[{"taxonomy":"product_cat","embeddable":true,"href":"https:\/\/sinotrip.net\/de\/wp-json\/wp\/v2\/product_cat?post=12075"},{"taxonomy":"product_tag","embeddable":true,"href":"https:\/\/sinotrip.net\/de\/wp-json\/wp\/v2\/product_tag?post=12075"}],"curies":[{"name":"wp","href":"https:\/\/api.w.org\/{rel}","templated":true}]}}