{"id":12119,"date":"2024-12-25T09:09:59","date_gmt":"2024-12-25T09:09:59","guid":{"rendered":"https:\/\/sinotrip.net\/?post_type=product&#038;p=12119"},"modified":"2024-12-25T09:51:31","modified_gmt":"2024-12-25T09:51:31","slug":"huangshan-tours%ef%bc%9aunparalleled-fairyland-an-otherworldly-paradise","status":"publish","type":"product","link":"https:\/\/sinotrip.net\/de\/produkt\/huangshan-tours%ef%bc%9aunparalleled-fairyland-an-otherworldly-paradise\/","title":{"rendered":"Huangshan Tours\uff1aEin unvergleichliches M\u00e4rchenland, ein Paradies der anderen Art"},"content":{"rendered":"<p><img fetchpriority=\"high\" decoding=\"async\" class=\"aligncenter size-large wp-image-12124\" src=\"https:\/\/sinotrip.net\/wp-content\/uploads\/2024\/12\/huangshan3-1024x640.jpg\" alt=\"huangshan3\" width=\"640\" height=\"400\" srcset=\"https:\/\/sinotrip.net\/wp-content\/uploads\/2024\/12\/huangshan3-1024x640.jpg 1024w, https:\/\/sinotrip.net\/wp-content\/uploads\/2024\/12\/huangshan3-300x188.jpg 300w, https:\/\/sinotrip.net\/wp-content\/uploads\/2024\/12\/huangshan3-768x480.jpg 768w, https:\/\/sinotrip.net\/wp-content\/uploads\/2024\/12\/huangshan3-18x12.jpg 18w, https:\/\/sinotrip.net\/wp-content\/uploads\/2024\/12\/huangshan3-600x375.jpg 600w, https:\/\/sinotrip.net\/wp-content\/uploads\/2024\/12\/huangshan3.jpg 1280w\" sizes=\"(max-width: 640px) 100vw, 640px\" \/><\/p>\n<p>Von allen landschaftlich reizvollen Bergen in China wurde der Huangshan zum besten gew\u00e4hlt. Jede der vier Jahreszeiten auf dem Berg hat ihre eigene Sch\u00f6nheit und schafft ein reizvolles, weltfremdes Paradies auf Erden. Egal, ob Sie die Natur, alte D\u00f6rfer, Wandern oder Radfahren m\u00f6gen, unsere privaten Huangshan-Touren werden Ihnen helfen, das Beste daraus zu machen.<\/p>\n<p><img decoding=\"async\" class=\"aligncenter size-large wp-image-12120\" src=\"https:\/\/sinotrip.net\/wp-content\/uploads\/2024\/12\/hongcun-1024x640.jpg\" alt=\"hongcun\" width=\"640\" height=\"400\" srcset=\"https:\/\/sinotrip.net\/wp-content\/uploads\/2024\/12\/hongcun-1024x640.jpg 1024w, https:\/\/sinotrip.net\/wp-content\/uploads\/2024\/12\/hongcun-300x188.jpg 300w, https:\/\/sinotrip.net\/wp-content\/uploads\/2024\/12\/hongcun-768x480.jpg 768w, https:\/\/sinotrip.net\/wp-content\/uploads\/2024\/12\/hongcun-18x12.jpg 18w, https:\/\/sinotrip.net\/wp-content\/uploads\/2024\/12\/hongcun-600x375.jpg 600w, https:\/\/sinotrip.net\/wp-content\/uploads\/2024\/12\/hongcun.jpg 1280w\" sizes=\"(max-width: 640px) 100vw, 640px\" \/><\/p>\n<p>Auf dieser Reise lernen Sie die Huizhou-Kultur und die Natursch\u00f6nheiten von Huangshan intensiv kennen. Sie werden Hongcun besuchen, das als \"Dorf in chinesischen Gem\u00e4lden\" bekannt ist. Es hat einen kompakten Grundriss, und der Stil des Wasserdorfs und die gr\u00fcnen Berge und Gew\u00e4sser erg\u00e4nzen sich wie ein ruhiges Gem\u00e4lde. Anschlie\u00dfend schlendern Sie durch die Alte Stra\u00dfe von Tunxi, betreten die purpurrote Steinstra\u00dfe, sp\u00fcren den Charme der traditionellen chinesischen Architektur, w\u00e4hlen lokale Spezialit\u00e4ten und Kunsthandwerk aus und erleben den Marktstil des alten Huizhou.<\/p>\n<p>Erklimmen Sie den Huangshan, fahren Sie mit der Seilbahn den ganzen Weg hinauf und lassen Sie sich von dem Wolkenmeer und den seltsamen Gipfeln verzaubern. Sie werden die seltsamen Kiefern und Felsen des Shixin-Gipfels bewundern und \u00fcber die Sch\u00f6nheit des Huangshan seufzen; Sie werden die romantische Szene der Pfirsichbl\u00fcten \u00fcberall auf dem Berg auf dem Taohua-Gipfel im Fr\u00fchling genie\u00dfen; Sie werden die herrliche Landschaft von Beihai auf dem Shizi-Gipfel erkunden; Sie werden den gro\u00dfartigen Feilai-Stein erforschen und sein Wunder sp\u00fcren, als ob er vom Himmel gefallen w\u00e4re; Sie werden das Wolkenmeer in Guangmingding \u00fcberblicken und den herrlichen Panoramablick auf das Ost- und Westmeer genie\u00dfen.<\/p>\n<p>Au\u00dferdem besuchen Sie den Paiyun-Pavillon, wo Sie seltsame Felsen, Gipfel und ein Wolkenmeer bewundern k\u00f6nnen, und spazieren durch den Xihai Grand Canyon, um die tiefe und vertr\u00e4umte Sch\u00f6nheit der Natur zu genie\u00dfen. Diese Reise wird Sie in eine wunderbare Welt eintauchen lassen, in der Kultur und Natur miteinander verwoben sind, und Ihnen eine unvergessliche Erinnerung bescheren.<\/p>","protected":false},"excerpt":{"rendered":"<p>Von allen landschaftlich reizvollen Bergen in China wurde der Huangshan zum besten gew\u00e4hlt. Jede der vier Jahreszeiten auf dem Berg hat ihre eigene Sch\u00f6nheit und schafft ein reizvolles, weltfremdes Paradies auf Erden. Egal, ob Sie die Natur, alte D\u00f6rfer, Wandern oder Radfahren m\u00f6gen, unsere privaten Huangshan-Touren werden Ihnen helfen, das Beste daraus zu machen.<\/p>","protected":false},"featured_media":12126,"comment_status":"open","ping_status":"closed","template":"","meta":[],"product_cat":[15,109],"product_tag":[101,99,100],"class_list":{"0":"post-12119","1":"product","2":"type-product","3":"status-publish","4":"has-post-thumbnail","6":"product_cat-city","7":"product_cat-anhui","8":"product_tag-group-travel","9":"product_tag-number-of-days-to-visit-3-5-days","10":"product_tag-self-driving-tours","12":"first","13":"instock","14":"shipping-taxable","15":"purchasable","16":"product-type-simple"},"aioseo_notices":[],"_links":{"self":[{"href":"https:\/\/sinotrip.net\/de\/wp-json\/wp\/v2\/product\/12119","targetHints":{"allow":["GET"]}}],"collection":[{"href":"https:\/\/sinotrip.net\/de\/wp-json\/wp\/v2\/product"}],"about":[{"href":"https:\/\/sinotrip.net\/de\/wp-json\/wp\/v2\/types\/product"}],"replies":[{"embeddable":true,"href":"https:\/\/sinotrip.net\/de\/wp-json\/wp\/v2\/comments?post=12119"}],"wp:featuredmedia":[{"embeddable":true,"href":"https:\/\/sinotrip.net\/de\/wp-json\/wp\/v2\/media\/12126"}],"wp:attachment":[{"href":"https:\/\/sinotrip.net\/de\/wp-json\/wp\/v2\/media?parent=12119"}],"wp:term":[{"taxonomy":"product_cat","embeddable":true,"href":"https:\/\/sinotrip.net\/de\/wp-json\/wp\/v2\/product_cat?post=12119"},{"taxonomy":"product_tag","embeddable":true,"href":"https:\/\/sinotrip.net\/de\/wp-json\/wp\/v2\/product_tag?post=12119"}],"curies":[{"name":"wp","href":"https:\/\/api.w.org\/{rel}","templated":true}]}}