{"id":12543,"date":"2025-03-17T08:07:29","date_gmt":"2025-03-17T08:07:29","guid":{"rendered":"https:\/\/sinotrip.net\/?post_type=product&#038;p=12543"},"modified":"2025-03-17T08:13:12","modified_gmt":"2025-03-17T08:13:12","slug":"longji-terraces-where-nature-and-culture-create-a-spectacular-landscape","status":"publish","type":"product","link":"https:\/\/sinotrip.net\/de\/produkt\/longji-terraces-where-nature-and-culture-create-a-spectacular-landscape\/","title":{"rendered":"Longji-Terrassen: Wo Natur und Kultur eine spektakul\u00e4re Landschaft schaffen"},"content":{"rendered":"<p>Die <a href=\"https:\/\/sinotrip.net\/de\/\">Longji-Reis<\/a> Die Terrassen sind eine gro\u00dfe Gruppe von Terrassenfeldern in Guilin, und die sich \u00fcberschneidenden Kurven sind sehr beeindruckend. Hier gibt es mehrere alte D\u00f6rfer ethnischer Minderheiten, die von den Zhuang und Yao bewohnt werden. Wenn man die Longji-Reisterrassen besucht, wandert man haupts\u00e4chlich, um die Landschaft zu bewundern und Fotos zu machen. Sie k\u00f6nnen auch lokale Bauerngerichte probieren und die Br\u00e4uche der ethnischen Minderheiten kennen lernen.<\/p>\n<p>&nbsp;<\/p>\n<p><img fetchpriority=\"high\" decoding=\"async\" class=\"aligncenter wp-image-12544\" title=\"Longji-Reis\" src=\"https:\/\/sinotrip.net\/wp-content\/uploads\/2025\/03\/0104t12000j071ggw185B_C_1200_800_Q70.jpg\" alt=\"Longji Rice\" width=\"537\" height=\"358\" srcset=\"https:\/\/sinotrip.net\/wp-content\/uploads\/2025\/03\/0104t12000j071ggw185B_C_1200_800_Q70.jpg 600w, https:\/\/sinotrip.net\/wp-content\/uploads\/2025\/03\/0104t12000j071ggw185B_C_1200_800_Q70-300x200.jpg 300w, https:\/\/sinotrip.net\/wp-content\/uploads\/2025\/03\/0104t12000j071ggw185B_C_1200_800_Q70-18x12.jpg 18w\" sizes=\"(max-width: 537px) 100vw, 537px\" \/><\/p>\n<p>Die Longji-Terrassen sind ein atemberaubendes Meisterwerk aus Natur und Kultur, das die sanften H\u00fcgel in eine faszinierende Treppe aus goldenen Reisfeldern verwandelt. Im Herzen von Guangxi gelegen, bietet dieses ikonische Reiseziel atemberaubende Panoramablicke, ein reiches ethnisches Erbe und eine unvergessliche Flucht aus der Stadt.<\/p>\n<p><img decoding=\"async\" class=\"aligncenter wp-image-12550\" title=\"Longji-Reis\" src=\"https:\/\/sinotrip.net\/wp-content\/uploads\/2025\/03\/100g0x000000lh1qsB282_C_1200_800_Q70.jpg\" alt=\"Longji Rice\" width=\"521\" height=\"332\" srcset=\"https:\/\/sinotrip.net\/wp-content\/uploads\/2025\/03\/100g0x000000lh1qsB282_C_1200_800_Q70.jpg 600w, https:\/\/sinotrip.net\/wp-content\/uploads\/2025\/03\/100g0x000000lh1qsB282_C_1200_800_Q70-300x191.jpg 300w, https:\/\/sinotrip.net\/wp-content\/uploads\/2025\/03\/100g0x000000lh1qsB282_C_1200_800_Q70-18x12.jpg 18w\" sizes=\"(max-width: 521px) 100vw, 521px\" \/><\/p>\n<p>Bewundern Sie die spektakul\u00e4ren Terrassenlandschaften<br \/>\nErleben Sie die authentische Kultur der Zhuang und Yao<br \/>\nHalten Sie den Zauber des Sonnenaufgangs \u00fcber den Feldern fest<\/p>\n<p><img decoding=\"async\" class=\"aligncenter wp-image-12546\" title=\"Longji-Reis\" src=\"https:\/\/sinotrip.net\/wp-content\/uploads\/2025\/03\/0105u120005qssb4w68C4_C_1200_800_Q70.jpg\" alt=\"Longji Rice\" width=\"522\" height=\"348\" srcset=\"https:\/\/sinotrip.net\/wp-content\/uploads\/2025\/03\/0105u120005qssb4w68C4_C_1200_800_Q70.jpg 600w, https:\/\/sinotrip.net\/wp-content\/uploads\/2025\/03\/0105u120005qssb4w68C4_C_1200_800_Q70-300x200.jpg 300w, https:\/\/sinotrip.net\/wp-content\/uploads\/2025\/03\/0105u120005qssb4w68C4_C_1200_800_Q70-18x12.jpg 18w\" sizes=\"(max-width: 522px) 100vw, 522px\" \/><\/p>\n<p>Egal, ob Sie Naturliebhaber, Fotofreak oder Kulturinteressierter sind, die Longji-Terrassen versprechen ein beeindruckendes Abenteuer wie kein anderes. Planen Sie Ihren Besuch noch heute!<\/p>","protected":false},"excerpt":{"rendered":"<p>Die <a href=\"https:\/\/sinotrip.net\/de\/\">Longji-Reis<\/a> Die Terrassen sind eine gro\u00dfe Gruppe von Terrassenfeldern in Guilin, und die sich \u00fcberschneidenden Kurven sind sehr sch\u00f6n.<\/p>","protected":false},"featured_media":12551,"comment_status":"open","ping_status":"closed","template":"","meta":[],"product_cat":[107],"product_tag":[101,135],"class_list":{"0":"post-12543","1":"product","2":"type-product","3":"status-publish","4":"has-post-thumbnail","6":"product_cat-guilin","7":"product_tag-group-travel","8":"product_tag-travel","10":"first","11":"instock","12":"shipping-taxable","13":"purchasable","14":"product-type-simple"},"aioseo_notices":[],"_links":{"self":[{"href":"https:\/\/sinotrip.net\/de\/wp-json\/wp\/v2\/product\/12543","targetHints":{"allow":["GET"]}}],"collection":[{"href":"https:\/\/sinotrip.net\/de\/wp-json\/wp\/v2\/product"}],"about":[{"href":"https:\/\/sinotrip.net\/de\/wp-json\/wp\/v2\/types\/product"}],"replies":[{"embeddable":true,"href":"https:\/\/sinotrip.net\/de\/wp-json\/wp\/v2\/comments?post=12543"}],"wp:featuredmedia":[{"embeddable":true,"href":"https:\/\/sinotrip.net\/de\/wp-json\/wp\/v2\/media\/12551"}],"wp:attachment":[{"href":"https:\/\/sinotrip.net\/de\/wp-json\/wp\/v2\/media?parent=12543"}],"wp:term":[{"taxonomy":"product_cat","embeddable":true,"href":"https:\/\/sinotrip.net\/de\/wp-json\/wp\/v2\/product_cat?post=12543"},{"taxonomy":"product_tag","embeddable":true,"href":"https:\/\/sinotrip.net\/de\/wp-json\/wp\/v2\/product_tag?post=12543"}],"curies":[{"name":"wp","href":"https:\/\/api.w.org\/{rel}","templated":true}]}}