{"id":12586,"date":"2025-03-20T06:38:45","date_gmt":"2025-03-20T06:38:45","guid":{"rendered":"https:\/\/sinotrip.net\/?post_type=product&#038;p=12586"},"modified":"2025-03-20T08:21:31","modified_gmt":"2025-03-20T08:21:31","slug":"yangtze-river-three-gorges-century-cruise","status":"publish","type":"product","link":"https:\/\/sinotrip.net\/de\/produkt\/yangtze-river-three-gorges-century-cruise\/","title":{"rendered":"Yangtze Fluss Drei Schluchten - Jahrhundert-Kreuzfahrt"},"content":{"rendered":"<p>Ein Urlaubserlebnis sollte Freude machen und entspannend sein! Ob Sie nur eine Yangtze-Kreuzfahrt oder in Kombination mit einer Tour durch hei\u00dfe St\u00e4dte machen, diverse Yangtze-Kreuzfahrten sind immer flexibel f\u00fcr Sie.<\/p>\n<p><img fetchpriority=\"high\" decoding=\"async\" class=\"aligncenter wp-image-12589\" title=\"Drei Schluchten am Jangtsekiang\" src=\"https:\/\/sinotrip.net\/wp-content\/uploads\/2025\/03\/8cae9f1ce8e35cc564d8a11299357e73-1.jpg\" alt=\"Yangtze River Three Gorges\" width=\"559\" height=\"373\" srcset=\"https:\/\/sinotrip.net\/wp-content\/uploads\/2025\/03\/8cae9f1ce8e35cc564d8a11299357e73-1.jpg 800w, https:\/\/sinotrip.net\/wp-content\/uploads\/2025\/03\/8cae9f1ce8e35cc564d8a11299357e73-1-300x200.jpg 300w, https:\/\/sinotrip.net\/wp-content\/uploads\/2025\/03\/8cae9f1ce8e35cc564d8a11299357e73-1-768x513.jpg 768w, https:\/\/sinotrip.net\/wp-content\/uploads\/2025\/03\/8cae9f1ce8e35cc564d8a11299357e73-1-18x12.jpg 18w, https:\/\/sinotrip.net\/wp-content\/uploads\/2025\/03\/8cae9f1ce8e35cc564d8a11299357e73-1-600x401.jpg 600w\" sizes=\"(max-width: 559px) 100vw, 559px\" \/><\/p>\n<p>Die hochmodernen, leisen und umweltfreundlichen Flusskreuzfahrtschiffe Century Legend und Century Myth sind mit einem Paukenschlag vom Stapel gelaufen und werden zum leuchtenden neuen Stern der Luxuskreuzfahrt auf dem Drei-Schluchten-Fluss Jangtse! Die beiden Luxus-Kreuzfahrtschiffe nutzen die Kerntechnologien \"elektrischer Antrieb\" und \"Integration von Ruder und Propeller\" der Century Cruise Industry und traten am 18. Mai 2013 ihre Jungfernfahrt an! Das Kreuzfahrtschiff verf\u00fcgt \u00fcber eine siebenst\u00f6ckige, vollst\u00e4ndig ausgeh\u00f6hlte Lobby, eine unabh\u00e4ngige Chefetage, eine 3,7 Meter hohe, s\u00e4ulenfreie, multifunktionale Unterhaltungshalle, einen Freizeitbereich mit beheiztem Innenschwimmbad, ein gestuftes High-Definition-Kino sowie \u00f6ffentliche Unterhaltungseinrichtungen wie ein Fitnessstudio, einen SPA-Massageraum und ein Kinderspielzimmer.<\/p>\n<p><img decoding=\"async\" class=\"aligncenter wp-image-12592\" title=\"Drei Schluchten am Jangtsekiang\" src=\"https:\/\/sinotrip.net\/wp-content\/uploads\/2025\/03\/4919a9f0aeebd85de73109f571114725-1.jpeg\" alt=\"Yangtze River Three Gorges\" width=\"542\" height=\"365\" srcset=\"https:\/\/sinotrip.net\/wp-content\/uploads\/2025\/03\/4919a9f0aeebd85de73109f571114725-1.jpeg 650w, https:\/\/sinotrip.net\/wp-content\/uploads\/2025\/03\/4919a9f0aeebd85de73109f571114725-1-300x202.jpeg 300w, https:\/\/sinotrip.net\/wp-content\/uploads\/2025\/03\/4919a9f0aeebd85de73109f571114725-1-18x12.jpeg 18w, https:\/\/sinotrip.net\/wp-content\/uploads\/2025\/03\/4919a9f0aeebd85de73109f571114725-1-600x404.jpeg 600w\" sizes=\"(max-width: 542px) 100vw, 542px\" \/><\/p>","protected":false},"excerpt":{"rendered":"<p>Ein Urlaubserlebnis sollte Freude machen und entspannend sein! Ob Sie nur eine Yangtze-Kreuzfahrt oder in Kombination mit einer Tour durch hei\u00dfe St\u00e4dte machen, diverse Yangtze-Kreuzfahrten sind immer flexibel f\u00fcr Sie.<\/p>","protected":false},"featured_media":12593,"comment_status":"open","ping_status":"closed","template":"","meta":[],"product_cat":[15,137],"product_tag":[101,135],"class_list":{"0":"post-12586","1":"product","2":"type-product","3":"status-publish","4":"has-post-thumbnail","6":"product_cat-city","7":"product_cat-chongqing","8":"product_tag-group-travel","9":"product_tag-travel","11":"first","12":"instock","13":"shipping-taxable","14":"purchasable","15":"product-type-simple"},"aioseo_notices":[],"_links":{"self":[{"href":"https:\/\/sinotrip.net\/de\/wp-json\/wp\/v2\/product\/12586","targetHints":{"allow":["GET"]}}],"collection":[{"href":"https:\/\/sinotrip.net\/de\/wp-json\/wp\/v2\/product"}],"about":[{"href":"https:\/\/sinotrip.net\/de\/wp-json\/wp\/v2\/types\/product"}],"replies":[{"embeddable":true,"href":"https:\/\/sinotrip.net\/de\/wp-json\/wp\/v2\/comments?post=12586"}],"wp:featuredmedia":[{"embeddable":true,"href":"https:\/\/sinotrip.net\/de\/wp-json\/wp\/v2\/media\/12593"}],"wp:attachment":[{"href":"https:\/\/sinotrip.net\/de\/wp-json\/wp\/v2\/media?parent=12586"}],"wp:term":[{"taxonomy":"product_cat","embeddable":true,"href":"https:\/\/sinotrip.net\/de\/wp-json\/wp\/v2\/product_cat?post=12586"},{"taxonomy":"product_tag","embeddable":true,"href":"https:\/\/sinotrip.net\/de\/wp-json\/wp\/v2\/product_tag?post=12586"}],"curies":[{"name":"wp","href":"https:\/\/api.w.org\/{rel}","templated":true}]}}