{"id":12747,"date":"2025-03-28T07:16:59","date_gmt":"2025-03-28T07:16:59","guid":{"rendered":"https:\/\/sinotrip.net\/?post_type=product&#038;p=12747"},"modified":"2025-03-28T09:47:25","modified_gmt":"2025-03-28T09:47:25","slug":"15-days-private-tour-of-kunming-lijiang-kunming-lunan-xingyi-huangguoshu-waterfall-guiyang-kaili-rongjiang-congjiang-zhaoxing-sanjiang-longsheng-guilin-yangshuo-guilin","status":"publish","type":"product","link":"https:\/\/sinotrip.net\/de\/produkt\/15-days-private-tour-of-kunming-lijiang-kunming-lunan-xingyi-huangguoshu-waterfall-guiyang-kaili-rongjiang-congjiang-zhaoxing-sanjiang-longsheng-guilin-yangshuo-guilin\/","title":{"rendered":"15 Tage private Tour von Kunming - Lijiang - Xingyi - Guiyang - Kaili - Rongjiang - Congjiang"},"content":{"rendered":"<p>Wenn Sie eine Vorliebe f\u00fcr Chinas vielf\u00e4ltige Minderheitenkulturen haben, ist diese 15-t\u00e4gige, individuell gestaltbare <a href=\"https:\/\/sinotrip.net\/de\/en_us\/produkt\/5-days-west-yunnan-private-tour-to-dali-tengchong\/\">private Reise in Chinas S\u00fcdwesten nach Yunnan<\/a>, Guizhou und Guangxi ist sehr zu empfehlen. In Kunming sollten Sie die grotesken Stalagmiten aus Karstgestein bewundern, die vom Yi-Volk im Steinwald mit mythologischem Charme ausgestattet wurden, w\u00e4hrend Sie in Lijiang die lebendige Naxi-Kultur anhand von wertvollen Wandmalereien und einem Besuch bei einer einheimischen Familie in Baisha kennenlernen.<span class=\"tReview_moreWords\">\u00a0Dorf. Auf dem Weg nach Xingyi werden Sie von den Buyi-V\u00f6lkern in ihren traditionellen Batik-Kost\u00fcmen begr\u00fc\u00dft und sehen typische Naturlandschaften wie den Maling River Canyon, den Wald der Zehntausender und Asiens gr\u00f6\u00dften Huangguoshu-Wasserfall. Fahren Sie weiter und besuchen Sie etwa 10 charakteristische Miao und Dong-D\u00f6rfer, die in gr\u00fcne H\u00fcgel eingebettet sind, um ihr lokales Leben anhand von Stelzenh\u00e4usern, ethnischen Trachten und Musik- und Tanzauff\u00fchrungen kennenzulernen. In Longsheng angekommen, k\u00f6nnen Sie die spektakul\u00e4ren Reisterrassen am Drachenr\u00fccken bestaunen und den Flei\u00df und die Weisheit der arbeitenden Menschen der Zhuang-Minderheit bewundern. Genie\u00dfen Sie abschlie\u00dfend eine entspannende Kreuzfahrt auf dem Li-Fluss und eine Radtour durch die Landschaft in Yangshuo und besichtigen Sie die Wahrzeichen von Guilin, die Schilfrohrfl\u00f6tenh\u00f6hle und den Elefantenr\u00fcsselberg.<\/span><\/p>\n<p><img fetchpriority=\"high\" decoding=\"async\" class=\"aligncenter wp-image-12757\" title=\"private Reise in Chinas S\u00fcdwesten nach Yunnan\" src=\"https:\/\/sinotrip.net\/wp-content\/uploads\/2025\/03\/b2f22f05c8f49914c15c67c6985194f8-1.jpeg\" alt=\"15-day private tour to China\u2019s southwest Yunnan\" width=\"546\" height=\"344\" srcset=\"https:\/\/sinotrip.net\/wp-content\/uploads\/2025\/03\/b2f22f05c8f49914c15c67c6985194f8-1.jpeg 600w, https:\/\/sinotrip.net\/wp-content\/uploads\/2025\/03\/b2f22f05c8f49914c15c67c6985194f8-1-300x189.jpeg 300w, https:\/\/sinotrip.net\/wp-content\/uploads\/2025\/03\/b2f22f05c8f49914c15c67c6985194f8-1-18x12.jpeg 18w\" sizes=\"(max-width: 546px) 100vw, 546px\" \/><\/p>\n<p>Erkunden Sie die 800 Jahre alte Altstadt von Lijiang, die zum UNESCO-Weltkulturerbe geh\u00f6rt.<br \/>\nBesuchen Sie D\u00f6rfer ethnischer Minderheiten und erleben Sie einzigartige und vielf\u00e4ltige Volksbr\u00e4uche.<\/p>\n<p><img decoding=\"async\" class=\"aligncenter wp-image-12756\" title=\"private Reise in Chinas S\u00fcdwesten nach Yunnan\" src=\"https:\/\/sinotrip.net\/wp-content\/uploads\/2025\/03\/16f4e9dfc8ac47e83564249d58fe62af-1.jpeg\" alt=\"\" width=\"547\" height=\"409\" srcset=\"https:\/\/sinotrip.net\/wp-content\/uploads\/2025\/03\/16f4e9dfc8ac47e83564249d58fe62af-1.jpeg 600w, https:\/\/sinotrip.net\/wp-content\/uploads\/2025\/03\/16f4e9dfc8ac47e83564249d58fe62af-1-300x225.jpeg 300w, https:\/\/sinotrip.net\/wp-content\/uploads\/2025\/03\/16f4e9dfc8ac47e83564249d58fe62af-1-16x12.jpeg 16w\" sizes=\"(max-width: 547px) 100vw, 547px\" \/><br \/>\nBestaunen Sie die gro\u00dfartigen Kulissen der Reisterrassen von Dragon's Backbone in Longsheng.<br \/>\nFahren Sie auf dem Li-Fluss nach Yangshuo, wo sich die idyllischste Sch\u00f6nheit Guilins entfaltet.<\/p>","protected":false},"excerpt":{"rendered":"<p>Wenn Sie eine Vorliebe f\u00fcr Chinas vielf\u00e4ltige Minderheitenkulturen haben, ist dieses anpassbare <a href=\"https:\/\/sinotrip.net\/de\/en_us\/produkt\/5-days-west-yunnan-private-tour-to-dali-tengchong\/\">15-t\u00e4gige Privatreise in Chinas S\u00fcdwesten nach Yunnan<\/a>, Guizhou und Guangxi ist sehr zu empfehlen.<\/p>","protected":false},"featured_media":12760,"comment_status":"open","ping_status":"closed","template":"","meta":[],"product_cat":[15,113],"product_tag":[101,135],"class_list":{"0":"post-12747","1":"product","2":"type-product","3":"status-publish","4":"has-post-thumbnail","6":"product_cat-city","7":"product_cat-yunnan","8":"product_tag-group-travel","9":"product_tag-travel","11":"first","12":"instock","13":"shipping-taxable","14":"purchasable","15":"product-type-simple"},"aioseo_notices":[],"_links":{"self":[{"href":"https:\/\/sinotrip.net\/de\/wp-json\/wp\/v2\/product\/12747","targetHints":{"allow":["GET"]}}],"collection":[{"href":"https:\/\/sinotrip.net\/de\/wp-json\/wp\/v2\/product"}],"about":[{"href":"https:\/\/sinotrip.net\/de\/wp-json\/wp\/v2\/types\/product"}],"replies":[{"embeddable":true,"href":"https:\/\/sinotrip.net\/de\/wp-json\/wp\/v2\/comments?post=12747"}],"wp:featuredmedia":[{"embeddable":true,"href":"https:\/\/sinotrip.net\/de\/wp-json\/wp\/v2\/media\/12760"}],"wp:attachment":[{"href":"https:\/\/sinotrip.net\/de\/wp-json\/wp\/v2\/media?parent=12747"}],"wp:term":[{"taxonomy":"product_cat","embeddable":true,"href":"https:\/\/sinotrip.net\/de\/wp-json\/wp\/v2\/product_cat?post=12747"},{"taxonomy":"product_tag","embeddable":true,"href":"https:\/\/sinotrip.net\/de\/wp-json\/wp\/v2\/product_tag?post=12747"}],"curies":[{"name":"wp","href":"https:\/\/api.w.org\/{rel}","templated":true}]}}