{"id":12838,"date":"2025-04-07T08:28:47","date_gmt":"2025-04-07T08:28:47","guid":{"rendered":"https:\/\/sinotrip.net\/?post_type=product&#038;p=12838"},"modified":"2025-04-07T08:28:47","modified_gmt":"2025-04-07T08:28:47","slug":"8-days-private-tour-of-kunming-dali-lijiang-shangri-la","status":"publish","type":"product","link":"https:\/\/sinotrip.net\/de\/produkt\/8-days-private-tour-of-kunming-dali-lijiang-shangri-la\/","title":{"rendered":"8 Tage Privatreise Kunming - Dali - Lijiang - Shangri-La"},"content":{"rendered":"<p>Art der Tour: Private Tour, jeder Teil der Reiseroute kann angepasst werden<br \/>\nF\u00fchrer: Privater &amp; professioneller englischsprachiger F\u00fchrer<br \/>\nTransport: Ger\u00e4umiges und klimatisiertes Auto mit privatem Fahrer<br \/>\nUnterkunft: 5-Sterne-Luxus- und 4-Sterne-Komfort-Hotels nach Ihrer Wahl<\/p>\n<p><img fetchpriority=\"high\" decoding=\"async\" class=\"aligncenter wp-image-12843 size-full\" title=\"Kunming - Dali - Lijiang - Shangri-La\" src=\"https:\/\/sinotrip.net\/wp-content\/uploads\/2025\/04\/4157d1b3117a2dfeef370e77ccf5c10d.jpeg\" alt=\"Kunming - Dali - Lijiang - Shangri-La\" width=\"600\" height=\"308\" srcset=\"https:\/\/sinotrip.net\/wp-content\/uploads\/2025\/04\/4157d1b3117a2dfeef370e77ccf5c10d.jpeg 600w, https:\/\/sinotrip.net\/wp-content\/uploads\/2025\/04\/4157d1b3117a2dfeef370e77ccf5c10d-300x154.jpeg 300w, https:\/\/sinotrip.net\/wp-content\/uploads\/2025\/04\/4157d1b3117a2dfeef370e77ccf5c10d-18x9.jpeg 18w\" sizes=\"(max-width: 600px) 100vw, 600px\" \/><\/p>\n<p>\u00dcberblick \u00fcber die Tour<br \/>\nGanz gleich, ob Sie in die nat\u00fcrliche Sch\u00f6nheit Yunnans eintauchen oder Einblicke in die reiche und vielf\u00e4ltige Minderheitenkultur gewinnen m\u00f6chten, diese kosteng\u00fcnstige 8-t\u00e4gige private gef\u00fchrte Rundreise durch die 4 wichtigsten St\u00e4dte des Landes wird alle Ihre Reisebed\u00fcrfnisse erf\u00fcllen. Start in <a href=\"https:\/\/sinotrip.net\/de\/en_us\/produkt\/8-days-private-tour-of-beijing-xian-shanghai\/\">Kunming<\/a> und nehmen Sie sich die Zeit, den Steinwald zu erkunden, wo Karstspitzen in verschiedenen naturgetreuen Formen Ihnen den Mund vor Staunen offen stehen lassen. Schlendern Sie auch durch den jade\u00e4hnlichen Green Lake Park, um die atemberaubenden Wasserlandschaften zu genie\u00dfen, und besuchen Sie den Zhuanxin Farmers' Market, um ein Gef\u00fchl f\u00fcr das t\u00e4gliche Leben der Einheimischen zu bekommen. Anschlie\u00dfend fahren Sie nach <a href=\"https:\/\/sinotrip.net\/de\/en_us\/produkt\/8-days-private-tour-of-beijing-xian-shanghai\/\">Dali<\/a> mit dem Hochgeschwindigkeitszug, und erhalten Sie einen Einblick in die Bai-Kultur durch die charakteristischen Wohnh\u00e4user und die Einheimischen in ihren traditionellen ethnischen Trachten in der alten Stadt Dali. Bei einem Spaziergang oder einer Radtour entlang des malerischen Erhai-Sees werden Sie die einzigartige Romantik der Stadt genie\u00dfen k\u00f6nnen. Lijiang lockt mit der starken Atmosph\u00e4re der Naxi-Kultur im Baisha-Dorf und dem Dongba-Kulturmuseum. W\u00e4hrend <a href=\"https:\/\/sinotrip.net\/de\/en_us\/produkt\/8-days-private-tour-of-beijing-xian-shanghai\/\">Shangri-La<\/a> haben Sie die M\u00f6glichkeit, das gr\u00f6\u00dfte Songzanlin-Kloster Yunnans zu besichtigen, das f\u00fcr die tibetische religi\u00f6se Kultur bekannt ist. Au\u00dferdem fahren wir in den Potatso-Nationalpark mit seinen vielf\u00e4ltigen \u00d6kotopen, darunter W\u00e4lder, Grasland, Seen und Tiere.<\/p>\n<p><img decoding=\"async\" class=\"aligncenter wp-image-12841 size-full\" title=\"Kunming - Dali - Lijiang - Shangri-La\" src=\"https:\/\/sinotrip.net\/wp-content\/uploads\/2025\/04\/79fe02a0e885f234b768ed418e400de9.png\" alt=\"Kunming - Dali - Lijiang - Shangri-La\" width=\"600\" height=\"337\" srcset=\"https:\/\/sinotrip.net\/wp-content\/uploads\/2025\/04\/79fe02a0e885f234b768ed418e400de9.png 600w, https:\/\/sinotrip.net\/wp-content\/uploads\/2025\/04\/79fe02a0e885f234b768ed418e400de9-300x169.png 300w, https:\/\/sinotrip.net\/wp-content\/uploads\/2025\/04\/79fe02a0e885f234b768ed418e400de9-18x10.png 18w\" sizes=\"(max-width: 600px) 100vw, 600px\" \/><\/p>\n<p>H\u00f6hepunkte der Reise<br \/>\nBestaunen Sie die Karstlandschaft des Steinwaldes und erleben Sie einen lokalen Markt.<br \/>\nTauchen Sie ein in die Sch\u00f6nheit des Erhai-Sees und besuchen Sie die traditionellen H\u00e4user des Bai-Volkes.<br \/>\nErkunden Sie die fast 1000 Jahre alte Stadt <a href=\"https:\/\/sinotrip.net\/de\/en_us\/produkt\/8-days-private-tour-of-beijing-xian-shanghai\/\">Lijiang<\/a> - eine UNESCO-Welterbest\u00e4tte.<br \/>\nBewundern Sie die schiere Sch\u00f6nheit der Natur im Verlorenen Horizont von Shangri-La.<\/p>","protected":false},"excerpt":{"rendered":"<p>Art der Tour: Private Tour, jeder Teil der Reiseroute kann angepasst werden<br \/>\nF\u00fchrer: Privater &amp; professioneller englischsprachiger F\u00fchrer<br \/>\nTransport: Ger\u00e4umiges und klimatisiertes Auto mit privatem Fahrer<br \/>\nUnterkunft: 5-Sterne-Luxus- und 4-Sterne-Komfort-Hotels nach Ihrer Wahl<\/p>","protected":false},"featured_media":12847,"comment_status":"open","ping_status":"closed","template":"","meta":[],"product_cat":[15,113],"product_tag":[101,135],"class_list":{"0":"post-12838","1":"product","2":"type-product","3":"status-publish","4":"has-post-thumbnail","6":"product_cat-city","7":"product_cat-yunnan","8":"product_tag-group-travel","9":"product_tag-travel","11":"first","12":"instock","13":"shipping-taxable","14":"purchasable","15":"product-type-simple"},"aioseo_notices":[],"_links":{"self":[{"href":"https:\/\/sinotrip.net\/de\/wp-json\/wp\/v2\/product\/12838","targetHints":{"allow":["GET"]}}],"collection":[{"href":"https:\/\/sinotrip.net\/de\/wp-json\/wp\/v2\/product"}],"about":[{"href":"https:\/\/sinotrip.net\/de\/wp-json\/wp\/v2\/types\/product"}],"replies":[{"embeddable":true,"href":"https:\/\/sinotrip.net\/de\/wp-json\/wp\/v2\/comments?post=12838"}],"wp:featuredmedia":[{"embeddable":true,"href":"https:\/\/sinotrip.net\/de\/wp-json\/wp\/v2\/media\/12847"}],"wp:attachment":[{"href":"https:\/\/sinotrip.net\/de\/wp-json\/wp\/v2\/media?parent=12838"}],"wp:term":[{"taxonomy":"product_cat","embeddable":true,"href":"https:\/\/sinotrip.net\/de\/wp-json\/wp\/v2\/product_cat?post=12838"},{"taxonomy":"product_tag","embeddable":true,"href":"https:\/\/sinotrip.net\/de\/wp-json\/wp\/v2\/product_tag?post=12838"}],"curies":[{"name":"wp","href":"https:\/\/api.w.org\/{rel}","templated":true}]}}