{"id":12848,"date":"2025-04-09T07:15:14","date_gmt":"2025-04-09T07:15:14","guid":{"rendered":"https:\/\/sinotrip.net\/?post_type=product&#038;p=12848"},"modified":"2025-04-09T07:29:17","modified_gmt":"2025-04-09T07:29:17","slug":"4-days-private-tour-of-lhasa","status":"publish","type":"product","link":"https:\/\/sinotrip.net\/de\/produkt\/4-days-private-tour-of-lhasa\/","title":{"rendered":"4 Tage private Tour durch Lhasa"},"content":{"rendered":"<p>Art der Tour: Private Tour, jeder Teil der Reiseroute kann angepasst werden<br \/>\nF\u00fchrer &amp; Fahrer: Englischsprachiger F\u00fchrer, erfahrener Fahrer mit klimatisiertem Auto<br \/>\nMahlzeiten: 3 westliche Fr\u00fchst\u00fccksbuffets, 2 Mittagessen<\/p>\n<p><img fetchpriority=\"high\" decoding=\"async\" class=\"aligncenter wp-image-12854 size-full\" title=\"Private Tour durch Lhasa\" src=\"https:\/\/sinotrip.net\/wp-content\/uploads\/2025\/04\/86a21195e05f87afb5d6260a30c4d7ec.jpeg\" alt=\"Private Tour of Lhasa\" width=\"600\" height=\"400\" srcset=\"https:\/\/sinotrip.net\/wp-content\/uploads\/2025\/04\/86a21195e05f87afb5d6260a30c4d7ec.jpeg 600w, https:\/\/sinotrip.net\/wp-content\/uploads\/2025\/04\/86a21195e05f87afb5d6260a30c4d7ec-300x200.jpeg 300w, https:\/\/sinotrip.net\/wp-content\/uploads\/2025\/04\/86a21195e05f87afb5d6260a30c4d7ec-18x12.jpeg 18w\" sizes=\"(max-width: 600px) 100vw, 600px\" \/><\/p>\n<p>H\u00f6hepunkte:<br \/>\nEine Pilgerreise, um in den Kern des tibetisch-buddhistischen Lebens einzutauchen.<br \/>\nBestaunen Sie den Potala-Palast vor blauem Himmel und erkunden Sie diese buddhistische Schatzkammer.<br \/>\nBeobachten Sie die leidenschaftlichen Debatten der Lamas \u00fcber buddhistische Lehren im Sera-Kloster.<br \/>\nBesuchen Sie den Jokhang-Tempel, die ultimative Pilgerst\u00e4tte mit dem lebensgro\u00dfen Sakyamuni.<\/p>\n<p><img decoding=\"async\" class=\"aligncenter wp-image-12853 size-full\" title=\"Private Tour durch Lhasa\" src=\"https:\/\/sinotrip.net\/wp-content\/uploads\/2025\/04\/52a134b757002a7171c1d0a02454c0ed.jpeg\" alt=\"Private Tour of Lhasa\" width=\"600\" height=\"399\" srcset=\"https:\/\/sinotrip.net\/wp-content\/uploads\/2025\/04\/52a134b757002a7171c1d0a02454c0ed.jpeg 600w, https:\/\/sinotrip.net\/wp-content\/uploads\/2025\/04\/52a134b757002a7171c1d0a02454c0ed-300x200.jpeg 300w, https:\/\/sinotrip.net\/wp-content\/uploads\/2025\/04\/52a134b757002a7171c1d0a02454c0ed-18x12.jpeg 18w\" sizes=\"(max-width: 600px) 100vw, 600px\" \/><\/p>\n<p>Tag 1 Ankunft in Lhasa<br \/>\nVielen Dank, dass Sie unsere 4-t\u00e4gige private Lhasa-Tour gebucht haben, um eine der h\u00f6chstgelegenen St\u00e4dte der Welt zu erkunden! Bei der Ankunft werden Sie von Ihrem Reiseleiter vor der Gep\u00e4ckausgabe am Flughafen Lhasa Gonggar auf einer H\u00f6he von 3.650 Metern begr\u00fc\u00dft. Dann geht es auf eine bequeme Privatfahrt zum Hotel, wo Sie 3 N\u00e4chte verbringen werden.<\/p>\n<p><img decoding=\"async\" class=\"aligncenter wp-image-12855 size-full\" title=\"Private Tour durch Lhasa\" src=\"https:\/\/sinotrip.net\/wp-content\/uploads\/2025\/04\/455a29ff1cb270711693d66d18d8f7aa.jpeg\" alt=\"Private Tour of Lhasa\" width=\"600\" height=\"426\" srcset=\"https:\/\/sinotrip.net\/wp-content\/uploads\/2025\/04\/455a29ff1cb270711693d66d18d8f7aa.jpeg 600w, https:\/\/sinotrip.net\/wp-content\/uploads\/2025\/04\/455a29ff1cb270711693d66d18d8f7aa-300x213.jpeg 300w, https:\/\/sinotrip.net\/wp-content\/uploads\/2025\/04\/455a29ff1cb270711693d66d18d8f7aa-18x12.jpeg 18w\" sizes=\"(max-width: 600px) 100vw, 600px\" \/><\/p>\n<p>Tag 2 Lhasa<br \/>\nNach dem Fr\u00fchst\u00fcck beginnt Ihre Lhasa-Tour mit der Besichtigung der 500 Jahre alten <a href=\"https:\/\/sinotrip.net\/de\/\">Drepung-Kloster<\/a>Weiter geht es mit einer Erfrischungspause in dem im westlichen Vorort der Stadt gelegenen <a href=\"https:\/\/sinotrip.net\/de\/\">Norbulingka-Park<\/a>der sch\u00f6nste und gr\u00f6\u00dfte von Menschenhand geschaffene Park in Tibet. Dieser Park besteht seit 200 Jahren und war fr\u00fcher der Sommerpalast der aufeinanderfolgenden Dalai Lamas, der geistigen F\u00fchrer Tibets. Als n\u00e4chstes ist der <a href=\"https:\/\/sinotrip.net\/de\/\">Sera-Kloster<\/a>ein weiteres gro\u00dfes Kloster, das in seiner Gr\u00f6\u00dfe dem Drepung-Kloster in Tibet in nichts nachsteht. Wir bringen Sie zu Zeugen <a href=\"https:\/\/sinotrip.net\/de\/\">Lamas debattieren \u00fcber buddhistische Doktrinen<\/a>die von Montag bis Samstag nachmittags stattfinden und f\u00fcr die das Kloster besonders ber\u00fchmt ist.<\/p>\n<p><img loading=\"lazy\" decoding=\"async\" class=\"aligncenter wp-image-12856 size-full\" title=\"Private Tour durch Lhasa\" src=\"https:\/\/sinotrip.net\/wp-content\/uploads\/2025\/04\/ca8f425a69f6aff430535ca03e1b6ef5.jpeg\" alt=\"Private Tour of Lhasa\" width=\"600\" height=\"400\" srcset=\"https:\/\/sinotrip.net\/wp-content\/uploads\/2025\/04\/ca8f425a69f6aff430535ca03e1b6ef5.jpeg 600w, https:\/\/sinotrip.net\/wp-content\/uploads\/2025\/04\/ca8f425a69f6aff430535ca03e1b6ef5-300x200.jpeg 300w, https:\/\/sinotrip.net\/wp-content\/uploads\/2025\/04\/ca8f425a69f6aff430535ca03e1b6ef5-18x12.jpeg 18w\" sizes=\"(max-width: 600px) 100vw, 600px\" \/><\/p>\n<p>Tag 3 Lhasa<br \/>\nIhr Ausflug zu den pr\u00e4chtigen <a href=\"https:\/\/sinotrip.net\/de\/\">Potala-Palast<\/a> Nach dem Mittagessen begeben Sie sich ins Stadtzentrum, wo Sie sich f\u00fcr die <a href=\"https:\/\/sinotrip.net\/de\/\">Jokhang-Tempel<\/a>. Dieser buddhistische Tempel ist so alt wie der Potala-Palast und stellt eine architektonische Kombination aus tibetischem, Han-, nepalesischem und indischem Stil dar. Hier wird die seltene lebensgro\u00dfe Statue von Sakyamuni im Alter von zw\u00f6lf Jahren verehrt, weshalb der Tempel das heilige Zentrum des tibetischen Buddhismus ist. Verlassen Sie den Tempel und mischen Sie sich in der Barkhor Street, einem bl\u00fchenden Basar und der ber\u00fchmtesten Fu\u00dfg\u00e4ngerzone der Stadt, unter das lokale Leben.<\/p>","protected":false},"excerpt":{"rendered":"<p>Art der Tour: Private Tour, jeder Teil der Reiseroute kann angepasst werden<br \/>\nF\u00fchrer &amp; Fahrer: Englischsprachiger F\u00fchrer, erfahrener Fahrer mit klimatisiertem Auto<br \/>\nMahlzeiten: 3 westliche Fr\u00fchst\u00fccksbuffets, 2 Mittagessen<\/p>","protected":false},"featured_media":12857,"comment_status":"open","ping_status":"closed","template":"","meta":[],"product_cat":[15,141],"product_tag":[101,135],"class_list":{"0":"post-12848","1":"product","2":"type-product","3":"status-publish","4":"has-post-thumbnail","6":"product_cat-city","7":"product_cat-lhasa","8":"product_tag-group-travel","9":"product_tag-travel","11":"first","12":"instock","13":"shipping-taxable","14":"purchasable","15":"product-type-simple"},"aioseo_notices":[],"_links":{"self":[{"href":"https:\/\/sinotrip.net\/de\/wp-json\/wp\/v2\/product\/12848","targetHints":{"allow":["GET"]}}],"collection":[{"href":"https:\/\/sinotrip.net\/de\/wp-json\/wp\/v2\/product"}],"about":[{"href":"https:\/\/sinotrip.net\/de\/wp-json\/wp\/v2\/types\/product"}],"replies":[{"embeddable":true,"href":"https:\/\/sinotrip.net\/de\/wp-json\/wp\/v2\/comments?post=12848"}],"wp:featuredmedia":[{"embeddable":true,"href":"https:\/\/sinotrip.net\/de\/wp-json\/wp\/v2\/media\/12857"}],"wp:attachment":[{"href":"https:\/\/sinotrip.net\/de\/wp-json\/wp\/v2\/media?parent=12848"}],"wp:term":[{"taxonomy":"product_cat","embeddable":true,"href":"https:\/\/sinotrip.net\/de\/wp-json\/wp\/v2\/product_cat?post=12848"},{"taxonomy":"product_tag","embeddable":true,"href":"https:\/\/sinotrip.net\/de\/wp-json\/wp\/v2\/product_tag?post=12848"}],"curies":[{"name":"wp","href":"https:\/\/api.w.org\/{rel}","templated":true}]}}