{"id":12868,"date":"2025-04-10T07:37:06","date_gmt":"2025-04-10T07:37:06","guid":{"rendered":"https:\/\/sinotrip.net\/?post_type=product&#038;p=12868"},"modified":"2025-04-10T07:38:20","modified_gmt":"2025-04-10T07:38:20","slug":"4-days-private-tour-of-guiyang-kaili-miao-ethnic-villages","status":"publish","type":"product","link":"https:\/\/sinotrip.net\/de\/produkt\/4-days-private-tour-of-guiyang-kaili-miao-ethnic-villages\/","title":{"rendered":"4 Tage private Tour durch Guiyang - Kaili (ethnische Miao-D\u00f6rfer)"},"content":{"rendered":"<p>Art der Tour: Private Tour, jeder Teil der Reiseroute kann angepasst werden<br \/>\nF\u00fchrer &amp; Fahrer: Englischsprachiger F\u00fchrer, erfahrener Fahrer mit klimatisiertem Fahrzeug<br \/>\nMahlzeiten: 3 westliche Fr\u00fchst\u00fccksbuffets, 2 Mittagessen<\/p>\n<p><img fetchpriority=\"high\" decoding=\"async\" class=\"aligncenter wp-image-12871 size-full\" title=\"Private Tour durch Guiyang - Kaili (ethnische Miao-D\u00f6rfer)\" src=\"https:\/\/sinotrip.net\/wp-content\/uploads\/2025\/04\/37d84d6db0c5961354adf3ed955158ba.jpeg\" alt=\"Private Tour of Guiyang - Kaili (Miao Ethnic Villages)\" width=\"600\" height=\"388\" srcset=\"https:\/\/sinotrip.net\/wp-content\/uploads\/2025\/04\/37d84d6db0c5961354adf3ed955158ba.jpeg 600w, https:\/\/sinotrip.net\/wp-content\/uploads\/2025\/04\/37d84d6db0c5961354adf3ed955158ba-300x194.jpeg 300w, https:\/\/sinotrip.net\/wp-content\/uploads\/2025\/04\/37d84d6db0c5961354adf3ed955158ba-18x12.jpeg 18w\" sizes=\"(max-width: 600px) 100vw, 600px\" \/><\/p>\n<p>H\u00f6hepunkte:<br \/>\n<a href=\"https:\/\/sinotrip.net\/de\/en_us\/produkt\/8-days-private-tour-of-kunming-dali-lijiang-shangri-la\/\">Qingyan Antike Stadt<\/a>ber\u00fchmt f\u00fcr die kulturellen Besonderheiten der Ming- und Qing-Dynastien<br \/>\nEntdecken Sie die D\u00f6rfer der ethnischen Minderheit der Miao und Diaojiaolou, die traditionellen Holzh\u00e4user<br \/>\nGehen Sie auf Tuchf\u00fchlung mit den Einheimischen und erleben Sie ihre abwechslungsreichen Volksbr\u00e4uche<\/p>\n<p><img decoding=\"async\" class=\"aligncenter wp-image-12874 size-full\" title=\"Private Tour durch Guiyang - Kaili (ethnische Miao-D\u00f6rfer)\" src=\"https:\/\/sinotrip.net\/wp-content\/uploads\/2025\/04\/c4776d2b0b382e09d998e0393050c415-1.png\" alt=\"Private Tour of Guiyang - Kaili (Miao Ethnic Villages)\" width=\"600\" height=\"352\" srcset=\"https:\/\/sinotrip.net\/wp-content\/uploads\/2025\/04\/c4776d2b0b382e09d998e0393050c415-1.png 600w, https:\/\/sinotrip.net\/wp-content\/uploads\/2025\/04\/c4776d2b0b382e09d998e0393050c415-1-300x176.png 300w, https:\/\/sinotrip.net\/wp-content\/uploads\/2025\/04\/c4776d2b0b382e09d998e0393050c415-1-18x12.png 18w\" sizes=\"(max-width: 600px) 100vw, 600px\" \/><\/p>\n<p>Tag 1 Ankunft in Guiyang<br \/>\nUnser Reiseleiter wird Sie vor der Gep\u00e4ckausgabe des Flughafens Guiyang in Empfang nehmen und Sie zum Hotel bringen. Wenn es die Zeit erlaubt, ruhen Sie sich kurz aus und besichtigen die <a href=\"https:\/\/sinotrip.net\/de\/en_us\/produkt\/8-days-private-tour-of-kunming-dali-lijiang-shangri-la\/\">Qingyan Antike Stadt<\/a>.<\/p>\n<p><img decoding=\"async\" class=\"aligncenter wp-image-12872 size-full\" title=\"Private Tour durch Guiyang - Kaili (ethnische Miao-D\u00f6rfer)\" src=\"https:\/\/sinotrip.net\/wp-content\/uploads\/2025\/04\/160971766f156b3c697f575aaf330e63.jpeg\" alt=\"Private Tour of Guiyang - Kaili (Miao Ethnic Villages)\" width=\"600\" height=\"337\" srcset=\"https:\/\/sinotrip.net\/wp-content\/uploads\/2025\/04\/160971766f156b3c697f575aaf330e63.jpeg 600w, https:\/\/sinotrip.net\/wp-content\/uploads\/2025\/04\/160971766f156b3c697f575aaf330e63-300x169.jpeg 300w, https:\/\/sinotrip.net\/wp-content\/uploads\/2025\/04\/160971766f156b3c697f575aaf330e63-18x10.jpeg 18w\" sizes=\"(max-width: 600px) 100vw, 600px\" \/><\/p>\n<p>Tag 2 Guiyang - Kaili (D\u00f6rfer der ethnischen Minderheit Miao)<br \/>\nAm Morgen machen Sie sich auf den Weg nach Kaili zu einer zweit\u00e4gigen privaten Tour zu den ethnischen Minderheiten der Miao. Der erste Halt ist das Miao-Dorf Qingman Long-Skirt. Es hei\u00dft so, weil die Miao in diesem Dorf lange R\u00f6cke tragen. Die gastfreundlichen Miao-Dorfbewohner werden Sie im Dorf mit einem Glas Wein begr\u00fc\u00dfen.<\/p>\n<p><img loading=\"lazy\" decoding=\"async\" class=\"aligncenter wp-image-12870 size-full\" title=\"Private Tour durch Guiyang - Kaili (ethnische Miao-D\u00f6rfer)\" src=\"https:\/\/sinotrip.net\/wp-content\/uploads\/2025\/04\/17f1e06f578fa0f8fd97b790d71a3f33.jpeg\" alt=\"Private Tour of Guiyang - Kaili (Miao Ethnic Villages)\" width=\"600\" height=\"400\" srcset=\"https:\/\/sinotrip.net\/wp-content\/uploads\/2025\/04\/17f1e06f578fa0f8fd97b790d71a3f33.jpeg 600w, https:\/\/sinotrip.net\/wp-content\/uploads\/2025\/04\/17f1e06f578fa0f8fd97b790d71a3f33-300x200.jpeg 300w, https:\/\/sinotrip.net\/wp-content\/uploads\/2025\/04\/17f1e06f578fa0f8fd97b790d71a3f33-18x12.jpeg 18w\" sizes=\"(max-width: 600px) 100vw, 600px\" \/><\/p>\n<p>Tag 3 Kaili (D\u00f6rfer der ethnischen Minderheit der Miao)<br \/>\nIhr n\u00e4chster Halt ist die ber\u00fchmte <a href=\"https:\/\/sinotrip.net\/de\/en_us\/produkt\/8-days-private-tour-of-kunming-dali-lijiang-shangri-la\/\">Dorf Langde Miao<\/a>. Das Miao-Dorf Langde liegt etwa 31 Meilen s\u00fcdlich von Kaili City und ist von Bergen und Fl\u00fcssen umgeben. Es verf\u00fcgt \u00fcber Stelzenh\u00e4user aus Holz, gewundene Bergpfade und eine gut erhaltene Wind- und Regenbr\u00fccke.<\/p>\n<p>Tag 4 Abreise aus Guiyang<br \/>\nNach dem Fr\u00fchst\u00fcck bringen wir Sie zur\u00fcck nach Guiyang f\u00fcr Ihren R\u00fcckflug. Wir hoffen, dass unser Service Ihnen eine angenehme Guizhou-Tour erm\u00f6glicht hat!<\/p>","protected":false},"excerpt":{"rendered":"<p>Art der Tour: Private Tour, jeder Teil der Reiseroute kann angepasst werden<br \/>\nF\u00fchrer &amp; Fahrer: Englischsprachiger F\u00fchrer, erfahrener Fahrer mit klimatisiertem Fahrzeug<br \/>\nMahlzeiten: 3 westliche Fr\u00fchst\u00fccksbuffets, 2 Mittagessen<\/p>","protected":false},"featured_media":12875,"comment_status":"open","ping_status":"closed","template":"","meta":[],"product_cat":[15,142],"product_tag":[99,135],"class_list":{"0":"post-12868","1":"product","2":"type-product","3":"status-publish","4":"has-post-thumbnail","6":"product_cat-city","7":"product_cat-guiyang","8":"product_tag-number-of-days-to-visit-3-5-days","9":"product_tag-travel","11":"first","12":"instock","13":"shipping-taxable","14":"purchasable","15":"product-type-simple"},"aioseo_notices":[],"_links":{"self":[{"href":"https:\/\/sinotrip.net\/de\/wp-json\/wp\/v2\/product\/12868","targetHints":{"allow":["GET"]}}],"collection":[{"href":"https:\/\/sinotrip.net\/de\/wp-json\/wp\/v2\/product"}],"about":[{"href":"https:\/\/sinotrip.net\/de\/wp-json\/wp\/v2\/types\/product"}],"replies":[{"embeddable":true,"href":"https:\/\/sinotrip.net\/de\/wp-json\/wp\/v2\/comments?post=12868"}],"wp:featuredmedia":[{"embeddable":true,"href":"https:\/\/sinotrip.net\/de\/wp-json\/wp\/v2\/media\/12875"}],"wp:attachment":[{"href":"https:\/\/sinotrip.net\/de\/wp-json\/wp\/v2\/media?parent=12868"}],"wp:term":[{"taxonomy":"product_cat","embeddable":true,"href":"https:\/\/sinotrip.net\/de\/wp-json\/wp\/v2\/product_cat?post=12868"},{"taxonomy":"product_tag","embeddable":true,"href":"https:\/\/sinotrip.net\/de\/wp-json\/wp\/v2\/product_tag?post=12868"}],"curies":[{"name":"wp","href":"https:\/\/api.w.org\/{rel}","templated":true}]}}