{"id":12942,"date":"2025-04-15T08:38:38","date_gmt":"2025-04-15T08:38:38","guid":{"rendered":"https:\/\/sinotrip.net\/?post_type=product&#038;p=12942"},"modified":"2025-04-15T08:38:39","modified_gmt":"2025-04-15T08:38:39","slug":"6-days-private-trip-to-kunming-jianshui-yuanyang-kunming","status":"publish","type":"product","link":"https:\/\/sinotrip.net\/de\/produkt\/6-days-private-trip-to-kunming-jianshui-yuanyang-kunming\/","title":{"rendered":"6 Tage Privatreise nach Kunming - Jianshui - Yuanyang - Kunming"},"content":{"rendered":"<p>Art der Tour: Private Tour, jeder Teil der Reiseroute kann angepasst werden<br \/>\nF\u00fchrer: Privater &amp; professioneller englischsprachiger F\u00fchrer<br \/>\nTransport: Ger\u00e4umiges und klimatisiertes Auto mit privatem Fahrer<br \/>\nUnterkunft: 4-Sterne-Komfort-Hotels<\/p>\n<p><img fetchpriority=\"high\" decoding=\"async\" class=\"aligncenter size-full wp-image-12944\" src=\"https:\/\/sinotrip.net\/wp-content\/uploads\/2025\/04\/4d9e55dd8e8ae8945380c6428c35d6f3-1.jpeg\" alt=\"6 Days Private Trip to Kunming - Jianshui - Yuanyang - Kunming\" width=\"600\" height=\"437\" srcset=\"https:\/\/sinotrip.net\/wp-content\/uploads\/2025\/04\/4d9e55dd8e8ae8945380c6428c35d6f3-1.jpeg 600w, https:\/\/sinotrip.net\/wp-content\/uploads\/2025\/04\/4d9e55dd8e8ae8945380c6428c35d6f3-1-300x219.jpeg 300w, https:\/\/sinotrip.net\/wp-content\/uploads\/2025\/04\/4d9e55dd8e8ae8945380c6428c35d6f3-1-16x12.jpeg 16w\" sizes=\"(max-width: 600px) 100vw, 600px\" \/><\/p>\n<p>\u00dcberblick \u00fcber die Tour<br \/>\nDiese 6-t\u00e4gige, individuell gestaltbare gef\u00fchrte Tour nach Kunming, Jianshui und Yuanyang wird all diejenigen begeistern, die eine fantastische Landschaft, authentisches lokales Leben und alte ethnische Kultur zu einem Vorzugspreis genie\u00dfen m\u00f6chten. In Begleitung unseres aufmerksamen Reiseleiters k\u00f6nnen Sie auf dem Jingxing-Markt verschiedene V\u00f6gel, Blumen, ethnische F\u00e4rbekost\u00fcme und Kunsthandwerk bewundern und durch die malerische Landschaft schlendern. <a href=\"https:\/\/sinotrip.net\/de\/en_us\/produkt\/7-days-private-tour-of-dali-lijiang-shangri-la-2\/\">Park am Gr\u00fcnen See<\/a>. Abenteuer in einer Karstwelt, die <a href=\"https:\/\/sinotrip.net\/de\/en_us\/produkt\/7-days-private-tour-of-dali-lijiang-shangri-la-2\/\">Steinwald<\/a>und ber\u00fchrt von der Liebesgeschichte eines ber\u00fchmten Yi-M\u00e4dchens, Ashima. Bei der Ankunft in <a href=\"https:\/\/sinotrip.net\/de\/en_us\/produkt\/7-days-private-tour-of-dali-lijiang-shangri-la-2\/\">Jianshui Antike Stadt<\/a>Bewundern Sie alte Wohnh\u00e4user, in denen sich ethnische und Han-Stilrichtungen vermischen, wie z. B. den Garten der Familie Zhu, und lernen Sie die Technik der Tofuherstellung in der altehrw\u00fcrdigen Zengji-Tofu-Werkstatt kennen. Anschlie\u00dfend verbringen Sie zwei Tage im Landkreis Yuanyang, wo die einzigartigen Duoyishu-Reisterrassen und die Azheke-Terrassen unter dem Wolkenmeer Sie in ein Wunderland entf\u00fchren werden. Auch das Hani-Dorf Qingkou wird Sie mit seinem l\u00e4ndlichen Charme und seinen ethnischen Br\u00e4uchen begeistern. Nach der R\u00fcckkehr nach Kunming sollten Sie das Drachentor auf den Westlichen H\u00fcgeln besuchen, um einen Blick aus der Vogelperspektive auf die \"Perle der Hochebene\" zu werfen, die in die Stadt eingebettet ist: den ber\u00fchmten Dianchi-See. Weniger lesen<br \/>\nH\u00f6hepunkte der Reise<br \/>\nErleben Sie den Steinwald, ein Karstwunder, und erfahren Sie mehr \u00fcber die Legenden des Yi-Volkes.<br \/>\nBesuchen Sie die antike Stadt Jianshui, Yunnans \"Museum f\u00fcr antike Architektur\".<br \/>\nErkunden Sie die UNESCO-gelisteten Yuanyang-Reisterrassen und die lokalen ethnischen D\u00f6rfer.<br \/>\nEin Blick in die Vergangenheit Yunnans und eine architektonische Fusionskunst im Zhu Family Garden.<\/p>","protected":false},"excerpt":{"rendered":"<p>Art der Tour: Private Tour, jeder Teil der Reiseroute kann angepasst werden<br \/>\nF\u00fchrer: Privater &amp; professioneller englischsprachiger F\u00fchrer<br \/>\nTransport: Ger\u00e4umiges und klimatisiertes Auto mit privatem Fahrer<br \/>\nUnterkunft: 4-Sterne-Komfort-Hotels<\/p>","protected":false},"featured_media":12952,"comment_status":"open","ping_status":"closed","template":"","meta":[],"product_cat":[15,113],"product_tag":[101,135],"class_list":{"0":"post-12942","1":"product","2":"type-product","3":"status-publish","4":"has-post-thumbnail","6":"product_cat-city","7":"product_cat-yunnan","8":"product_tag-group-travel","9":"product_tag-travel","11":"first","12":"instock","13":"shipping-taxable","14":"purchasable","15":"product-type-simple"},"aioseo_notices":[],"_links":{"self":[{"href":"https:\/\/sinotrip.net\/de\/wp-json\/wp\/v2\/product\/12942","targetHints":{"allow":["GET"]}}],"collection":[{"href":"https:\/\/sinotrip.net\/de\/wp-json\/wp\/v2\/product"}],"about":[{"href":"https:\/\/sinotrip.net\/de\/wp-json\/wp\/v2\/types\/product"}],"replies":[{"embeddable":true,"href":"https:\/\/sinotrip.net\/de\/wp-json\/wp\/v2\/comments?post=12942"}],"wp:featuredmedia":[{"embeddable":true,"href":"https:\/\/sinotrip.net\/de\/wp-json\/wp\/v2\/media\/12952"}],"wp:attachment":[{"href":"https:\/\/sinotrip.net\/de\/wp-json\/wp\/v2\/media?parent=12942"}],"wp:term":[{"taxonomy":"product_cat","embeddable":true,"href":"https:\/\/sinotrip.net\/de\/wp-json\/wp\/v2\/product_cat?post=12942"},{"taxonomy":"product_tag","embeddable":true,"href":"https:\/\/sinotrip.net\/de\/wp-json\/wp\/v2\/product_tag?post=12942"}],"curies":[{"name":"wp","href":"https:\/\/api.w.org\/{rel}","templated":true}]}}