{"id":11718,"date":"2024-09-09T09:17:44","date_gmt":"2024-09-09T09:17:44","guid":{"rendered":"https:\/\/sinotrip.net\/?post_type=product&#038;p=11718"},"modified":"2024-09-09T09:38:18","modified_gmt":"2024-09-09T09:38:18","slug":"sanya-atlantis-resort","status":"publish","type":"product","link":"https:\/\/sinotrip.net\/es\/producto\/sanya-atlantis-resort\/","title":{"rendered":"Sanya Atlantis Resort"},"content":{"rendered":"<p><img fetchpriority=\"high\" decoding=\"async\" class=\"alignnone size-medium wp-image-11724\" src=\"https:\/\/sinotrip.net\/wp-content\/uploads\/2024\/09\/Sanya-Atlantis-Resort-6-300x200.jpg\" alt=\"\" width=\"300\" height=\"200\" srcset=\"https:\/\/sinotrip.net\/wp-content\/uploads\/2024\/09\/Sanya-Atlantis-Resort-6-300x200.jpg 300w, https:\/\/sinotrip.net\/wp-content\/uploads\/2024\/09\/Sanya-Atlantis-Resort-6-600x398.jpg 600w, https:\/\/sinotrip.net\/wp-content\/uploads\/2024\/09\/Sanya-Atlantis-Resort-6-1024x683.jpg 1024w, https:\/\/sinotrip.net\/wp-content\/uploads\/2024\/09\/Sanya-Atlantis-Resort-6-768x512.jpg 768w, https:\/\/sinotrip.net\/wp-content\/uploads\/2024\/09\/Sanya-Atlantis-Resort-6.jpg 1200w\" sizes=\"(max-width: 300px) 100vw, 300px\" \/> <img decoding=\"async\" class=\"alignnone size-medium wp-image-11725\" src=\"https:\/\/sinotrip.net\/wp-content\/uploads\/2024\/09\/Sanya-Atlantis-Resort-7-300x200.jpg\" alt=\"\" width=\"300\" height=\"200\" srcset=\"https:\/\/sinotrip.net\/wp-content\/uploads\/2024\/09\/Sanya-Atlantis-Resort-7-300x200.jpg 300w, https:\/\/sinotrip.net\/wp-content\/uploads\/2024\/09\/Sanya-Atlantis-Resort-7-600x398.jpg 600w, https:\/\/sinotrip.net\/wp-content\/uploads\/2024\/09\/Sanya-Atlantis-Resort-7-1024x683.jpg 1024w, https:\/\/sinotrip.net\/wp-content\/uploads\/2024\/09\/Sanya-Atlantis-Resort-7-768x512.jpg 768w, https:\/\/sinotrip.net\/wp-content\/uploads\/2024\/09\/Sanya-Atlantis-Resort-7.jpg 1200w\" sizes=\"(max-width: 300px) 100vw, 300px\" \/><br \/>\n<img decoding=\"async\" class=\"alignnone size-medium wp-image-11726\" src=\"https:\/\/sinotrip.net\/wp-content\/uploads\/2024\/09\/Sanya-Atlantis-Resort-8-300x200.jpg\" alt=\"\" width=\"300\" height=\"200\" srcset=\"https:\/\/sinotrip.net\/wp-content\/uploads\/2024\/09\/Sanya-Atlantis-Resort-8-300x200.jpg 300w, https:\/\/sinotrip.net\/wp-content\/uploads\/2024\/09\/Sanya-Atlantis-Resort-8-600x398.jpg 600w, https:\/\/sinotrip.net\/wp-content\/uploads\/2024\/09\/Sanya-Atlantis-Resort-8-1024x683.jpg 1024w, https:\/\/sinotrip.net\/wp-content\/uploads\/2024\/09\/Sanya-Atlantis-Resort-8-768x512.jpg 768w, https:\/\/sinotrip.net\/wp-content\/uploads\/2024\/09\/Sanya-Atlantis-Resort-8.jpg 1200w\" sizes=\"(max-width: 300px) 100vw, 300px\" \/> <img loading=\"lazy\" decoding=\"async\" class=\"alignnone size-medium wp-image-11723\" src=\"https:\/\/sinotrip.net\/wp-content\/uploads\/2024\/09\/Sanya-Atlantis-Resort-5-300x200.jpg\" alt=\"\" width=\"300\" height=\"200\" srcset=\"https:\/\/sinotrip.net\/wp-content\/uploads\/2024\/09\/Sanya-Atlantis-Resort-5-300x200.jpg 300w, https:\/\/sinotrip.net\/wp-content\/uploads\/2024\/09\/Sanya-Atlantis-Resort-5-600x398.jpg 600w, https:\/\/sinotrip.net\/wp-content\/uploads\/2024\/09\/Sanya-Atlantis-Resort-5-1024x683.jpg 1024w, https:\/\/sinotrip.net\/wp-content\/uploads\/2024\/09\/Sanya-Atlantis-Resort-5-768x512.jpg 768w, https:\/\/sinotrip.net\/wp-content\/uploads\/2024\/09\/Sanya-Atlantis-Resort-5.jpg 1200w\" sizes=\"(max-width: 300px) 100vw, 300px\" \/><br \/>\nAtlantis Resort Sanya est\u00e1 situado en la costa nacional de la bah\u00eda de Haitang, en Sanya. Toma como tema el misterio del continente perdido de la Atl\u00e1ntida y ofrece una variedad de proyectos de entretenimiento y recreo. En Atlantis se puede disfrutar del agua. El mundo disfruta del sol, del chapoteo del agua y de una alegr\u00eda sin fin. El acuario Lost Chambers se embarca en una aventura m\u00e1gica y explora los misterios de las profundidades oce\u00e1nicas. Atlantis Dolphin Cove es un h\u00e1bitat cuidadosamente construido por un equipo internacional de dise\u00f1o profesional para delfines, leones marinos y otros mam\u00edferos marinos.<\/p>","protected":false},"excerpt":{"rendered":"<p>Sum\u00e9rjase en el lujo del Sanya Atlantis Resort, donde convergen las maravillas oce\u00e1nicas y los opulentos servicios.<\/p>","protected":false},"featured_media":11719,"comment_status":"open","ping_status":"closed","template":"","meta":[],"product_cat":[15,95],"product_tag":[101,99,100],"class_list":{"0":"post-11718","1":"product","2":"type-product","3":"status-publish","4":"has-post-thumbnail","6":"product_cat-city","7":"product_cat-hainan","8":"product_tag-group-travel","9":"product_tag-number-of-days-to-visit-3-5-days","10":"product_tag-self-driving-tours","12":"first","13":"instock","14":"featured","15":"shipping-taxable","16":"purchasable","17":"product-type-simple"},"aioseo_notices":[],"_links":{"self":[{"href":"https:\/\/sinotrip.net\/es\/wp-json\/wp\/v2\/product\/11718","targetHints":{"allow":["GET"]}}],"collection":[{"href":"https:\/\/sinotrip.net\/es\/wp-json\/wp\/v2\/product"}],"about":[{"href":"https:\/\/sinotrip.net\/es\/wp-json\/wp\/v2\/types\/product"}],"replies":[{"embeddable":true,"href":"https:\/\/sinotrip.net\/es\/wp-json\/wp\/v2\/comments?post=11718"}],"wp:featuredmedia":[{"embeddable":true,"href":"https:\/\/sinotrip.net\/es\/wp-json\/wp\/v2\/media\/11719"}],"wp:attachment":[{"href":"https:\/\/sinotrip.net\/es\/wp-json\/wp\/v2\/media?parent=11718"}],"wp:term":[{"taxonomy":"product_cat","embeddable":true,"href":"https:\/\/sinotrip.net\/es\/wp-json\/wp\/v2\/product_cat?post=11718"},{"taxonomy":"product_tag","embeddable":true,"href":"https:\/\/sinotrip.net\/es\/wp-json\/wp\/v2\/product_tag?post=11718"}],"curies":[{"name":"wp","href":"https:\/\/api.w.org\/{rel}","templated":true}]}}