{"id":11770,"date":"2024-09-09T10:11:56","date_gmt":"2024-09-09T10:11:56","guid":{"rendered":"https:\/\/sinotrip.net\/?post_type=product&#038;p=11770"},"modified":"2024-09-09T10:12:20","modified_gmt":"2024-09-09T10:12:20","slug":"yuanmingyuan-park","status":"publish","type":"product","link":"https:\/\/sinotrip.net\/es\/producto\/yuanmingyuan-park\/","title":{"rendered":"Parque Yuanmingyuan"},"content":{"rendered":"<p><img fetchpriority=\"high\" decoding=\"async\" class=\"alignnone size-medium wp-image-11772\" src=\"https:\/\/sinotrip.net\/wp-content\/uploads\/2024\/09\/Old-Summer-Palace-1-300x300.jpg\" alt=\"\" width=\"300\" height=\"300\" srcset=\"https:\/\/sinotrip.net\/wp-content\/uploads\/2024\/09\/Old-Summer-Palace-1-300x300.jpg 300w, https:\/\/sinotrip.net\/wp-content\/uploads\/2024\/09\/Old-Summer-Palace-1-150x150.jpg 150w, https:\/\/sinotrip.net\/wp-content\/uploads\/2024\/09\/Old-Summer-Palace-1.jpg 500w\" sizes=\"(max-width: 300px) 100vw, 300px\" \/> <img decoding=\"async\" class=\"alignnone size-medium wp-image-11773\" src=\"https:\/\/sinotrip.net\/wp-content\/uploads\/2024\/09\/Old-Summer-Palace-2-300x300.jpg\" alt=\"\" width=\"300\" height=\"300\" srcset=\"https:\/\/sinotrip.net\/wp-content\/uploads\/2024\/09\/Old-Summer-Palace-2-300x300.jpg 300w, https:\/\/sinotrip.net\/wp-content\/uploads\/2024\/09\/Old-Summer-Palace-2-150x150.jpg 150w, https:\/\/sinotrip.net\/wp-content\/uploads\/2024\/09\/Old-Summer-Palace-2.jpg 500w\" sizes=\"(max-width: 300px) 100vw, 300px\" \/><br \/>\n<img decoding=\"async\" class=\"alignnone size-medium wp-image-11774\" src=\"https:\/\/sinotrip.net\/wp-content\/uploads\/2024\/09\/Old-Summer-Palace-3-300x300.jpg\" alt=\"\" width=\"300\" height=\"300\" srcset=\"https:\/\/sinotrip.net\/wp-content\/uploads\/2024\/09\/Old-Summer-Palace-3-300x300.jpg 300w, https:\/\/sinotrip.net\/wp-content\/uploads\/2024\/09\/Old-Summer-Palace-3-150x150.jpg 150w, https:\/\/sinotrip.net\/wp-content\/uploads\/2024\/09\/Old-Summer-Palace-3.jpg 500w\" sizes=\"(max-width: 300px) 100vw, 300px\" \/> <img loading=\"lazy\" decoding=\"async\" class=\"alignnone size-medium wp-image-11775\" src=\"https:\/\/sinotrip.net\/wp-content\/uploads\/2024\/09\/Old-Summer-Palace-4-300x300.jpg\" alt=\"\" width=\"300\" height=\"300\" srcset=\"https:\/\/sinotrip.net\/wp-content\/uploads\/2024\/09\/Old-Summer-Palace-4-300x300.jpg 300w, https:\/\/sinotrip.net\/wp-content\/uploads\/2024\/09\/Old-Summer-Palace-4-150x150.jpg 150w, https:\/\/sinotrip.net\/wp-content\/uploads\/2024\/09\/Old-Summer-Palace-4.jpg 500w\" sizes=\"(max-width: 300px) 100vw, 300px\" \/><br \/>\nEl Antiguo Palacio de Verano es un famoso jard\u00edn real construido en la dinast\u00eda Qing. Consta de tres zonas: el Antiguo Palacio de Verano, el Jard\u00edn de Changchun y el Jard\u00edn de Qichun. Es de gran belleza hist\u00f3rica y se le conoce como el \"Jard\u00edn de los Diez Mil Jardines\". En 1860, las fuerzas aliadas brit\u00e1nicas y francesas redujeron a cenizas los principales edificios. Hoy en d\u00eda, los turistas s\u00f3lo pueden presentar sus respetos entre los restos y buscar el glorioso imperio de aquel a\u00f1o. Si su imaginaci\u00f3n no es suficiente, puede ir a la \"Exposici\u00f3n de maquetas panor\u00e1micas del antiguo Palacio de Verano en su \u00e9poca de esplendor\" en el Jard\u00edn de Changchun y vivir la gran ocasi\u00f3n de aquel a\u00f1o a trav\u00e9s de la explicaci\u00f3n del docente.<\/p>","protected":false},"excerpt":{"rendered":"<p>Parque Yuanmingyuan: ruinas hist\u00f3ricas y vibrantes jardines del Antiguo Palacio de Verano, que ofrecen una visi\u00f3n del pasado de la China imperial.<\/p>","protected":false},"featured_media":11771,"comment_status":"open","ping_status":"closed","template":"","meta":[],"product_cat":[15,94],"product_tag":[101,99,100],"class_list":{"0":"post-11770","1":"product","2":"type-product","3":"status-publish","4":"has-post-thumbnail","6":"product_cat-city","7":"product_cat-peking","8":"product_tag-group-travel","9":"product_tag-number-of-days-to-visit-3-5-days","10":"product_tag-self-driving-tours","12":"first","13":"instock","14":"featured","15":"shipping-taxable","16":"purchasable","17":"product-type-simple"},"aioseo_notices":[],"_links":{"self":[{"href":"https:\/\/sinotrip.net\/es\/wp-json\/wp\/v2\/product\/11770","targetHints":{"allow":["GET"]}}],"collection":[{"href":"https:\/\/sinotrip.net\/es\/wp-json\/wp\/v2\/product"}],"about":[{"href":"https:\/\/sinotrip.net\/es\/wp-json\/wp\/v2\/types\/product"}],"replies":[{"embeddable":true,"href":"https:\/\/sinotrip.net\/es\/wp-json\/wp\/v2\/comments?post=11770"}],"wp:featuredmedia":[{"embeddable":true,"href":"https:\/\/sinotrip.net\/es\/wp-json\/wp\/v2\/media\/11771"}],"wp:attachment":[{"href":"https:\/\/sinotrip.net\/es\/wp-json\/wp\/v2\/media?parent=11770"}],"wp:term":[{"taxonomy":"product_cat","embeddable":true,"href":"https:\/\/sinotrip.net\/es\/wp-json\/wp\/v2\/product_cat?post=11770"},{"taxonomy":"product_tag","embeddable":true,"href":"https:\/\/sinotrip.net\/es\/wp-json\/wp\/v2\/product_tag?post=11770"}],"curies":[{"name":"wp","href":"https:\/\/api.w.org\/{rel}","templated":true}]}}