{"id":12119,"date":"2024-12-25T09:09:59","date_gmt":"2024-12-25T09:09:59","guid":{"rendered":"https:\/\/sinotrip.net\/?post_type=product&#038;p=12119"},"modified":"2024-12-25T09:51:31","modified_gmt":"2024-12-25T09:51:31","slug":"huangshan-tours%ef%bc%9aunparalleled-fairyland-an-otherworldly-paradise","status":"publish","type":"product","link":"https:\/\/sinotrip.net\/es\/producto\/huangshan-tours%ef%bc%9aunparalleled-fairyland-an-otherworldly-paradise\/","title":{"rendered":"Huangshan Tours\uff1aUn pa\u00eds de hadas sin igual, un para\u00edso de otro mundo."},"content":{"rendered":"<p><img fetchpriority=\"high\" decoding=\"async\" class=\"aligncenter size-large wp-image-12124\" src=\"https:\/\/sinotrip.net\/wp-content\/uploads\/2024\/12\/huangshan3-1024x640.jpg\" alt=\"huangshan3\" width=\"640\" height=\"400\" srcset=\"https:\/\/sinotrip.net\/wp-content\/uploads\/2024\/12\/huangshan3-1024x640.jpg 1024w, https:\/\/sinotrip.net\/wp-content\/uploads\/2024\/12\/huangshan3-300x188.jpg 300w, https:\/\/sinotrip.net\/wp-content\/uploads\/2024\/12\/huangshan3-768x480.jpg 768w, https:\/\/sinotrip.net\/wp-content\/uploads\/2024\/12\/huangshan3-18x12.jpg 18w, https:\/\/sinotrip.net\/wp-content\/uploads\/2024\/12\/huangshan3-600x375.jpg 600w, https:\/\/sinotrip.net\/wp-content\/uploads\/2024\/12\/huangshan3.jpg 1280w\" sizes=\"(max-width: 640px) 100vw, 640px\" \/><\/p>\n<p>De todas las monta\u00f1as esc\u00e9nicas de China, Huangshan ha sido elegida la mejor. Cada una de las cuatro estaciones de la monta\u00f1a tiene una belleza distinta, creando un encantador para\u00edso terrenal de otro mundo. Si le gusta la naturaleza, los pueblos antiguos, el senderismo o el ciclismo, nuestras mejores excursiones privadas por Huangshan le ayudar\u00e1n a sacar el m\u00e1ximo partido.<\/p>\n<p><img decoding=\"async\" class=\"aligncenter size-large wp-image-12120\" src=\"https:\/\/sinotrip.net\/wp-content\/uploads\/2024\/12\/hongcun-1024x640.jpg\" alt=\"hongcun\" width=\"640\" height=\"400\" srcset=\"https:\/\/sinotrip.net\/wp-content\/uploads\/2024\/12\/hongcun-1024x640.jpg 1024w, https:\/\/sinotrip.net\/wp-content\/uploads\/2024\/12\/hongcun-300x188.jpg 300w, https:\/\/sinotrip.net\/wp-content\/uploads\/2024\/12\/hongcun-768x480.jpg 768w, https:\/\/sinotrip.net\/wp-content\/uploads\/2024\/12\/hongcun-18x12.jpg 18w, https:\/\/sinotrip.net\/wp-content\/uploads\/2024\/12\/hongcun-600x375.jpg 600w, https:\/\/sinotrip.net\/wp-content\/uploads\/2024\/12\/hongcun.jpg 1280w\" sizes=\"(max-width: 640px) 100vw, 640px\" \/><\/p>\n<p>Este viaje le llevar\u00e1 a conocer a fondo la cultura de Huizhou y la belleza natural de Huangshan. Visitar\u00e1 Hongcun, conocido como el \"pueblo de las pinturas chinas\". Tiene un trazado compacto, y el estilo de aldea acu\u00e1tica y las verdes monta\u00f1as y aguas se complementan, como una tranquila pintura. Despu\u00e9s, pasee por la calle vieja de Tunxi, pise el camino de piedra rojo p\u00farpura, sienta el encanto de la arquitectura tradicional china, seleccione especialidades y artesan\u00eda locales y experimente el estilo de mercado de la antigua Huizhou.<\/p>\n<p>Suba a Huangshan, tome el telef\u00e9rico durante todo el trayecto y encu\u00e9ntrese entre el mar de nubes y extra\u00f1os picos. Apreciar\u00e1 los extra\u00f1os pinos y rocas del Pico Shixin y suspirar\u00e1 ante la belleza de Huangshan; apreciar\u00e1 la rom\u00e1ntica escena de los melocotoneros en flor por toda la monta\u00f1a en el Pico Taohua en primavera; disfrutar\u00e1 del magn\u00edfico paisaje de Beihai en el Pico Shizi; explorar\u00e1 la magn\u00edfica Piedra Feilai y sentir\u00e1 su maravilla como si cayera del cielo; contemplar\u00e1 el mar de nubes en Guangmingding y disfrutar\u00e1 de la magn\u00edfica vista panor\u00e1mica de los mares del Este y del Oeste.<\/p>\n<p>Adem\u00e1s, visitar\u00e1 el Pabell\u00f3n Paiyun, que es un gran lugar para ver extra\u00f1as rocas, picos y mar de nubes; pasear\u00e1 por el Gran Ca\u00f1\u00f3n de Xihai para apreciar la profunda y enso\u00f1adora belleza natural. Este viaje le sumergir\u00e1 en un mundo maravilloso donde la cultura y la naturaleza se entrelazan, y le traer\u00e1 un recuerdo inolvidable.<\/p>","protected":false},"excerpt":{"rendered":"<p>De todas las monta\u00f1as esc\u00e9nicas de China, Huangshan ha sido elegida la mejor. Cada una de las cuatro estaciones de la monta\u00f1a tiene una belleza distinta, creando un encantador para\u00edso terrenal de otro mundo. Si le gusta la naturaleza, los pueblos antiguos, el senderismo o el ciclismo, nuestras mejores excursiones privadas por Huangshan le ayudar\u00e1n a sacar el m\u00e1ximo partido.<\/p>","protected":false},"featured_media":12126,"comment_status":"open","ping_status":"closed","template":"","meta":[],"product_cat":[15,109],"product_tag":[101,99,100],"class_list":{"0":"post-12119","1":"product","2":"type-product","3":"status-publish","4":"has-post-thumbnail","6":"product_cat-city","7":"product_cat-anhui","8":"product_tag-group-travel","9":"product_tag-number-of-days-to-visit-3-5-days","10":"product_tag-self-driving-tours","12":"first","13":"instock","14":"shipping-taxable","15":"purchasable","16":"product-type-simple"},"aioseo_notices":[],"_links":{"self":[{"href":"https:\/\/sinotrip.net\/es\/wp-json\/wp\/v2\/product\/12119","targetHints":{"allow":["GET"]}}],"collection":[{"href":"https:\/\/sinotrip.net\/es\/wp-json\/wp\/v2\/product"}],"about":[{"href":"https:\/\/sinotrip.net\/es\/wp-json\/wp\/v2\/types\/product"}],"replies":[{"embeddable":true,"href":"https:\/\/sinotrip.net\/es\/wp-json\/wp\/v2\/comments?post=12119"}],"wp:featuredmedia":[{"embeddable":true,"href":"https:\/\/sinotrip.net\/es\/wp-json\/wp\/v2\/media\/12126"}],"wp:attachment":[{"href":"https:\/\/sinotrip.net\/es\/wp-json\/wp\/v2\/media?parent=12119"}],"wp:term":[{"taxonomy":"product_cat","embeddable":true,"href":"https:\/\/sinotrip.net\/es\/wp-json\/wp\/v2\/product_cat?post=12119"},{"taxonomy":"product_tag","embeddable":true,"href":"https:\/\/sinotrip.net\/es\/wp-json\/wp\/v2\/product_tag?post=12119"}],"curies":[{"name":"wp","href":"https:\/\/api.w.org\/{rel}","templated":true}]}}