{"id":12144,"date":"2024-12-26T07:04:28","date_gmt":"2024-12-26T07:04:28","guid":{"rendered":"https:\/\/sinotrip.net\/?post_type=product&#038;p=12144"},"modified":"2024-12-26T09:53:52","modified_gmt":"2024-12-26T09:53:52","slug":"tibet-tours%ef%bc%9ajourney-to-one-of-the-most-mystical-and-spiritually-holy-places-on-earth","status":"publish","type":"product","link":"https:\/\/sinotrip.net\/es\/producto\/tibet-tours%ef%bc%9ajourney-to-one-of-the-most-mystical-and-spiritually-holy-places-on-earth\/","title":{"rendered":"Tibet Tours\uff1aViaje a uno de los lugares m\u00e1s m\u00edsticos y espiritualmente sagrados de la tierra."},"content":{"rendered":"<p><img fetchpriority=\"high\" decoding=\"async\" class=\"aligncenter size-large wp-image-12163\" src=\"https:\/\/sinotrip.net\/wp-content\/uploads\/2024\/12\/plateau-tibet-1024x640.jpg\" alt=\"plateau-tibet\" width=\"640\" height=\"400\" srcset=\"https:\/\/sinotrip.net\/wp-content\/uploads\/2024\/12\/plateau-tibet-1024x640.jpg 1024w, https:\/\/sinotrip.net\/wp-content\/uploads\/2024\/12\/plateau-tibet-300x188.jpg 300w, https:\/\/sinotrip.net\/wp-content\/uploads\/2024\/12\/plateau-tibet-768x480.jpg 768w, https:\/\/sinotrip.net\/wp-content\/uploads\/2024\/12\/plateau-tibet-18x12.jpg 18w, https:\/\/sinotrip.net\/wp-content\/uploads\/2024\/12\/plateau-tibet-600x375.jpg 600w, https:\/\/sinotrip.net\/wp-content\/uploads\/2024\/12\/plateau-tibet.jpg 1280w\" sizes=\"(max-width: 640px) 100vw, 640px\" \/><\/p>\n<p>Famoso por el sacrat\u00edsimo Palacio de Potala y el Everest, el pico m\u00e1s alto del mundo, el T\u00edbet tambi\u00e9n cautiva a los viajeros por su gente ingenua y devota, sus costumbres populares \u00fanicas y sus paisajes naturales v\u00edrgenes. Nuestros mejores viajes privados al T\u00edbet en 2025 y 2026 se est\u00e1n preparando para hacer realidad el viaje de sus sue\u00f1os.<\/p>\n<p><img decoding=\"async\" class=\"aligncenter size-large wp-image-12162\" src=\"https:\/\/sinotrip.net\/wp-content\/uploads\/2024\/12\/lhasa-jokhang-temple-1024x640.jpg\" alt=\"lhasa-jokhang-temple\" width=\"640\" height=\"400\" srcset=\"https:\/\/sinotrip.net\/wp-content\/uploads\/2024\/12\/lhasa-jokhang-temple-1024x640.jpg 1024w, https:\/\/sinotrip.net\/wp-content\/uploads\/2024\/12\/lhasa-jokhang-temple-300x188.jpg 300w, https:\/\/sinotrip.net\/wp-content\/uploads\/2024\/12\/lhasa-jokhang-temple-768x480.jpg 768w, https:\/\/sinotrip.net\/wp-content\/uploads\/2024\/12\/lhasa-jokhang-temple-18x12.jpg 18w, https:\/\/sinotrip.net\/wp-content\/uploads\/2024\/12\/lhasa-jokhang-temple-600x375.jpg 600w, https:\/\/sinotrip.net\/wp-content\/uploads\/2024\/12\/lhasa-jokhang-temple.jpg 1280w\" sizes=\"(max-width: 640px) 100vw, 640px\" \/><\/p>\n<p>Emb\u00e1rquese en una peregrinaci\u00f3n espiritual al coraz\u00f3n de la vida budista tibetana, donde cobran vida tradiciones centenarias y pr\u00e1cticas sagradas. Comience su viaje con una visita al emblem\u00e1tico Palacio de Potala, que se alza majestuoso sobre el cielo azul. Esta obra maestra de la arquitectura, que fue residencia de invierno del Dalai Lama, es un tesoro del arte, la cultura y la historia del budismo tibetano.<\/p>\n<p>A continuaci\u00f3n, sum\u00e9rjase en el animado ambiente del Monasterio de Sera, donde los lamas se enzarzan apasionadamente en debates sobre doctrinas budistas. Estos debates, una pr\u00e1ctica \u00fanica y din\u00e1mica, ofrecen una visi\u00f3n fascinante del rigor intelectual y la devoci\u00f3n del budismo tibetano.<\/p>\n<p>Por \u00faltimo, visite el venerado templo de Jokhang, lugar de peregrinaci\u00f3n por excelencia para los budistas de todo el mundo. Aqu\u00ed se encuentra la estatua a tama\u00f1o natural de Sakyamuni, una reliquia sagrada que atrae a innumerables devotos en busca de bendiciones y conexi\u00f3n espiritual.<\/p>\n<p>Este viaje ofrece una profunda exploraci\u00f3n de la cultura, la historia y la fe del budismo tibetano, que le dejar\u00e1 inspirado y profundamente conmovido por las perdurables tradiciones espirituales del T\u00edbet.<\/p>","protected":false},"excerpt":{"rendered":"<p>Famoso por el sacrat\u00edsimo Palacio de Potala y el Everest, el pico m\u00e1s alto del mundo, el T\u00edbet tambi\u00e9n cautiva a los viajeros por su gente ingenua y devota, sus costumbres populares \u00fanicas y sus paisajes naturales v\u00edrgenes. Nuestros mejores viajes privados al T\u00edbet en 2025 y 2026 se est\u00e1n preparando para hacer realidad el viaje de sus sue\u00f1os.<\/p>","protected":false},"featured_media":12168,"comment_status":"open","ping_status":"closed","template":"","meta":[],"product_cat":[15,111],"product_tag":[101,99,100],"class_list":{"0":"post-12144","1":"product","2":"type-product","3":"status-publish","4":"has-post-thumbnail","6":"product_cat-city","7":"product_cat-tibet","8":"product_tag-group-travel","9":"product_tag-number-of-days-to-visit-3-5-days","10":"product_tag-self-driving-tours","12":"first","13":"instock","14":"shipping-taxable","15":"purchasable","16":"product-type-simple"},"aioseo_notices":[],"_links":{"self":[{"href":"https:\/\/sinotrip.net\/es\/wp-json\/wp\/v2\/product\/12144","targetHints":{"allow":["GET"]}}],"collection":[{"href":"https:\/\/sinotrip.net\/es\/wp-json\/wp\/v2\/product"}],"about":[{"href":"https:\/\/sinotrip.net\/es\/wp-json\/wp\/v2\/types\/product"}],"replies":[{"embeddable":true,"href":"https:\/\/sinotrip.net\/es\/wp-json\/wp\/v2\/comments?post=12144"}],"wp:featuredmedia":[{"embeddable":true,"href":"https:\/\/sinotrip.net\/es\/wp-json\/wp\/v2\/media\/12168"}],"wp:attachment":[{"href":"https:\/\/sinotrip.net\/es\/wp-json\/wp\/v2\/media?parent=12144"}],"wp:term":[{"taxonomy":"product_cat","embeddable":true,"href":"https:\/\/sinotrip.net\/es\/wp-json\/wp\/v2\/product_cat?post=12144"},{"taxonomy":"product_tag","embeddable":true,"href":"https:\/\/sinotrip.net\/es\/wp-json\/wp\/v2\/product_tag?post=12144"}],"curies":[{"name":"wp","href":"https:\/\/api.w.org\/{rel}","templated":true}]}}