{"id":12153,"date":"2024-12-26T09:44:20","date_gmt":"2024-12-26T09:44:20","guid":{"rendered":"https:\/\/sinotrip.net\/?post_type=product&#038;p=12153"},"modified":"2025-01-04T09:03:50","modified_gmt":"2025-01-04T09:03:50","slug":"yunnan-tours%ef%bc%9aa-virgin-land-for-natural-sceneries-and-ethnic-minority-culture","status":"publish","type":"product","link":"https:\/\/sinotrip.net\/es\/producto\/yunnan-tours%ef%bc%9aa-virgin-land-for-natural-sceneries-and-ethnic-minority-culture\/","title":{"rendered":"Yunnan Tours\uff1aUna tierra virgen para los paisajes naturales y la cultura de las minor\u00edas \u00e9tnicas."},"content":{"rendered":"<p><img fetchpriority=\"high\" decoding=\"async\" class=\"aligncenter size-large wp-image-12175\" src=\"https:\/\/sinotrip.net\/wp-content\/uploads\/2024\/12\/yunnan-ethnic-people-1024x640.jpg\" alt=\"yunnan-ethnic-people\" width=\"640\" height=\"400\" srcset=\"https:\/\/sinotrip.net\/wp-content\/uploads\/2024\/12\/yunnan-ethnic-people-1024x640.jpg 1024w, https:\/\/sinotrip.net\/wp-content\/uploads\/2024\/12\/yunnan-ethnic-people-300x188.jpg 300w, https:\/\/sinotrip.net\/wp-content\/uploads\/2024\/12\/yunnan-ethnic-people-768x480.jpg 768w, https:\/\/sinotrip.net\/wp-content\/uploads\/2024\/12\/yunnan-ethnic-people-18x12.jpg 18w, https:\/\/sinotrip.net\/wp-content\/uploads\/2024\/12\/yunnan-ethnic-people-600x375.jpg 600w, https:\/\/sinotrip.net\/wp-content\/uploads\/2024\/12\/yunnan-ethnic-people.jpg 1280w\" sizes=\"(max-width: 640px) 100vw, 640px\" \/><\/p>\n<p>Situada en el suroeste de China, Yunnan es la provincia con m\u00e1s minor\u00edas \u00e9tnicas. Sus ricos recursos tur\u00edsticos, su diversa cultura \u00e9tnica, sus fant\u00e1sticos paisajes y su agradable clima en todas las estaciones la han convertido en un destino muy popular entre los viajeros. Nuestras visitas guiadas privadas a Yunnan, que incluyen la ciudad primaveral de Kunming, la rom\u00e1ntica Dal\u00ed, el casco antiguo de Lijiang, Patrimonio Cultural de la Humanidad, y el para\u00edso terrenal de Shangri-La, le brindar\u00e1n emocionantes experiencias de viaje.<\/p>\n<p><img decoding=\"async\" class=\"aligncenter size-large wp-image-12169\" src=\"https:\/\/sinotrip.net\/wp-content\/uploads\/2024\/12\/black-dragon-pool-1024x640.jpg\" alt=\"black-dragon-pool\" width=\"640\" height=\"400\" srcset=\"https:\/\/sinotrip.net\/wp-content\/uploads\/2024\/12\/black-dragon-pool-1024x640.jpg 1024w, https:\/\/sinotrip.net\/wp-content\/uploads\/2024\/12\/black-dragon-pool-300x188.jpg 300w, https:\/\/sinotrip.net\/wp-content\/uploads\/2024\/12\/black-dragon-pool-768x480.jpg 768w, https:\/\/sinotrip.net\/wp-content\/uploads\/2024\/12\/black-dragon-pool-18x12.jpg 18w, https:\/\/sinotrip.net\/wp-content\/uploads\/2024\/12\/black-dragon-pool-600x375.jpg 600w, https:\/\/sinotrip.net\/wp-content\/uploads\/2024\/12\/black-dragon-pool.jpg 1280w\" sizes=\"(max-width: 640px) 100vw, 640px\" \/><\/p>\n<p>Emb\u00e1rquese en un viaje por los impresionantes paisajes y el rico patrimonio cultural de Yunnan. Comience por el Bosque de Piedra, un magn\u00edfico paisaje k\u00e1rstico en el que imponentes formaciones calizas crean una maravilla natural surrealista. Despu\u00e9s, sum\u00e9rjase en la vida local explorando un animado mercado, que ofrece una muestra de las aut\u00e9nticas tradiciones y sabores de Yunnan.<\/p>\n<p>Contin\u00fae hasta el sereno lago Erhai, donde las aguas centelleantes y el pintoresco entorno ofrecen un tranquilo retiro. Una vez all\u00ed, visite una casa tradicional bai y descubra la arquitectura y las costumbres \u00fanicas de la etnia bai.<\/p>\n<p>A continuaci\u00f3n, retroceda en el tiempo en el casco antiguo de Lijiang, de casi 1.000 a\u00f1os de antig\u00fcedad y declarado Patrimonio de la Humanidad por la UNESCO. Pasee por las calles empedradas, admire los edificios de madera bien conservados y emp\u00e1pese de la rica historia y el encanto de la ciudad.<\/p>\n<p>Por \u00faltimo, avent\u00farese en la m\u00edstica belleza de Shangri-La, conocida como el Horizonte Perdido, donde los sobrecogedores paisajes naturales y la cultura tibetana se unen para crear un destino realmente encantador. Este viaje promete una mezcla inolvidable de impresionantes paisajes y descubrimiento cultural.<\/p>","protected":false},"excerpt":{"rendered":"<p>Situada en el suroeste de China, Yunnan es la provincia con m\u00e1s minor\u00edas \u00e9tnicas. Sus ricos recursos tur\u00edsticos, su diversa cultura \u00e9tnica, sus fant\u00e1sticos paisajes y su agradable clima en todas las estaciones la han convertido en un destino muy popular entre los viajeros. Nuestras visitas guiadas privadas a Yunnan, que incluyen la ciudad primaveral de Kunming, la rom\u00e1ntica Dal\u00ed, el casco antiguo de Lijiang, Patrimonio Cultural de la Humanidad, y el para\u00edso terrenal de Shangri-La, le brindar\u00e1n emocionantes experiencias de viaje.<\/p>","protected":false},"featured_media":12171,"comment_status":"open","ping_status":"closed","template":"","meta":[],"product_cat":[15,113],"product_tag":[101,99,100],"class_list":{"0":"post-12153","1":"product","2":"type-product","3":"status-publish","4":"has-post-thumbnail","6":"product_cat-city","7":"product_cat-yunnan","8":"product_tag-group-travel","9":"product_tag-number-of-days-to-visit-3-5-days","10":"product_tag-self-driving-tours","12":"first","13":"instock","14":"shipping-taxable","15":"purchasable","16":"product-type-simple"},"aioseo_notices":[],"_links":{"self":[{"href":"https:\/\/sinotrip.net\/es\/wp-json\/wp\/v2\/product\/12153","targetHints":{"allow":["GET"]}}],"collection":[{"href":"https:\/\/sinotrip.net\/es\/wp-json\/wp\/v2\/product"}],"about":[{"href":"https:\/\/sinotrip.net\/es\/wp-json\/wp\/v2\/types\/product"}],"replies":[{"embeddable":true,"href":"https:\/\/sinotrip.net\/es\/wp-json\/wp\/v2\/comments?post=12153"}],"wp:featuredmedia":[{"embeddable":true,"href":"https:\/\/sinotrip.net\/es\/wp-json\/wp\/v2\/media\/12171"}],"wp:attachment":[{"href":"https:\/\/sinotrip.net\/es\/wp-json\/wp\/v2\/media?parent=12153"}],"wp:term":[{"taxonomy":"product_cat","embeddable":true,"href":"https:\/\/sinotrip.net\/es\/wp-json\/wp\/v2\/product_cat?post=12153"},{"taxonomy":"product_tag","embeddable":true,"href":"https:\/\/sinotrip.net\/es\/wp-json\/wp\/v2\/product_tag?post=12153"}],"curies":[{"name":"wp","href":"https:\/\/api.w.org\/{rel}","templated":true}]}}