{"id":12176,"date":"2024-12-27T09:11:50","date_gmt":"2024-12-27T09:11:50","guid":{"rendered":"https:\/\/sinotrip.net\/?post_type=product&#038;p=12176"},"modified":"2024-12-27T09:11:50","modified_gmt":"2024-12-27T09:11:50","slug":"zhangjiajie-mini-group-day-tour-no-shopping","status":"publish","type":"product","link":"https:\/\/sinotrip.net\/es\/producto\/zhangjiajie-mini-group-day-tour-no-shopping\/","title":{"rendered":"Excursi\u00f3n de un d\u00eda en minigrupo a Zhangjiajie, sin compras"},"content":{"rendered":"<p><img fetchpriority=\"high\" decoding=\"async\" class=\"aligncenter size-large wp-image-12177\" src=\"https:\/\/sinotrip.net\/wp-content\/uploads\/2024\/12\/cable-car-1024x640.png\" alt=\"cable-car\" width=\"640\" height=\"400\" srcset=\"https:\/\/sinotrip.net\/wp-content\/uploads\/2024\/12\/cable-car-1024x640.png 1024w, https:\/\/sinotrip.net\/wp-content\/uploads\/2024\/12\/cable-car-300x188.png 300w, https:\/\/sinotrip.net\/wp-content\/uploads\/2024\/12\/cable-car-768x480.png 768w, https:\/\/sinotrip.net\/wp-content\/uploads\/2024\/12\/cable-car-18x12.png 18w, https:\/\/sinotrip.net\/wp-content\/uploads\/2024\/12\/cable-car-600x375.png 600w, https:\/\/sinotrip.net\/wp-content\/uploads\/2024\/12\/cable-car.png 1280w\" sizes=\"(max-width: 640px) 100vw, 640px\" \/><\/p>\n<p>Emb\u00e1rquese en una aventura \u00edntima con un grupo reducido de unas seis personas, lo que le garantiza una experiencia m\u00e1s personalizada y atenta durante todo el viaje. Este recorrido cuidadosamente seleccionado se centra en mostrar la impresionante belleza natural de Zhangjiajie sin las interrupciones de las paradas para ir de compras o complementos innecesarios, ofreci\u00e9ndole una aventura tur\u00edstica verdaderamente pura.<\/p>\n<p><img decoding=\"async\" class=\"aligncenter size-large wp-image-12179\" src=\"https:\/\/sinotrip.net\/wp-content\/uploads\/2024\/12\/sun-mountain-1024x640.png\" alt=\"sun-mountain\" width=\"640\" height=\"400\" srcset=\"https:\/\/sinotrip.net\/wp-content\/uploads\/2024\/12\/sun-mountain-1024x640.png 1024w, https:\/\/sinotrip.net\/wp-content\/uploads\/2024\/12\/sun-mountain-300x188.png 300w, https:\/\/sinotrip.net\/wp-content\/uploads\/2024\/12\/sun-mountain-768x480.png 768w, https:\/\/sinotrip.net\/wp-content\/uploads\/2024\/12\/sun-mountain-18x12.png 18w, https:\/\/sinotrip.net\/wp-content\/uploads\/2024\/12\/sun-mountain-600x375.png 600w, https:\/\/sinotrip.net\/wp-content\/uploads\/2024\/12\/sun-mountain.png 1280w\" sizes=\"(max-width: 640px) 100vw, 640px\" \/><\/p>\n<p>Comience su viaje subiendo al ascensor m\u00e1s alto del mundo, el Bailong Elevator, que le llevar\u00e1 al coraz\u00f3n de los emblem\u00e1ticos paisajes k\u00e1rsticos de Zhangjiajie. Desde aqu\u00ed, marav\u00edllese ante la imponente Monta\u00f1a del Aleluya, famosa por su aparici\u00f3n en la pel\u00edcula Avatar, y sum\u00e9rjase en la belleza et\u00e9rea que inspir\u00f3 su creaci\u00f3n.<\/p>\n<p>Contin\u00fae su exploraci\u00f3n en Yangjiajie, donde se encuentra la Gran Muralla Natural, una fascinante formaci\u00f3n de picos ondulados de piedra que parecen una fortaleza construida por la propia naturaleza. Esta vista \u00fanica ofrece una sensaci\u00f3n de asombro y tranquilidad mientras contempla los vastos paisajes v\u00edrgenes.<\/p>\n<p>A medida que el d\u00eda se acerca a su fin, ascienda a la monta\u00f1a Tianzi, donde las formaciones rocosas de formas extra\u00f1as se erigen en el horizonte. Aqu\u00ed presenciar\u00e1 una impresionante puesta de sol que ba\u00f1a los picos en tonos dorados, creando un momento perfecto para terminar el d\u00eda.<\/p>\n<p>Sin distracciones de compras, ceremonias del t\u00e9 o visitas opcionales demasiado caras, ahorrar\u00e1 tiempo y maximizar\u00e1 su experiencia en cada atracci\u00f3n. Este cuidadoso itinerario le asegura pasar cada momento rodeado de las maravillas naturales de Zhangjiajie, convirti\u00e9ndolo en un viaje inolvidable a uno de los paisajes m\u00e1s espectaculares del mundo.<\/p>","protected":false},"excerpt":{"rendered":"<p>Embark on an intimate adventure with a small group of about six people, ensuring a more personalized and attentive experience throughout your journey. This carefully curated tour focuses on showcasing the breathtaking natural beauty of Zhangjiajie without the interruptions of shopping stops or unnecessary add-ons, offering you a truly pure sightseeing adventure. Begin your journey [&hellip;]<\/p>","protected":false},"featured_media":12180,"comment_status":"open","ping_status":"closed","template":"","meta":[],"product_cat":[15,96],"product_tag":[101,99,100],"class_list":{"0":"post-12176","1":"product","2":"type-product","3":"status-publish","4":"has-post-thumbnail","6":"product_cat-city","7":"product_cat-hunan","8":"product_tag-group-travel","9":"product_tag-number-of-days-to-visit-3-5-days","10":"product_tag-self-driving-tours","12":"first","13":"instock","14":"shipping-taxable","15":"purchasable","16":"product-type-simple"},"aioseo_notices":[],"_links":{"self":[{"href":"https:\/\/sinotrip.net\/es\/wp-json\/wp\/v2\/product\/12176","targetHints":{"allow":["GET"]}}],"collection":[{"href":"https:\/\/sinotrip.net\/es\/wp-json\/wp\/v2\/product"}],"about":[{"href":"https:\/\/sinotrip.net\/es\/wp-json\/wp\/v2\/types\/product"}],"replies":[{"embeddable":true,"href":"https:\/\/sinotrip.net\/es\/wp-json\/wp\/v2\/comments?post=12176"}],"wp:featuredmedia":[{"embeddable":true,"href":"https:\/\/sinotrip.net\/es\/wp-json\/wp\/v2\/media\/12180"}],"wp:attachment":[{"href":"https:\/\/sinotrip.net\/es\/wp-json\/wp\/v2\/media?parent=12176"}],"wp:term":[{"taxonomy":"product_cat","embeddable":true,"href":"https:\/\/sinotrip.net\/es\/wp-json\/wp\/v2\/product_cat?post=12176"},{"taxonomy":"product_tag","embeddable":true,"href":"https:\/\/sinotrip.net\/es\/wp-json\/wp\/v2\/product_tag?post=12176"}],"curies":[{"name":"wp","href":"https:\/\/api.w.org\/{rel}","templated":true}]}}