{"id":12366,"date":"2025-03-04T06:53:17","date_gmt":"2025-03-04T06:53:17","guid":{"rendered":"https:\/\/sinotrip.net\/?post_type=product&#038;p=12366"},"modified":"2025-03-12T09:48:26","modified_gmt":"2025-03-12T09:48:26","slug":"dive-into-the-enchanting-world-of-shanghai-haichang-ocean-park","status":"publish","type":"product","link":"https:\/\/sinotrip.net\/es\/producto\/dive-into-the-enchanting-world-of-shanghai-haichang-ocean-park\/","title":{"rendered":"\u00a1Sum\u00e9rjase en el encantador mundo del Shanghai Haichang Ocean Park!"},"content":{"rendered":"<div data-zone-id=\"0\" data-line-index=\"0\" data-line=\"true\">\n<h1 class=\"heading-h1\"><\/h1>\n<\/div>\n<div data-zone-id=\"0\" data-line-index=\"1\" data-line=\"true\">\u00bfAnhela una aventura que combine asombro, emoci\u00f3n y un toque de magia? No busque m\u00e1s <a href=\"https:\/\/sinotrip.net\/es\/\">Parque oce\u00e1nico Haichang de Shanghai<\/a>donde le espera un mundo de maravillas acu\u00e1ticas.<\/div>\n<div data-zone-id=\"0\" data-line-index=\"1\" data-line=\"true\"><\/div>\n<div data-zone-id=\"0\" data-line-index=\"1\" data-line=\"true\"><\/div>\n<h2 data-zone-id=\"0\" data-line-index=\"2\" data-line=\"true\"><b>Un fascinante pa\u00eds de las maravillas acu\u00e1ticas<\/b><\/h2>\n<div data-zone-id=\"0\" data-line-index=\"2\" data-line=\"true\"><\/div>\n<div data-zone-id=\"0\" data-line-index=\"2\" data-line=\"true\"><\/div>\n<div data-zone-id=\"0\" data-line-index=\"3\" data-line=\"true\">Entre en nuestro parque y ser\u00e1 recibido por una gran variedad de vida marina. Pasee por nuestros impresionantes acuarios, donde peces de colores, elegantes mantarrayas y misteriosos tiburones nadan graciosamente ante sus ojos. La exposici\u00f3n de medusas es un espect\u00e1culo para la vista, con estas criaturas et\u00e9reas flotando en un despliegue de luz y movimiento de otro mundo. Ac\u00e9rquese a los ping\u00fcinos que se contonean sobre el hielo y observe c\u00f3mo los leones marinos y las focas muestran sus juguetonas travesuras.<\/div>\n<div data-zone-id=\"0\" data-line-index=\"3\" data-line=\"true\"><img fetchpriority=\"high\" decoding=\"async\" class=\"aligncenter wp-image-12367\" src=\"https:\/\/sinotrip.net\/wp-content\/uploads\/2025\/03\/stingray-swimming-underwater-sting-ray-is-also-called-sea-cats-are-found-temperate-tropical-waters-atlantis-sanya-island-hainan-china_524378-2261.avif\" alt=\"Shanghai Haichang Ocean Park\" width=\"569\" height=\"379\" srcset=\"https:\/\/sinotrip.net\/wp-content\/uploads\/2025\/03\/stingray-swimming-underwater-sting-ray-is-also-called-sea-cats-are-found-temperate-tropical-waters-atlantis-sanya-island-hainan-china_524378-2261.avif 626w, https:\/\/sinotrip.net\/wp-content\/uploads\/2025\/03\/stingray-swimming-underwater-sting-ray-is-also-called-sea-cats-are-found-temperate-tropical-waters-atlantis-sanya-island-hainan-china_524378-2261-300x200.avif 300w, https:\/\/sinotrip.net\/wp-content\/uploads\/2025\/03\/stingray-swimming-underwater-sting-ray-is-also-called-sea-cats-are-found-temperate-tropical-waters-atlantis-sanya-island-hainan-china_524378-2261-18x12.avif 18w, https:\/\/sinotrip.net\/wp-content\/uploads\/2025\/03\/stingray-swimming-underwater-sting-ray-is-also-called-sea-cats-are-found-temperate-tropical-waters-atlantis-sanya-island-hainan-china_524378-2261-600x400.avif 600w\" sizes=\"(max-width: 569px) 100vw, 569px\" \/><\/div>\n<div data-zone-id=\"0\" data-line-index=\"3\" data-line=\"true\"><\/div>\n<div data-zone-id=\"0\" data-line-index=\"3\" data-line=\"true\"><\/div>\n<h2 data-zone-id=\"0\" data-line-index=\"4\" data-line=\"true\"><b>Emocionantes atracciones<\/b><\/h2>\n<div data-zone-id=\"0\" data-line-index=\"4\" data-line=\"true\"><\/div>\n<div data-zone-id=\"0\" data-line-index=\"4\" data-line=\"true\"><\/div>\n<div data-zone-id=\"0\" data-line-index=\"5\" data-line=\"true\">No todo es vida marina. El Shanghai Haichang Ocean Park ofrece un sinf\u00edn de emocionantes atracciones para los adictos a la adrenalina. Dese un chapuz\u00f3n en nuestras monta\u00f1as rusas de alta velocidad que giran y giran, ofreciendo impresionantes vistas del parque y del oc\u00e9ano. Para los que prefieren una experiencia m\u00e1s suave, nuestra noria es una forma relajante de disfrutar del paisaje. Tambi\u00e9n hay atracciones familiares, como el carrusel, perfectas para crear recuerdos con sus seres queridos.<\/div>\n<div data-zone-id=\"0\" data-line-index=\"5\" data-line=\"true\"><img decoding=\"async\" class=\"aligncenter wp-image-12368\" src=\"https:\/\/sinotrip.net\/wp-content\/uploads\/2025\/03\/roller-coaster-korea-park_74190-4247.avif\" alt=\"Shanghai Haichang Ocean Park\" width=\"575\" height=\"384\" srcset=\"https:\/\/sinotrip.net\/wp-content\/uploads\/2025\/03\/roller-coaster-korea-park_74190-4247.avif 626w, https:\/\/sinotrip.net\/wp-content\/uploads\/2025\/03\/roller-coaster-korea-park_74190-4247-300x200.avif 300w, https:\/\/sinotrip.net\/wp-content\/uploads\/2025\/03\/roller-coaster-korea-park_74190-4247-18x12.avif 18w, https:\/\/sinotrip.net\/wp-content\/uploads\/2025\/03\/roller-coaster-korea-park_74190-4247-600x401.avif 600w\" sizes=\"(max-width: 575px) 100vw, 575px\" \/><\/div>\n<div data-zone-id=\"0\" data-line-index=\"5\" data-line=\"true\"><\/div>\n<div data-zone-id=\"0\" data-line-index=\"5\" data-line=\"true\"><\/div>\n<h2 data-zone-id=\"0\" data-line-index=\"6\" data-line=\"true\"><b>Espect\u00e1culos espectaculares<\/b><\/h2>\n<div data-zone-id=\"0\" data-line-index=\"6\" data-line=\"true\"><\/div>\n<div data-zone-id=\"0\" data-line-index=\"6\" data-line=\"true\"><\/div>\n<div data-zone-id=\"0\" data-line-index=\"7\" data-line=\"true\">Prep\u00e1rese para quedar deslumbrado por nuestros espect\u00e1culos de categor\u00eda mundial. No se pierda los espect\u00e1culos de delfines y ballenas, en los que estas inteligentes criaturas realizan incre\u00edbles acrobacias, saltan fuera del agua e interact\u00faan con sus entrenadores. El espect\u00e1culo de leones marinos es igual de entretenido, lleno de comedia y encanto mientras los leones muestran sus habilidades. Estos espect\u00e1culos no s\u00f3lo son divertidos, sino tambi\u00e9n educativos, ya que le ense\u00f1an la importancia de la conservaci\u00f3n marina.<\/div>\n<div data-zone-id=\"0\" data-line-index=\"7\" data-line=\"true\"><img decoding=\"async\" class=\"aligncenter wp-image-12373\" src=\"https:\/\/sinotrip.net\/wp-content\/uploads\/2025\/03\/1lo6d12000dcbmjsp1692_C_1200_800_Q70-1024x683.jpg\" alt=\"Shanghai Haichang Ocean Park\" width=\"573\" height=\"382\" srcset=\"https:\/\/sinotrip.net\/wp-content\/uploads\/2025\/03\/1lo6d12000dcbmjsp1692_C_1200_800_Q70-1024x683.jpg 1024w, https:\/\/sinotrip.net\/wp-content\/uploads\/2025\/03\/1lo6d12000dcbmjsp1692_C_1200_800_Q70-300x200.jpg 300w, https:\/\/sinotrip.net\/wp-content\/uploads\/2025\/03\/1lo6d12000dcbmjsp1692_C_1200_800_Q70-768x512.jpg 768w, https:\/\/sinotrip.net\/wp-content\/uploads\/2025\/03\/1lo6d12000dcbmjsp1692_C_1200_800_Q70-18x12.jpg 18w, https:\/\/sinotrip.net\/wp-content\/uploads\/2025\/03\/1lo6d12000dcbmjsp1692_C_1200_800_Q70-600x400.jpg 600w, https:\/\/sinotrip.net\/wp-content\/uploads\/2025\/03\/1lo6d12000dcbmjsp1692_C_1200_800_Q70.jpg 1200w\" sizes=\"(max-width: 573px) 100vw, 573px\" \/><\/div>\n<div data-zone-id=\"0\" data-line-index=\"7\" data-line=\"true\"><\/div>\n<div data-zone-id=\"0\" data-line-index=\"7\" data-line=\"true\"><\/div>\n<h2 data-zone-id=\"0\" data-line-index=\"8\" data-line=\"true\"><b>Experiencias interactivas<\/b><\/h2>\n<div data-zone-id=\"0\" data-line-index=\"8\" data-line=\"true\"><\/div>\n<div data-zone-id=\"0\" data-line-index=\"8\" data-line=\"true\"><\/div>\n<div data-zone-id=\"0\" data-line-index=\"9\" data-line=\"true\">Queremos que su visita sea lo m\u00e1s envolvente posible. Participe en nuestras visitas entre bastidores y descubra c\u00f3mo cuida nuestro equipo de los animales marinos. Incluso tendr\u00e1 la oportunidad de dar de comer a algunos de los animales bajo la supervisi\u00f3n de nuestros expertos. Nuestros talleres tem\u00e1ticos sobre el oc\u00e9ano son ideales tanto para ni\u00f1os como para adultos, y en ellos podr\u00e1 aprender sobre biolog\u00eda marina y crear sus propias manualidades inspiradas en el oc\u00e9ano.<\/div>\n<div data-zone-id=\"0\" data-line-index=\"9\" data-line=\"true\"><img loading=\"lazy\" decoding=\"async\" class=\"aligncenter wp-image-12372\" src=\"https:\/\/sinotrip.net\/wp-content\/uploads\/2025\/03\/1lo3312000d2mvp8zFEB7_C_1200_800_Q70-1024x683.png\" alt=\"Shanghai Haichang Ocean Park\" width=\"565\" height=\"377\" srcset=\"https:\/\/sinotrip.net\/wp-content\/uploads\/2025\/03\/1lo3312000d2mvp8zFEB7_C_1200_800_Q70-1024x683.png 1024w, https:\/\/sinotrip.net\/wp-content\/uploads\/2025\/03\/1lo3312000d2mvp8zFEB7_C_1200_800_Q70-300x200.png 300w, https:\/\/sinotrip.net\/wp-content\/uploads\/2025\/03\/1lo3312000d2mvp8zFEB7_C_1200_800_Q70-768x512.png 768w, https:\/\/sinotrip.net\/wp-content\/uploads\/2025\/03\/1lo3312000d2mvp8zFEB7_C_1200_800_Q70-18x12.png 18w, https:\/\/sinotrip.net\/wp-content\/uploads\/2025\/03\/1lo3312000d2mvp8zFEB7_C_1200_800_Q70-600x400.png 600w, https:\/\/sinotrip.net\/wp-content\/uploads\/2025\/03\/1lo3312000d2mvp8zFEB7_C_1200_800_Q70.png 1200w\" sizes=\"(max-width: 565px) 100vw, 565px\" \/><\/div>\n<div data-zone-id=\"0\" data-line-index=\"9\" data-line=\"true\"><\/div>\n<div data-zone-id=\"0\" data-line-index=\"9\" data-line=\"true\"><\/div>\n<h2 data-zone-id=\"0\" data-line-index=\"10\" data-line=\"true\"><b>Delicias culinarias y compras<\/b><\/h2>\n<div data-zone-id=\"0\" data-line-index=\"10\" data-line=\"true\"><\/div>\n<div data-zone-id=\"0\" data-line-index=\"10\" data-line=\"true\"><\/div>\n<div data-zone-id=\"0\" data-line-index=\"11\" data-line=\"true\">Tras un d\u00eda de exploraci\u00f3n, satisfaga su paladar en nuestra variada oferta de restaurantes. Desde marisco fresco hasta cocina internacional, hay algo para todos los paladares. Y no olvide pasar por nuestras tiendas de regalos, donde podr\u00e1 comprar recuerdos \u00fanicos de su m\u00e1gico d\u00eda en el Shanghai Haichang Ocean Park.<\/div>\n<div data-zone-id=\"0\" data-line-index=\"11\" data-line=\"true\"><img loading=\"lazy\" decoding=\"async\" class=\"aligncenter wp-image-12370\" src=\"https:\/\/sinotrip.net\/wp-content\/uploads\/2025\/03\/ferris-wheel-with-cityscape-background_1359-331.avif\" alt=\"Shanghai Haichang Ocean Park\" width=\"540\" height=\"540\" srcset=\"https:\/\/sinotrip.net\/wp-content\/uploads\/2025\/03\/ferris-wheel-with-cityscape-background_1359-331.avif 626w, https:\/\/sinotrip.net\/wp-content\/uploads\/2025\/03\/ferris-wheel-with-cityscape-background_1359-331-300x300.avif 300w, https:\/\/sinotrip.net\/wp-content\/uploads\/2025\/03\/ferris-wheel-with-cityscape-background_1359-331-150x150.avif 150w, https:\/\/sinotrip.net\/wp-content\/uploads\/2025\/03\/ferris-wheel-with-cityscape-background_1359-331-12x12.avif 12w, https:\/\/sinotrip.net\/wp-content\/uploads\/2025\/03\/ferris-wheel-with-cityscape-background_1359-331-600x600.avif 600w\" sizes=\"(max-width: 540px) 100vw, 540px\" \/><\/div>\n<div data-zone-id=\"0\" data-line-index=\"12\" data-line=\"true\">As\u00ed que, tanto si es una familia en busca de un d\u00eda de diversi\u00f3n, una pareja en busca de una experiencia rom\u00e1ntica o un aventurero en busca de nuevas emociones, Shanghai Haichang Ocean Park lo tiene todo. Venga y cree recuerdos que durar\u00e1n toda la vida. Reserve ya sus entradas y emb\u00e1rquese en un viaje inolvidable al coraz\u00f3n del oc\u00e9ano.<\/div>\n<div data-zone-id=\"0\" data-line-index=\"13\" data-line=\"true\"><\/div>","protected":false},"excerpt":{"rendered":"<p>\u00bfAnhela una aventura que combine asombro, emoci\u00f3n y un toque de magia? No busque m\u00e1s <a href=\"https:\/\/sinotrip.net\/es\/\">Parque oce\u00e1nico Haichang de Shanghai<\/a>donde le espera un mundo de maravillas acu\u00e1ticas.<\/p>","protected":false},"featured_media":12412,"comment_status":"open","ping_status":"closed","template":"","meta":[],"product_cat":[15],"product_tag":[128,132],"class_list":{"0":"post-12366","1":"product","2":"type-product","3":"status-publish","4":"has-post-thumbnail","6":"product_cat-city","7":"product_tag-shanghai","8":"product_tag-shanghai-haichang-ocean-park","10":"first","11":"instock","12":"shipping-taxable","13":"purchasable","14":"product-type-simple"},"aioseo_notices":[],"_links":{"self":[{"href":"https:\/\/sinotrip.net\/es\/wp-json\/wp\/v2\/product\/12366","targetHints":{"allow":["GET"]}}],"collection":[{"href":"https:\/\/sinotrip.net\/es\/wp-json\/wp\/v2\/product"}],"about":[{"href":"https:\/\/sinotrip.net\/es\/wp-json\/wp\/v2\/types\/product"}],"replies":[{"embeddable":true,"href":"https:\/\/sinotrip.net\/es\/wp-json\/wp\/v2\/comments?post=12366"}],"wp:featuredmedia":[{"embeddable":true,"href":"https:\/\/sinotrip.net\/es\/wp-json\/wp\/v2\/media\/12412"}],"wp:attachment":[{"href":"https:\/\/sinotrip.net\/es\/wp-json\/wp\/v2\/media?parent=12366"}],"wp:term":[{"taxonomy":"product_cat","embeddable":true,"href":"https:\/\/sinotrip.net\/es\/wp-json\/wp\/v2\/product_cat?post=12366"},{"taxonomy":"product_tag","embeddable":true,"href":"https:\/\/sinotrip.net\/es\/wp-json\/wp\/v2\/product_tag?post=12366"}],"curies":[{"name":"wp","href":"https:\/\/api.w.org\/{rel}","templated":true}]}}