{"id":12543,"date":"2025-03-17T08:07:29","date_gmt":"2025-03-17T08:07:29","guid":{"rendered":"https:\/\/sinotrip.net\/?post_type=product&#038;p=12543"},"modified":"2025-03-17T08:13:12","modified_gmt":"2025-03-17T08:13:12","slug":"longji-terraces-where-nature-and-culture-create-a-spectacular-landscape","status":"publish","type":"product","link":"https:\/\/sinotrip.net\/es\/producto\/longji-terraces-where-nature-and-culture-create-a-spectacular-landscape\/","title":{"rendered":"Terrazas de Longji: Donde la naturaleza y la cultura crean un paisaje espectacular"},"content":{"rendered":"<p>En <a href=\"https:\/\/sinotrip.net\/es\/\">Arroz Longji<\/a> Los bancales son un grupo de campos en terrazas a gran escala en Guilin, y las curvas superpuestas son muy magn\u00edficas. Aqu\u00ed hay varias aldeas de minor\u00edas \u00e9tnicas antiguas, habitadas por minor\u00edas \u00e9tnicas como los zhuang y los yao. Cuando se visitan las Terrazas de Arroz de Longji, la gente camina principalmente para ver el paisaje y hacer fotos. Tambi\u00e9n pueden probar los platos de la granja local y experimentar las costumbres de las minor\u00edas \u00e9tnicas.<\/p>\n<p>&nbsp;<\/p>\n<p><img fetchpriority=\"high\" decoding=\"async\" class=\"aligncenter wp-image-12544\" title=\"Arroz Longji\" src=\"https:\/\/sinotrip.net\/wp-content\/uploads\/2025\/03\/0104t12000j071ggw185B_C_1200_800_Q70.jpg\" alt=\"Longji Rice\" width=\"537\" height=\"358\" srcset=\"https:\/\/sinotrip.net\/wp-content\/uploads\/2025\/03\/0104t12000j071ggw185B_C_1200_800_Q70.jpg 600w, https:\/\/sinotrip.net\/wp-content\/uploads\/2025\/03\/0104t12000j071ggw185B_C_1200_800_Q70-300x200.jpg 300w, https:\/\/sinotrip.net\/wp-content\/uploads\/2025\/03\/0104t12000j071ggw185B_C_1200_800_Q70-18x12.jpg 18w\" sizes=\"(max-width: 537px) 100vw, 537px\" \/><\/p>\n<p>Ad\u00e9ntrese en una impresionante obra maestra de naturaleza y cultura en las Terrazas de Longji, donde las ondulantes colinas se transforman en una fascinante escalera de dorados arrozales. Enclavado en el coraz\u00f3n de Guangxi, este emblem\u00e1tico destino ofrece impresionantes vistas panor\u00e1micas, un rico patrimonio \u00e9tnico y una inolvidable escapada de la ciudad.<\/p>\n<p><img decoding=\"async\" class=\"aligncenter wp-image-12550\" title=\"Arroz Longji\" src=\"https:\/\/sinotrip.net\/wp-content\/uploads\/2025\/03\/100g0x000000lh1qsB282_C_1200_800_Q70.jpg\" alt=\"Longji Rice\" width=\"521\" height=\"332\" srcset=\"https:\/\/sinotrip.net\/wp-content\/uploads\/2025\/03\/100g0x000000lh1qsB282_C_1200_800_Q70.jpg 600w, https:\/\/sinotrip.net\/wp-content\/uploads\/2025\/03\/100g0x000000lh1qsB282_C_1200_800_Q70-300x191.jpg 300w, https:\/\/sinotrip.net\/wp-content\/uploads\/2025\/03\/100g0x000000lh1qsB282_C_1200_800_Q70-18x12.jpg 18w\" sizes=\"(max-width: 521px) 100vw, 521px\" \/><\/p>\n<p>Marav\u00edllese con espectaculares paisajes en terrazas<br \/>\nExperimente la aut\u00e9ntica cultura Zhuang y Yao<br \/>\nCapture la magia del amanecer sobre los campos<\/p>\n<p><img decoding=\"async\" class=\"aligncenter wp-image-12546\" title=\"Arroz Longji\" src=\"https:\/\/sinotrip.net\/wp-content\/uploads\/2025\/03\/0105u120005qssb4w68C4_C_1200_800_Q70.jpg\" alt=\"Longji Rice\" width=\"522\" height=\"348\" srcset=\"https:\/\/sinotrip.net\/wp-content\/uploads\/2025\/03\/0105u120005qssb4w68C4_C_1200_800_Q70.jpg 600w, https:\/\/sinotrip.net\/wp-content\/uploads\/2025\/03\/0105u120005qssb4w68C4_C_1200_800_Q70-300x200.jpg 300w, https:\/\/sinotrip.net\/wp-content\/uploads\/2025\/03\/0105u120005qssb4w68C4_C_1200_800_Q70-18x12.jpg 18w\" sizes=\"(max-width: 522px) 100vw, 522px\" \/><\/p>\n<p>Tanto si es un amante de la naturaleza, un entusiasta de la fotograf\u00eda o un explorador cultural, las Terrazas de Longji le prometen una aventura sin igual. Planifique su visita hoy mismo.<\/p>","protected":false},"excerpt":{"rendered":"<p>En <a href=\"https:\/\/sinotrip.net\/es\/\">Arroz Longji<\/a> Las terrazas son un grupo de campos aterrazados a gran escala en Guilin, y las curvas superpuestas son muy magn\u00edficas.<\/p>","protected":false},"featured_media":12551,"comment_status":"open","ping_status":"closed","template":"","meta":[],"product_cat":[107],"product_tag":[101,135],"class_list":{"0":"post-12543","1":"product","2":"type-product","3":"status-publish","4":"has-post-thumbnail","6":"product_cat-guilin","7":"product_tag-group-travel","8":"product_tag-travel","10":"first","11":"instock","12":"shipping-taxable","13":"purchasable","14":"product-type-simple"},"aioseo_notices":[],"_links":{"self":[{"href":"https:\/\/sinotrip.net\/es\/wp-json\/wp\/v2\/product\/12543","targetHints":{"allow":["GET"]}}],"collection":[{"href":"https:\/\/sinotrip.net\/es\/wp-json\/wp\/v2\/product"}],"about":[{"href":"https:\/\/sinotrip.net\/es\/wp-json\/wp\/v2\/types\/product"}],"replies":[{"embeddable":true,"href":"https:\/\/sinotrip.net\/es\/wp-json\/wp\/v2\/comments?post=12543"}],"wp:featuredmedia":[{"embeddable":true,"href":"https:\/\/sinotrip.net\/es\/wp-json\/wp\/v2\/media\/12551"}],"wp:attachment":[{"href":"https:\/\/sinotrip.net\/es\/wp-json\/wp\/v2\/media?parent=12543"}],"wp:term":[{"taxonomy":"product_cat","embeddable":true,"href":"https:\/\/sinotrip.net\/es\/wp-json\/wp\/v2\/product_cat?post=12543"},{"taxonomy":"product_tag","embeddable":true,"href":"https:\/\/sinotrip.net\/es\/wp-json\/wp\/v2\/product_tag?post=12543"}],"curies":[{"name":"wp","href":"https:\/\/api.w.org\/{rel}","templated":true}]}}