{"id":12568,"date":"2025-03-19T07:45:48","date_gmt":"2025-03-19T07:45:48","guid":{"rendered":"https:\/\/sinotrip.net\/?post_type=product&#038;p=12568"},"modified":"2025-03-19T07:47:20","modified_gmt":"2025-03-19T07:47:20","slug":"tiger-leaping-gorge-shangri-la-section","status":"publish","type":"product","link":"https:\/\/sinotrip.net\/es\/producto\/tiger-leaping-gorge-shangri-la-section\/","title":{"rendered":"Garganta del Salto del Tigre (tramo Shangri-La)"},"content":{"rendered":"<p>El desfiladero del Salto del Tigre es mundialmente famoso por su enorme desnivel. Se encuentra al este de <a href=\"https:\/\/sinotrip.net\/es\/\">Ciudad de la Garganta del Salto del Tigre<\/a>, <a href=\"https:\/\/sinotrip.net\/es\/\">Shangri-La<\/a> Condado. Se divide en tres secciones: Salto del Tigre Superior, Medio e Inferior, con una longitud total de unos 20 kil\u00f3metros. En el centro del desfiladero est\u00e1 el r\u00edo Jinsha, y a ambos lados las dos monta\u00f1as nevadas de Yulong y Haba. La parte m\u00e1s estrecha del r\u00edo es de s\u00f3lo 20 a 30 metros. Con el enorme desnivel, el agua del r\u00edo es caudalosa. El desfiladero del Salto del Tigre es tambi\u00e9n un destino de senderismo de fama mundial, y muchos entusiastas de las actividades al aire libre acuden aqu\u00ed cada a\u00f1o.<\/p>\n<p><img fetchpriority=\"high\" decoding=\"async\" class=\"aligncenter wp-image-12569\" title=\"Ciudad de la Garganta del Salto del Tigre, Shangri-La\" src=\"https:\/\/sinotrip.net\/wp-content\/uploads\/2025\/03\/a0e64b273128409612141be404a80223-1.jpeg\" alt=\"Tiger Leaping Gorge Town, Shangri-La\" width=\"522\" height=\"391\" srcset=\"https:\/\/sinotrip.net\/wp-content\/uploads\/2025\/03\/a0e64b273128409612141be404a80223-1.jpeg 600w, https:\/\/sinotrip.net\/wp-content\/uploads\/2025\/03\/a0e64b273128409612141be404a80223-1-300x225.jpeg 300w, https:\/\/sinotrip.net\/wp-content\/uploads\/2025\/03\/a0e64b273128409612141be404a80223-1-16x12.jpeg 16w\" sizes=\"(max-width: 522px) 100vw, 522px\" \/><\/p>\n<p>Pasee por el Bosque de Piedra del \"Reino M\u00e1gico\" de Kunming y descubra las antiguas leyendas que se esconden tras el \"gigante\" k\u00e1rstico que protege la tierra de los Yi. Pasee al sol o en bicicleta por el resplandeciente lago Erhai, en Dali. La atm\u00f3sfera rom\u00e1ntica sin precedentes que se respira aliviar\u00e1 su alma. En la antigua ciudad de Dali, al ver a la gente local con trajes \u00e9tnicos caminando entre casas tradicionales, \u00bfsentir\u00e1 curiosidad por la cultura local Bai? La majestuosa Monta\u00f1a Nevada del Drag\u00f3n de Jade de Lijiang, as\u00ed como las praderas alpinas y los bosques primigenios que la rodean, merecen sin duda su visita. En Shangri-La, podr\u00e1 recorrer desafiantes rutas, explorar las espectaculares monta\u00f1as nevadas y las vastas mesetas, y buscar la paz interior.<\/p>\n<p><img decoding=\"async\" class=\"aligncenter wp-image-12572\" title=\"Ciudad de la Garganta del Salto del Tigre, Shangri-La\" src=\"https:\/\/sinotrip.net\/wp-content\/uploads\/2025\/03\/100t0m000000dx7afBC24_C_1200_800_Q70.jpg\" alt=\"Tiger Leaping Gorge Town, Shangri-La\" width=\"507\" height=\"323\" srcset=\"https:\/\/sinotrip.net\/wp-content\/uploads\/2025\/03\/100t0m000000dx7afBC24_C_1200_800_Q70.jpg 600w, https:\/\/sinotrip.net\/wp-content\/uploads\/2025\/03\/100t0m000000dx7afBC24_C_1200_800_Q70-300x191.jpg 300w, https:\/\/sinotrip.net\/wp-content\/uploads\/2025\/03\/100t0m000000dx7afBC24_C_1200_800_Q70-18x12.jpg 18w\" sizes=\"(max-width: 507px) 100vw, 507px\" \/><\/p>\n<p>&nbsp;<\/p>","protected":false},"excerpt":{"rendered":"<p>El desfiladero del Salto del Tigre es mundialmente famoso por su enorme desnivel. Se encuentra al este de <a href=\"https:\/\/sinotrip.net\/es\/\">Ciudad de la Garganta del Salto del Tigre<\/a>, <a href=\"https:\/\/sinotrip.net\/es\/\">Shangri-La<\/a> Condado.<\/p>","protected":false},"featured_media":12576,"comment_status":"open","ping_status":"closed","template":"","meta":[],"product_cat":[113],"product_tag":[101,135],"class_list":{"0":"post-12568","1":"product","2":"type-product","3":"status-publish","4":"has-post-thumbnail","6":"product_cat-yunnan","7":"product_tag-group-travel","8":"product_tag-travel","10":"first","11":"instock","12":"shipping-taxable","13":"purchasable","14":"product-type-simple"},"aioseo_notices":[],"_links":{"self":[{"href":"https:\/\/sinotrip.net\/es\/wp-json\/wp\/v2\/product\/12568","targetHints":{"allow":["GET"]}}],"collection":[{"href":"https:\/\/sinotrip.net\/es\/wp-json\/wp\/v2\/product"}],"about":[{"href":"https:\/\/sinotrip.net\/es\/wp-json\/wp\/v2\/types\/product"}],"replies":[{"embeddable":true,"href":"https:\/\/sinotrip.net\/es\/wp-json\/wp\/v2\/comments?post=12568"}],"wp:featuredmedia":[{"embeddable":true,"href":"https:\/\/sinotrip.net\/es\/wp-json\/wp\/v2\/media\/12576"}],"wp:attachment":[{"href":"https:\/\/sinotrip.net\/es\/wp-json\/wp\/v2\/media?parent=12568"}],"wp:term":[{"taxonomy":"product_cat","embeddable":true,"href":"https:\/\/sinotrip.net\/es\/wp-json\/wp\/v2\/product_cat?post=12568"},{"taxonomy":"product_tag","embeddable":true,"href":"https:\/\/sinotrip.net\/es\/wp-json\/wp\/v2\/product_tag?post=12568"}],"curies":[{"name":"wp","href":"https:\/\/api.w.org\/{rel}","templated":true}]}}