{"id":12577,"date":"2025-03-19T08:03:46","date_gmt":"2025-03-19T08:03:46","guid":{"rendered":"https:\/\/sinotrip.net\/?post_type=product&#038;p=12577"},"modified":"2025-03-19T08:03:46","modified_gmt":"2025-03-19T08:03:46","slug":"1-day-private-tour-of-sumtseling-monestery","status":"publish","type":"product","link":"https:\/\/sinotrip.net\/es\/producto\/1-day-private-tour-of-sumtseling-monestery\/","title":{"rendered":"Excursi\u00f3n privada de 1 d\u00eda al Monasterio de Sumtseling"},"content":{"rendered":"<p><a href=\"https:\/\/sinotrip.net\/es\/\">Monasterio de Sumtseling<\/a> tambi\u00e9n se conoce como Monasterio de Guihua. Es un gran templo budista tibetano de Yunnan y el centro de la secta Gelugpa en Sichuan y Yunnan. El monasterio de Songtseling est\u00e1 construido en la monta\u00f1a y se parece un poco al palacio Potala de Lhasa. Se le conoce como el \"Peque\u00f1o Palacio Potala\" por su gran escala. Adem\u00e1s, merece la pena ver los instrumentos religiosos y las preciosas reliquias culturales del templo.<\/p>\n<p><img fetchpriority=\"high\" decoding=\"async\" class=\"aligncenter wp-image-12582\" title=\"Monasterio de Sumtseling\" src=\"https:\/\/sinotrip.net\/wp-content\/uploads\/2025\/03\/\u96f2\u5357\u9999\u683c\u91cc\u62c9\u677e\u8d0a\u6797\u5bfa-02_x1.jpg\" alt=\"Sumtseling Monastery\" width=\"500\" height=\"329\" srcset=\"https:\/\/sinotrip.net\/wp-content\/uploads\/2025\/03\/\u96f2\u5357\u9999\u683c\u91cc\u62c9\u677e\u8d0a\u6797\u5bfa-02_x1.jpg 600w, https:\/\/sinotrip.net\/wp-content\/uploads\/2025\/03\/\u96f2\u5357\u9999\u683c\u91cc\u62c9\u677e\u8d0a\u6797\u5bfa-02_x1-300x198.jpg 300w, https:\/\/sinotrip.net\/wp-content\/uploads\/2025\/03\/\u96f2\u5357\u9999\u683c\u91cc\u62c9\u677e\u8d0a\u6797\u5bfa-02_x1-18x12.jpg 18w\" sizes=\"(max-width: 500px) 100vw, 500px\" \/><\/p>\n<p>El templo de Songzanlin est\u00e1 situado en las monta\u00f1as, y su aspecto es como el de un misterioso castillo antiguo; los aleros bermell\u00f3n, los muros color media luna y los tejados dorados emiten colores deslumbrantes bajo el sol, mostrando las caracter\u00edsticas art\u00edsticas del pueblo tibetano.<br \/>\nEl estilo arquitect\u00f3nico del templo de Songzanlin imita el del palacio de Potala, en el T\u00edbet, y est\u00e1 apilado a lo largo de la monta\u00f1a. Est\u00e1 rodeado de muros el\u00edpticos y sus dos salas principales son majestuosas.<br \/>\nTambi\u00e9n hay una intrigante historia sobre el templo de Songzanlin.<\/p>\n<p><img decoding=\"async\" class=\"aligncenter wp-image-12583\" title=\"Monasterio de Sumtseling\" src=\"https:\/\/sinotrip.net\/wp-content\/uploads\/2025\/03\/\u96f2\u5357\u9999\u683c\u91cc\u62c9\u677e\u8d0a\u6797\u5bfa-03_x1.jpg\" alt=\"Sumtseling Monastery\" width=\"512\" height=\"341\" srcset=\"https:\/\/sinotrip.net\/wp-content\/uploads\/2025\/03\/\u96f2\u5357\u9999\u683c\u91cc\u62c9\u677e\u8d0a\u6797\u5bfa-03_x1.jpg 600w, https:\/\/sinotrip.net\/wp-content\/uploads\/2025\/03\/\u96f2\u5357\u9999\u683c\u91cc\u62c9\u677e\u8d0a\u6797\u5bfa-03_x1-300x200.jpg 300w, https:\/\/sinotrip.net\/wp-content\/uploads\/2025\/03\/\u96f2\u5357\u9999\u683c\u91cc\u62c9\u677e\u8d0a\u6797\u5bfa-03_x1-18x12.jpg 18w\" sizes=\"(max-width: 512px) 100vw, 512px\" \/><\/p>\n<p>Se dice que cuando el Quinto Dalai Lama estaba seleccionando el emplazamiento para el Monasterio de Songzanlin, pidi\u00f3 a los dioses una adivinaci\u00f3n, y la fortuna ley\u00f3: \"Un claro manantial aparece en los bosques profundos, y gorriones dorados caen del cielo y juegan en \u00e9l\". Ahora, efectivamente, hay manantiales claros en el Monasterio de Songzanlin durante todo el a\u00f1o, y un par de gorriones dorados entran y salen del monasterio, lo cual es muy m\u00e1gico.<\/p>\n<p>\u00bfDe d\u00f3nde ha salido esta pareja de gorriones dorados? \u00bfD\u00f3nde se encuentra el manantial claro?<\/p>\n<p><img decoding=\"async\" class=\"aligncenter wp-image-12579\" title=\"Monasterio de Sumtseling\" src=\"https:\/\/sinotrip.net\/wp-content\/uploads\/2025\/03\/0104i120008kcvy6u9B3F_C_1200_800_Q70.jpg\" alt=\"Sumtseling Monastery\" width=\"495\" height=\"241\" srcset=\"https:\/\/sinotrip.net\/wp-content\/uploads\/2025\/03\/0104i120008kcvy6u9B3F_C_1200_800_Q70.jpg 600w, https:\/\/sinotrip.net\/wp-content\/uploads\/2025\/03\/0104i120008kcvy6u9B3F_C_1200_800_Q70-300x146.jpg 300w, https:\/\/sinotrip.net\/wp-content\/uploads\/2025\/03\/0104i120008kcvy6u9B3F_C_1200_800_Q70-18x9.jpg 18w\" sizes=\"(max-width: 495px) 100vw, 495px\" \/><\/p>\n<p>La respuesta es un lago llamado \"Lamyangcuo\", frente a la puerta de la monta\u00f1a del monasterio de Songzanlin. \"Lamyangcuo\" significa \"Lago del Alma de la Santa Madre\" en tibetano. Aunque no es grande, est\u00e1 lleno de vitalidad. Durante todo el a\u00f1o, diversas aves acu\u00e1ticas vienen aqu\u00ed a vivir, entre ellas preciosas aves como grullas de cuello negro y patos de cresta roja.<\/p>","protected":false},"excerpt":{"rendered":"<p><a href=\"https:\/\/sinotrip.net\/es\/\">Monasterio de Sumtseling<\/a> tambi\u00e9n se conoce como Monasterio de Guihua. Es un gran templo budista tibetano de Yunnan y el centro de la secta Gelugpa en Sichuan y Yunnan.<\/p>","protected":false},"featured_media":12584,"comment_status":"open","ping_status":"closed","template":"","meta":[],"product_cat":[113],"product_tag":[101,135],"class_list":{"0":"post-12577","1":"product","2":"type-product","3":"status-publish","4":"has-post-thumbnail","6":"product_cat-yunnan","7":"product_tag-group-travel","8":"product_tag-travel","10":"first","11":"instock","12":"shipping-taxable","13":"purchasable","14":"product-type-simple"},"aioseo_notices":[],"_links":{"self":[{"href":"https:\/\/sinotrip.net\/es\/wp-json\/wp\/v2\/product\/12577","targetHints":{"allow":["GET"]}}],"collection":[{"href":"https:\/\/sinotrip.net\/es\/wp-json\/wp\/v2\/product"}],"about":[{"href":"https:\/\/sinotrip.net\/es\/wp-json\/wp\/v2\/types\/product"}],"replies":[{"embeddable":true,"href":"https:\/\/sinotrip.net\/es\/wp-json\/wp\/v2\/comments?post=12577"}],"wp:featuredmedia":[{"embeddable":true,"href":"https:\/\/sinotrip.net\/es\/wp-json\/wp\/v2\/media\/12584"}],"wp:attachment":[{"href":"https:\/\/sinotrip.net\/es\/wp-json\/wp\/v2\/media?parent=12577"}],"wp:term":[{"taxonomy":"product_cat","embeddable":true,"href":"https:\/\/sinotrip.net\/es\/wp-json\/wp\/v2\/product_cat?post=12577"},{"taxonomy":"product_tag","embeddable":true,"href":"https:\/\/sinotrip.net\/es\/wp-json\/wp\/v2\/product_tag?post=12577"}],"curies":[{"name":"wp","href":"https:\/\/api.w.org\/{rel}","templated":true}]}}