{"id":12586,"date":"2025-03-20T06:38:45","date_gmt":"2025-03-20T06:38:45","guid":{"rendered":"https:\/\/sinotrip.net\/?post_type=product&#038;p=12586"},"modified":"2025-03-20T08:21:31","modified_gmt":"2025-03-20T08:21:31","slug":"yangtze-river-three-gorges-century-cruise","status":"publish","type":"product","link":"https:\/\/sinotrip.net\/es\/producto\/yangtze-river-three-gorges-century-cruise\/","title":{"rendered":"R\u00edo Yangts\u00e9, Tres Gargantas - Crucero del Siglo"},"content":{"rendered":"<p>Las vacaciones deben ser alegres y relajantes. Tanto si se limita a realizar un crucero por el Yangts\u00e9 como si lo combina con un recorrido por las ciudades m\u00e1s atractivas, los diversos cruceros por el Yangts\u00e9 son siempre flexibles para usted.<\/p>\n<p><img fetchpriority=\"high\" decoding=\"async\" class=\"aligncenter wp-image-12589\" title=\"Las Tres Gargantas del r\u00edo Yangts\u00e9\" src=\"https:\/\/sinotrip.net\/wp-content\/uploads\/2025\/03\/8cae9f1ce8e35cc564d8a11299357e73-1.jpg\" alt=\"Yangtze River Three Gorges\" width=\"559\" height=\"373\" srcset=\"https:\/\/sinotrip.net\/wp-content\/uploads\/2025\/03\/8cae9f1ce8e35cc564d8a11299357e73-1.jpg 800w, https:\/\/sinotrip.net\/wp-content\/uploads\/2025\/03\/8cae9f1ce8e35cc564d8a11299357e73-1-300x200.jpg 300w, https:\/\/sinotrip.net\/wp-content\/uploads\/2025\/03\/8cae9f1ce8e35cc564d8a11299357e73-1-768x513.jpg 768w, https:\/\/sinotrip.net\/wp-content\/uploads\/2025\/03\/8cae9f1ce8e35cc564d8a11299357e73-1-18x12.jpg 18w, https:\/\/sinotrip.net\/wp-content\/uploads\/2025\/03\/8cae9f1ce8e35cc564d8a11299357e73-1-600x401.jpg 600w\" sizes=\"(max-width: 559px) 100vw, 559px\" \/><\/p>\n<p>Los cruceros fluviales de alta tecnolog\u00eda, silenciosos y respetuosos con el medio ambiente Century Legend y Century Myth han sido botados con gran estruendo, convirti\u00e9ndose en la nueva estrella brillante de los cruceros de lujo por las Tres Gargantas del r\u00edo Yangts\u00e9. Los dos cruceros de lujo utilizan las tecnolog\u00edas b\u00e1sicas de \"propulsi\u00f3n el\u00e9ctrica\" e \"integraci\u00f3n de tim\u00f3n y h\u00e9lice\" de la industria de cruceros Century, \u00a1y realizaron su viaje inaugural el 18 de mayo de 2013! El crucero cuenta con un vest\u00edbulo de siete plantas totalmente hueco, una planta ejecutiva independiente, una sala de entretenimiento multifuncional sin pilares de 3,7 metros de altura, una zona de ocio con piscina cubierta climatizada, un cine de alta definici\u00f3n escalonado, as\u00ed como instalaciones de ocio p\u00fablico como un gimnasio, una sala de masajes SPA y una sala de juegos para ni\u00f1os.<\/p>\n<p><img decoding=\"async\" class=\"aligncenter wp-image-12592\" title=\"Las Tres Gargantas del r\u00edo Yangts\u00e9\" src=\"https:\/\/sinotrip.net\/wp-content\/uploads\/2025\/03\/4919a9f0aeebd85de73109f571114725-1.jpeg\" alt=\"Yangtze River Three Gorges\" width=\"542\" height=\"365\" srcset=\"https:\/\/sinotrip.net\/wp-content\/uploads\/2025\/03\/4919a9f0aeebd85de73109f571114725-1.jpeg 650w, https:\/\/sinotrip.net\/wp-content\/uploads\/2025\/03\/4919a9f0aeebd85de73109f571114725-1-300x202.jpeg 300w, https:\/\/sinotrip.net\/wp-content\/uploads\/2025\/03\/4919a9f0aeebd85de73109f571114725-1-18x12.jpeg 18w, https:\/\/sinotrip.net\/wp-content\/uploads\/2025\/03\/4919a9f0aeebd85de73109f571114725-1-600x404.jpeg 600w\" sizes=\"(max-width: 542px) 100vw, 542px\" \/><\/p>","protected":false},"excerpt":{"rendered":"<p>Las vacaciones deben ser alegres y relajantes. Tanto si se limita a realizar un crucero por el Yangts\u00e9 como si lo combina con un recorrido por las ciudades m\u00e1s atractivas, los diversos cruceros por el Yangts\u00e9 son siempre flexibles para usted.<\/p>","protected":false},"featured_media":12593,"comment_status":"open","ping_status":"closed","template":"","meta":[],"product_cat":[15,137],"product_tag":[101,135],"class_list":{"0":"post-12586","1":"product","2":"type-product","3":"status-publish","4":"has-post-thumbnail","6":"product_cat-city","7":"product_cat-chongqing","8":"product_tag-group-travel","9":"product_tag-travel","11":"first","12":"instock","13":"shipping-taxable","14":"purchasable","15":"product-type-simple"},"aioseo_notices":[],"_links":{"self":[{"href":"https:\/\/sinotrip.net\/es\/wp-json\/wp\/v2\/product\/12586","targetHints":{"allow":["GET"]}}],"collection":[{"href":"https:\/\/sinotrip.net\/es\/wp-json\/wp\/v2\/product"}],"about":[{"href":"https:\/\/sinotrip.net\/es\/wp-json\/wp\/v2\/types\/product"}],"replies":[{"embeddable":true,"href":"https:\/\/sinotrip.net\/es\/wp-json\/wp\/v2\/comments?post=12586"}],"wp:featuredmedia":[{"embeddable":true,"href":"https:\/\/sinotrip.net\/es\/wp-json\/wp\/v2\/media\/12593"}],"wp:attachment":[{"href":"https:\/\/sinotrip.net\/es\/wp-json\/wp\/v2\/media?parent=12586"}],"wp:term":[{"taxonomy":"product_cat","embeddable":true,"href":"https:\/\/sinotrip.net\/es\/wp-json\/wp\/v2\/product_cat?post=12586"},{"taxonomy":"product_tag","embeddable":true,"href":"https:\/\/sinotrip.net\/es\/wp-json\/wp\/v2\/product_tag?post=12586"}],"curies":[{"name":"wp","href":"https:\/\/api.w.org\/{rel}","templated":true}]}}