{"id":12594,"date":"2025-03-20T06:54:07","date_gmt":"2025-03-20T06:54:07","guid":{"rendered":"https:\/\/sinotrip.net\/?post_type=product&#038;p=12594"},"modified":"2025-03-20T08:14:09","modified_gmt":"2025-03-20T08:14:09","slug":"1-day-the-drum-tower-xian","status":"publish","type":"product","link":"https:\/\/sinotrip.net\/es\/producto\/1-day-the-drum-tower-xian\/","title":{"rendered":"Explore la Torre del Tambor de Xi'an: Una visita obligada en China"},"content":{"rendered":"<p>En <a href=\"https:\/\/sinotrip.net\/es\/\">Torre del Tambor de Xi'an<\/a>Esta impresionante maravilla arquitect\u00f3nica se construy\u00f3 por primera vez durante la dinast\u00eda Ming, en 1380, por lo que tiene m\u00e1s de 600 a\u00f1os. Antiguamente se utilizaba para dar la hora tocando grandes tambores, de ah\u00ed su nombre. A lo largo de los siglos, la torre se ha erigido en faro de la evoluci\u00f3n cultural de la ciudad, desempe\u00f1ando un papel clave en la vida cotidiana de la antigua Xi'an.<img fetchpriority=\"high\" decoding=\"async\" class=\"aligncenter wp-image-12597\" title=\"Torre del Tambor de Xi&#039;an\" src=\"https:\/\/sinotrip.net\/wp-content\/uploads\/2025\/03\/07fe6a685345977dc6dd0fdc040449bf.jpeg\" alt=\"Xi'an Drum Tower\" width=\"470\" height=\"313\" srcset=\"https:\/\/sinotrip.net\/wp-content\/uploads\/2025\/03\/07fe6a685345977dc6dd0fdc040449bf.jpeg 600w, https:\/\/sinotrip.net\/wp-content\/uploads\/2025\/03\/07fe6a685345977dc6dd0fdc040449bf-300x200.jpeg 300w, https:\/\/sinotrip.net\/wp-content\/uploads\/2025\/03\/07fe6a685345977dc6dd0fdc040449bf-18x12.jpeg 18w\" sizes=\"(max-width: 470px) 100vw, 470px\" \/><\/p>\n<p>&nbsp;<\/p>\n<p>La Torre del Tambor es una mezcla perfecta del estilo arquitect\u00f3nico tradicional chino, con un intrincado trabajo en madera, los tradicionales colores rojo y dorado y delicadas tallas. Tiene 36 metros de altura y ofrece una impresionante vista del paisaje urbano circundante, lo que la convierte en un para\u00edso para los fot\u00f3grafos.<\/p>\n<p><img decoding=\"async\" class=\"aligncenter wp-image-12599\" title=\"Torre del Tambor de Xi&#039;an\" src=\"https:\/\/sinotrip.net\/wp-content\/uploads\/2025\/03\/b96d2ac40c2ff47e1232f2262aaf5070.jpg\" alt=\"Xi'an Drum Tower\" width=\"463\" height=\"268\" srcset=\"https:\/\/sinotrip.net\/wp-content\/uploads\/2025\/03\/b96d2ac40c2ff47e1232f2262aaf5070.jpg 600w, https:\/\/sinotrip.net\/wp-content\/uploads\/2025\/03\/b96d2ac40c2ff47e1232f2262aaf5070-300x174.jpg 300w, https:\/\/sinotrip.net\/wp-content\/uploads\/2025\/03\/b96d2ac40c2ff47e1232f2262aaf5070-18x10.jpg 18w\" sizes=\"(max-width: 463px) 100vw, 463px\" \/><\/p>\n<p>La Torre del Tambor, en el centro de Xi'an, se construy\u00f3 en el a\u00f1o 13 de Hongwu, en la dinast\u00eda Ming, y ahora tiene m\u00e1s de 600 a\u00f1os. En la antig\u00fcedad, era un dispositivo para medir el tiempo, y ahora se ha convertido en uno de los edificios emblem\u00e1ticos de la ciudad antigua. Al sur de la Torre del Tambor hay una placa con las palabras \"Un lugar de gran civilizaci\u00f3n y prosperidad militar\". Esta placa, junto con la de \"Un paso bajo el cielo\" en Shanhaiguan, se conoce como las \"Dos placas de China\". Subiendo a la Torre del Tambor, se puede ver un tambor de 1,8 metros de altura y 24 tambores rojos grabados con los 24 t\u00e9rminos solares, que son muy impresionantes. Al norte de la Torre del Tambor est\u00e1 la bulliciosa calle Musulmana, un para\u00edso para los amantes de la gastronom\u00eda.<\/p>\n<p><img decoding=\"async\" class=\"aligncenter wp-image-12595\" title=\"Torre del Tambor de Xi&#039;an\" src=\"https:\/\/sinotrip.net\/wp-content\/uploads\/2025\/03\/db0e45db7f631f9ea898185810b90ef5.jpeg\" alt=\"Xi'an Drum Tower\" width=\"481\" height=\"360\" srcset=\"https:\/\/sinotrip.net\/wp-content\/uploads\/2025\/03\/db0e45db7f631f9ea898185810b90ef5.jpeg 600w, https:\/\/sinotrip.net\/wp-content\/uploads\/2025\/03\/db0e45db7f631f9ea898185810b90ef5-300x225.jpeg 300w, https:\/\/sinotrip.net\/wp-content\/uploads\/2025\/03\/db0e45db7f631f9ea898185810b90ef5-16x12.jpeg 16w\" sizes=\"(max-width: 481px) 100vw, 481px\" \/><\/p>","protected":false},"excerpt":{"rendered":"<p>En <a href=\"https:\/\/sinotrip.net\/es\/\">Torre del Tambor de Xi'an<\/a>, una impresionante maravilla arquitect\u00f3nica, se construy\u00f3 por primera vez durante la dinast\u00eda Ming, en 1380, por lo que tiene m\u00e1s de 600 a\u00f1os.<\/p>","protected":false},"featured_media":12601,"comment_status":"open","ping_status":"closed","template":"","meta":[],"product_cat":[15,98],"product_tag":[101,135],"class_list":{"0":"post-12594","1":"product","2":"type-product","3":"status-publish","4":"has-post-thumbnail","6":"product_cat-city","7":"product_cat-xian","8":"product_tag-group-travel","9":"product_tag-travel","11":"first","12":"instock","13":"shipping-taxable","14":"purchasable","15":"product-type-simple"},"aioseo_notices":[],"_links":{"self":[{"href":"https:\/\/sinotrip.net\/es\/wp-json\/wp\/v2\/product\/12594","targetHints":{"allow":["GET"]}}],"collection":[{"href":"https:\/\/sinotrip.net\/es\/wp-json\/wp\/v2\/product"}],"about":[{"href":"https:\/\/sinotrip.net\/es\/wp-json\/wp\/v2\/types\/product"}],"replies":[{"embeddable":true,"href":"https:\/\/sinotrip.net\/es\/wp-json\/wp\/v2\/comments?post=12594"}],"wp:featuredmedia":[{"embeddable":true,"href":"https:\/\/sinotrip.net\/es\/wp-json\/wp\/v2\/media\/12601"}],"wp:attachment":[{"href":"https:\/\/sinotrip.net\/es\/wp-json\/wp\/v2\/media?parent=12594"}],"wp:term":[{"taxonomy":"product_cat","embeddable":true,"href":"https:\/\/sinotrip.net\/es\/wp-json\/wp\/v2\/product_cat?post=12594"},{"taxonomy":"product_tag","embeddable":true,"href":"https:\/\/sinotrip.net\/es\/wp-json\/wp\/v2\/product_tag?post=12594"}],"curies":[{"name":"wp","href":"https:\/\/api.w.org\/{rel}","templated":true}]}}