{"id":12610,"date":"2025-03-21T06:22:10","date_gmt":"2025-03-21T06:22:10","guid":{"rendered":"https:\/\/sinotrip.net\/?post_type=product&#038;p=12610"},"modified":"2025-03-21T06:22:10","modified_gmt":"2025-03-21T06:22:10","slug":"seven-star-scenic-area-a-magnificent-wonderland-of-mountains-and-waters","status":"publish","type":"product","link":"https:\/\/sinotrip.net\/es\/producto\/seven-star-scenic-area-a-magnificent-wonderland-of-mountains-and-waters\/","title":{"rendered":"\u00c1rea Esc\u00e9nica de las Siete Estrellas: Un magn\u00edfico para\u00edso de monta\u00f1as y aguas"},"content":{"rendered":"<p><a href=\"https:\/\/sinotrip.net\/es\/\">Siete Zonas Esc\u00e9nicas<\/a> es el parque integral m\u00e1s grande y representativo de Guilin. Est\u00e1 situado en la ciudad y cuenta con un c\u00f3modo transporte. Es un destino popular que los turistas no pueden perderse cuando visitan Guilin. No s\u00f3lo cuenta con magn\u00edficos paisajes naturales, sino que tambi\u00e9n integra ricas reliquias hist\u00f3ricas y culturales. Tanto si se trata de un viaje familiar como de una reuni\u00f3n de amigos o de la formaci\u00f3n de un equipo corporativo, aqu\u00ed se pueden encontrar actividades adecuadas y pasar un rato inolvidable.<\/p>\n<p><img fetchpriority=\"high\" decoding=\"async\" class=\"aligncenter wp-image-12614\" title=\"Siete Zonas Esc\u00e9nicas\" src=\"https:\/\/sinotrip.net\/wp-content\/uploads\/2025\/03\/01066120009xafid242BE_C_1200_800_Q70.jpg\" alt=\"Seven Star Scenic Are\" width=\"492\" height=\"295\" srcset=\"https:\/\/sinotrip.net\/wp-content\/uploads\/2025\/03\/01066120009xafid242BE_C_1200_800_Q70.jpg 600w, https:\/\/sinotrip.net\/wp-content\/uploads\/2025\/03\/01066120009xafid242BE_C_1200_800_Q70-300x180.jpg 300w, https:\/\/sinotrip.net\/wp-content\/uploads\/2025\/03\/01066120009xafid242BE_C_1200_800_Q70-18x12.jpg 18w\" sizes=\"(max-width: 492px) 100vw, 492px\" \/><\/p>\n<p>Paisaje natural: Mezcla de monta\u00f1as y aguas, picos extra\u00f1os y cuevas<br \/>\nLa Zona Esc\u00e9nica de los Siete se llama as\u00ed porque los siete picos est\u00e1n dispuestos como la Osa Mayor. El singular relieve k\u00e1rstico ha creado muchos picos extra\u00f1os y cuevas naturales. Entre ellos, el Pico del Camello es especialmente famoso. Su forma se asemeja a la de un camello tumbado, que parece real y es una de las atracciones ic\u00f3nicas de la zona paisaj\u00edstica. La Roca Qixing de la zona esc\u00e9nica, como una de las cuevas naturales m\u00e1s representativas de Guilin, atrae a innumerables turistas que la exploran con su asombroso paisaje de estalactitas y sus fant\u00e1sticos efectos de luces y sombras.<\/p>\n<p><img decoding=\"async\" class=\"aligncenter wp-image-12616\" title=\"Siete Zonas Esc\u00e9nicas\" src=\"https:\/\/sinotrip.net\/wp-content\/uploads\/2025\/03\/0101u120009f17ezlBF0B_C_1200_800_Q70.jpg\" alt=\"Seven Star Scenic Are\" width=\"489\" height=\"293\" srcset=\"https:\/\/sinotrip.net\/wp-content\/uploads\/2025\/03\/0101u120009f17ezlBF0B_C_1200_800_Q70.jpg 600w, https:\/\/sinotrip.net\/wp-content\/uploads\/2025\/03\/0101u120009f17ezlBF0B_C_1200_800_Q70-300x180.jpg 300w, https:\/\/sinotrip.net\/wp-content\/uploads\/2025\/03\/0101u120009f17ezlBF0B_C_1200_800_Q70-18x12.jpg 18w\" sizes=\"(max-width: 489px) 100vw, 489px\" \/><\/p>\n<p>Atracciones human\u00edsticas: encanto ancestral e historia pesada<br \/>\nAdem\u00e1s del magn\u00edfico paisaje natural, la Zona Esc\u00e9nica de Siete tambi\u00e9n tiene muchas reliquias culturales con encanto hist\u00f3rico. Entre ellas, el puente de flores de arco de piedra de la dinast\u00eda Song es uno de los puntos destacados de la zona esc\u00e9nica. Este antiguo puente no s\u00f3lo est\u00e1 exquisitamente labrado y tiene una bella forma, sino que tambi\u00e9n es portador de mil a\u00f1os de esplendor hist\u00f3rico. Caminando por \u00e9l, parece o\u00edrse el eco de la historia. El Templo Zen de Qixia, en la zona panor\u00e1mica, es un t\u00edpico templo budista de estilo Tang con pr\u00f3spero incienso y ambiente tranquilo. No s\u00f3lo es un buen lugar para que los turistas recen y cultiven su mente, sino que tambi\u00e9n muestra el profundo patrimonio cultural budista de Guilin.<\/p>\n<p><img decoding=\"async\" class=\"aligncenter wp-image-12615\" title=\"Siete Zonas Esc\u00e9nicas\" src=\"https:\/\/sinotrip.net\/wp-content\/uploads\/2025\/03\/0100y120009f17ghsA483_C_1200_800_Q70.png\" alt=\"Seven Star Scenic Are\" width=\"512\" height=\"307\" srcset=\"https:\/\/sinotrip.net\/wp-content\/uploads\/2025\/03\/0100y120009f17ghsA483_C_1200_800_Q70.png 600w, https:\/\/sinotrip.net\/wp-content\/uploads\/2025\/03\/0100y120009f17ghsA483_C_1200_800_Q70-300x180.png 300w, https:\/\/sinotrip.net\/wp-content\/uploads\/2025\/03\/0100y120009f17ghsA483_C_1200_800_Q70-18x12.png 18w\" sizes=\"(max-width: 512px) 100vw, 512px\" \/><\/p>\n<p>Entretenimiento para padres e hijos: contacto cercano con los pandas del tesoro nacional<br \/>\nTambi\u00e9n hay un zoo en la Zona de los Siete Paisajes, especialmente adecuado para turistas familiares con ni\u00f1os. Aqu\u00ed, los ni\u00f1os pueden ver de cerca animales raros, especialmente los queridos pandas gigantes, tesoro nacional. Contemplar su simp\u00e1tico aspecto no s\u00f3lo aumenta sus conocimientos, sino que tambi\u00e9n les llena de alegr\u00eda. Adem\u00e1s, hay otros tipos de animales en el zoo, adecuados para que los ni\u00f1os aprendan, se diviertan y sientan el maravilloso encanto de la naturaleza.<\/p>\n<p><img loading=\"lazy\" decoding=\"async\" class=\"aligncenter wp-image-12611\" title=\"Siete Zonas Esc\u00e9nicas\" src=\"https:\/\/sinotrip.net\/wp-content\/uploads\/2025\/03\/10071f000001h709l2F11_C_1200_800_Q70.jpg\" alt=\"Seven Star Scenic Are\" width=\"509\" height=\"339\" srcset=\"https:\/\/sinotrip.net\/wp-content\/uploads\/2025\/03\/10071f000001h709l2F11_C_1200_800_Q70.jpg 600w, https:\/\/sinotrip.net\/wp-content\/uploads\/2025\/03\/10071f000001h709l2F11_C_1200_800_Q70-300x200.jpg 300w, https:\/\/sinotrip.net\/wp-content\/uploads\/2025\/03\/10071f000001h709l2F11_C_1200_800_Q70-18x12.jpg 18w\" sizes=\"(max-width: 509px) 100vw, 509px\" \/><\/p>\n<p>Desarrollo al aire libre: ponte a prueba y libera tu pasi\u00f3n<br \/>\nPara los turistas a los que les gustan los deportes al aire libre y las actividades en equipo, la Zona Esc\u00e9nica de los Siete tambi\u00e9n ofrece una gran cantidad de proyectos de desarrollo. Hay muchos proyectos de experiencias emocionantes e interesantes, como escalada en roca y batallas campales, que son adecuados para la formaci\u00f3n de equipos de empresa o reuniones de amigos. El proyecto de escalada en roca permite a los participantes ejercitar su voluntad y desafiarse a s\u00ed mismos en las escarpadas paredes de roca, mientras que el juego de campo simula el entorno real del campo de batalla, pone a prueba la capacidad del equipo para trabajar en equipo y permite a la gente liberar totalmente el estr\u00e9s y disfrutar de la diversi\u00f3n de la competici\u00f3n.<\/p>","protected":false},"excerpt":{"rendered":"<p><a href=\"https:\/\/sinotrip.net\/es\/\">Siete Zonas Esc\u00e9nicas<\/a> es el parque integral m\u00e1s grande y representativo de Guilin.<\/p>","protected":false},"featured_media":12618,"comment_status":"open","ping_status":"closed","template":"","meta":[],"product_cat":[15,107],"product_tag":[101,135],"class_list":{"0":"post-12610","1":"product","2":"type-product","3":"status-publish","4":"has-post-thumbnail","6":"product_cat-city","7":"product_cat-guilin","8":"product_tag-group-travel","9":"product_tag-travel","11":"first","12":"instock","13":"shipping-taxable","14":"purchasable","15":"product-type-simple"},"aioseo_notices":[],"_links":{"self":[{"href":"https:\/\/sinotrip.net\/es\/wp-json\/wp\/v2\/product\/12610","targetHints":{"allow":["GET"]}}],"collection":[{"href":"https:\/\/sinotrip.net\/es\/wp-json\/wp\/v2\/product"}],"about":[{"href":"https:\/\/sinotrip.net\/es\/wp-json\/wp\/v2\/types\/product"}],"replies":[{"embeddable":true,"href":"https:\/\/sinotrip.net\/es\/wp-json\/wp\/v2\/comments?post=12610"}],"wp:featuredmedia":[{"embeddable":true,"href":"https:\/\/sinotrip.net\/es\/wp-json\/wp\/v2\/media\/12618"}],"wp:attachment":[{"href":"https:\/\/sinotrip.net\/es\/wp-json\/wp\/v2\/media?parent=12610"}],"wp:term":[{"taxonomy":"product_cat","embeddable":true,"href":"https:\/\/sinotrip.net\/es\/wp-json\/wp\/v2\/product_cat?post=12610"},{"taxonomy":"product_tag","embeddable":true,"href":"https:\/\/sinotrip.net\/es\/wp-json\/wp\/v2\/product_tag?post=12610"}],"curies":[{"name":"wp","href":"https:\/\/api.w.org\/{rel}","templated":true}]}}