{"id":12619,"date":"2025-03-21T06:32:32","date_gmt":"2025-03-21T06:32:32","guid":{"rendered":"https:\/\/sinotrip.net\/?post_type=product&#038;p=12619"},"modified":"2025-03-21T06:32:32","modified_gmt":"2025-03-21T06:32:32","slug":"guan-yan-a-majestic-underground-wonderland-along-the-li-river","status":"publish","type":"product","link":"https:\/\/sinotrip.net\/es\/producto\/guan-yan-a-majestic-underground-wonderland-along-the-li-river\/","title":{"rendered":"Guan Yan: Una majestuosa maravilla subterr\u00e1nea a orillas del r\u00edo Li"},"content":{"rendered":"<p>1. Una misteriosa maravilla subterr\u00e1nea bautizada con el nombre de \"Corona de oro p\u00farpura\"<br \/>\n<a href=\"https:\/\/sinotrip.net\/es\/\">Guan Yan<\/a>situada junto al pintoresco r\u00edo Li, es una inmensa e impresionante cueva fluvial subterr\u00e1nea. Debe su nombre a su forma monta\u00f1osa, que se asemeja a una regia corona p\u00farpura dorada. Guan Yan, una de las formaciones k\u00e1rsticas m\u00e1s notables de Guilin, cuenta con un laberinto de intrincadas estructuras cavernosas, diversas formaciones de estalactitas y un encantador r\u00edo subterr\u00e1neo, que atrae a innumerables visitantes deseosos de explorar sus maravillas.<\/p>\n<p><img fetchpriority=\"high\" decoding=\"async\" class=\"aligncenter wp-image-12620\" title=\"Guan Yan\" src=\"https:\/\/sinotrip.net\/wp-content\/uploads\/2025\/03\/0105l120009d9u1y18672_C_1200_800_Q70.jpg\" alt=\"Guan Yan\" width=\"452\" height=\"271\" srcset=\"https:\/\/sinotrip.net\/wp-content\/uploads\/2025\/03\/0105l120009d9u1y18672_C_1200_800_Q70.jpg 600w, https:\/\/sinotrip.net\/wp-content\/uploads\/2025\/03\/0105l120009d9u1y18672_C_1200_800_Q70-300x180.jpg 300w, https:\/\/sinotrip.net\/wp-content\/uploads\/2025\/03\/0105l120009d9u1y18672_C_1200_800_Q70-18x12.jpg 18w\" sizes=\"(max-width: 452px) 100vw, 452px\" \/><\/p>\n<p>2. M\u00faltiples formas de explorar: Una experiencia totalmente inmersiva en la cueva<br \/>\nA diferencia de la mayor\u00eda de las cuevas, que s\u00f3lo pueden explorarse a pie, Guan Yan ofrece una experiencia \u00fanica de recorrido en varios niveles. Los visitantes pueden descubrir la cueva a pie, en ascensores, en vagones y en barcas de madera a lo largo del r\u00edo subterr\u00e1neo, lo que hace que el viaje sea emocionante y variado.<\/p>\n<p><img decoding=\"async\" class=\"aligncenter wp-image-12625\" title=\"Guan Yan\" src=\"https:\/\/sinotrip.net\/wp-content\/uploads\/2025\/03\/0101o120009d9u6sm9D7B_C_1200_800_Q70.jpg\" alt=\"Guan Yan\" width=\"465\" height=\"279\" srcset=\"https:\/\/sinotrip.net\/wp-content\/uploads\/2025\/03\/0101o120009d9u6sm9D7B_C_1200_800_Q70.jpg 600w, https:\/\/sinotrip.net\/wp-content\/uploads\/2025\/03\/0101o120009d9u6sm9D7B_C_1200_800_Q70-300x180.jpg 300w, https:\/\/sinotrip.net\/wp-content\/uploads\/2025\/03\/0101o120009d9u6sm9D7B_C_1200_800_Q70-18x12.jpg 18w\" sizes=\"(max-width: 465px) 100vw, 465px\" \/><\/p>\n<p>3. Palm Hall: Una gran c\u00e1mara de estalactitas del arte de la naturaleza<br \/>\nEntre las numerosas e impresionantes vistas de Guan Yan, la Sala de las Palmeras destaca como su elemento m\u00e1s espectacular. Llamada as\u00ed por sus imponentes estalactitas, que parecen palmeras gigantes en una selva tropical, esta c\u00e1mara destila grandeza y magnificencia. Al pasear por este \"bosque de piedra\" natural, se sorprender\u00e1 por las intrincadas formaciones rocosas modeladas a lo largo de millones de a\u00f1os. La vasta sala, iluminada con luz tenue, revela un mundo encantador en el que estalagmitas, cortinas de piedra y alt\u00edsimos pilares se entrelazan, creando un paisaje de ensue\u00f1o que deja boquiabiertos a los visitantes.<\/p>\n<p><img decoding=\"async\" class=\"aligncenter wp-image-12621\" title=\"Guan Yan\" src=\"https:\/\/sinotrip.net\/wp-content\/uploads\/2025\/03\/0105z120009d9ua9yDBF7_C_1200_800_Q70.jpg\" alt=\"Guan Yan\" width=\"488\" height=\"293\" srcset=\"https:\/\/sinotrip.net\/wp-content\/uploads\/2025\/03\/0105z120009d9ua9yDBF7_C_1200_800_Q70.jpg 600w, https:\/\/sinotrip.net\/wp-content\/uploads\/2025\/03\/0105z120009d9ua9yDBF7_C_1200_800_Q70-300x180.jpg 300w, https:\/\/sinotrip.net\/wp-content\/uploads\/2025\/03\/0105z120009d9ua9yDBF7_C_1200_800_Q70-18x12.jpg 18w\" sizes=\"(max-width: 488px) 100vw, 488px\" \/><\/p>\n<p>4. Una fusi\u00f3n perfecta de paisajes del r\u00edo Li y exploraci\u00f3n subterr\u00e1nea<br \/>\nEl encanto de Guan Yan va m\u00e1s all\u00e1 de sus maravillas subterr\u00e1neas. Su privilegiada ubicaci\u00f3n junto al r\u00edo Li permite a los visitantes complementar su exploraci\u00f3n de las cuevas con un crucero panor\u00e1mico por el r\u00edo Li, rafting en bamb\u00fa o fotograf\u00eda de la naturaleza, sumergi\u00e9ndose de lleno en los impresionantes paisajes de Guilin.<\/p>\n<p><img loading=\"lazy\" decoding=\"async\" class=\"aligncenter wp-image-12623\" title=\"Guan Yan\" src=\"https:\/\/sinotrip.net\/wp-content\/uploads\/2025\/03\/01071120009d9u9by9873_C_1200_800_Q70.jpg\" alt=\"Guan Yan\" width=\"482\" height=\"289\" srcset=\"https:\/\/sinotrip.net\/wp-content\/uploads\/2025\/03\/01071120009d9u9by9873_C_1200_800_Q70.jpg 600w, https:\/\/sinotrip.net\/wp-content\/uploads\/2025\/03\/01071120009d9u9by9873_C_1200_800_Q70-300x180.jpg 300w, https:\/\/sinotrip.net\/wp-content\/uploads\/2025\/03\/01071120009d9u9by9873_C_1200_800_Q70-18x12.jpg 18w\" sizes=\"(max-width: 482px) 100vw, 482px\" \/><\/p>\n<p>La zona que rodea Guan Yan es tambi\u00e9n exuberante y tranquila, con aire puro, bosques verdes y un ambiente sereno, lo que la hace ideal para pasear sin prisas. Tanto si es un entusiasta de la aventura como una familia en busca de una escapada \u00fanica, Guan Yan ofrece una experiencia inolvidable para todas las edades.<\/p>\n<p>Si alguna vez se encuentra en Guilin, no se pierda la oportunidad de explorar este impresionante palacio subterr\u00e1neo, una obra maestra creada por la naturaleza a lo largo de millones de a\u00f1os. Emb\u00e1rquese en una m\u00e1gica aventura por las cuevas y descubra la belleza oculta bajo el r\u00edo Li.<\/p>","protected":false},"excerpt":{"rendered":"<p><a href=\"https:\/\/sinotrip.net\/es\/\">Guan Yan<\/a>situada junto al pintoresco r\u00edo Li, es una inmensa e impresionante cueva fluvial subterr\u00e1nea.<\/p>","protected":false},"featured_media":12626,"comment_status":"open","ping_status":"closed","template":"","meta":[],"product_cat":[15,107],"product_tag":[101,135],"class_list":{"0":"post-12619","1":"product","2":"type-product","3":"status-publish","4":"has-post-thumbnail","6":"product_cat-city","7":"product_cat-guilin","8":"product_tag-group-travel","9":"product_tag-travel","11":"first","12":"instock","13":"shipping-taxable","14":"purchasable","15":"product-type-simple"},"aioseo_notices":[],"_links":{"self":[{"href":"https:\/\/sinotrip.net\/es\/wp-json\/wp\/v2\/product\/12619","targetHints":{"allow":["GET"]}}],"collection":[{"href":"https:\/\/sinotrip.net\/es\/wp-json\/wp\/v2\/product"}],"about":[{"href":"https:\/\/sinotrip.net\/es\/wp-json\/wp\/v2\/types\/product"}],"replies":[{"embeddable":true,"href":"https:\/\/sinotrip.net\/es\/wp-json\/wp\/v2\/comments?post=12619"}],"wp:featuredmedia":[{"embeddable":true,"href":"https:\/\/sinotrip.net\/es\/wp-json\/wp\/v2\/media\/12626"}],"wp:attachment":[{"href":"https:\/\/sinotrip.net\/es\/wp-json\/wp\/v2\/media?parent=12619"}],"wp:term":[{"taxonomy":"product_cat","embeddable":true,"href":"https:\/\/sinotrip.net\/es\/wp-json\/wp\/v2\/product_cat?post=12619"},{"taxonomy":"product_tag","embeddable":true,"href":"https:\/\/sinotrip.net\/es\/wp-json\/wp\/v2\/product_tag?post=12619"}],"curies":[{"name":"wp","href":"https:\/\/api.w.org\/{rel}","templated":true}]}}