{"id":12896,"date":"2025-04-11T06:53:08","date_gmt":"2025-04-11T06:53:08","guid":{"rendered":"https:\/\/sinotrip.net\/?post_type=product&#038;p=12896"},"modified":"2025-04-11T06:53:08","modified_gmt":"2025-04-11T06:53:08","slug":"2-days-to-tiananmen-square-forbidden-city-mutianyu-great-wall-temple-of-heaven","status":"publish","type":"product","link":"https:\/\/sinotrip.net\/es\/producto\/2-days-to-tiananmen-square-forbidden-city-mutianyu-great-wall-temple-of-heaven\/","title":{"rendered":"2 d\u00edas a la Plaza de Tiananmen, la Ciudad Prohibida, la Gran Muralla de Mutianyu y el Templo del Cielo"},"content":{"rendered":"<p>Lo m\u00e1s destacado del viaje<br \/>\nMinigrupo de unas 11 personas con m\u00e1s atenci\u00f3n personal de su gu\u00eda.<br \/>\n<a href=\"https:\/\/sinotrip.net\/es\/en_us\/producto\/8-days-private-tour-of-guiyang-kaili-rongjiang-zhaoxing-kaili-guiyang\/\">Precio m\u00ednimo garantizado<\/a>: Superamos cualquier precio de los otros tours con la misma calidad.<br \/>\nTodas las atracciones destacadas incluidas, sin dejar ning\u00fan remordimiento a cada uno de nuestros hu\u00e9spedes.<br \/>\nElecci\u00f3n de los expertos <a href=\"https:\/\/sinotrip.net\/es\/en_us\/producto\/8-days-private-tour-of-guiyang-kaili-rongjiang-zhaoxing-kaili-guiyang\/\">Mutianyu, n\u00ba 1 de la Gran Muralla<\/a> secci\u00f3n clasificada en TripAdvisor.<br \/>\nComentarios en profundidad e inspiraciones fotogr\u00e1ficas ofrecidas por su gu\u00eda profesional de habla inglesa.<br \/>\nBotellas ilimitadas de agua potable gratuitas.<br \/>\n<a href=\"https:\/\/sinotrip.net\/es\/en_us\/producto\/8-days-private-tour-of-guiyang-kaili-rongjiang-zhaoxing-kaili-guiyang\/\">Ni paradas para ir de compras, ni la llamada f\u00e1brica de jade, ni ceremonias del t\u00e9...<\/a>\u00a1! Se dedicar\u00e1 m\u00e1s tiempo a las atracciones en lugar de a las paradas con motivo de las compras. Disfrutar\u00e1 de un recorrido puramente tur\u00edstico.<\/p>\n<p><img fetchpriority=\"high\" decoding=\"async\" class=\"aligncenter wp-image-12902 size-full\" title=\"Plaza de Tiananmen, Ciudad Prohibida, Gran Muralla de Mutianyu, Templo del Cielo\" src=\"https:\/\/sinotrip.net\/wp-content\/uploads\/2025\/04\/c1dfcaf52093fa36d2a2d1785506d2ae.jpg\" alt=\"Tiananmen Square, Forbidden City, Mutianyu Great Wall, Temple of Heaven\" width=\"600\" height=\"356\" srcset=\"https:\/\/sinotrip.net\/wp-content\/uploads\/2025\/04\/c1dfcaf52093fa36d2a2d1785506d2ae.jpg 600w, https:\/\/sinotrip.net\/wp-content\/uploads\/2025\/04\/c1dfcaf52093fa36d2a2d1785506d2ae-300x178.jpg 300w, https:\/\/sinotrip.net\/wp-content\/uploads\/2025\/04\/c1dfcaf52093fa36d2a2d1785506d2ae-18x12.jpg 18w\" sizes=\"(max-width: 600px) 100vw, 600px\" \/><br \/>\nNada de excursiones opcionales. Las excursiones opcionales no son m\u00e1s que una trampa para turistas y siempre le costar\u00e1n m\u00e1s caras.<\/p>\n<p><img decoding=\"async\" class=\"aligncenter wp-image-12904 size-full\" title=\"Plaza de Tiananmen, Ciudad Prohibida, Gran Muralla de Mutianyu, Templo del Cielo\" src=\"https:\/\/sinotrip.net\/wp-content\/uploads\/2025\/04\/e90c3056add2a7bb4e40ad25d9edf281.png\" alt=\"Tiananmen Square, Forbidden City, Mutianyu Great Wall, Temple of Heaven\" width=\"600\" height=\"400\" srcset=\"https:\/\/sinotrip.net\/wp-content\/uploads\/2025\/04\/e90c3056add2a7bb4e40ad25d9edf281.png 600w, https:\/\/sinotrip.net\/wp-content\/uploads\/2025\/04\/e90c3056add2a7bb4e40ad25d9edf281-300x200.png 300w, https:\/\/sinotrip.net\/wp-content\/uploads\/2025\/04\/e90c3056add2a7bb4e40ad25d9edf281-18x12.png 18w\" sizes=\"(max-width: 600px) 100vw, 600px\" \/><\/p>\n<p>D\u00eda 1 Visitar la Plaza de Tiananmen, la Ciudad Prohibida y la Gran Muralla de Mutianyu<br \/>\nEn primer lugar nos dirigiremos a la Plaza de Tiananmen, importante centro de las actividades pol\u00edticas chinas. Tras unos 30 minutos de fotos en la plaza, iremos a visitar la Ciudad Prohibida, que se encuentra al norte de la plaza. Con m\u00e1s de 70 palacios y 9.000 casas, la Ciudad Prohibida es el mayor complejo palaciego real del mundo, que nos ha legado numerosos y valiosos patrimonios culturales e hist\u00f3ricos. Al pasear por el gran palacio, no s\u00f3lo apreciar\u00e1 los edificios patrimoniales con magn\u00edficos ornamentos, sino que tambi\u00e9n aprender\u00e1 sobre la vida de los antiguos emperadores chinos. Le aseguraremos tiempo suficiente para explorar el palacio.<\/p>\n<p><img decoding=\"async\" class=\"aligncenter wp-image-12905 size-full\" title=\"Plaza de Tiananmen, Ciudad Prohibida, Gran Muralla de Mutianyu, Templo del Cielo\" src=\"https:\/\/sinotrip.net\/wp-content\/uploads\/2025\/04\/f0cd64873d777bffe89a7d40d0d6733c.jpeg\" alt=\"Tiananmen Square, Forbidden City, Mutianyu Great Wall, Temple of Heaven\" width=\"600\" height=\"368\" srcset=\"https:\/\/sinotrip.net\/wp-content\/uploads\/2025\/04\/f0cd64873d777bffe89a7d40d0d6733c.jpeg 600w, https:\/\/sinotrip.net\/wp-content\/uploads\/2025\/04\/f0cd64873d777bffe89a7d40d0d6733c-300x184.jpeg 300w, https:\/\/sinotrip.net\/wp-content\/uploads\/2025\/04\/f0cd64873d777bffe89a7d40d0d6733c-18x12.jpeg 18w\" sizes=\"(max-width: 600px) 100vw, 600px\" \/><\/p>\n<p>D\u00eda 2 Visitar el Templo del Cielo, los callejones hutong, el Templo Lama y el Palacio de Verano<br \/>\nEn primer lugar visitaremos el Templo del Cielo, el mayor conjunto de edificios ceremoniales reales de China. Los emperadores de las dinast\u00edas Ming y Qing (1368 - 1911 d.C.) sol\u00edan celebrar aqu\u00ed los sacrificios anuales para adorar al cielo y rogar por una buena cosecha. Ahora se ha convertido en un gran parque donde tambi\u00e9n se puede ver a los lugare\u00f1os haciendo ejercicios y actividades recreativas.<\/p>","protected":false},"excerpt":{"rendered":"<p>Lo m\u00e1s destacado del viaje<br \/>\nMinigrupo de unas 11 personas con m\u00e1s atenci\u00f3n personal de su gu\u00eda.<br \/>\n<a href=\"https:\/\/sinotrip.net\/es\/en_us\/producto\/8-days-private-tour-of-guiyang-kaili-rongjiang-zhaoxing-kaili-guiyang\/\">Precio m\u00ednimo garantizado<\/a>: Superamos cualquier precio de los otros tours con la misma calidad.<br \/>\nTodas las atracciones destacadas incluidas, sin dejar ning\u00fan remordimiento a cada uno de nuestros hu\u00e9spedes.<br \/>\nElecci\u00f3n de los expertos <a href=\"https:\/\/sinotrip.net\/es\/en_us\/producto\/8-days-private-tour-of-guiyang-kaili-rongjiang-zhaoxing-kaili-guiyang\/\">Mutianyu, n\u00ba 1 de la Gran Muralla<\/a> secci\u00f3n clasificada en TripAdvisor.<\/p>","protected":false},"featured_media":12906,"comment_status":"open","ping_status":"closed","template":"","meta":[],"product_cat":[15,112],"product_tag":[115,123,135],"class_list":{"0":"post-12896","1":"product","2":"type-product","3":"status-publish","4":"has-post-thumbnail","6":"product_cat-city","7":"product_cat-beijing","8":"product_tag-beijing","9":"product_tag-tiananmen-square","10":"product_tag-travel","12":"first","13":"instock","14":"shipping-taxable","15":"purchasable","16":"product-type-simple"},"aioseo_notices":[],"_links":{"self":[{"href":"https:\/\/sinotrip.net\/es\/wp-json\/wp\/v2\/product\/12896","targetHints":{"allow":["GET"]}}],"collection":[{"href":"https:\/\/sinotrip.net\/es\/wp-json\/wp\/v2\/product"}],"about":[{"href":"https:\/\/sinotrip.net\/es\/wp-json\/wp\/v2\/types\/product"}],"replies":[{"embeddable":true,"href":"https:\/\/sinotrip.net\/es\/wp-json\/wp\/v2\/comments?post=12896"}],"wp:featuredmedia":[{"embeddable":true,"href":"https:\/\/sinotrip.net\/es\/wp-json\/wp\/v2\/media\/12906"}],"wp:attachment":[{"href":"https:\/\/sinotrip.net\/es\/wp-json\/wp\/v2\/media?parent=12896"}],"wp:term":[{"taxonomy":"product_cat","embeddable":true,"href":"https:\/\/sinotrip.net\/es\/wp-json\/wp\/v2\/product_cat?post=12896"},{"taxonomy":"product_tag","embeddable":true,"href":"https:\/\/sinotrip.net\/es\/wp-json\/wp\/v2\/product_tag?post=12896"}],"curies":[{"name":"wp","href":"https:\/\/api.w.org\/{rel}","templated":true}]}}