{"id":12994,"date":"2025-06-10T09:41:13","date_gmt":"2025-06-10T09:41:13","guid":{"rendered":"https:\/\/sinotrip.net\/?post_type=product&#038;p=12994"},"modified":"2026-01-21T11:28:16","modified_gmt":"2026-01-21T11:28:16","slug":"wuhan-east-lake-a-poetic-urban-oasis-of-lakes-mountains-and-chu-culture","status":"publish","type":"product","link":"https:\/\/sinotrip.net\/es\/producto\/wuhan-east-lake-a-poetic-urban-oasis-of-lakes-mountains-and-chu-culture\/","title":{"rendered":"Lago Este de Wuhan: Un po\u00e9tico oasis urbano de lagos, monta\u00f1as y cultura Chu"},"content":{"rendered":"<p>Es el mayor lago urbano de China, <a href=\"https:\/\/sinotrip.net\/es\/\">Lago Este de Wuhan<\/a> cautiva a los visitantes con sus pintorescos paisajes y su profundo patrimonio cultural chu, creando una rara mezcla de naturaleza y cultura dentro de la ciudad. Cada estaci\u00f3n ofrece una belleza \u00fanica -flores de cerezo en primavera, flores de loto en verano, hojas rojas en oto\u00f1o y flores de ciruelo en invierno- junto con abundantes actividades recreativas, lo que la convierte en una escapada ideal del ajetreo urbano.<\/p>\n<p><img fetchpriority=\"high\" decoding=\"async\" class=\"aligncenter wp-image-12997\" title=\"Lago Este de Wuhan\" src=\"https:\/\/sinotrip.net\/wp-content\/uploads\/2025\/06\/0100512000j6bxlg4CFC1_C_1200_800_Q70-1024x683.webp\" alt=\"Wuhan East Lake\" width=\"558\" height=\"372\" srcset=\"https:\/\/sinotrip.net\/wp-content\/uploads\/2025\/06\/0100512000j6bxlg4CFC1_C_1200_800_Q70-1024x683.webp 1024w, https:\/\/sinotrip.net\/wp-content\/uploads\/2025\/06\/0100512000j6bxlg4CFC1_C_1200_800_Q70-300x200.webp 300w, https:\/\/sinotrip.net\/wp-content\/uploads\/2025\/06\/0100512000j6bxlg4CFC1_C_1200_800_Q70-768x512.webp 768w, https:\/\/sinotrip.net\/wp-content\/uploads\/2025\/06\/0100512000j6bxlg4CFC1_C_1200_800_Q70-18x12.webp 18w, https:\/\/sinotrip.net\/wp-content\/uploads\/2025\/06\/0100512000j6bxlg4CFC1_C_1200_800_Q70-600x400.webp 600w, https:\/\/sinotrip.net\/wp-content\/uploads\/2025\/06\/0100512000j6bxlg4CFC1_C_1200_800_Q70.webp 1200w\" sizes=\"(max-width: 558px) 100vw, 558px\" \/><\/p>\n<p><strong>Cuatro zonas esc\u00e9nicas, cada una con un encanto \u00fanico<\/strong><br \/>\n\u00c1rea Esc\u00e9nica de Tingtao: Aguas centelleantes y elegancia chu<br \/>\nLo m\u00e1s destacado:<br \/>\nZona de ba\u00f1o del Lago Tingtao Este: El lugar de ba\u00f1o natural m\u00e1s antiguo de Wuhan, perfecto para retiros estivales.<br \/>\nPabell\u00f3n Xingyin: Construido para conmemorar a Qu Yuan, ofrece vistas panor\u00e1micas del lago y una muestra de la poes\u00eda Chu.<br \/>\nBitan Guanyu (estanque de jade): Un jard\u00edn cl\u00e1sico donde juegan los peces koi, ideal para la fotograf\u00eda.<br \/>\nLo mejor para: Aficionados a la cultura y paseos en familia.<\/p>\n<p><img decoding=\"async\" class=\"aligncenter wp-image-12998\" title=\"Lago Este de Wuhan\" src=\"https:\/\/sinotrip.net\/wp-content\/uploads\/2025\/06\/0104012000f4efrrs2E36_C_1200_800_Q70-1024x683.webp\" alt=\"Wuhan East Lake\" width=\"570\" height=\"380\" srcset=\"https:\/\/sinotrip.net\/wp-content\/uploads\/2025\/06\/0104012000f4efrrs2E36_C_1200_800_Q70-1024x683.webp 1024w, https:\/\/sinotrip.net\/wp-content\/uploads\/2025\/06\/0104012000f4efrrs2E36_C_1200_800_Q70-300x200.webp 300w, https:\/\/sinotrip.net\/wp-content\/uploads\/2025\/06\/0104012000f4efrrs2E36_C_1200_800_Q70-768x512.webp 768w, https:\/\/sinotrip.net\/wp-content\/uploads\/2025\/06\/0104012000f4efrrs2E36_C_1200_800_Q70-18x12.webp 18w, https:\/\/sinotrip.net\/wp-content\/uploads\/2025\/06\/0104012000f4efrrs2E36_C_1200_800_Q70-600x400.webp 600w, https:\/\/sinotrip.net\/wp-content\/uploads\/2025\/06\/0104012000f4efrrs2E36_C_1200_800_Q70.webp 1200w\" sizes=\"(max-width: 570px) 100vw, 570px\" \/><\/p>\n<p><strong>Consejos de viaje<\/strong><br \/>\nMejor \u00e9poca para visitarlo: Marzo-mayo (cerezos en flor, rosas) y septiembre-noviembre (follaje oto\u00f1al).<br \/>\nTransporte: L\u00ednea 8 de metro hasta la estaci\u00f3n de Liyuan o autobuses directos a los lugares de inter\u00e9s.<br \/>\nInformaci\u00f3n sobre entradas: Algunas zonas son gratuitas; Jard\u00edn de Cerezos de Moshan (60 yenes), Zona Esc\u00e9nica de Luoyan (13 yenes).<br \/>\nEast Lake no es s\u00f3lo una masa de agua: es el alma po\u00e9tica de una ciudad. Ya sea navegando, paseando por la v\u00eda verde o explorando el patrimonio Chu, este oasis urbano ofrece tranquilidad y romanticismo en medio del acelerado mundo moderno.<\/p>\n<p>&nbsp;<\/p>","protected":false},"excerpt":{"rendered":"<p>Es el mayor lago urbano de China, <a href=\"https:\/\/sinotrip.net\/es\/\">Lago Este de Wuhan<\/a> cautiva a los visitantes con sus pintorescos paisajes y su profundo patrimonio cultural chu, creando una rara mezcla de naturaleza y cultura dentro de la ciudad.<\/p>","protected":false},"featured_media":13026,"comment_status":"open","ping_status":"closed","template":"","meta":[],"product_cat":[15,93],"product_tag":[101,135],"class_list":{"0":"post-12994","1":"product","2":"type-product","3":"status-publish","4":"has-post-thumbnail","6":"product_cat-city","7":"product_cat-wuhan","8":"product_tag-group-travel","9":"product_tag-travel","11":"first","12":"instock","13":"shipping-taxable","14":"purchasable","15":"product-type-simple"},"aioseo_notices":[],"_links":{"self":[{"href":"https:\/\/sinotrip.net\/es\/wp-json\/wp\/v2\/product\/12994","targetHints":{"allow":["GET"]}}],"collection":[{"href":"https:\/\/sinotrip.net\/es\/wp-json\/wp\/v2\/product"}],"about":[{"href":"https:\/\/sinotrip.net\/es\/wp-json\/wp\/v2\/types\/product"}],"replies":[{"embeddable":true,"href":"https:\/\/sinotrip.net\/es\/wp-json\/wp\/v2\/comments?post=12994"}],"wp:featuredmedia":[{"embeddable":true,"href":"https:\/\/sinotrip.net\/es\/wp-json\/wp\/v2\/media\/13026"}],"wp:attachment":[{"href":"https:\/\/sinotrip.net\/es\/wp-json\/wp\/v2\/media?parent=12994"}],"wp:term":[{"taxonomy":"product_cat","embeddable":true,"href":"https:\/\/sinotrip.net\/es\/wp-json\/wp\/v2\/product_cat?post=12994"},{"taxonomy":"product_tag","embeddable":true,"href":"https:\/\/sinotrip.net\/es\/wp-json\/wp\/v2\/product_tag?post=12994"}],"curies":[{"name":"wp","href":"https:\/\/api.w.org\/{rel}","templated":true}]}}