{"id":7230,"date":"2021-01-04T04:25:17","date_gmt":"2021-01-04T04:25:17","guid":{"rendered":"https:\/\/demo4.drfuri.com\/razzi\/?page_id=7230"},"modified":"2025-10-17T01:12:52","modified_gmt":"2025-10-17T01:12:52","slug":"asia-tours","status":"publish","type":"page","link":"https:\/\/sinotrip.net\/fr\/asia-tours\/","title":{"rendered":"Voyages en Asie"},"content":{"rendered":"<div data-elementor-type=\"wp-page\" data-elementor-id=\"7230\" class=\"elementor elementor-7230\">\n\t\t\t\t\t\t<section class=\"elementor-section elementor-top-section elementor-element elementor-element-d4df981 elementor-section-boxed elementor-section-height-default elementor-section-height-default\" data-id=\"d4df981\" data-element_type=\"section\">\n\t\t\t\t\t\t<div class=\"elementor-container elementor-column-gap-default\">\n\t\t\t\t\t<div class=\"elementor-column elementor-col-100 elementor-top-column elementor-element elementor-element-1b2aed8\" data-id=\"1b2aed8\" data-element_type=\"column\">\n\t\t\t<div class=\"elementor-widget-wrap elementor-element-populated\">\n\t\t\t\t\t\t<div class=\"elementor-element elementor-element-bdb77e1 elementor-widget elementor-widget-text-editor\" data-id=\"bdb77e1\" data-element_type=\"widget\" data-widget_type=\"text-editor.default\">\n\t\t\t\t<div class=\"elementor-widget-container\">\n\t\t\t\t\t\t\t<p>Voyages en Asie - Explorez les merveilles de l'Asie gr\u00e2ce \u00e0 nos voyages guid\u00e9s par des experts.<\/p>\t\t\t\t\t\t<\/div>\n\t\t\t\t<\/div>\n\t\t\t\t<div class=\"elementor-element elementor-element-f84519b elementor-widget elementor-widget-spacer\" data-id=\"f84519b\" data-element_type=\"widget\" data-widget_type=\"spacer.default\">\n\t\t\t\t<div class=\"elementor-widget-container\">\n\t\t\t\t\t<div class=\"elementor-spacer\">\n\t\t\t<div class=\"elementor-spacer-inner\"><\/div>\n\t\t<\/div>\n\t\t\t\t<\/div>\n\t\t\t\t<\/div>\n\t\t\t\t<div class=\"elementor-element elementor-element-c8ba471 elementor-widget elementor-widget-razzi-products-grid\" data-id=\"c8ba471\" data-element_type=\"widget\" data-settings=\"{&quot;products&quot;:&quot;best_selling&quot;,&quot;per_page&quot;:8,&quot;columns&quot;:4}\" data-widget_type=\"razzi-products-grid.default\">\n\t\t\t\t<div class=\"elementor-widget-container\">\n\t\t\t\t\t<div class=\"razzi-products-grid woocommerce\">\r\n\t\t\t<div class=\"product-content\"><ul class=\"products columns-4\">\n<li class=\"product type-product post-12394 status-publish first instock product_cat-shenzhen product_tag-group-travel product_tag-travel has-post-thumbnail shipping-taxable purchasable product-type-simple\">\n\t<a href=\"https:\/\/sinotrip.net\/fr\/produit\/safari-shenzhen-dujiaoshou-xingkong-art-museum-a-journey-through-art-and-imagination\/\" class=\"woocommerce-LoopProduct-link woocommerce-loop-product__link\"><img fetchpriority=\"high\" decoding=\"async\" width=\"400\" height=\"300\" src=\"https:\/\/sinotrip.net\/wp-content\/uploads\/2025\/03\/\u4e0b\u8f7d-1.png\" class=\"attachment-woocommerce_thumbnail size-woocommerce_thumbnail\" alt=\"Shenzhen Dujiaoshou Xingkong Art Museum\" srcset=\"https:\/\/sinotrip.net\/wp-content\/uploads\/2025\/03\/\u4e0b\u8f7d-1.png 400w, https:\/\/sinotrip.net\/wp-content\/uploads\/2025\/03\/\u4e0b\u8f7d-1-300x225.png 300w, https:\/\/sinotrip.net\/wp-content\/uploads\/2025\/03\/\u4e0b\u8f7d-1-16x12.png 16w\" sizes=\"(max-width: 400px) 100vw, 400px\" \/><h2 class=\"woocommerce-loop-product__title\">Safari Shenzhen Dujiaoshou Xingkong Art Museum : Un voyage \u00e0 travers l'art et l'imagination<\/h2>\n\t<span class=\"price\"><span class=\"woocommerce-Price-amount amount\"><bdi><span class=\"woocommerce-Price-currencySymbol\">&#36;<\/span>0.00<\/bdi><\/span><\/span>\n<\/a><a href=\"?add-to-cart=12394\" aria-describedby=\"woocommerce_loop_add_to_cart_link_describedby_12394\" data-quantity=\"1\" class=\"button product_type_simple add_to_cart_button ajax_add_to_cart\" data-product_id=\"12394\" data-product_sku=\"\" aria-label=\"Ajouter au panier : &quot;Safari Shenzhen Dujiaoshou Xingkong Art Museum: A Journey Through Art and Imagination&quot;\" rel=\"nofollow\" data-success_message=\"&quot;Safari Shenzhen Dujiaoshou Xingkong Art Museum: A Journey Through Art and Imagination&quot; a \u00e9t\u00e9 ajout\u00e9 \u00e0 votre panier\" data-no-translation=\"\" data-trp-gettext=\"\" data-no-translation-aria-label=\"\" data-no-translation-data-success_message=\"\">Ajouter au panier<\/a>\t<span id=\"woocommerce_loop_add_to_cart_link_describedby_12394\" class=\"screen-reader-text\">\n\t\t\t<\/span>\n<\/li>\n<li class=\"product type-product post-12789 status-publish instock product_cat-city product_cat-xian product_tag-group-travel product_tag-travel has-post-thumbnail shipping-taxable purchasable product-type-simple\">\n\t<a href=\"https:\/\/sinotrip.net\/fr\/produit\/3-days-xian-private-culture-tour\/\" class=\"woocommerce-LoopProduct-link woocommerce-loop-product__link\"><img decoding=\"async\" width=\"400\" height=\"300\" src=\"https:\/\/sinotrip.net\/wp-content\/uploads\/2025\/04\/0a4bb9db72909d1e92715fdfe037caa2-1.jpeg\" class=\"attachment-woocommerce_thumbnail size-woocommerce_thumbnail\" alt=\"Xi\u2019an\u2019s iconic historical and cultural highlights\" srcset=\"https:\/\/sinotrip.net\/wp-content\/uploads\/2025\/04\/0a4bb9db72909d1e92715fdfe037caa2-1.jpeg 400w, https:\/\/sinotrip.net\/wp-content\/uploads\/2025\/04\/0a4bb9db72909d1e92715fdfe037caa2-1-300x225.jpeg 300w, https:\/\/sinotrip.net\/wp-content\/uploads\/2025\/04\/0a4bb9db72909d1e92715fdfe037caa2-1-16x12.jpeg 16w\" sizes=\"(max-width: 400px) 100vw, 400px\" \/><h2 class=\"woocommerce-loop-product__title\">3 jours de visite culturelle priv\u00e9e \u00e0 Xi'an<\/h2>\n\t<span class=\"price\"><span class=\"woocommerce-Price-amount amount\"><bdi><span class=\"woocommerce-Price-currencySymbol\">&#36;<\/span>500.02<\/bdi><\/span><\/span>\n<\/a><a href=\"?add-to-cart=12789\" aria-describedby=\"woocommerce_loop_add_to_cart_link_describedby_12789\" data-quantity=\"1\" class=\"button product_type_simple add_to_cart_button ajax_add_to_cart\" data-product_id=\"12789\" data-product_sku=\"\" aria-label=\"Ajouter au panier : &quot;3 Days Xi&#039;an Private Culture Tour&quot;\" rel=\"nofollow\" data-success_message=\"&quot;3 Days Xi&#039;an Private Culture Tour&quot; a \u00e9t\u00e9 ajout\u00e9 \u00e0 votre panier\" data-no-translation=\"\" data-trp-gettext=\"\" data-no-translation-aria-label=\"\" data-no-translation-data-success_message=\"\">Ajouter au panier<\/a>\t<span id=\"woocommerce_loop_add_to_cart_link_describedby_12789\" class=\"screen-reader-text\">\n\t\t\t<\/span>\n<\/li>\n<li class=\"product type-product post-12119 status-publish instock product_cat-anhui product_cat-city product_tag-group-travel product_tag-number-of-days-to-visit-3-5-days product_tag-self-driving-tours has-post-thumbnail shipping-taxable purchasable product-type-simple\">\n\t<a href=\"https:\/\/sinotrip.net\/fr\/produit\/huangshan-tours%ef%bc%9aunparalleled-fairyland-an-otherworldly-paradise\/\" class=\"woocommerce-LoopProduct-link woocommerce-loop-product__link\"><img decoding=\"async\" width=\"400\" height=\"300\" src=\"https:\/\/sinotrip.net\/wp-content\/uploads\/2024\/12\/huangshan-mountain-1.jpg\" class=\"attachment-woocommerce_thumbnail size-woocommerce_thumbnail\" alt=\"huangshan-mountain-1\" srcset=\"https:\/\/sinotrip.net\/wp-content\/uploads\/2024\/12\/huangshan-mountain-1.jpg 400w, https:\/\/sinotrip.net\/wp-content\/uploads\/2024\/12\/huangshan-mountain-1-300x225.jpg 300w, https:\/\/sinotrip.net\/wp-content\/uploads\/2024\/12\/huangshan-mountain-1-16x12.jpg 16w\" sizes=\"(max-width: 400px) 100vw, 400px\" \/><h2 class=\"woocommerce-loop-product__title\">Huangshan Tours\uff1aUne f\u00e9erie sans pareille, un paradis d'un autre monde<\/h2>\n\t<span class=\"price\"><span class=\"woocommerce-Price-amount amount\"><bdi><span class=\"woocommerce-Price-currencySymbol\">&#36;<\/span>10.00<\/bdi><\/span><\/span>\n<\/a><a href=\"?add-to-cart=12119\" aria-describedby=\"woocommerce_loop_add_to_cart_link_describedby_12119\" data-quantity=\"1\" class=\"button product_type_simple add_to_cart_button ajax_add_to_cart\" data-product_id=\"12119\" data-product_sku=\"\" aria-label=\"Ajouter au panier : &quot;Huangshan Tours\uff1aUnparalleled fairyland, an otherworldly paradise&quot;\" rel=\"nofollow\" data-success_message=\"&quot;Huangshan Tours\uff1aUnparalleled fairyland, an otherworldly paradise&quot; a \u00e9t\u00e9 ajout\u00e9 \u00e0 votre panier\" data-no-translation=\"\" data-trp-gettext=\"\" data-no-translation-aria-label=\"\" data-no-translation-data-success_message=\"\">Ajouter au panier<\/a>\t<span id=\"woocommerce_loop_add_to_cart_link_describedby_12119\" class=\"screen-reader-text\">\n\t\t\t<\/span>\n<\/li>\n<li class=\"product type-product post-12560 status-publish last instock product_cat-xian product_tag-group-travel product_tag-travel has-post-thumbnail shipping-taxable purchasable product-type-simple\">\n\t<a href=\"https:\/\/sinotrip.net\/fr\/produit\/xian-city-wall-where-history-stands-tall-experience-the-legacy\/\" class=\"woocommerce-LoopProduct-link woocommerce-loop-product__link\"><img loading=\"lazy\" decoding=\"async\" width=\"400\" height=\"300\" src=\"https:\/\/sinotrip.net\/wp-content\/uploads\/2025\/03\/0106x120005q6rdwpFAC8_C_1200_800_Q70.png\" class=\"attachment-woocommerce_thumbnail size-woocommerce_thumbnail\" alt=\"Xi&#039;an City Wall\" srcset=\"https:\/\/sinotrip.net\/wp-content\/uploads\/2025\/03\/0106x120005q6rdwpFAC8_C_1200_800_Q70.png 400w, https:\/\/sinotrip.net\/wp-content\/uploads\/2025\/03\/0106x120005q6rdwpFAC8_C_1200_800_Q70-300x225.png 300w, https:\/\/sinotrip.net\/wp-content\/uploads\/2025\/03\/0106x120005q6rdwpFAC8_C_1200_800_Q70-16x12.png 16w\" sizes=\"(max-width: 400px) 100vw, 400px\" \/><h2 class=\"woocommerce-loop-product__title\">La muraille de Xi'an : L\u00e0 o\u00f9 l'histoire se dresse, d\u00e9couvrez l'h\u00e9ritage !<\/h2>\n\t<span class=\"price\"><span class=\"woocommerce-Price-amount amount\"><bdi><span class=\"woocommerce-Price-currencySymbol\">&#36;<\/span>48.37<\/bdi><\/span><\/span>\n<\/a><a href=\"?add-to-cart=12560\" aria-describedby=\"woocommerce_loop_add_to_cart_link_describedby_12560\" data-quantity=\"1\" class=\"button product_type_simple add_to_cart_button ajax_add_to_cart\" data-product_id=\"12560\" data-product_sku=\"\" aria-label=\"Ajouter au panier : &quot;Xi&#039;an City Wall: Where History Stands Tall, Experience the Legacy!&quot;\" rel=\"nofollow\" data-success_message=\"&quot;Xi&#039;an City Wall: Where History Stands Tall, Experience the Legacy!&quot; a \u00e9t\u00e9 ajout\u00e9 \u00e0 votre panier\" data-no-translation=\"\" data-trp-gettext=\"\" data-no-translation-aria-label=\"\" data-no-translation-data-success_message=\"\">Ajouter au panier<\/a>\t<span id=\"woocommerce_loop_add_to_cart_link_describedby_12560\" class=\"screen-reader-text\">\n\t\t\t<\/span>\n<\/li>\n<li class=\"product type-product post-12896 status-publish first instock product_cat-beijing product_cat-city product_tag-beijing product_tag-tiananmen-square product_tag-travel has-post-thumbnail shipping-taxable purchasable product-type-simple\">\n\t<a href=\"https:\/\/sinotrip.net\/fr\/produit\/2-days-to-tiananmen-square-forbidden-city-mutianyu-great-wall-temple-of-heaven\/\" class=\"woocommerce-LoopProduct-link woocommerce-loop-product__link\"><img loading=\"lazy\" decoding=\"async\" width=\"400\" height=\"300\" src=\"https:\/\/sinotrip.net\/wp-content\/uploads\/2025\/04\/6bd9b62eb259932d17f0be74e3056c79-1.jpg\" class=\"attachment-woocommerce_thumbnail size-woocommerce_thumbnail\" alt=\"Tiananmen Square, Forbidden City, Mutianyu Great Wall, Temple of Heaven\" srcset=\"https:\/\/sinotrip.net\/wp-content\/uploads\/2025\/04\/6bd9b62eb259932d17f0be74e3056c79-1.jpg 400w, https:\/\/sinotrip.net\/wp-content\/uploads\/2025\/04\/6bd9b62eb259932d17f0be74e3056c79-1-300x225.jpg 300w, https:\/\/sinotrip.net\/wp-content\/uploads\/2025\/04\/6bd9b62eb259932d17f0be74e3056c79-1-16x12.jpg 16w\" sizes=\"(max-width: 400px) 100vw, 400px\" \/><h2 class=\"woocommerce-loop-product__title\">2 jours - Place Tiananmen, Cit\u00e9 interdite, Grande Muraille de Mutianyu, Temple du Ciel<\/h2>\n\t<span class=\"price\"><span class=\"woocommerce-Price-amount amount\"><bdi><span class=\"woocommerce-Price-currencySymbol\">&#36;<\/span>131.40<\/bdi><\/span><\/span>\n<\/a><a href=\"?add-to-cart=12896\" aria-describedby=\"woocommerce_loop_add_to_cart_link_describedby_12896\" data-quantity=\"1\" class=\"button product_type_simple add_to_cart_button ajax_add_to_cart\" data-product_id=\"12896\" data-product_sku=\"\" aria-label=\"Ajouter au panier : &quot;2 Days to Tiananmen Square, Forbidden City, Mutianyu Great Wall, Temple of Heaven&quot;\" rel=\"nofollow\" data-success_message=\"&quot;2 Days to Tiananmen Square, Forbidden City, Mutianyu Great Wall, Temple of Heaven&quot; a \u00e9t\u00e9 ajout\u00e9 \u00e0 votre panier\" data-no-translation=\"\" data-trp-gettext=\"\" data-no-translation-aria-label=\"\" data-no-translation-data-success_message=\"\">Ajouter au panier<\/a>\t<span id=\"woocommerce_loop_add_to_cart_link_describedby_12896\" class=\"screen-reader-text\">\n\t\t\t<\/span>\n<\/li>\n<li class=\"product type-product post-12296 status-publish instock product_cat-beijing product_tag-beijing has-post-thumbnail shipping-taxable purchasable product-type-simple\">\n\t<a href=\"https:\/\/sinotrip.net\/fr\/produit\/1-day-to-lama-temple\/\" class=\"woocommerce-LoopProduct-link woocommerce-loop-product__link\"><img loading=\"lazy\" decoding=\"async\" width=\"570\" height=\"417\" src=\"https:\/\/sinotrip.net\/wp-content\/uploads\/2025\/02\/low-angle-view-building-against-sky_1048944-121322-570x417.jpg\" class=\"attachment-woocommerce_thumbnail size-woocommerce_thumbnail\" alt=\"Lama Temple\" srcset=\"https:\/\/sinotrip.net\/wp-content\/uploads\/2025\/02\/low-angle-view-building-against-sky_1048944-121322-570x417.jpg 570w, https:\/\/sinotrip.net\/wp-content\/uploads\/2025\/02\/low-angle-view-building-against-sky_1048944-121322-18x12.jpg 18w\" sizes=\"(max-width: 570px) 100vw, 570px\" \/><h2 class=\"woocommerce-loop-product__title\">1 journ\u00e9e au temple de Lama<\/h2>\n\t<span class=\"price\"><span class=\"woocommerce-Price-amount amount\"><bdi><span class=\"woocommerce-Price-currencySymbol\">&#36;<\/span>26.68<\/bdi><\/span><\/span>\n<\/a><a href=\"?add-to-cart=12296\" aria-describedby=\"woocommerce_loop_add_to_cart_link_describedby_12296\" data-quantity=\"1\" class=\"button product_type_simple add_to_cart_button ajax_add_to_cart\" data-product_id=\"12296\" data-product_sku=\"\" aria-label=\"Ajouter au panier : &quot;1 Day to Lama Temple&quot;\" rel=\"nofollow\" data-success_message=\"&quot;1 Day to Lama Temple&quot; a \u00e9t\u00e9 ajout\u00e9 \u00e0 votre panier\" data-no-translation=\"\" data-trp-gettext=\"\" data-no-translation-aria-label=\"\" data-no-translation-data-success_message=\"\">Ajouter au panier<\/a>\t<span id=\"woocommerce_loop_add_to_cart_link_describedby_12296\" class=\"screen-reader-text\">\n\t\t\t<\/span>\n<\/li>\n<li class=\"product type-product post-12669 status-publish instock product_cat-city product_cat-shanghai product_tag-group-travel product_tag-travel has-post-thumbnail shipping-taxable purchasable product-type-simple\">\n\t<a href=\"https:\/\/sinotrip.net\/fr\/produit\/huangpu-river-the-lifeline-of-shanghai-where-history-meets-modernity\/\" class=\"woocommerce-LoopProduct-link woocommerce-loop-product__link\"><img loading=\"lazy\" decoding=\"async\" width=\"400\" height=\"300\" src=\"https:\/\/sinotrip.net\/wp-content\/uploads\/2025\/03\/df6941280b3f3fa63ec268d531ce11cf-1.jpg\" class=\"attachment-woocommerce_thumbnail size-woocommerce_thumbnail\" alt=\"Huangpu River\" srcset=\"https:\/\/sinotrip.net\/wp-content\/uploads\/2025\/03\/df6941280b3f3fa63ec268d531ce11cf-1.jpg 400w, https:\/\/sinotrip.net\/wp-content\/uploads\/2025\/03\/df6941280b3f3fa63ec268d531ce11cf-1-300x225.jpg 300w, https:\/\/sinotrip.net\/wp-content\/uploads\/2025\/03\/df6941280b3f3fa63ec268d531ce11cf-1-16x12.jpg 16w\" sizes=\"(max-width: 400px) 100vw, 400px\" \/><h2 class=\"woocommerce-loop-product__title\">Le fleuve Huangpu : La ligne de vie de Shanghai, o\u00f9 l'histoire rencontre la modernit\u00e9<\/h2>\n\t<span class=\"price\"><span class=\"woocommerce-Price-amount amount\"><bdi><span class=\"woocommerce-Price-currencySymbol\">&#36;<\/span>385.60<\/bdi><\/span><\/span>\n<\/a><a href=\"?add-to-cart=12669\" aria-describedby=\"woocommerce_loop_add_to_cart_link_describedby_12669\" data-quantity=\"1\" class=\"button product_type_simple add_to_cart_button ajax_add_to_cart\" data-product_id=\"12669\" data-product_sku=\"\" aria-label=\"Ajouter au panier : &quot;Huangpu River: The Lifeline of Shanghai, Where History Meets Modernity&quot;\" rel=\"nofollow\" data-success_message=\"&quot;Huangpu River: The Lifeline of Shanghai, Where History Meets Modernity&quot; a \u00e9t\u00e9 ajout\u00e9 \u00e0 votre panier\" data-no-translation=\"\" data-trp-gettext=\"\" data-no-translation-aria-label=\"\" data-no-translation-data-success_message=\"\">Ajouter au panier<\/a>\t<span id=\"woocommerce_loop_add_to_cart_link_describedby_12669\" class=\"screen-reader-text\">\n\t\t\t<\/span>\n<\/li>\n<li class=\"product type-product post-13019 status-publish last instock product_cat-chengdu product_cat-city product_tag-group-travel product_tag-travel has-post-thumbnail shipping-taxable purchasable product-type-simple\">\n\t<a href=\"https:\/\/sinotrip.net\/fr\/produit\/leshan-giant-buddha-a-millennium-of-buddhist-charm-serenity-amidst-mountains-and-waters\/\" class=\"woocommerce-LoopProduct-link woocommerce-loop-product__link\"><img loading=\"lazy\" decoding=\"async\" width=\"400\" height=\"300\" src=\"https:\/\/sinotrip.net\/wp-content\/uploads\/2025\/06\/\u56fe\u724736-1.png\" class=\"attachment-woocommerce_thumbnail size-woocommerce_thumbnail\" alt=\"ancient Leshan\" srcset=\"https:\/\/sinotrip.net\/wp-content\/uploads\/2025\/06\/\u56fe\u724736-1.png 400w, https:\/\/sinotrip.net\/wp-content\/uploads\/2025\/06\/\u56fe\u724736-1-300x225.png 300w, https:\/\/sinotrip.net\/wp-content\/uploads\/2025\/06\/\u56fe\u724736-1-16x12.png 16w\" sizes=\"(max-width: 400px) 100vw, 400px\" \/><h2 class=\"woocommerce-loop-product__title\">Le Bouddha g\u00e9ant de Leshan : Un mill\u00e9naire de charme bouddhiste, S\u00e9r\u00e9nit\u00e9 au milieu des montagnes et des eaux<\/h2>\n\t<span class=\"price\"><span class=\"woocommerce-Price-amount amount\"><bdi><span class=\"woocommerce-Price-currencySymbol\">&#36;<\/span>87.35<\/bdi><\/span><\/span>\n<\/a><a href=\"?add-to-cart=13019\" aria-describedby=\"woocommerce_loop_add_to_cart_link_describedby_13019\" data-quantity=\"1\" class=\"button product_type_simple add_to_cart_button ajax_add_to_cart\" data-product_id=\"13019\" data-product_sku=\"\" aria-label=\"Ajouter au panier : &quot;Leshan Giant Buddha: A Millennium of Buddhist Charm, Serenity Amidst Mountains and Waters&quot;\" rel=\"nofollow\" data-success_message=\"&quot;Leshan Giant Buddha: A Millennium of Buddhist Charm, Serenity Amidst Mountains and Waters&quot; a \u00e9t\u00e9 ajout\u00e9 \u00e0 votre panier\" data-no-translation=\"\" data-trp-gettext=\"\" data-no-translation-aria-label=\"\" data-no-translation-data-success_message=\"\">Ajouter au panier<\/a>\t<span id=\"woocommerce_loop_add_to_cart_link_describedby_13019\" class=\"screen-reader-text\">\n\t\t\t<\/span>\n<\/li>\n<\/ul>\n<\/div><nav class=\"woocommerce-pagination\"><ul class='page-numbers'>\n\t<li><span aria-label=\"Page 1\" aria-current=\"page\" class=\"page-numbers current\" data-no-translation-aria-label=\"\">1<\/span><\/li>\n\t<li><a aria-label=\"Page 2\" class=\"page-numbers\" href=\"\/fr\/wp-json\/wp\/v2\/pages\/7230?product-page=2\" data-no-translation-aria-label=\"\">2<\/a><\/li>\n\t<li><a aria-label=\"Page 3\" class=\"page-numbers\" href=\"\/fr\/wp-json\/wp\/v2\/pages\/7230?product-page=3\" data-no-translation-aria-label=\"\">3<\/a><\/li>\n\t<li><span class=\"page-numbers dots\">&hellip;<\/span><\/li>\n\t<li><a aria-label=\"Page 11\" class=\"page-numbers\" href=\"\/fr\/wp-json\/wp\/v2\/pages\/7230?product-page=11\" data-no-translation-aria-label=\"\">11<\/a><\/li>\n\t<li><a class=\"next page-numbers\" href=\"\/fr\/wp-json\/wp\/v2\/pages\/7230?product-page=2\"><span class=\"razzi-svg-icon\"><svg aria-hidden=\"true\" role=\"img\" focusable=\"false\" width=\"8\" height=\"11\" viewbox=\"0 0 8 11\" fill=\"currentColor\" xmlns=\"http:\/\/www.w3.org\/2000\/svg\"><path d=\"M7.88852 5.28431L0.404645 0.0460914C0.325419 -0.00917186 0.22271 -0.0149339 0.138064 0.0298529C0.0531612 0.0751635 0 0.164213 0 0.261644L0 10.7381C0 10.8355 0.0531612 10.9248 0.138064 10.9701C0.175742 10.99 0.217032 11 0.258065 11C0.309419 11 0.360516 10.9843 0.404645 10.9536L7.88852 5.71542C7.95845 5.66644 8 5.58604 8 5.49987C8 5.4137 7.95819 5.33329 7.88852 5.28431Z\"\/><\/svg><\/span><\/a><\/li>\n<\/ul>\n<\/nav>\t\t<\/div>\r\n\t\t\t\t<\/div>\n\t\t\t\t<\/div>\n\t\t\t\t\t<\/div>\n\t\t<\/div>\n\t\t\t\t\t<\/div>\n\t\t<\/section>\n\t\t\t\t<\/div>","protected":false},"excerpt":{"rendered":"<p>Asia Tours &#8211; Explore the wonders of Asia with our expert-guided tours. \u52a0\u5165\u8d2d\u7269\u8f66 Quick View Add to wishlist Safari Shenzhen Dujiaoshou Xingkong Art Museum: A Journey Through Art and Imagination &#36;0.00 \u52a0\u5165\u8d2d\u7269\u8f66 \u52a0\u5165\u8d2d\u7269\u8f66 Quick View Add to wishlist 3 Days Xi&#8217;an Private Culture Tour &#36;500.02 \u52a0\u5165\u8d2d\u7269\u8f66 \u52a0\u5165\u8d2d\u7269\u8f66 Quick View Add to wishlist Huangshan Tours\uff1aUnparalleled fairyland, [&hellip;]<\/p>","protected":false},"author":1,"featured_media":0,"parent":0,"menu_order":0,"comment_status":"closed","ping_status":"closed","template":"","meta":{"footnotes":""},"class_list":["post-7230","page","type-page","status-publish","hentry"],"aioseo_notices":[],"_links":{"self":[{"href":"https:\/\/sinotrip.net\/fr\/wp-json\/wp\/v2\/pages\/7230","targetHints":{"allow":["GET"]}}],"collection":[{"href":"https:\/\/sinotrip.net\/fr\/wp-json\/wp\/v2\/pages"}],"about":[{"href":"https:\/\/sinotrip.net\/fr\/wp-json\/wp\/v2\/types\/page"}],"author":[{"embeddable":true,"href":"https:\/\/sinotrip.net\/fr\/wp-json\/wp\/v2\/users\/1"}],"replies":[{"embeddable":true,"href":"https:\/\/sinotrip.net\/fr\/wp-json\/wp\/v2\/comments?post=7230"}],"version-history":[{"count":19,"href":"https:\/\/sinotrip.net\/fr\/wp-json\/wp\/v2\/pages\/7230\/revisions"}],"predecessor-version":[{"id":13557,"href":"https:\/\/sinotrip.net\/fr\/wp-json\/wp\/v2\/pages\/7230\/revisions\/13557"}],"wp:attachment":[{"href":"https:\/\/sinotrip.net\/fr\/wp-json\/wp\/v2\/media?parent=7230"}],"curies":[{"name":"wp","href":"https:\/\/api.w.org\/{rel}","templated":true}]}}