{"id":11750,"date":"2024-09-09T09:45:42","date_gmt":"2024-09-09T09:45:42","guid":{"rendered":"https:\/\/sinotrip.net\/?post_type=product&#038;p=11750"},"modified":"2025-10-18T05:09:01","modified_gmt":"2025-10-18T05:09:01","slug":"yellow-crane-tower","status":"publish","type":"product","link":"https:\/\/sinotrip.net\/fr\/produit\/yellow-crane-tower\/","title":{"rendered":"Tour de la grue jaune"},"content":{"rendered":"<p><img fetchpriority=\"high\" decoding=\"async\" class=\"alignnone size-medium wp-image-11758\" src=\"https:\/\/sinotrip.net\/wp-content\/uploads\/2024\/09\/Yellow-Crane-Tower-9-300x175.jpg\" alt=\"\" width=\"300\" height=\"175\" srcset=\"https:\/\/sinotrip.net\/wp-content\/uploads\/2024\/09\/Yellow-Crane-Tower-9-300x175.jpg 300w, https:\/\/sinotrip.net\/wp-content\/uploads\/2024\/09\/Yellow-Crane-Tower-9-600x350.jpg 600w, https:\/\/sinotrip.net\/wp-content\/uploads\/2024\/09\/Yellow-Crane-Tower-9-1024x597.jpg 1024w, https:\/\/sinotrip.net\/wp-content\/uploads\/2024\/09\/Yellow-Crane-Tower-9-768x448.jpg 768w, https:\/\/sinotrip.net\/wp-content\/uploads\/2024\/09\/Yellow-Crane-Tower-9.jpg 1080w\" sizes=\"(max-width: 300px) 100vw, 300px\" \/> <img decoding=\"async\" class=\"alignnone size-medium wp-image-11754\" src=\"https:\/\/sinotrip.net\/wp-content\/uploads\/2024\/09\/Yellow-Crane-Tower-5-300x175.jpg\" alt=\"\" width=\"300\" height=\"175\" srcset=\"https:\/\/sinotrip.net\/wp-content\/uploads\/2024\/09\/Yellow-Crane-Tower-5-300x175.jpg 300w, https:\/\/sinotrip.net\/wp-content\/uploads\/2024\/09\/Yellow-Crane-Tower-5-600x350.jpg 600w, https:\/\/sinotrip.net\/wp-content\/uploads\/2024\/09\/Yellow-Crane-Tower-5-1024x597.jpg 1024w, https:\/\/sinotrip.net\/wp-content\/uploads\/2024\/09\/Yellow-Crane-Tower-5-768x448.jpg 768w, https:\/\/sinotrip.net\/wp-content\/uploads\/2024\/09\/Yellow-Crane-Tower-5.jpg 1080w\" sizes=\"(max-width: 300px) 100vw, 300px\" \/><br \/>\n<img decoding=\"async\" class=\"alignnone size-medium wp-image-11757\" src=\"https:\/\/sinotrip.net\/wp-content\/uploads\/2024\/09\/Yellow-Crane-Tower-8-300x200.jpg\" alt=\"\" width=\"300\" height=\"200\" srcset=\"https:\/\/sinotrip.net\/wp-content\/uploads\/2024\/09\/Yellow-Crane-Tower-8-300x200.jpg 300w, https:\/\/sinotrip.net\/wp-content\/uploads\/2024\/09\/Yellow-Crane-Tower-8-600x398.jpg 600w, https:\/\/sinotrip.net\/wp-content\/uploads\/2024\/09\/Yellow-Crane-Tower-8-1024x683.jpg 1024w, https:\/\/sinotrip.net\/wp-content\/uploads\/2024\/09\/Yellow-Crane-Tower-8-768x512.jpg 768w, https:\/\/sinotrip.net\/wp-content\/uploads\/2024\/09\/Yellow-Crane-Tower-8.jpg 1200w\" sizes=\"(max-width: 300px) 100vw, 300px\" \/> <img loading=\"lazy\" decoding=\"async\" class=\"alignnone size-medium wp-image-11756\" src=\"https:\/\/sinotrip.net\/wp-content\/uploads\/2024\/09\/Yellow-Crane-Tower-7-300x200.jpg\" alt=\"\" width=\"300\" height=\"200\" srcset=\"https:\/\/sinotrip.net\/wp-content\/uploads\/2024\/09\/Yellow-Crane-Tower-7-300x200.jpg 300w, https:\/\/sinotrip.net\/wp-content\/uploads\/2024\/09\/Yellow-Crane-Tower-7-600x398.jpg 600w, https:\/\/sinotrip.net\/wp-content\/uploads\/2024\/09\/Yellow-Crane-Tower-7-1024x683.jpg 1024w, https:\/\/sinotrip.net\/wp-content\/uploads\/2024\/09\/Yellow-Crane-Tower-7-768x512.jpg 768w, https:\/\/sinotrip.net\/wp-content\/uploads\/2024\/09\/Yellow-Crane-Tower-7.jpg 1200w\" sizes=\"(max-width: 300px) 100vw, 300px\" \/><br \/>\nLa Tour de la Grue Jaune est un b\u00e2timent embl\u00e9matique de Wuhan. Elle est situ\u00e9e sur la rive du fleuve Yangtze et sur la montagne des serpents \u00e0 Wuchang. De nombreuses c\u00e9l\u00e9brit\u00e9s y ont laiss\u00e9 des po\u00e8mes c\u00e9l\u00e8bres. On dit que la Tour de la Grue Jaune a \u00e9t\u00e9 construite pendant la p\u00e9riode des Trois Royaumes, mais qu'elle a \u00e9t\u00e9 d\u00e9truite \u00e0 plusieurs reprises. Ce que nous voyons aujourd'hui a \u00e9t\u00e9 reconstruit en 1985. En grimpant sur la Tour de la Grue Jaune, vous pourrez admirer le paysage spectaculaire du fleuve Yangtze et des trois villes de Wuhan.<\/p>","protected":false},"excerpt":{"rendered":"<p>Tour de la grue jaune : d\u00e9couvrez des mill\u00e9naires d'histoire et des vues panoramiques de Wuhan depuis cette ancienne pagode embl\u00e9matique.<\/p>","protected":false},"featured_media":11759,"comment_status":"open","ping_status":"closed","template":"","meta":[],"product_cat":[15,93],"product_tag":[101,99,100],"class_list":{"0":"post-11750","1":"product","2":"type-product","3":"status-publish","4":"has-post-thumbnail","6":"product_cat-city","7":"product_cat-wuhan","8":"product_tag-group-travel","9":"product_tag-number-of-days-to-visit-3-5-days","10":"product_tag-self-driving-tours","12":"first","13":"instock","14":"featured","15":"shipping-taxable","16":"purchasable","17":"product-type-simple"},"aioseo_notices":[],"_links":{"self":[{"href":"https:\/\/sinotrip.net\/fr\/wp-json\/wp\/v2\/product\/11750","targetHints":{"allow":["GET"]}}],"collection":[{"href":"https:\/\/sinotrip.net\/fr\/wp-json\/wp\/v2\/product"}],"about":[{"href":"https:\/\/sinotrip.net\/fr\/wp-json\/wp\/v2\/types\/product"}],"replies":[{"embeddable":true,"href":"https:\/\/sinotrip.net\/fr\/wp-json\/wp\/v2\/comments?post=11750"}],"wp:featuredmedia":[{"embeddable":true,"href":"https:\/\/sinotrip.net\/fr\/wp-json\/wp\/v2\/media\/11759"}],"wp:attachment":[{"href":"https:\/\/sinotrip.net\/fr\/wp-json\/wp\/v2\/media?parent=11750"}],"wp:term":[{"taxonomy":"product_cat","embeddable":true,"href":"https:\/\/sinotrip.net\/fr\/wp-json\/wp\/v2\/product_cat?post=11750"},{"taxonomy":"product_tag","embeddable":true,"href":"https:\/\/sinotrip.net\/fr\/wp-json\/wp\/v2\/product_tag?post=11750"}],"curies":[{"name":"wp","href":"https:\/\/api.w.org\/{rel}","templated":true}]}}