{"id":11770,"date":"2024-09-09T10:11:56","date_gmt":"2024-09-09T10:11:56","guid":{"rendered":"https:\/\/sinotrip.net\/?post_type=product&#038;p=11770"},"modified":"2024-09-09T10:12:20","modified_gmt":"2024-09-09T10:12:20","slug":"yuanmingyuan-park","status":"publish","type":"product","link":"https:\/\/sinotrip.net\/fr\/produit\/yuanmingyuan-park\/","title":{"rendered":"Parc Yuanmingyuan"},"content":{"rendered":"<p><img fetchpriority=\"high\" decoding=\"async\" class=\"alignnone size-medium wp-image-11772\" src=\"https:\/\/sinotrip.net\/wp-content\/uploads\/2024\/09\/Old-Summer-Palace-1-300x300.jpg\" alt=\"\" width=\"300\" height=\"300\" srcset=\"https:\/\/sinotrip.net\/wp-content\/uploads\/2024\/09\/Old-Summer-Palace-1-300x300.jpg 300w, https:\/\/sinotrip.net\/wp-content\/uploads\/2024\/09\/Old-Summer-Palace-1-150x150.jpg 150w, https:\/\/sinotrip.net\/wp-content\/uploads\/2024\/09\/Old-Summer-Palace-1.jpg 500w\" sizes=\"(max-width: 300px) 100vw, 300px\" \/> <img decoding=\"async\" class=\"alignnone size-medium wp-image-11773\" src=\"https:\/\/sinotrip.net\/wp-content\/uploads\/2024\/09\/Old-Summer-Palace-2-300x300.jpg\" alt=\"\" width=\"300\" height=\"300\" srcset=\"https:\/\/sinotrip.net\/wp-content\/uploads\/2024\/09\/Old-Summer-Palace-2-300x300.jpg 300w, https:\/\/sinotrip.net\/wp-content\/uploads\/2024\/09\/Old-Summer-Palace-2-150x150.jpg 150w, https:\/\/sinotrip.net\/wp-content\/uploads\/2024\/09\/Old-Summer-Palace-2.jpg 500w\" sizes=\"(max-width: 300px) 100vw, 300px\" \/><br \/>\n<img decoding=\"async\" class=\"alignnone size-medium wp-image-11774\" src=\"https:\/\/sinotrip.net\/wp-content\/uploads\/2024\/09\/Old-Summer-Palace-3-300x300.jpg\" alt=\"\" width=\"300\" height=\"300\" srcset=\"https:\/\/sinotrip.net\/wp-content\/uploads\/2024\/09\/Old-Summer-Palace-3-300x300.jpg 300w, https:\/\/sinotrip.net\/wp-content\/uploads\/2024\/09\/Old-Summer-Palace-3-150x150.jpg 150w, https:\/\/sinotrip.net\/wp-content\/uploads\/2024\/09\/Old-Summer-Palace-3.jpg 500w\" sizes=\"(max-width: 300px) 100vw, 300px\" \/> <img loading=\"lazy\" decoding=\"async\" class=\"alignnone size-medium wp-image-11775\" src=\"https:\/\/sinotrip.net\/wp-content\/uploads\/2024\/09\/Old-Summer-Palace-4-300x300.jpg\" alt=\"\" width=\"300\" height=\"300\" srcset=\"https:\/\/sinotrip.net\/wp-content\/uploads\/2024\/09\/Old-Summer-Palace-4-300x300.jpg 300w, https:\/\/sinotrip.net\/wp-content\/uploads\/2024\/09\/Old-Summer-Palace-4-150x150.jpg 150w, https:\/\/sinotrip.net\/wp-content\/uploads\/2024\/09\/Old-Summer-Palace-4.jpg 500w\" sizes=\"(max-width: 300px) 100vw, 300px\" \/><br \/>\nL'ancien palais d'\u00e9t\u00e9 est un c\u00e9l\u00e8bre jardin royal construit sous la dynastie Qing. Il se compose de trois parties : l'ancien palais d'\u00e9t\u00e9, le jardin de Changchun et le jardin de Qichun. D'une grande beaut\u00e9 historique, il est connu sous le nom de \"Jardin des dix mille jardins\". En 1860, les forces alli\u00e9es britanniques et fran\u00e7aises ont r\u00e9duit en cendres les principaux b\u00e2timents. Aujourd'hui, les touristes ne peuvent que se recueillir sur les d\u00e9combres et rechercher l'empire glorieux de cette ann\u00e9e-l\u00e0. Si votre imagination ne suffit pas, vous pouvez vous rendre \u00e0 l'\"Exposition de maquettes panoramiques de l'ancien palais d'\u00e9t\u00e9 \u00e0 son apog\u00e9e\" dans le jardin de Changchun et vivre l'\u00e9v\u00e9nement grandiose de cette ann\u00e9e-l\u00e0 gr\u00e2ce aux explications du guide.<\/p>","protected":false},"excerpt":{"rendered":"<p>Parc de Yuanmingyuan : les ruines historiques et les jardins anim\u00e9s de l'ancien palais d'\u00e9t\u00e9 offrent un aper\u00e7u du pass\u00e9 de la Chine imp\u00e9riale.<\/p>","protected":false},"featured_media":11771,"comment_status":"open","ping_status":"closed","template":"","meta":[],"product_cat":[15,94],"product_tag":[101,99,100],"class_list":{"0":"post-11770","1":"product","2":"type-product","3":"status-publish","4":"has-post-thumbnail","6":"product_cat-city","7":"product_cat-peking","8":"product_tag-group-travel","9":"product_tag-number-of-days-to-visit-3-5-days","10":"product_tag-self-driving-tours","12":"first","13":"instock","14":"featured","15":"shipping-taxable","16":"purchasable","17":"product-type-simple"},"aioseo_notices":[],"_links":{"self":[{"href":"https:\/\/sinotrip.net\/fr\/wp-json\/wp\/v2\/product\/11770","targetHints":{"allow":["GET"]}}],"collection":[{"href":"https:\/\/sinotrip.net\/fr\/wp-json\/wp\/v2\/product"}],"about":[{"href":"https:\/\/sinotrip.net\/fr\/wp-json\/wp\/v2\/types\/product"}],"replies":[{"embeddable":true,"href":"https:\/\/sinotrip.net\/fr\/wp-json\/wp\/v2\/comments?post=11770"}],"wp:featuredmedia":[{"embeddable":true,"href":"https:\/\/sinotrip.net\/fr\/wp-json\/wp\/v2\/media\/11771"}],"wp:attachment":[{"href":"https:\/\/sinotrip.net\/fr\/wp-json\/wp\/v2\/media?parent=11770"}],"wp:term":[{"taxonomy":"product_cat","embeddable":true,"href":"https:\/\/sinotrip.net\/fr\/wp-json\/wp\/v2\/product_cat?post=11770"},{"taxonomy":"product_tag","embeddable":true,"href":"https:\/\/sinotrip.net\/fr\/wp-json\/wp\/v2\/product_tag?post=11770"}],"curies":[{"name":"wp","href":"https:\/\/api.w.org\/{rel}","templated":true}]}}