{"id":12075,"date":"2024-12-24T09:39:20","date_gmt":"2024-12-24T09:39:20","guid":{"rendered":"https:\/\/sinotrip.net\/?post_type=product&#038;p=12075"},"modified":"2025-01-04T08:58:05","modified_gmt":"2025-01-04T08:58:05","slug":"zhangjiajie-tour-avatars-floating-mountains","status":"publish","type":"product","link":"https:\/\/sinotrip.net\/fr\/produit\/zhangjiajie-tour-avatars-floating-mountains\/","title":{"rendered":"Circuit de 2 jours en mini-groupe \u00e0 Zhangjiajie, sans achats"},"content":{"rendered":"<p><img fetchpriority=\"high\" decoding=\"async\" class=\"aligncenter wp-image-12099 size-large\" src=\"https:\/\/sinotrip.net\/wp-content\/uploads\/2024\/12\/zhangjiajie-1024x640.jpg\" alt=\"zhangjiajie-mountains\" width=\"640\" height=\"400\" srcset=\"https:\/\/sinotrip.net\/wp-content\/uploads\/2024\/12\/zhangjiajie-1024x640.jpg 1024w, https:\/\/sinotrip.net\/wp-content\/uploads\/2024\/12\/zhangjiajie-300x188.jpg 300w, https:\/\/sinotrip.net\/wp-content\/uploads\/2024\/12\/zhangjiajie-768x480.jpg 768w, https:\/\/sinotrip.net\/wp-content\/uploads\/2024\/12\/zhangjiajie-18x12.jpg 18w, https:\/\/sinotrip.net\/wp-content\/uploads\/2024\/12\/zhangjiajie-600x375.jpg 600w, https:\/\/sinotrip.net\/wp-content\/uploads\/2024\/12\/zhangjiajie.jpg 1280w\" sizes=\"(max-width: 640px) 100vw, 640px\" \/><\/p>\n<p>Zhangjiajie, site du patrimoine mondial et g\u00e9oparc mondial, est un \u00e9trange chef-d'\u0153uvre de M\u00e8re Nature. C'est une destination privil\u00e9gi\u00e9e pour les voyageurs du monde entier. Lors de nos visites priv\u00e9es \u00e0 Zhangjiajie, vous verrez les \"montagnes flottantes d'Avatar\" dans la r\u00e9alit\u00e9 et ferez une promenade passionnante sur le pont de verre le plus long et le plus haut du monde. Vous admirerez le paysage naturel dans toute sa splendeur.<\/p>\n<p><img decoding=\"async\" class=\"aligncenter wp-image-12097 size-large\" src=\"https:\/\/sinotrip.net\/wp-content\/uploads\/2024\/12\/zhangjiajieglassbridge-1024x640.jpg\" alt=\"zhangjiajie-glass-bridge\" width=\"640\" height=\"400\" srcset=\"https:\/\/sinotrip.net\/wp-content\/uploads\/2024\/12\/zhangjiajieglassbridge-1024x640.jpg 1024w, https:\/\/sinotrip.net\/wp-content\/uploads\/2024\/12\/zhangjiajieglassbridge-300x188.jpg 300w, https:\/\/sinotrip.net\/wp-content\/uploads\/2024\/12\/zhangjiajieglassbridge-768x480.jpg 768w, https:\/\/sinotrip.net\/wp-content\/uploads\/2024\/12\/zhangjiajieglassbridge-18x12.jpg 18w, https:\/\/sinotrip.net\/wp-content\/uploads\/2024\/12\/zhangjiajieglassbridge-600x375.jpg 600w, https:\/\/sinotrip.net\/wp-content\/uploads\/2024\/12\/zhangjiajieglassbridge.jpg 1280w\" sizes=\"(max-width: 640px) 100vw, 640px\" \/><\/p>\n<p>Rejoignez un petit groupe d'environ six personnes pour un voyage personnalis\u00e9 et immersif \u00e0 travers les paysages \u00e9poustouflants de Zhangjiajie. Avec plus d'attention et de soin de la part de votre guide, vous d\u00e9couvrirez les attractions les plus embl\u00e9matiques de la r\u00e9gion sans les distractions des arr\u00eats shopping ou des visites optionnelles, garantissant ainsi une exp\u00e9rience touristique pure.<\/p>\n<p>Commencez votre aventure par un tour dans l'ascenseur Bailong, le plus haut ascenseur \u00e0 flanc de falaise du monde, pour une vue imprenable sur les majestueux pics karstiques de Zhangjiajie. Entrez dans le monde fantastique de Pandora, anim\u00e9 par l'imposante montagne Hallelujah, c\u00e9l\u00e8bre dans le film Avatar.<\/p>\n<p>Sentez le frisson en vous promenant sur le pont de verre, suspendu au-dessus du Grand Canyon de Zhangjiajie, offrant une vue panoramique sur le paysage naturel grandiose en contrebas. Puis, d\u00e9tendez-vous en faisant une randonn\u00e9e le long du Golden Whip Stream, r\u00e9put\u00e9 pour \u00eatre l'une des plus belles vall\u00e9es du monde, entour\u00e9 d'une verdure luxuriante et de falaises spectaculaires.<\/p>\n<p>Sans distractions commerciales ni visites optionnelles hors de prix, ce voyage est con\u00e7u pour se concentrer uniquement sur la beaut\u00e9 naturelle in\u00e9gal\u00e9e de la r\u00e9gion et sur ses points forts culturels, ce qui en fait une exp\u00e9rience vraiment inoubliable.<\/p>\n<p>&nbsp;<\/p>","protected":false},"excerpt":{"rendered":"<p>Zhangjiajie, site du patrimoine mondial et g\u00e9oparc mondial, est un \u00e9trange chef-d'\u0153uvre de M\u00e8re Nature. C'est une destination privil\u00e9gi\u00e9e pour les voyageurs du monde entier. Lors de nos visites priv\u00e9es \u00e0 Zhangjiajie, vous verrez les \"montagnes flottantes d'Avatar\" dans la r\u00e9alit\u00e9 et ferez une promenade passionnante sur le pont de verre le plus long et le plus haut du monde. Vous admirerez le paysage naturel dans toute sa splendeur.<\/p>","protected":false},"featured_media":12117,"comment_status":"open","ping_status":"closed","template":"","meta":[],"product_cat":[15,96],"product_tag":[101,99,100],"class_list":{"0":"post-12075","1":"product","2":"type-product","3":"status-publish","4":"has-post-thumbnail","6":"product_cat-city","7":"product_cat-hunan","8":"product_tag-group-travel","9":"product_tag-number-of-days-to-visit-3-5-days","10":"product_tag-self-driving-tours","12":"first","13":"instock","14":"shipping-taxable","15":"purchasable","16":"product-type-simple"},"aioseo_notices":[],"_links":{"self":[{"href":"https:\/\/sinotrip.net\/fr\/wp-json\/wp\/v2\/product\/12075","targetHints":{"allow":["GET"]}}],"collection":[{"href":"https:\/\/sinotrip.net\/fr\/wp-json\/wp\/v2\/product"}],"about":[{"href":"https:\/\/sinotrip.net\/fr\/wp-json\/wp\/v2\/types\/product"}],"replies":[{"embeddable":true,"href":"https:\/\/sinotrip.net\/fr\/wp-json\/wp\/v2\/comments?post=12075"}],"wp:featuredmedia":[{"embeddable":true,"href":"https:\/\/sinotrip.net\/fr\/wp-json\/wp\/v2\/media\/12117"}],"wp:attachment":[{"href":"https:\/\/sinotrip.net\/fr\/wp-json\/wp\/v2\/media?parent=12075"}],"wp:term":[{"taxonomy":"product_cat","embeddable":true,"href":"https:\/\/sinotrip.net\/fr\/wp-json\/wp\/v2\/product_cat?post=12075"},{"taxonomy":"product_tag","embeddable":true,"href":"https:\/\/sinotrip.net\/fr\/wp-json\/wp\/v2\/product_tag?post=12075"}],"curies":[{"name":"wp","href":"https:\/\/api.w.org\/{rel}","templated":true}]}}