{"id":12176,"date":"2024-12-27T09:11:50","date_gmt":"2024-12-27T09:11:50","guid":{"rendered":"https:\/\/sinotrip.net\/?post_type=product&#038;p=12176"},"modified":"2024-12-27T09:11:50","modified_gmt":"2024-12-27T09:11:50","slug":"zhangjiajie-mini-group-day-tour-no-shopping","status":"publish","type":"product","link":"https:\/\/sinotrip.net\/fr\/produit\/zhangjiajie-mini-group-day-tour-no-shopping\/","title":{"rendered":"Excursion d'une journ\u00e9e en mini groupe \u00e0 Zhangjiajie, sans achats"},"content":{"rendered":"<p><img fetchpriority=\"high\" decoding=\"async\" class=\"aligncenter size-large wp-image-12177\" src=\"https:\/\/sinotrip.net\/wp-content\/uploads\/2024\/12\/cable-car-1024x640.png\" alt=\"cable-car\" width=\"640\" height=\"400\" srcset=\"https:\/\/sinotrip.net\/wp-content\/uploads\/2024\/12\/cable-car-1024x640.png 1024w, https:\/\/sinotrip.net\/wp-content\/uploads\/2024\/12\/cable-car-300x188.png 300w, https:\/\/sinotrip.net\/wp-content\/uploads\/2024\/12\/cable-car-768x480.png 768w, https:\/\/sinotrip.net\/wp-content\/uploads\/2024\/12\/cable-car-18x12.png 18w, https:\/\/sinotrip.net\/wp-content\/uploads\/2024\/12\/cable-car-600x375.png 600w, https:\/\/sinotrip.net\/wp-content\/uploads\/2024\/12\/cable-car.png 1280w\" sizes=\"(max-width: 640px) 100vw, 640px\" \/><\/p>\n<p>Embarquez pour une aventure intime avec un petit groupe d'environ six personnes, ce qui vous garantit une exp\u00e9rience plus personnalis\u00e9e et plus attentive tout au long de votre voyage. Ce circuit soigneusement con\u00e7u se concentre sur la beaut\u00e9 naturelle \u00e0 couper le souffle de Zhangjiajie, sans les interruptions des arr\u00eats shopping ou les ajouts inutiles, vous offrant ainsi une aventure touristique vraiment pure.<\/p>\n<p><img decoding=\"async\" class=\"aligncenter size-large wp-image-12179\" src=\"https:\/\/sinotrip.net\/wp-content\/uploads\/2024\/12\/sun-mountain-1024x640.png\" alt=\"sun-mountain\" width=\"640\" height=\"400\" srcset=\"https:\/\/sinotrip.net\/wp-content\/uploads\/2024\/12\/sun-mountain-1024x640.png 1024w, https:\/\/sinotrip.net\/wp-content\/uploads\/2024\/12\/sun-mountain-300x188.png 300w, https:\/\/sinotrip.net\/wp-content\/uploads\/2024\/12\/sun-mountain-768x480.png 768w, https:\/\/sinotrip.net\/wp-content\/uploads\/2024\/12\/sun-mountain-18x12.png 18w, https:\/\/sinotrip.net\/wp-content\/uploads\/2024\/12\/sun-mountain-600x375.png 600w, https:\/\/sinotrip.net\/wp-content\/uploads\/2024\/12\/sun-mountain.png 1280w\" sizes=\"(max-width: 640px) 100vw, 640px\" \/><\/p>\n<p>Commencez votre voyage en empruntant l'ascenseur le plus haut du monde, l'ascenseur Bailong, qui vous emm\u00e8ne au c\u0153ur des paysages karstiques embl\u00e9matiques de Zhangjiajie. De l\u00e0, admirez l'impressionnante montagne Hallelujah, c\u00e9l\u00e8bre dans le film Avatar, et impr\u00e9gnez-vous de la beaut\u00e9 \u00e9th\u00e9r\u00e9e qui a inspir\u00e9 sa cr\u00e9ation.<\/p>\n<p>Poursuivez votre exploration \u00e0 Yangjiajie, o\u00f9 se trouve la Grande Muraille naturelle, une formation fascinante de pics de pierre ondulants ressemblant \u00e0 une forteresse construite par la nature elle-m\u00eame. Ce site unique offre un sentiment d'\u00e9merveillement et de tranquillit\u00e9 tandis que vous admirez les vastes paysages vierges.<\/p>\n<p>En fin de journ\u00e9e, vous monterez \u00e0 la montagne Tianzi, o\u00f9 des formations rocheuses aux formes \u00e9tranges se dressent \u00e0 l'horizon. Vous assisterez \u00e0 un coucher de soleil \u00e9poustouflant qui baignera les sommets dans des teintes dor\u00e9es, cr\u00e9ant ainsi un moment id\u00e9al pour terminer la journ\u00e9e.<\/p>\n<p>Sans distractions li\u00e9es au shopping, aux c\u00e9r\u00e9monies du th\u00e9 ou aux visites optionnelles hors de prix, vous gagnerez du temps et maximiserez votre exp\u00e9rience \u00e0 chaque attraction. Cet itin\u00e9raire bien pens\u00e9 vous permet de passer chaque instant entour\u00e9 des merveilles naturelles de Zhangjiajie, ce qui en fait un voyage inoubliable dans l'un des paysages les plus spectaculaires du monde.<\/p>","protected":false},"excerpt":{"rendered":"<p>Embark on an intimate adventure with a small group of about six people, ensuring a more personalized and attentive experience throughout your journey. This carefully curated tour focuses on showcasing the breathtaking natural beauty of Zhangjiajie without the interruptions of shopping stops or unnecessary add-ons, offering you a truly pure sightseeing adventure. Begin your journey [&hellip;]<\/p>","protected":false},"featured_media":12180,"comment_status":"open","ping_status":"closed","template":"","meta":[],"product_cat":[15,96],"product_tag":[101,99,100],"class_list":{"0":"post-12176","1":"product","2":"type-product","3":"status-publish","4":"has-post-thumbnail","6":"product_cat-city","7":"product_cat-hunan","8":"product_tag-group-travel","9":"product_tag-number-of-days-to-visit-3-5-days","10":"product_tag-self-driving-tours","12":"first","13":"instock","14":"shipping-taxable","15":"purchasable","16":"product-type-simple"},"aioseo_notices":[],"_links":{"self":[{"href":"https:\/\/sinotrip.net\/fr\/wp-json\/wp\/v2\/product\/12176","targetHints":{"allow":["GET"]}}],"collection":[{"href":"https:\/\/sinotrip.net\/fr\/wp-json\/wp\/v2\/product"}],"about":[{"href":"https:\/\/sinotrip.net\/fr\/wp-json\/wp\/v2\/types\/product"}],"replies":[{"embeddable":true,"href":"https:\/\/sinotrip.net\/fr\/wp-json\/wp\/v2\/comments?post=12176"}],"wp:featuredmedia":[{"embeddable":true,"href":"https:\/\/sinotrip.net\/fr\/wp-json\/wp\/v2\/media\/12180"}],"wp:attachment":[{"href":"https:\/\/sinotrip.net\/fr\/wp-json\/wp\/v2\/media?parent=12176"}],"wp:term":[{"taxonomy":"product_cat","embeddable":true,"href":"https:\/\/sinotrip.net\/fr\/wp-json\/wp\/v2\/product_cat?post=12176"},{"taxonomy":"product_tag","embeddable":true,"href":"https:\/\/sinotrip.net\/fr\/wp-json\/wp\/v2\/product_tag?post=12176"}],"curies":[{"name":"wp","href":"https:\/\/api.w.org\/{rel}","templated":true}]}}