{"id":12268,"date":"2025-02-27T09:22:38","date_gmt":"2025-02-27T09:22:38","guid":{"rendered":"https:\/\/sinotrip.net\/?post_type=product&#038;p=12268"},"modified":"2025-03-12T09:57:53","modified_gmt":"2025-03-12T09:57:53","slug":"1-day-to-mutianyu-great-wall","status":"publish","type":"product","link":"https:\/\/sinotrip.net\/fr\/produit\/1-day-to-mutianyu-great-wall\/","title":{"rendered":"1 jour \u00e0 la Grande Muraille de Mutianyu"},"content":{"rendered":"<p>Le <a href=\"https:\/\/sinotrip.net\/fr\/\">Grande Muraille de Mutianyu<\/a> est situ\u00e9e dans le district de Huairou, \u00e0 P\u00e9kin. Elle est reli\u00e9e \u00e0 la section Juyongguan de la Grande Muraille \u00e0 l'ouest et \u00e0 la section Gubeikou \u00e0 l'est. Depuis l'Antiquit\u00e9, elle constitue un passage militaire crucial pour la protection de P\u00e9kin et est connue sous le nom de \"cr\u00eate pr\u00e9caire et col magnifique\".<\/p>\n<p><img fetchpriority=\"high\" decoding=\"async\" class=\"aligncenter wp-image-12273\" src=\"https:\/\/sinotrip.net\/wp-content\/uploads\/2025\/02\/1mi36324x8w59hs8kEFA7_W_640_0_R5_Q80.jpg\" alt=\"Great WallGreat Wall\" width=\"295\" height=\"393\" srcset=\"https:\/\/sinotrip.net\/wp-content\/uploads\/2025\/02\/1mi36324x8w59hs8kEFA7_W_640_0_R5_Q80.jpg 640w, https:\/\/sinotrip.net\/wp-content\/uploads\/2025\/02\/1mi36324x8w59hs8kEFA7_W_640_0_R5_Q80-225x300.jpg 225w, https:\/\/sinotrip.net\/wp-content\/uploads\/2025\/02\/1mi36324x8w59hs8kEFA7_W_640_0_R5_Q80-9x12.jpg 9w, https:\/\/sinotrip.net\/wp-content\/uploads\/2025\/02\/1mi36324x8w59hs8kEFA7_W_640_0_R5_Q80-600x800.jpg 600w\" sizes=\"(max-width: 295px) 100vw, 295px\" \/><\/p>\n<p>Les tours de guet de la section Mutianyu de la Grande Muraille sont dens\u00e9ment r\u00e9parties. Dans la section actuellement ouverte de 2 250 m\u00e8tres de la Grande Muraille, il y a 22 tours de guet. Parmi elles, sur une distance de moins de 500 m\u00e8tres entre la plate-forme 1 (Dajiaolou) et la plate-forme 4 (Zhengguan Terrace), il y a 4 tours de guet. Cette r\u00e9partition dense des tours de guet ne se retrouve pas dans d'autres sections de la Grande Muraille.<\/p>\n<p><img decoding=\"async\" class=\"aligncenter wp-image-12274\" src=\"https:\/\/sinotrip.net\/wp-content\/uploads\/2025\/02\/1mi44324x8w5aokhdACC6_W_640_0_R5_Q80.jpg\" alt=\"Great Wall\" width=\"283\" height=\"378\" srcset=\"https:\/\/sinotrip.net\/wp-content\/uploads\/2025\/02\/1mi44324x8w5aokhdACC6_W_640_0_R5_Q80.jpg 640w, https:\/\/sinotrip.net\/wp-content\/uploads\/2025\/02\/1mi44324x8w5aokhdACC6_W_640_0_R5_Q80-225x300.jpg 225w, https:\/\/sinotrip.net\/wp-content\/uploads\/2025\/02\/1mi44324x8w5aokhdACC6_W_640_0_R5_Q80-9x12.jpg 9w, https:\/\/sinotrip.net\/wp-content\/uploads\/2025\/02\/1mi44324x8w5aokhdACC6_W_640_0_R5_Q80-600x800.jpg 600w\" sizes=\"(max-width: 283px) 100vw, 283px\" \/><\/p>\n<p>R\u00e9f\u00e9rence pour les voies d'escalade de la Grande Muraille :<br class=\"container-utlnW2 wrapper-d0Cc1k undefined\" \/>La plupart des touristes montent sur la Grande Muraille en empruntant les chemins d'escalade. Il existe deux chemins dans la zone panoramique, qui partent respectivement des points de contr\u00f4le des billets nord et sud. Depuis le point de contr\u00f4le nord, vous pouvez marcher jusqu'\u00e0 la plate-forme 10 et la plate-forme 8 pour escalader la Grande Muraille ; depuis le point de contr\u00f4le sud, vous pouvez marcher jusqu'\u00e0 la plate-forme 8 et la plate-forme 6 pour escalader la Grande Muraille. Les distances entre les deux chemins sont similaires, environ 1 500 m\u00e8tres. Si vous ne voulez pas d\u00e9penser trop d'\u00e9nergie sur les chemins, vous pouvez choisir de prendre le t\u00e9l\u00e9ph\u00e9rique \u00e0 c\u00f4t\u00e9 du point de contr\u00f4le des billets nord. La station sup\u00e9rieure du t\u00e9l\u00e9ph\u00e9rique se trouve pr\u00e8s du quai 14.<\/p>\n<p><img decoding=\"async\" class=\"aligncenter wp-image-12269\" src=\"https:\/\/sinotrip.net\/wp-content\/uploads\/2025\/02\/1mi2k12000hxkexmmEF09_W_640_0_R5_Q80.jpg\" alt=\"Great Wall\" width=\"252\" height=\"335\" srcset=\"https:\/\/sinotrip.net\/wp-content\/uploads\/2025\/02\/1mi2k12000hxkexmmEF09_W_640_0_R5_Q80.jpg 640w, https:\/\/sinotrip.net\/wp-content\/uploads\/2025\/02\/1mi2k12000hxkexmmEF09_W_640_0_R5_Q80-225x300.jpg 225w, https:\/\/sinotrip.net\/wp-content\/uploads\/2025\/02\/1mi2k12000hxkexmmEF09_W_640_0_R5_Q80-9x12.jpg 9w, https:\/\/sinotrip.net\/wp-content\/uploads\/2025\/02\/1mi2k12000hxkexmmEF09_W_640_0_R5_Q80-600x799.jpg 600w\" sizes=\"(max-width: 252px) 100vw, 252px\" \/><\/p>\n<p>La partie actuellement ouverte de la section Mutianyu de la Grande Muraille mesure environ 2 250 m\u00e8tres de long. L'extr\u00e9mit\u00e9 sud-est est Dajiaolou, la premi\u00e8re plate-forme de Mutianyu. En marchant vers le nord-ouest, vous pouvez atteindre la plate-forme 4 (terrasse Zhengguan) et voir la rare structure o\u00f9 trois tours de guet se tiennent c\u00f4te \u00e0 c\u00f4te sur une seule plate-forme. En continuant \u00e0 avancer, le mur est relativement plat et facile \u00e0 parcourir, et vous pouvez continuer \u00e0 marcher jusqu'\u00e0 la plate-forme 22 \u00e0 l'extr\u00e9mit\u00e9 nord-ouest. Ensuite, vous pouvez prendre le t\u00e9l\u00e9ph\u00e9rique pour descendre de la montagne \u00e0 partir de la plate-forme 14.<\/p>\n<p><img loading=\"lazy\" decoding=\"async\" class=\"aligncenter wp-image-12275\" src=\"https:\/\/sinotrip.net\/wp-content\/uploads\/2025\/02\/1mi1y12000dtxax6pF97D_W_640_0_R5_Q80.jpg\" alt=\"Great Wall\" width=\"344\" height=\"344\" srcset=\"https:\/\/sinotrip.net\/wp-content\/uploads\/2025\/02\/1mi1y12000dtxax6pF97D_W_640_0_R5_Q80.jpg 640w, https:\/\/sinotrip.net\/wp-content\/uploads\/2025\/02\/1mi1y12000dtxax6pF97D_W_640_0_R5_Q80-300x300.jpg 300w, https:\/\/sinotrip.net\/wp-content\/uploads\/2025\/02\/1mi1y12000dtxax6pF97D_W_640_0_R5_Q80-150x150.jpg 150w, https:\/\/sinotrip.net\/wp-content\/uploads\/2025\/02\/1mi1y12000dtxax6pF97D_W_640_0_R5_Q80-12x12.jpg 12w, https:\/\/sinotrip.net\/wp-content\/uploads\/2025\/02\/1mi1y12000dtxax6pF97D_W_640_0_R5_Q80-600x600.jpg 600w\" sizes=\"(max-width: 344px) 100vw, 344px\" \/><\/p>\n<p>Pour une exp\u00e9rience plus paisible, il est recommand\u00e9 de visiter le mus\u00e9e le matin ou en fin d'apr\u00e8s-midi. L'\u00e9clairage \u00e0 ces moments-l\u00e0 est \u00e9galement id\u00e9al pour prendre des photos.<\/p>\n<p>Prenez le t\u00e9l\u00e9ph\u00e9rique ou le t\u00e9l\u00e9si\u00e8ge : Si vous ne voulez pas grimper les pentes abruptes, vous pouvez choisir de prendre le t\u00e9l\u00e9ph\u00e9rique ou le t\u00e9l\u00e9si\u00e8ge. Ces moyens de transport vous conduiront directement \u00e0 la Grande Muraille. Lors de la descente de la montagne, vous pouvez choisir le toboggan, qui est une fa\u00e7on excitante de terminer votre visite ! Prenez le t\u00e9l\u00e9ph\u00e9rique ou le t\u00e9l\u00e9si\u00e8ge : Si vous ne voulez pas grimper les pentes raides, vous pouvez choisir de prendre le t\u00e9l\u00e9ph\u00e9rique ou le t\u00e9l\u00e9si\u00e8ge. Ces moyens de transport vous conduiront directement \u00e0 la Grande Muraille. Pour redescendre de la montagne, vous pouvez opter pour le toboggan, qui est une fa\u00e7on passionnante de terminer votre visite !<\/p>","protected":false},"excerpt":{"rendered":"<p>La section Mutianyu de la Grande Muraille est situ\u00e9e dans le district de Huairou, \u00e0 P\u00e9kin. Elle est reli\u00e9e \u00e0 la section Juyongguan de la Grande Muraille \u00e0 l'ouest et \u00e0 la section Gubeikou \u00e0 l'est. Depuis l'Antiquit\u00e9, il s'agit d'un passage militaire crucial pour la protection de P\u00e9kin, connu sous le nom de \"cr\u00eate pr\u00e9caire et passage magnifique\".<\/p>\n<p>&nbsp;<\/p>","protected":false},"featured_media":12415,"comment_status":"open","ping_status":"closed","template":"","meta":[],"product_cat":[15,112],"product_tag":[115,114],"class_list":{"0":"post-12268","1":"product","2":"type-product","3":"status-publish","4":"has-post-thumbnail","6":"product_cat-city","7":"product_cat-beijing","8":"product_tag-beijing","9":"product_tag-great-wall","11":"first","12":"instock","13":"shipping-taxable","14":"purchasable","15":"product-type-simple"},"aioseo_notices":[],"_links":{"self":[{"href":"https:\/\/sinotrip.net\/fr\/wp-json\/wp\/v2\/product\/12268","targetHints":{"allow":["GET"]}}],"collection":[{"href":"https:\/\/sinotrip.net\/fr\/wp-json\/wp\/v2\/product"}],"about":[{"href":"https:\/\/sinotrip.net\/fr\/wp-json\/wp\/v2\/types\/product"}],"replies":[{"embeddable":true,"href":"https:\/\/sinotrip.net\/fr\/wp-json\/wp\/v2\/comments?post=12268"}],"wp:featuredmedia":[{"embeddable":true,"href":"https:\/\/sinotrip.net\/fr\/wp-json\/wp\/v2\/media\/12415"}],"wp:attachment":[{"href":"https:\/\/sinotrip.net\/fr\/wp-json\/wp\/v2\/media?parent=12268"}],"wp:term":[{"taxonomy":"product_cat","embeddable":true,"href":"https:\/\/sinotrip.net\/fr\/wp-json\/wp\/v2\/product_cat?post=12268"},{"taxonomy":"product_tag","embeddable":true,"href":"https:\/\/sinotrip.net\/fr\/wp-json\/wp\/v2\/product_tag?post=12268"}],"curies":[{"name":"wp","href":"https:\/\/api.w.org\/{rel}","templated":true}]}}