{"id":12288,"date":"2025-02-28T08:09:26","date_gmt":"2025-02-28T08:09:26","guid":{"rendered":"https:\/\/sinotrip.net\/?post_type=product&#038;p=12288"},"modified":"2025-03-12T09:55:21","modified_gmt":"2025-03-12T09:55:21","slug":"peach-blossom-viewing-in-beijing","status":"publish","type":"product","link":"https:\/\/sinotrip.net\/fr\/produit\/peach-blossom-viewing-in-beijing\/","title":{"rendered":"Observation des fleurs de p\u00eacher \u00e0 P\u00e9kin"},"content":{"rendered":"<p>Les fleurs de p\u00eacher, messag\u00e8res du printemps, ajoutent une touche de douceur et de romantisme \u00e0 P\u00e9kin avec leurs d\u00e9licates teintes roses et leurs formes gracieuses. Que ce soit dans les champs ruraux de la p\u00e9riph\u00e9rie ou dans les parcs et les espaces verts de la ville, les fleurs de p\u00eacher sont une source d'inspiration pour les visiteurs. <a href=\"https:\/\/sinotrip.net\/fr\/\">charmantes fleurs de p\u00eacher<\/a> sont omnipr\u00e9sentes. La mer de fleurs de p\u00eacher de Pinggu est r\u00e9put\u00e9e pour son \u00e9tendue et sa beaut\u00e9 \u00e0 couper le souffle, ce qui en fait l'endroit id\u00e9al pour profiter des fleurs.<\/p>\n<p><img fetchpriority=\"high\" decoding=\"async\" class=\"aligncenter size-large wp-image-12292\" src=\"https:\/\/sinotrip.net\/wp-content\/uploads\/2025\/02\/0105t120009dycrgbD158_C_1200_800_Q70-1024x683.jpg\" alt=\"Peach Blossoms in Beijing\" width=\"640\" height=\"427\" srcset=\"https:\/\/sinotrip.net\/wp-content\/uploads\/2025\/02\/0105t120009dycrgbD158_C_1200_800_Q70-1024x683.jpg 1024w, https:\/\/sinotrip.net\/wp-content\/uploads\/2025\/02\/0105t120009dycrgbD158_C_1200_800_Q70-300x200.jpg 300w, https:\/\/sinotrip.net\/wp-content\/uploads\/2025\/02\/0105t120009dycrgbD158_C_1200_800_Q70-768x512.jpg 768w, https:\/\/sinotrip.net\/wp-content\/uploads\/2025\/02\/0105t120009dycrgbD158_C_1200_800_Q70-18x12.jpg 18w, https:\/\/sinotrip.net\/wp-content\/uploads\/2025\/02\/0105t120009dycrgbD158_C_1200_800_Q70-600x400.jpg 600w, https:\/\/sinotrip.net\/wp-content\/uploads\/2025\/02\/0105t120009dycrgbD158_C_1200_800_Q70.jpg 1200w\" sizes=\"(max-width: 640px) 100vw, 640px\" \/><\/p>\n<p>Des centaines de milliers de p\u00eachers fleurissent simultan\u00e9ment, transformant la terre en un paysage de satin rose, donnant aux visiteurs l'impression d'entrer dans un conte de f\u00e9es. Dans des lieux comme le Palais d'\u00e9t\u00e9 et le parc Yuyuantan de la ville, les fleurs de p\u00eacher compl\u00e8tent magnifiquement l'architecture ancienne et les lacs tranquilles, offrant un charme unique. Les visiteurs peuvent se promener le long des sentiers bord\u00e9s de fleurs ou glisser sur des bateaux sur les eaux claires, s'immergeant totalement dans la beaut\u00e9 du printemps et l'\u00e9l\u00e9gance des fleurs de p\u00eacher.<\/p>\n<p><img decoding=\"async\" class=\"aligncenter wp-image-12294\" src=\"https:\/\/sinotrip.net\/wp-content\/uploads\/2025\/02\/41ff136e0261245e33bc2b387ef4ea93c1-1.png\" alt=\"Peach Blossoms in Beijing\" width=\"633\" height=\"402\" srcset=\"https:\/\/sinotrip.net\/wp-content\/uploads\/2025\/02\/41ff136e0261245e33bc2b387ef4ea93c1-1.png 677w, https:\/\/sinotrip.net\/wp-content\/uploads\/2025\/02\/41ff136e0261245e33bc2b387ef4ea93c1-1-300x191.png 300w, https:\/\/sinotrip.net\/wp-content\/uploads\/2025\/02\/41ff136e0261245e33bc2b387ef4ea93c1-1-18x12.png 18w, https:\/\/sinotrip.net\/wp-content\/uploads\/2025\/02\/41ff136e0261245e33bc2b387ef4ea93c1-1-600x381.png 600w\" sizes=\"(max-width: 633px) 100vw, 633px\" \/><\/p>\n<p>Voici une description attrayante pour attirer les visiteurs \u00e0 Peach Blossom Viewing \u00e0 P\u00e9kin :<\/p>\n<hr \/>\n<p><strong>D\u00e9couvrez la beaut\u00e9 de <a href=\"https:\/\/sinotrip.net\/fr\/\">Fleurs de p\u00eacher \u00e0 P\u00e9kin<\/a>: Une escapade printani\u00e8re spectaculaire !<\/strong><\/p>\n<p>Le printemps \u00e0 P\u00e9kin apporte une transformation magique, et il n'y a pas de meilleure fa\u00e7on d'en faire l'exp\u00e9rience qu'en visitant les \u00e9poustouflants jardins de fleurs de p\u00eacher. Alors que la ville se pare de couleurs, les fleurs roses et blanches \u00e9clatantes cr\u00e9ent un spectacle \u00e9poustouflant qui donne l'impression d'entrer dans un conte de f\u00e9es.<\/p>\n<p><img decoding=\"async\" class=\"aligncenter wp-image-12293\" src=\"https:\/\/sinotrip.net\/wp-content\/uploads\/2025\/02\/f699636b13c0bdb0661d3ef4bc43dec9c1.png\" alt=\"Peach Blossoms in Beijing\" width=\"603\" height=\"402\" srcset=\"https:\/\/sinotrip.net\/wp-content\/uploads\/2025\/02\/f699636b13c0bdb0661d3ef4bc43dec9c1.png 693w, https:\/\/sinotrip.net\/wp-content\/uploads\/2025\/02\/f699636b13c0bdb0661d3ef4bc43dec9c1-300x200.png 300w, https:\/\/sinotrip.net\/wp-content\/uploads\/2025\/02\/f699636b13c0bdb0661d3ef4bc43dec9c1-18x12.png 18w, https:\/\/sinotrip.net\/wp-content\/uploads\/2025\/02\/f699636b13c0bdb0661d3ef4bc43dec9c1-600x400.png 600w\" sizes=\"(max-width: 603px) 100vw, 603px\" \/><\/p>\n<p>Les sites d'observation des fleurs de p\u00eacher \u00e0 travers P\u00e9kin offrent non seulement des paysages pittoresques, mais aussi une atmosph\u00e8re paisible, parfaite pour une promenade relaxante ou un pique-nique tranquille sous les fleurs. Que vous soyez un amoureux de la nature ou que vous cherchiez simplement le moment parfait sur Instagram, les fleurs de p\u00eacher vous laisseront en admiration devant la beaut\u00e9 de la nature.<\/p>\n<p><img loading=\"lazy\" decoding=\"async\" class=\"aligncenter wp-image-12291\" src=\"https:\/\/sinotrip.net\/wp-content\/uploads\/2025\/02\/83df5f221794f35437a08c4fa98ce21bc1.png\" alt=\"Peach Blossoms in Beijing\" width=\"557\" height=\"371\" srcset=\"https:\/\/sinotrip.net\/wp-content\/uploads\/2025\/02\/83df5f221794f35437a08c4fa98ce21bc1.png 671w, https:\/\/sinotrip.net\/wp-content\/uploads\/2025\/02\/83df5f221794f35437a08c4fa98ce21bc1-300x200.png 300w, https:\/\/sinotrip.net\/wp-content\/uploads\/2025\/02\/83df5f221794f35437a08c4fa98ce21bc1-18x12.png 18w, https:\/\/sinotrip.net\/wp-content\/uploads\/2025\/02\/83df5f221794f35437a08c4fa98ce21bc1-600x400.png 600w\" sizes=\"(max-width: 557px) 100vw, 557px\" \/><\/p>\n<p>Venez vous immerger dans les images, les odeurs et les couleurs enchanteresses de ce spectacle saisonnier. Les fleurs de p\u00eacher vous appellent. Ne manquez pas l'une des exp\u00e9riences printani\u00e8res les plus captivantes de P\u00e9kin !<\/p>\n<hr \/>\n<p>&nbsp;<\/p>","protected":false},"excerpt":{"rendered":"<p>Les fleurs de p\u00eacher, messag\u00e8res du printemps, ajoutent une touche de douceur et de romantisme \u00e0 P\u00e9kin avec leurs d\u00e9licates teintes roses et leurs formes gracieuses. Que ce soit dans les champs ruraux de la p\u00e9riph\u00e9rie ou dans les parcs et les espaces verts de la ville, les fleurs de p\u00eacher sont une source d'inspiration pour les visiteurs. <a href=\"https:\/\/sinotrip.net\/fr\/\">charmantes fleurs de p\u00eacher<\/a> peuvent \u00eatre trouv\u00e9s partout.<\/p>","protected":false},"featured_media":12416,"comment_status":"open","ping_status":"closed","template":"","meta":[],"product_cat":[15,112],"product_tag":[115,121],"class_list":{"0":"post-12288","1":"product","2":"type-product","3":"status-publish","4":"has-post-thumbnail","6":"product_cat-city","7":"product_cat-beijing","8":"product_tag-beijing","9":"product_tag-hundreds-of-thousands-of-peach","11":"first","12":"instock","13":"shipping-taxable","14":"purchasable","15":"product-type-simple"},"aioseo_notices":[],"_links":{"self":[{"href":"https:\/\/sinotrip.net\/fr\/wp-json\/wp\/v2\/product\/12288","targetHints":{"allow":["GET"]}}],"collection":[{"href":"https:\/\/sinotrip.net\/fr\/wp-json\/wp\/v2\/product"}],"about":[{"href":"https:\/\/sinotrip.net\/fr\/wp-json\/wp\/v2\/types\/product"}],"replies":[{"embeddable":true,"href":"https:\/\/sinotrip.net\/fr\/wp-json\/wp\/v2\/comments?post=12288"}],"wp:featuredmedia":[{"embeddable":true,"href":"https:\/\/sinotrip.net\/fr\/wp-json\/wp\/v2\/media\/12416"}],"wp:attachment":[{"href":"https:\/\/sinotrip.net\/fr\/wp-json\/wp\/v2\/media?parent=12288"}],"wp:term":[{"taxonomy":"product_cat","embeddable":true,"href":"https:\/\/sinotrip.net\/fr\/wp-json\/wp\/v2\/product_cat?post=12288"},{"taxonomy":"product_tag","embeddable":true,"href":"https:\/\/sinotrip.net\/fr\/wp-json\/wp\/v2\/product_tag?post=12288"}],"curies":[{"name":"wp","href":"https:\/\/api.w.org\/{rel}","templated":true}]}}