{"id":12366,"date":"2025-03-04T06:53:17","date_gmt":"2025-03-04T06:53:17","guid":{"rendered":"https:\/\/sinotrip.net\/?post_type=product&#038;p=12366"},"modified":"2025-03-12T09:48:26","modified_gmt":"2025-03-12T09:48:26","slug":"dive-into-the-enchanting-world-of-shanghai-haichang-ocean-park","status":"publish","type":"product","link":"https:\/\/sinotrip.net\/fr\/produit\/dive-into-the-enchanting-world-of-shanghai-haichang-ocean-park\/","title":{"rendered":"Plongez dans le monde enchanteur du parc oc\u00e9anique de Shanghai Haichang !"},"content":{"rendered":"<div data-zone-id=\"0\" data-line-index=\"0\" data-line=\"true\">\n<h1 class=\"heading-h1\"><\/h1>\n<\/div>\n<div data-zone-id=\"0\" data-line-index=\"1\" data-line=\"true\">Vous avez envie d'une aventure qui allie l'\u00e9merveillement, l'excitation et une touche de magie ? Ne cherchez pas plus loin que <a href=\"https:\/\/sinotrip.net\/fr\/\">Parc oc\u00e9anique de Shanghai Haichang<\/a>o\u00f9 un monde de merveilles aquatiques vous attend !<\/div>\n<div data-zone-id=\"0\" data-line-index=\"1\" data-line=\"true\"><\/div>\n<div data-zone-id=\"0\" data-line-index=\"1\" data-line=\"true\"><\/div>\n<h2 data-zone-id=\"0\" data-line-index=\"2\" data-line=\"true\"><b>Un pays aquatique merveilleux<\/b><\/h2>\n<div data-zone-id=\"0\" data-line-index=\"2\" data-line=\"true\"><\/div>\n<div data-zone-id=\"0\" data-line-index=\"2\" data-line=\"true\"><\/div>\n<div data-zone-id=\"0\" data-line-index=\"3\" data-line=\"true\">Entrez dans notre parc et soyez accueillis par un vaste \u00e9ventail de vie marine. Promenez-vous dans nos superbes aquariums, o\u00f9 des poissons color\u00e9s, de gracieuses raies manta et de myst\u00e9rieux requins nagent gracieusement sous vos yeux. L'exposition de m\u00e9duses est un spectacle \u00e0 voir, avec ces cr\u00e9atures \u00e9th\u00e9r\u00e9es qui flottent dans un autre monde de lumi\u00e8re et de mouvement. Approchez-vous des pingouins qui se dandinent sur la glace et observez les lions de mer et les phoques qui s'amusent.<\/div>\n<div data-zone-id=\"0\" data-line-index=\"3\" data-line=\"true\"><img fetchpriority=\"high\" decoding=\"async\" class=\"aligncenter wp-image-12367\" src=\"https:\/\/sinotrip.net\/wp-content\/uploads\/2025\/03\/stingray-swimming-underwater-sting-ray-is-also-called-sea-cats-are-found-temperate-tropical-waters-atlantis-sanya-island-hainan-china_524378-2261.avif\" alt=\"Shanghai Haichang Ocean Park\" width=\"569\" height=\"379\" srcset=\"https:\/\/sinotrip.net\/wp-content\/uploads\/2025\/03\/stingray-swimming-underwater-sting-ray-is-also-called-sea-cats-are-found-temperate-tropical-waters-atlantis-sanya-island-hainan-china_524378-2261.avif 626w, https:\/\/sinotrip.net\/wp-content\/uploads\/2025\/03\/stingray-swimming-underwater-sting-ray-is-also-called-sea-cats-are-found-temperate-tropical-waters-atlantis-sanya-island-hainan-china_524378-2261-300x200.avif 300w, https:\/\/sinotrip.net\/wp-content\/uploads\/2025\/03\/stingray-swimming-underwater-sting-ray-is-also-called-sea-cats-are-found-temperate-tropical-waters-atlantis-sanya-island-hainan-china_524378-2261-18x12.avif 18w, https:\/\/sinotrip.net\/wp-content\/uploads\/2025\/03\/stingray-swimming-underwater-sting-ray-is-also-called-sea-cats-are-found-temperate-tropical-waters-atlantis-sanya-island-hainan-china_524378-2261-600x400.avif 600w\" sizes=\"(max-width: 569px) 100vw, 569px\" \/><\/div>\n<div data-zone-id=\"0\" data-line-index=\"3\" data-line=\"true\"><\/div>\n<div data-zone-id=\"0\" data-line-index=\"3\" data-line=\"true\"><\/div>\n<h2 data-zone-id=\"0\" data-line-index=\"4\" data-line=\"true\"><b>Man\u00e8ges et attractions \u00e0 sensations<\/b><\/h2>\n<div data-zone-id=\"0\" data-line-index=\"4\" data-line=\"true\"><\/div>\n<div data-zone-id=\"0\" data-line-index=\"4\" data-line=\"true\"><\/div>\n<div data-zone-id=\"0\" data-line-index=\"5\" data-line=\"true\">Il n'y a pas que la vie marine ! Le Shanghai Haichang Ocean Park propose une multitude de man\u00e8ges \u00e0 sensations fortes pour les amateurs d'adr\u00e9naline. Plongez dans nos montagnes russes \u00e0 grande vitesse qui tournent et virent, offrant des vues \u00e0 couper le souffle sur le parc et l'oc\u00e9an. Pour ceux qui pr\u00e9f\u00e8rent une exp\u00e9rience plus douce, notre grande roue offre un moyen relaxant de s'impr\u00e9gner du paysage. Il y a aussi des attractions familiales, comme le carrousel, parfaites pour cr\u00e9er des souvenirs avec vos proches.<\/div>\n<div data-zone-id=\"0\" data-line-index=\"5\" data-line=\"true\"><img decoding=\"async\" class=\"aligncenter wp-image-12368\" src=\"https:\/\/sinotrip.net\/wp-content\/uploads\/2025\/03\/roller-coaster-korea-park_74190-4247.avif\" alt=\"Shanghai Haichang Ocean Park\" width=\"575\" height=\"384\" srcset=\"https:\/\/sinotrip.net\/wp-content\/uploads\/2025\/03\/roller-coaster-korea-park_74190-4247.avif 626w, https:\/\/sinotrip.net\/wp-content\/uploads\/2025\/03\/roller-coaster-korea-park_74190-4247-300x200.avif 300w, https:\/\/sinotrip.net\/wp-content\/uploads\/2025\/03\/roller-coaster-korea-park_74190-4247-18x12.avif 18w, https:\/\/sinotrip.net\/wp-content\/uploads\/2025\/03\/roller-coaster-korea-park_74190-4247-600x401.avif 600w\" sizes=\"(max-width: 575px) 100vw, 575px\" \/><\/div>\n<div data-zone-id=\"0\" data-line-index=\"5\" data-line=\"true\"><\/div>\n<div data-zone-id=\"0\" data-line-index=\"5\" data-line=\"true\"><\/div>\n<h2 data-zone-id=\"0\" data-line-index=\"6\" data-line=\"true\"><b>Spectacles spectaculaires<\/b><\/h2>\n<div data-zone-id=\"0\" data-line-index=\"6\" data-line=\"true\"><\/div>\n<div data-zone-id=\"0\" data-line-index=\"6\" data-line=\"true\"><\/div>\n<div data-zone-id=\"0\" data-line-index=\"7\" data-line=\"true\">Pr\u00e9parez-vous \u00e0 \u00eatre \u00e9bloui par nos spectacles de classe mondiale. Les spectacles de dauphins et de baleines sont incontournables. Ces cr\u00e9atures intelligentes y r\u00e9alisent des prouesses acrobatiques \u00e9tonnantes, sautent hors de l'eau et interagissent avec leurs dresseurs. Le spectacle des lions de mer est tout aussi divertissant, plein de com\u00e9die et de charme, les lions de mer montrant leurs talents. Ces spectacles ne sont pas seulement amusants, ils sont aussi \u00e9ducatifs, car ils vous font comprendre l'importance de la conservation du milieu marin.<\/div>\n<div data-zone-id=\"0\" data-line-index=\"7\" data-line=\"true\"><img decoding=\"async\" class=\"aligncenter wp-image-12373\" src=\"https:\/\/sinotrip.net\/wp-content\/uploads\/2025\/03\/1lo6d12000dcbmjsp1692_C_1200_800_Q70-1024x683.jpg\" alt=\"Shanghai Haichang Ocean Park\" width=\"573\" height=\"382\" srcset=\"https:\/\/sinotrip.net\/wp-content\/uploads\/2025\/03\/1lo6d12000dcbmjsp1692_C_1200_800_Q70-1024x683.jpg 1024w, https:\/\/sinotrip.net\/wp-content\/uploads\/2025\/03\/1lo6d12000dcbmjsp1692_C_1200_800_Q70-300x200.jpg 300w, https:\/\/sinotrip.net\/wp-content\/uploads\/2025\/03\/1lo6d12000dcbmjsp1692_C_1200_800_Q70-768x512.jpg 768w, https:\/\/sinotrip.net\/wp-content\/uploads\/2025\/03\/1lo6d12000dcbmjsp1692_C_1200_800_Q70-18x12.jpg 18w, https:\/\/sinotrip.net\/wp-content\/uploads\/2025\/03\/1lo6d12000dcbmjsp1692_C_1200_800_Q70-600x400.jpg 600w, https:\/\/sinotrip.net\/wp-content\/uploads\/2025\/03\/1lo6d12000dcbmjsp1692_C_1200_800_Q70.jpg 1200w\" sizes=\"(max-width: 573px) 100vw, 573px\" \/><\/div>\n<div data-zone-id=\"0\" data-line-index=\"7\" data-line=\"true\"><\/div>\n<div data-zone-id=\"0\" data-line-index=\"7\" data-line=\"true\"><\/div>\n<h2 data-zone-id=\"0\" data-line-index=\"8\" data-line=\"true\"><b>Exp\u00e9riences interactives<\/b><\/h2>\n<div data-zone-id=\"0\" data-line-index=\"8\" data-line=\"true\"><\/div>\n<div data-zone-id=\"0\" data-line-index=\"8\" data-line=\"true\"><\/div>\n<div data-zone-id=\"0\" data-line-index=\"9\" data-line=\"true\">Nous tenons \u00e0 ce que votre visite soit aussi immersive que possible. Participez \u00e0 nos visites des coulisses et d\u00e9couvrez comment notre \u00e9quipe s'occupe des animaux marins. Vous aurez m\u00eame l'occasion de nourrir certains d'entre eux sous la supervision de nos experts. Nos ateliers sur le th\u00e8me de l'oc\u00e9an sont parfaits pour les enfants comme pour les adultes. Ils vous permettront d'en apprendre davantage sur la biologie marine et de cr\u00e9er vos propres objets inspir\u00e9s de l'oc\u00e9an.<\/div>\n<div data-zone-id=\"0\" data-line-index=\"9\" data-line=\"true\"><img loading=\"lazy\" decoding=\"async\" class=\"aligncenter wp-image-12372\" src=\"https:\/\/sinotrip.net\/wp-content\/uploads\/2025\/03\/1lo3312000d2mvp8zFEB7_C_1200_800_Q70-1024x683.png\" alt=\"Shanghai Haichang Ocean Park\" width=\"565\" height=\"377\" srcset=\"https:\/\/sinotrip.net\/wp-content\/uploads\/2025\/03\/1lo3312000d2mvp8zFEB7_C_1200_800_Q70-1024x683.png 1024w, https:\/\/sinotrip.net\/wp-content\/uploads\/2025\/03\/1lo3312000d2mvp8zFEB7_C_1200_800_Q70-300x200.png 300w, https:\/\/sinotrip.net\/wp-content\/uploads\/2025\/03\/1lo3312000d2mvp8zFEB7_C_1200_800_Q70-768x512.png 768w, https:\/\/sinotrip.net\/wp-content\/uploads\/2025\/03\/1lo3312000d2mvp8zFEB7_C_1200_800_Q70-18x12.png 18w, https:\/\/sinotrip.net\/wp-content\/uploads\/2025\/03\/1lo3312000d2mvp8zFEB7_C_1200_800_Q70-600x400.png 600w, https:\/\/sinotrip.net\/wp-content\/uploads\/2025\/03\/1lo3312000d2mvp8zFEB7_C_1200_800_Q70.png 1200w\" sizes=\"(max-width: 565px) 100vw, 565px\" \/><\/div>\n<div data-zone-id=\"0\" data-line-index=\"9\" data-line=\"true\"><\/div>\n<div data-zone-id=\"0\" data-line-index=\"9\" data-line=\"true\"><\/div>\n<h2 data-zone-id=\"0\" data-line-index=\"10\" data-line=\"true\"><b>Plaisirs culinaires et shopping<\/b><\/h2>\n<div data-zone-id=\"0\" data-line-index=\"10\" data-line=\"true\"><\/div>\n<div data-zone-id=\"0\" data-line-index=\"10\" data-line=\"true\"><\/div>\n<div data-zone-id=\"0\" data-line-index=\"11\" data-line=\"true\">Apr\u00e8s une journ\u00e9e d'exploration, vous pourrez satisfaire vos papilles gustatives dans nos divers restaurants. Des fruits de mer frais \u00e0 la cuisine internationale, il y en a pour tous les palais. N'oubliez pas de vous arr\u00eater dans nos boutiques de souvenirs, o\u00f9 vous pourrez acheter des articles uniques qui vous rappelleront votre journ\u00e9e magique au Shanghai Haichang Ocean Park.<\/div>\n<div data-zone-id=\"0\" data-line-index=\"11\" data-line=\"true\"><img loading=\"lazy\" decoding=\"async\" class=\"aligncenter wp-image-12370\" src=\"https:\/\/sinotrip.net\/wp-content\/uploads\/2025\/03\/ferris-wheel-with-cityscape-background_1359-331.avif\" alt=\"Shanghai Haichang Ocean Park\" width=\"540\" height=\"540\" srcset=\"https:\/\/sinotrip.net\/wp-content\/uploads\/2025\/03\/ferris-wheel-with-cityscape-background_1359-331.avif 626w, https:\/\/sinotrip.net\/wp-content\/uploads\/2025\/03\/ferris-wheel-with-cityscape-background_1359-331-300x300.avif 300w, https:\/\/sinotrip.net\/wp-content\/uploads\/2025\/03\/ferris-wheel-with-cityscape-background_1359-331-150x150.avif 150w, https:\/\/sinotrip.net\/wp-content\/uploads\/2025\/03\/ferris-wheel-with-cityscape-background_1359-331-12x12.avif 12w, https:\/\/sinotrip.net\/wp-content\/uploads\/2025\/03\/ferris-wheel-with-cityscape-background_1359-331-600x600.avif 600w\" sizes=\"(max-width: 540px) 100vw, 540px\" \/><\/div>\n<div data-zone-id=\"0\" data-line-index=\"12\" data-line=\"true\">Que vous soyez une famille \u00e0 la recherche d'une journ\u00e9e amusante, un couple \u00e0 la recherche d'une exp\u00e9rience romantique ou un amateur d'aventure en qu\u00eate de nouvelles sensations, le Shanghai Haichang Ocean Park a tout ce qu'il vous faut. Venez cr\u00e9er des souvenirs qui dureront toute une vie. R\u00e9servez vos billets d\u00e8s maintenant et embarquez pour un voyage inoubliable au c\u0153ur de l'oc\u00e9an !<\/div>\n<div data-zone-id=\"0\" data-line-index=\"13\" data-line=\"true\"><\/div>","protected":false},"excerpt":{"rendered":"<p>Vous avez envie d'une aventure qui allie l'\u00e9merveillement, l'excitation et une touche de magie ? Ne cherchez pas plus loin que <a href=\"https:\/\/sinotrip.net\/fr\/\">Parc oc\u00e9anique de Shanghai Haichang<\/a>o\u00f9 un monde de merveilles aquatiques vous attend !<\/p>","protected":false},"featured_media":12412,"comment_status":"open","ping_status":"closed","template":"","meta":[],"product_cat":[15],"product_tag":[128,132],"class_list":{"0":"post-12366","1":"product","2":"type-product","3":"status-publish","4":"has-post-thumbnail","6":"product_cat-city","7":"product_tag-shanghai","8":"product_tag-shanghai-haichang-ocean-park","10":"first","11":"instock","12":"shipping-taxable","13":"purchasable","14":"product-type-simple"},"aioseo_notices":[],"_links":{"self":[{"href":"https:\/\/sinotrip.net\/fr\/wp-json\/wp\/v2\/product\/12366","targetHints":{"allow":["GET"]}}],"collection":[{"href":"https:\/\/sinotrip.net\/fr\/wp-json\/wp\/v2\/product"}],"about":[{"href":"https:\/\/sinotrip.net\/fr\/wp-json\/wp\/v2\/types\/product"}],"replies":[{"embeddable":true,"href":"https:\/\/sinotrip.net\/fr\/wp-json\/wp\/v2\/comments?post=12366"}],"wp:featuredmedia":[{"embeddable":true,"href":"https:\/\/sinotrip.net\/fr\/wp-json\/wp\/v2\/media\/12412"}],"wp:attachment":[{"href":"https:\/\/sinotrip.net\/fr\/wp-json\/wp\/v2\/media?parent=12366"}],"wp:term":[{"taxonomy":"product_cat","embeddable":true,"href":"https:\/\/sinotrip.net\/fr\/wp-json\/wp\/v2\/product_cat?post=12366"},{"taxonomy":"product_tag","embeddable":true,"href":"https:\/\/sinotrip.net\/fr\/wp-json\/wp\/v2\/product_tag?post=12366"}],"curies":[{"name":"wp","href":"https:\/\/api.w.org\/{rel}","templated":true}]}}