{"id":12444,"date":"2025-03-12T08:28:15","date_gmt":"2025-03-12T08:28:15","guid":{"rendered":"https:\/\/sinotrip.net\/?post_type=product&#038;p=12444"},"modified":"2025-03-13T08:48:20","modified_gmt":"2025-03-13T08:48:20","slug":"mount-emei-day-tour","status":"publish","type":"product","link":"https:\/\/sinotrip.net\/fr\/produit\/mount-emei-day-tour\/","title":{"rendered":"Excursion d'une journ\u00e9e au Mont Emei"},"content":{"rendered":"<p>La journ\u00e9e d'aujourd'hui promet une aventure inoubliable avec l'ascension du majestueux <a href=\"https:\/\/sinotrip.net\/fr\/\">Mt. Emei<\/a>Le mont Emei atteint son point culminant \u00e0 3 099 m\u00e8tres. Situ\u00e9 au sud-ouest de la plaine de Chengdu, le mont Emei est comme un vaste \u00e9cran de verdure, avec ses paysages luxuriants, sa flore abondante, sa riche culture bouddhiste et ses charmants singes qui ne manqueront pas de captiver vos sens.<\/p>\n<p><img fetchpriority=\"high\" decoding=\"async\" class=\"aligncenter wp-image-12482\" title=\"Mt. Emei\" src=\"https:\/\/sinotrip.net\/wp-content\/uploads\/2025\/03\/a9b47236d7de58b1a663063bbc4e823a.jpeg\" alt=\"Mt. Emei\" width=\"603\" height=\"339\" srcset=\"https:\/\/sinotrip.net\/wp-content\/uploads\/2025\/03\/a9b47236d7de58b1a663063bbc4e823a.jpeg 889w, https:\/\/sinotrip.net\/wp-content\/uploads\/2025\/03\/a9b47236d7de58b1a663063bbc4e823a-300x169.jpeg 300w, https:\/\/sinotrip.net\/wp-content\/uploads\/2025\/03\/a9b47236d7de58b1a663063bbc4e823a-768x432.jpeg 768w, https:\/\/sinotrip.net\/wp-content\/uploads\/2025\/03\/a9b47236d7de58b1a663063bbc4e823a-18x10.jpeg 18w, https:\/\/sinotrip.net\/wp-content\/uploads\/2025\/03\/a9b47236d7de58b1a663063bbc4e823a-600x337.jpeg 600w\" sizes=\"(max-width: 603px) 100vw, 603px\" \/><\/p>\n<p>Votre voyage vous m\u00e8nera \u00e0 l'impressionnant temple de Baoguo, le plus grand temple de la montagne et le c\u0153ur des activit\u00e9s bouddhistes. Envelopp\u00e9 de murs rouge vif et entour\u00e9 d'arbres touffus, ce temple sacr\u00e9 abrite trois magnifiques tr\u00e9sors : l'imposant Bouddha en porcelaine, la cloche de bronze retentissante et l'\u00e9tonnante pagode de bronze Huayan, chacun \u00e9tant un chef-d'\u0153uvre \u00e0 part enti\u00e8re.<\/p>\n<p><img decoding=\"async\" class=\"aligncenter wp-image-12483\" title=\"Mt. Emei\" src=\"https:\/\/sinotrip.net\/wp-content\/uploads\/2025\/03\/7e342be11be513d3ed2e012674602024.jpeg\" alt=\"Mt. Emei\" width=\"560\" height=\"384\" srcset=\"https:\/\/sinotrip.net\/wp-content\/uploads\/2025\/03\/7e342be11be513d3ed2e012674602024.jpeg 569w, https:\/\/sinotrip.net\/wp-content\/uploads\/2025\/03\/7e342be11be513d3ed2e012674602024-300x206.jpeg 300w, https:\/\/sinotrip.net\/wp-content\/uploads\/2025\/03\/7e342be11be513d3ed2e012674602024-18x12.jpeg 18w\" sizes=\"(max-width: 560px) 100vw, 560px\" \/><\/p>\n<p>Vous visiterez ensuite le temple Wannian, un autre joyau du mont Emei. Ici, la salle Wuliang (salle sans poutre) t\u00e9moigne de l'ing\u00e9niosit\u00e9 architecturale. Construit sans une seule poutre ou colonne pendant la dynastie Ming, ce hall reste un exploit remarquable de l'ing\u00e9nierie ancienne.<\/p>\n<p><img decoding=\"async\" class=\"aligncenter wp-image-12484\" title=\"Mt. Emei\" src=\"https:\/\/sinotrip.net\/wp-content\/uploads\/2025\/03\/1f6246e6538f92a06e3650a2969e95e0.jpeg\" alt=\"Mt. Emei\" width=\"549\" height=\"339\" srcset=\"https:\/\/sinotrip.net\/wp-content\/uploads\/2025\/03\/1f6246e6538f92a06e3650a2969e95e0.jpeg 640w, https:\/\/sinotrip.net\/wp-content\/uploads\/2025\/03\/1f6246e6538f92a06e3650a2969e95e0-300x185.jpeg 300w, https:\/\/sinotrip.net\/wp-content\/uploads\/2025\/03\/1f6246e6538f92a06e3650a2969e95e0-18x12.jpeg 18w, https:\/\/sinotrip.net\/wp-content\/uploads\/2025\/03\/1f6246e6538f92a06e3650a2969e95e0-600x370.jpeg 600w\" sizes=\"(max-width: 549px) 100vw, 549px\" \/><\/p>\n<p>\u00c0 la fin de votre visite priv\u00e9e, vous serez ramen\u00e9 \u00e0 Chengdu, o\u00f9 vous pourrez vous d\u00e9tendre et r\u00e9fl\u00e9chir aux incroyables sites de la journ\u00e9e avant de vous installer \u00e0 votre h\u00f4tel. Pr\u00e9parez-vous \u00e0 \u00eatre inspir\u00e9, rajeuni et \u00e9merveill\u00e9 par la beaut\u00e9 et l'histoire du mont Emei. C'est un voyage que vous ne voudrez pas manquer !<\/p>\n<p><img loading=\"lazy\" decoding=\"async\" class=\"aligncenter wp-image-12485\" title=\"Mt. Emei\" src=\"https:\/\/sinotrip.net\/wp-content\/uploads\/2025\/03\/1cc1df7e746340204aa0d8d6a847c25e.jpeg\" alt=\"Mt. Emei\" width=\"526\" height=\"323\" srcset=\"https:\/\/sinotrip.net\/wp-content\/uploads\/2025\/03\/1cc1df7e746340204aa0d8d6a847c25e.jpeg 640w, https:\/\/sinotrip.net\/wp-content\/uploads\/2025\/03\/1cc1df7e746340204aa0d8d6a847c25e-300x184.jpeg 300w, https:\/\/sinotrip.net\/wp-content\/uploads\/2025\/03\/1cc1df7e746340204aa0d8d6a847c25e-18x12.jpeg 18w, https:\/\/sinotrip.net\/wp-content\/uploads\/2025\/03\/1cc1df7e746340204aa0d8d6a847c25e-600x368.jpeg 600w\" sizes=\"(max-width: 526px) 100vw, 526px\" \/><\/p>","protected":false},"excerpt":{"rendered":"<p>La journ\u00e9e d'aujourd'hui promet une aventure inoubliable avec l'ascension du majestueux <a href=\"https:\/\/sinotrip.net\/fr\/\">Mt. Emei<\/a>Le mont Emei atteint son point culminant \u00e0 3 099 m\u00e8tres. Situ\u00e9 au sud-ouest de la plaine de Chengdu, le mont Emei est comme un vaste \u00e9cran de verdure, avec ses paysages luxuriants, sa flore abondante, sa riche culture bouddhiste et ses charmants singes qui ne manqueront pas de captiver vos sens.<\/p>","protected":false},"featured_media":12486,"comment_status":"open","ping_status":"closed","template":"","meta":[],"product_cat":[108,97],"product_tag":[101,135],"class_list":{"0":"post-12444","1":"product","2":"type-product","3":"status-publish","4":"has-post-thumbnail","6":"product_cat-chengdu","7":"product_cat-sichuan","8":"product_tag-group-travel","9":"product_tag-travel","11":"first","12":"instock","13":"shipping-taxable","14":"purchasable","15":"product-type-simple"},"aioseo_notices":[],"_links":{"self":[{"href":"https:\/\/sinotrip.net\/fr\/wp-json\/wp\/v2\/product\/12444","targetHints":{"allow":["GET"]}}],"collection":[{"href":"https:\/\/sinotrip.net\/fr\/wp-json\/wp\/v2\/product"}],"about":[{"href":"https:\/\/sinotrip.net\/fr\/wp-json\/wp\/v2\/types\/product"}],"replies":[{"embeddable":true,"href":"https:\/\/sinotrip.net\/fr\/wp-json\/wp\/v2\/comments?post=12444"}],"wp:featuredmedia":[{"embeddable":true,"href":"https:\/\/sinotrip.net\/fr\/wp-json\/wp\/v2\/media\/12486"}],"wp:attachment":[{"href":"https:\/\/sinotrip.net\/fr\/wp-json\/wp\/v2\/media?parent=12444"}],"wp:term":[{"taxonomy":"product_cat","embeddable":true,"href":"https:\/\/sinotrip.net\/fr\/wp-json\/wp\/v2\/product_cat?post=12444"},{"taxonomy":"product_tag","embeddable":true,"href":"https:\/\/sinotrip.net\/fr\/wp-json\/wp\/v2\/product_tag?post=12444"}],"curies":[{"name":"wp","href":"https:\/\/api.w.org\/{rel}","templated":true}]}}