{"id":12489,"date":"2025-03-13T08:14:12","date_gmt":"2025-03-13T08:14:12","guid":{"rendered":"https:\/\/sinotrip.net\/?post_type=product&#038;p=12489"},"modified":"2025-03-13T08:45:51","modified_gmt":"2025-03-13T08:45:51","slug":"one-day-tour-to-stone-forest-scenic-area","status":"publish","type":"product","link":"https:\/\/sinotrip.net\/fr\/produit\/one-day-tour-to-stone-forest-scenic-area\/","title":{"rendered":"Excursion d'une journ\u00e9e dans la r\u00e9gion panoramique de la for\u00eat de pierre"},"content":{"rendered":"<p>\u00cates-vous pr\u00eat \u00e0 partir \u00e0 la d\u00e9couverte de l'une des merveilles naturelles les plus \u00e9poustouflantes de la plan\u00e8te ? Bienvenue dans la r\u00e9gion panoramique de la for\u00eat de pierre, un site class\u00e9 au patrimoine mondial de l'UNESCO et un chef-d'\u0153uvre de l'art de la nature. Situ\u00e9e au c\u0153ur de la province du Yunnan, en Chine, cette destination impressionnante offre un m\u00e9lange unique de paysages \u00e9poustouflants, de riche patrimoine culturel et d'exp\u00e9riences inoubliables. Que vous soyez un amoureux de la nature, un passionn\u00e9 de photographie ou un voyageur curieux, le site du <a href=\"https:\/\/sinotrip.net\/fr\/\">Zone panoramique de la for\u00eat de pierre<\/a> promet de captiver vos sens et de vous laisser des souvenirs inoubliables.<\/p>\n<p><img fetchpriority=\"high\" decoding=\"async\" class=\"aligncenter wp-image-12495\" title=\"Zone panoramique de la for\u00eat de pierre\" src=\"https:\/\/sinotrip.net\/wp-content\/uploads\/2025\/03\/fd6c8edd6e5524fc6243d6f7865c3df4-1.jpeg\" alt=\"Stone Forest Scenic Area\" width=\"452\" height=\"254\" srcset=\"https:\/\/sinotrip.net\/wp-content\/uploads\/2025\/03\/fd6c8edd6e5524fc6243d6f7865c3df4-1.jpeg 500w, https:\/\/sinotrip.net\/wp-content\/uploads\/2025\/03\/fd6c8edd6e5524fc6243d6f7865c3df4-1-300x169.jpeg 300w, https:\/\/sinotrip.net\/wp-content\/uploads\/2025\/03\/fd6c8edd6e5524fc6243d6f7865c3df4-1-18x10.jpeg 18w\" sizes=\"(max-width: 452px) 100vw, 452px\" \/><\/p>\n<p>La Major Stone Forest est le joyau de la couronne de la r\u00e9gion. Vous y trouverez les formations rocheuses les plus impressionnantes et les plus denses. Promenez-vous dans des sentiers \u00e9troits, \u00e9merveillez-vous devant les formes complexes et d\u00e9couvrez des grottes et des cascades cach\u00e9es. N'oubliez pas de monter sur le pont d'observation pour une vue panoramique \u00e0 couper le souffle !<\/p>\n<p><img decoding=\"async\" class=\"aligncenter wp-image-12494\" title=\"Zone panoramique de la for\u00eat de pierre\" src=\"https:\/\/sinotrip.net\/wp-content\/uploads\/2025\/03\/bff6184315d02814ce7a7d07f0c3d99e-1.jpg\" alt=\"Stone Forest Scenic Area\" width=\"460\" height=\"326\" srcset=\"https:\/\/sinotrip.net\/wp-content\/uploads\/2025\/03\/bff6184315d02814ce7a7d07f0c3d99e-1.jpg 500w, https:\/\/sinotrip.net\/wp-content\/uploads\/2025\/03\/bff6184315d02814ce7a7d07f0c3d99e-1-300x212.jpg 300w, https:\/\/sinotrip.net\/wp-content\/uploads\/2025\/03\/bff6184315d02814ce7a7d07f0c3d99e-1-18x12.jpg 18w\" sizes=\"(max-width: 460px) 100vw, 460px\" \/><\/p>\n<p>Les amateurs d'aventure adoreront la for\u00eat de pierres de Naigu, connue pour son terrain accident\u00e9 et ses paysages spectaculaires. Cette r\u00e9gion offre une randonn\u00e9e plus difficile, r\u00e9compensant les visiteurs par des vues incomparables et un sentiment d'accomplissement.<\/p>\n<p><img decoding=\"async\" class=\"aligncenter wp-image-12491\" title=\"Zone panoramique de la for\u00eat de pierre\" src=\"https:\/\/sinotrip.net\/wp-content\/uploads\/2025\/03\/247b5f526d5cdcf576a929842eb3ba0c-1.jpg\" alt=\"Stone Forest Scenic Area\" width=\"448\" height=\"233\" srcset=\"https:\/\/sinotrip.net\/wp-content\/uploads\/2025\/03\/247b5f526d5cdcf576a929842eb3ba0c-1.jpg 500w, https:\/\/sinotrip.net\/wp-content\/uploads\/2025\/03\/247b5f526d5cdcf576a929842eb3ba0c-1-300x156.jpg 300w, https:\/\/sinotrip.net\/wp-content\/uploads\/2025\/03\/247b5f526d5cdcf576a929842eb3ba0c-1-18x9.jpg 18w\" sizes=\"(max-width: 448px) 100vw, 448px\" \/><\/p>\n<p>Avec ses paysages spectaculaires et sa lumi\u00e8re changeante, la for\u00eat de pierre est un paradis pour les photographes. Capturez la beaut\u00e9 des formations rocheuses, les couleurs vives des costumes Sani et l'atmosph\u00e8re sereine de ce lieu magique.<\/p>\n<p><img loading=\"lazy\" decoding=\"async\" class=\"aligncenter wp-image-12493\" title=\"Zone panoramique de la for\u00eat de pierre\" src=\"https:\/\/sinotrip.net\/wp-content\/uploads\/2025\/03\/5148c410a9ddb20877e902fe0125946a-1.jpg\" alt=\"Stone Forest Scenic Area\" width=\"435\" height=\"326\" srcset=\"https:\/\/sinotrip.net\/wp-content\/uploads\/2025\/03\/5148c410a9ddb20877e902fe0125946a-1.jpg 500w, https:\/\/sinotrip.net\/wp-content\/uploads\/2025\/03\/5148c410a9ddb20877e902fe0125946a-1-300x225.jpg 300w, https:\/\/sinotrip.net\/wp-content\/uploads\/2025\/03\/5148c410a9ddb20877e902fe0125946a-1-16x12.jpg 16w\" sizes=\"(max-width: 435px) 100vw, 435px\" \/><\/p>\n<p>Zone panoramique de la for\u00eat de pierre : Un voyage au c\u0153ur d'un chef-d'\u0153uvre de la nature. R\u00e9servez votre aventure d\u00e8s aujourd'hui !<\/p>\n<p><img loading=\"lazy\" decoding=\"async\" class=\"aligncenter wp-image-12492\" title=\"Zone panoramique de la for\u00eat de pierre\" src=\"https:\/\/sinotrip.net\/wp-content\/uploads\/2025\/03\/573d1ac38da7bd824b534c376c948e51-1.jpg\" alt=\"Stone Forest Scenic AreaStone Forest Scenic Area\" width=\"432\" height=\"271\" srcset=\"https:\/\/sinotrip.net\/wp-content\/uploads\/2025\/03\/573d1ac38da7bd824b534c376c948e51-1.jpg 500w, https:\/\/sinotrip.net\/wp-content\/uploads\/2025\/03\/573d1ac38da7bd824b534c376c948e51-1-300x188.jpg 300w, https:\/\/sinotrip.net\/wp-content\/uploads\/2025\/03\/573d1ac38da7bd824b534c376c948e51-1-18x12.jpg 18w\" sizes=\"(max-width: 432px) 100vw, 432px\" \/><\/p>","protected":false},"excerpt":{"rendered":"<p>Que vous soyez un amoureux de la nature, un passionn\u00e9 de photographie ou un voyageur curieux, les <a href=\"https:\/\/sinotrip.net\/fr\/\">Zone panoramique de la for\u00eat de pierre<\/a> promet de captiver vos sens et de vous laisser des souvenirs inoubliables.<\/p>","protected":false},"featured_media":12496,"comment_status":"open","ping_status":"closed","template":"","meta":[],"product_cat":[113],"product_tag":[101,135],"class_list":{"0":"post-12489","1":"product","2":"type-product","3":"status-publish","4":"has-post-thumbnail","6":"product_cat-yunnan","7":"product_tag-group-travel","8":"product_tag-travel","10":"first","11":"instock","12":"shipping-taxable","13":"purchasable","14":"product-type-simple"},"aioseo_notices":[],"_links":{"self":[{"href":"https:\/\/sinotrip.net\/fr\/wp-json\/wp\/v2\/product\/12489","targetHints":{"allow":["GET"]}}],"collection":[{"href":"https:\/\/sinotrip.net\/fr\/wp-json\/wp\/v2\/product"}],"about":[{"href":"https:\/\/sinotrip.net\/fr\/wp-json\/wp\/v2\/types\/product"}],"replies":[{"embeddable":true,"href":"https:\/\/sinotrip.net\/fr\/wp-json\/wp\/v2\/comments?post=12489"}],"wp:featuredmedia":[{"embeddable":true,"href":"https:\/\/sinotrip.net\/fr\/wp-json\/wp\/v2\/media\/12496"}],"wp:attachment":[{"href":"https:\/\/sinotrip.net\/fr\/wp-json\/wp\/v2\/media?parent=12489"}],"wp:term":[{"taxonomy":"product_cat","embeddable":true,"href":"https:\/\/sinotrip.net\/fr\/wp-json\/wp\/v2\/product_cat?post=12489"},{"taxonomy":"product_tag","embeddable":true,"href":"https:\/\/sinotrip.net\/fr\/wp-json\/wp\/v2\/product_tag?post=12489"}],"curies":[{"name":"wp","href":"https:\/\/api.w.org\/{rel}","templated":true}]}}