{"id":12543,"date":"2025-03-17T08:07:29","date_gmt":"2025-03-17T08:07:29","guid":{"rendered":"https:\/\/sinotrip.net\/?post_type=product&#038;p=12543"},"modified":"2025-03-17T08:13:12","modified_gmt":"2025-03-17T08:13:12","slug":"longji-terraces-where-nature-and-culture-create-a-spectacular-landscape","status":"publish","type":"product","link":"https:\/\/sinotrip.net\/fr\/produit\/longji-terraces-where-nature-and-culture-create-a-spectacular-landscape\/","title":{"rendered":"Terrasses de Longji : L\u00e0 o\u00f9 la nature et la culture cr\u00e9ent un paysage spectaculaire"},"content":{"rendered":"<p>Le <a href=\"https:\/\/sinotrip.net\/fr\/\">Riz Longji<\/a> Les terrasses sont un ensemble de champs en terrasses \u00e0 grande \u00e9chelle \u00e0 Guilin, et les courbes qui se chevauchent sont tr\u00e8s magnifiques. On y trouve plusieurs anciens villages de minorit\u00e9s ethniques, habit\u00e9s par des minorit\u00e9s ethniques telles que les Zhuang et les Yao. Lors de la visite des rizi\u00e8res en terrasses de Longji, les visiteurs se prom\u00e8nent principalement pour admirer le paysage et prendre des photos. Ils peuvent \u00e9galement go\u00fbter aux plats locaux et d\u00e9couvrir les coutumes des minorit\u00e9s ethniques.<\/p>\n<p>&nbsp;<\/p>\n<p><img fetchpriority=\"high\" decoding=\"async\" class=\"aligncenter wp-image-12544\" title=\"Riz Longji\" src=\"https:\/\/sinotrip.net\/wp-content\/uploads\/2025\/03\/0104t12000j071ggw185B_C_1200_800_Q70.jpg\" alt=\"Longji Rice\" width=\"537\" height=\"358\" srcset=\"https:\/\/sinotrip.net\/wp-content\/uploads\/2025\/03\/0104t12000j071ggw185B_C_1200_800_Q70.jpg 600w, https:\/\/sinotrip.net\/wp-content\/uploads\/2025\/03\/0104t12000j071ggw185B_C_1200_800_Q70-300x200.jpg 300w, https:\/\/sinotrip.net\/wp-content\/uploads\/2025\/03\/0104t12000j071ggw185B_C_1200_800_Q70-18x12.jpg 18w\" sizes=\"(max-width: 537px) 100vw, 537px\" \/><\/p>\n<p>Entrez dans un chef-d'\u0153uvre \u00e9poustouflant de nature et de culture aux terrasses de Longji, o\u00f9 les collines ondulantes se transforment en un escalier envo\u00fbtant de rizi\u00e8res dor\u00e9es. Nich\u00e9e au c\u0153ur du Guangxi, cette destination embl\u00e9matique offre des vues panoramiques \u00e9poustouflantes, un riche patrimoine ethnique et une \u00e9chapp\u00e9e inoubliable loin de la ville.<\/p>\n<p><img decoding=\"async\" class=\"aligncenter wp-image-12550\" title=\"Riz Longji\" src=\"https:\/\/sinotrip.net\/wp-content\/uploads\/2025\/03\/100g0x000000lh1qsB282_C_1200_800_Q70.jpg\" alt=\"Longji Rice\" width=\"521\" height=\"332\" srcset=\"https:\/\/sinotrip.net\/wp-content\/uploads\/2025\/03\/100g0x000000lh1qsB282_C_1200_800_Q70.jpg 600w, https:\/\/sinotrip.net\/wp-content\/uploads\/2025\/03\/100g0x000000lh1qsB282_C_1200_800_Q70-300x191.jpg 300w, https:\/\/sinotrip.net\/wp-content\/uploads\/2025\/03\/100g0x000000lh1qsB282_C_1200_800_Q70-18x12.jpg 18w\" sizes=\"(max-width: 521px) 100vw, 521px\" \/><\/p>\n<p>S'\u00e9merveiller devant des paysages spectaculaires en terrasses<br \/>\nD\u00e9couvrez la culture authentique des Zhuang et des Yao<br \/>\nCapturer la magie du lever de soleil sur les champs<\/p>\n<p><img decoding=\"async\" class=\"aligncenter wp-image-12546\" title=\"Riz Longji\" src=\"https:\/\/sinotrip.net\/wp-content\/uploads\/2025\/03\/0105u120005qssb4w68C4_C_1200_800_Q70.jpg\" alt=\"Longji Rice\" width=\"522\" height=\"348\" srcset=\"https:\/\/sinotrip.net\/wp-content\/uploads\/2025\/03\/0105u120005qssb4w68C4_C_1200_800_Q70.jpg 600w, https:\/\/sinotrip.net\/wp-content\/uploads\/2025\/03\/0105u120005qssb4w68C4_C_1200_800_Q70-300x200.jpg 300w, https:\/\/sinotrip.net\/wp-content\/uploads\/2025\/03\/0105u120005qssb4w68C4_C_1200_800_Q70-18x12.jpg 18w\" sizes=\"(max-width: 522px) 100vw, 522px\" \/><\/p>\n<p>Que vous soyez un amoureux de la nature, un passionn\u00e9 de photographie ou un explorateur culturel, les terrasses de Longji vous promettent une aventure \u00e9poustouflante \u00e0 nulle autre pareille. Planifiez votre visite d\u00e8s aujourd'hui !<\/p>","protected":false},"excerpt":{"rendered":"<p>Le <a href=\"https:\/\/sinotrip.net\/fr\/\">Riz Longji<\/a> Les terrasses sont un ensemble de champs en terrasses \u00e0 grande \u00e9chelle \u00e0 Guilin, et les courbes qui se chevauchent sont tr\u00e8s magnifiques.<\/p>","protected":false},"featured_media":12551,"comment_status":"open","ping_status":"closed","template":"","meta":[],"product_cat":[107],"product_tag":[101,135],"class_list":{"0":"post-12543","1":"product","2":"type-product","3":"status-publish","4":"has-post-thumbnail","6":"product_cat-guilin","7":"product_tag-group-travel","8":"product_tag-travel","10":"first","11":"instock","12":"shipping-taxable","13":"purchasable","14":"product-type-simple"},"aioseo_notices":[],"_links":{"self":[{"href":"https:\/\/sinotrip.net\/fr\/wp-json\/wp\/v2\/product\/12543","targetHints":{"allow":["GET"]}}],"collection":[{"href":"https:\/\/sinotrip.net\/fr\/wp-json\/wp\/v2\/product"}],"about":[{"href":"https:\/\/sinotrip.net\/fr\/wp-json\/wp\/v2\/types\/product"}],"replies":[{"embeddable":true,"href":"https:\/\/sinotrip.net\/fr\/wp-json\/wp\/v2\/comments?post=12543"}],"wp:featuredmedia":[{"embeddable":true,"href":"https:\/\/sinotrip.net\/fr\/wp-json\/wp\/v2\/media\/12551"}],"wp:attachment":[{"href":"https:\/\/sinotrip.net\/fr\/wp-json\/wp\/v2\/media?parent=12543"}],"wp:term":[{"taxonomy":"product_cat","embeddable":true,"href":"https:\/\/sinotrip.net\/fr\/wp-json\/wp\/v2\/product_cat?post=12543"},{"taxonomy":"product_tag","embeddable":true,"href":"https:\/\/sinotrip.net\/fr\/wp-json\/wp\/v2\/product_tag?post=12543"}],"curies":[{"name":"wp","href":"https:\/\/api.w.org\/{rel}","templated":true}]}}