{"id":12610,"date":"2025-03-21T06:22:10","date_gmt":"2025-03-21T06:22:10","guid":{"rendered":"https:\/\/sinotrip.net\/?post_type=product&#038;p=12610"},"modified":"2025-03-21T06:22:10","modified_gmt":"2025-03-21T06:22:10","slug":"seven-star-scenic-area-a-magnificent-wonderland-of-mountains-and-waters","status":"publish","type":"product","link":"https:\/\/sinotrip.net\/fr\/produit\/seven-star-scenic-area-a-magnificent-wonderland-of-mountains-and-waters\/","title":{"rendered":"R\u00e9gion panoramique des Sept \u00c9toiles : Un magnifique pays de montagnes et d'eaux"},"content":{"rendered":"<p><a href=\"https:\/\/sinotrip.net\/fr\/\">Sept zones panoramiques<\/a> est le plus grand et le plus repr\u00e9sentatif des parcs de Guilin. Il est situ\u00e9 dans la ville et dispose de moyens de transport pratiques. Il s'agit d'une destination populaire que les touristes ne peuvent pas manquer lorsqu'ils visitent Guilin. Il pr\u00e9sente non seulement de magnifiques paysages naturels, mais int\u00e8gre \u00e9galement de riches vestiges historiques et culturels. Qu'il s'agisse d'un voyage en famille, d'un rassemblement d'amis ou d'un team building d'entreprise, vous trouverez ici des activit\u00e9s adapt\u00e9es et passerez un moment inoubliable.<\/p>\n<p><img fetchpriority=\"high\" decoding=\"async\" class=\"aligncenter wp-image-12614\" title=\"Sept zones panoramiques\" src=\"https:\/\/sinotrip.net\/wp-content\/uploads\/2025\/03\/01066120009xafid242BE_C_1200_800_Q70.jpg\" alt=\"Seven Star Scenic Are\" width=\"492\" height=\"295\" srcset=\"https:\/\/sinotrip.net\/wp-content\/uploads\/2025\/03\/01066120009xafid242BE_C_1200_800_Q70.jpg 600w, https:\/\/sinotrip.net\/wp-content\/uploads\/2025\/03\/01066120009xafid242BE_C_1200_800_Q70-300x180.jpg 300w, https:\/\/sinotrip.net\/wp-content\/uploads\/2025\/03\/01066120009xafid242BE_C_1200_800_Q70-18x12.jpg 18w\" sizes=\"(max-width: 492px) 100vw, 492px\" \/><\/p>\n<p>Paysage naturel : m\u00e9lange de montagnes et d'eaux, pics \u00e9tranges et grottes<br \/>\nLa r\u00e9gion panoramique des Sept est ainsi nomm\u00e9e parce que les sept pics sont dispos\u00e9s comme la Grande Ourse. Le relief karstique unique a cr\u00e9\u00e9 de nombreux pics \u00e9tranges et des grottes naturelles. Parmi eux, le pic du Chameau est particuli\u00e8rement c\u00e9l\u00e8bre. Sa forme ressemble \u00e0 celle d'un chameau couch\u00e9, ce qui est tr\u00e8s r\u00e9aliste et constitue l'une des attractions embl\u00e9matiques de la zone panoramique. Le rocher Qixing, situ\u00e9 dans la zone panoramique, est l'une des grottes naturelles les plus repr\u00e9sentatives de Guilin. Il attire d'innombrables touristes qui viennent l'explorer gr\u00e2ce \u00e0 son \u00e9tonnant paysage de stalactites et \u00e0 ses fantastiques effets d'ombre et de lumi\u00e8re.<\/p>\n<p><img decoding=\"async\" class=\"aligncenter wp-image-12616\" title=\"Sept zones panoramiques\" src=\"https:\/\/sinotrip.net\/wp-content\/uploads\/2025\/03\/0101u120009f17ezlBF0B_C_1200_800_Q70.jpg\" alt=\"Seven Star Scenic Are\" width=\"489\" height=\"293\" srcset=\"https:\/\/sinotrip.net\/wp-content\/uploads\/2025\/03\/0101u120009f17ezlBF0B_C_1200_800_Q70.jpg 600w, https:\/\/sinotrip.net\/wp-content\/uploads\/2025\/03\/0101u120009f17ezlBF0B_C_1200_800_Q70-300x180.jpg 300w, https:\/\/sinotrip.net\/wp-content\/uploads\/2025\/03\/0101u120009f17ezlBF0B_C_1200_800_Q70-18x12.jpg 18w\" sizes=\"(max-width: 489px) 100vw, 489px\" \/><\/p>\n<p>Attraits humanistes : charme ancien et histoire charg\u00e9e<br \/>\nOutre le magnifique paysage naturel, la r\u00e9gion panoramique des Sept poss\u00e8de \u00e9galement de nombreux vestiges culturels au charme historique. Parmi eux, le pont de fleurs en arc de pierre de la dynastie Song est l'un des points forts de la zone panoramique. Ce pont ancien n'est pas seulement d'une facture exquise et d'une forme magnifique, mais il porte en lui mille ans de splendeur historique. En marchant sur ce pont, on a l'impression d'entendre l'\u00e9cho de l'histoire. Le temple zen de Qixia, situ\u00e9 dans la zone pittoresque, est un temple bouddhiste typique de style Tang, avec un encens prosp\u00e8re et un environnement calme. C'est non seulement un bon endroit pour prier et cultiver son esprit, mais il t\u00e9moigne \u00e9galement du profond h\u00e9ritage culturel bouddhiste de Guilin.<\/p>\n<p><img decoding=\"async\" class=\"aligncenter wp-image-12615\" title=\"Sept zones panoramiques\" src=\"https:\/\/sinotrip.net\/wp-content\/uploads\/2025\/03\/0100y120009f17ghsA483_C_1200_800_Q70.png\" alt=\"Seven Star Scenic Are\" width=\"512\" height=\"307\" srcset=\"https:\/\/sinotrip.net\/wp-content\/uploads\/2025\/03\/0100y120009f17ghsA483_C_1200_800_Q70.png 600w, https:\/\/sinotrip.net\/wp-content\/uploads\/2025\/03\/0100y120009f17ghsA483_C_1200_800_Q70-300x180.png 300w, https:\/\/sinotrip.net\/wp-content\/uploads\/2025\/03\/0100y120009f17ghsA483_C_1200_800_Q70-18x12.png 18w\" sizes=\"(max-width: 512px) 100vw, 512px\" \/><\/p>\n<p>Divertissement parent-enfant : contact \u00e9troit avec les pandas du tr\u00e9sor national<br \/>\nLa zone panoramique des Sept abrite \u00e9galement un zoo, qui convient particuli\u00e8rement aux touristes en famille avec des enfants. Les enfants peuvent y observer de pr\u00e8s des animaux rares, en particulier les pandas g\u00e9ants, tr\u00e9sor national bien-aim\u00e9. Voir leur apparence mignonne permet non seulement d'accro\u00eetre les connaissances, mais aussi d'apporter une grande joie. En outre, le zoo abrite d'autres types d'animaux mignons qui permettent aux enfants d'apprendre, de s'amuser et de ressentir le charme merveilleux de la nature.<\/p>\n<p><img loading=\"lazy\" decoding=\"async\" class=\"aligncenter wp-image-12611\" title=\"Sept zones panoramiques\" src=\"https:\/\/sinotrip.net\/wp-content\/uploads\/2025\/03\/10071f000001h709l2F11_C_1200_800_Q70.jpg\" alt=\"Seven Star Scenic Are\" width=\"509\" height=\"339\" srcset=\"https:\/\/sinotrip.net\/wp-content\/uploads\/2025\/03\/10071f000001h709l2F11_C_1200_800_Q70.jpg 600w, https:\/\/sinotrip.net\/wp-content\/uploads\/2025\/03\/10071f000001h709l2F11_C_1200_800_Q70-300x200.jpg 300w, https:\/\/sinotrip.net\/wp-content\/uploads\/2025\/03\/10071f000001h709l2F11_C_1200_800_Q70-18x12.jpg 18w\" sizes=\"(max-width: 509px) 100vw, 509px\" \/><\/p>\n<p>D\u00e9veloppement des activit\u00e9s de plein air : se mettre au d\u00e9fi et lib\u00e9rer sa passion<br \/>\nPour les touristes qui aiment les sports de plein air et les activit\u00e9s d'\u00e9quipe, la r\u00e9gion panoramique des Sept offre \u00e9galement un grand nombre de projets de d\u00e9veloppement. Il existe de nombreux projets passionnants et int\u00e9ressants, tels que l'escalade et les batailles sur le terrain, qui conviennent \u00e0 la formation d'\u00e9quipes d'entreprises ou \u00e0 des r\u00e9unions d'amis. Le projet d'escalade permet aux participants d'exercer leur volont\u00e9 et de se d\u00e9fier sur les parois rocheuses abruptes, tandis que le jeu sur le terrain simule l'environnement r\u00e9el du champ de bataille, teste la capacit\u00e9 de l'\u00e9quipe \u00e0 travailler ensemble, et permet aux gens d'\u00e9vacuer compl\u00e8tement leur stress et de profiter du plaisir de la comp\u00e9tition.<\/p>","protected":false},"excerpt":{"rendered":"<p><a href=\"https:\/\/sinotrip.net\/fr\/\">Sept zones panoramiques<\/a> est le plus grand et le plus repr\u00e9sentatif des parcs de Guilin.<\/p>","protected":false},"featured_media":12618,"comment_status":"open","ping_status":"closed","template":"","meta":[],"product_cat":[15,107],"product_tag":[101,135],"class_list":{"0":"post-12610","1":"product","2":"type-product","3":"status-publish","4":"has-post-thumbnail","6":"product_cat-city","7":"product_cat-guilin","8":"product_tag-group-travel","9":"product_tag-travel","11":"first","12":"instock","13":"shipping-taxable","14":"purchasable","15":"product-type-simple"},"aioseo_notices":[],"_links":{"self":[{"href":"https:\/\/sinotrip.net\/fr\/wp-json\/wp\/v2\/product\/12610","targetHints":{"allow":["GET"]}}],"collection":[{"href":"https:\/\/sinotrip.net\/fr\/wp-json\/wp\/v2\/product"}],"about":[{"href":"https:\/\/sinotrip.net\/fr\/wp-json\/wp\/v2\/types\/product"}],"replies":[{"embeddable":true,"href":"https:\/\/sinotrip.net\/fr\/wp-json\/wp\/v2\/comments?post=12610"}],"wp:featuredmedia":[{"embeddable":true,"href":"https:\/\/sinotrip.net\/fr\/wp-json\/wp\/v2\/media\/12618"}],"wp:attachment":[{"href":"https:\/\/sinotrip.net\/fr\/wp-json\/wp\/v2\/media?parent=12610"}],"wp:term":[{"taxonomy":"product_cat","embeddable":true,"href":"https:\/\/sinotrip.net\/fr\/wp-json\/wp\/v2\/product_cat?post=12610"},{"taxonomy":"product_tag","embeddable":true,"href":"https:\/\/sinotrip.net\/fr\/wp-json\/wp\/v2\/product_tag?post=12610"}],"curies":[{"name":"wp","href":"https:\/\/api.w.org\/{rel}","templated":true}]}}