{"id":12619,"date":"2025-03-21T06:32:32","date_gmt":"2025-03-21T06:32:32","guid":{"rendered":"https:\/\/sinotrip.net\/?post_type=product&#038;p=12619"},"modified":"2025-03-21T06:32:32","modified_gmt":"2025-03-21T06:32:32","slug":"guan-yan-a-majestic-underground-wonderland-along-the-li-river","status":"publish","type":"product","link":"https:\/\/sinotrip.net\/fr\/produit\/guan-yan-a-majestic-underground-wonderland-along-the-li-river\/","title":{"rendered":"Guan Yan : Un majestueux pays des merveilles souterrain le long de la rivi\u00e8re Li"},"content":{"rendered":"<p>1. Une myst\u00e9rieuse merveille souterraine nomm\u00e9e d'apr\u00e8s la \"couronne pourpre-or\"<br \/>\n<a href=\"https:\/\/sinotrip.net\/fr\/\">Guan Yan<\/a>situ\u00e9e le long de la pittoresque rivi\u00e8re Li, est une vaste et impressionnante grotte fluviale souterraine. Elle tire son nom de sa forme de montagne, qui ressemble \u00e0 une couronne royale pourpre et or. Guan Yan, l'une des formations karstiques les plus remarquables de Guilin, poss\u00e8de un labyrinthe de grottes complexes, diverses formations de stalactites et une rivi\u00e8re souterraine enchanteresse, qui attirent d'innombrables visiteurs d\u00e9sireux d'explorer ses merveilles.<\/p>\n<p><img fetchpriority=\"high\" decoding=\"async\" class=\"aligncenter wp-image-12620\" title=\"Guan Yan\" src=\"https:\/\/sinotrip.net\/wp-content\/uploads\/2025\/03\/0105l120009d9u1y18672_C_1200_800_Q70.jpg\" alt=\"Guan Yan\" width=\"452\" height=\"271\" srcset=\"https:\/\/sinotrip.net\/wp-content\/uploads\/2025\/03\/0105l120009d9u1y18672_C_1200_800_Q70.jpg 600w, https:\/\/sinotrip.net\/wp-content\/uploads\/2025\/03\/0105l120009d9u1y18672_C_1200_800_Q70-300x180.jpg 300w, https:\/\/sinotrip.net\/wp-content\/uploads\/2025\/03\/0105l120009d9u1y18672_C_1200_800_Q70-18x12.jpg 18w\" sizes=\"(max-width: 452px) 100vw, 452px\" \/><\/p>\n<p>2. De multiples fa\u00e7ons d'explorer : Une exp\u00e9rience de la grotte totalement immersive<br \/>\nContrairement \u00e0 la plupart des grottes qui ne peuvent \u00eatre explor\u00e9es qu'\u00e0 pied, Guan Yan offre une exp\u00e9rience unique de visite \u00e0 plusieurs niveaux. Les visiteurs peuvent d\u00e9couvrir la grotte en combinant la marche, les ascenseurs touristiques, les wagons et les bateaux en bois le long de la rivi\u00e8re souterraine, ce qui rend le voyage \u00e0 la fois passionnant et vari\u00e9.<\/p>\n<p><img decoding=\"async\" class=\"aligncenter wp-image-12625\" title=\"Guan Yan\" src=\"https:\/\/sinotrip.net\/wp-content\/uploads\/2025\/03\/0101o120009d9u6sm9D7B_C_1200_800_Q70.jpg\" alt=\"Guan Yan\" width=\"465\" height=\"279\" srcset=\"https:\/\/sinotrip.net\/wp-content\/uploads\/2025\/03\/0101o120009d9u6sm9D7B_C_1200_800_Q70.jpg 600w, https:\/\/sinotrip.net\/wp-content\/uploads\/2025\/03\/0101o120009d9u6sm9D7B_C_1200_800_Q70-300x180.jpg 300w, https:\/\/sinotrip.net\/wp-content\/uploads\/2025\/03\/0101o120009d9u6sm9D7B_C_1200_800_Q70-18x12.jpg 18w\" sizes=\"(max-width: 465px) 100vw, 465px\" \/><\/p>\n<p>3. La salle des palmiers : Une grande chambre stalactite de l'art de la nature<br \/>\nParmi les nombreux sites \u00e0 couper le souffle de Guan Yan, le Palm Hall se distingue par son aspect le plus spectaculaire. Nomm\u00e9e ainsi en raison de ses stalactites imposantes qui ressemblent \u00e0 des palmiers g\u00e9ants dans une for\u00eat tropicale, cette salle respire la grandeur et la magnificence. En vous promenant dans cette \"for\u00eat de pierres\" naturelle, vous serez \u00e9merveill\u00e9 par les formations rocheuses complexes qui ont \u00e9t\u00e9 fa\u00e7onn\u00e9es au cours de millions d'ann\u00e9es. La vaste salle, \u00e9clair\u00e9e par une lumi\u00e8re tamis\u00e9e, r\u00e9v\u00e8le un monde enchanteur o\u00f9 stalagmites, rideaux de pierre et piliers imposants s'entrem\u00ealent, cr\u00e9ant un paysage onirique qui laisse les visiteurs bouche b\u00e9e.<\/p>\n<p><img decoding=\"async\" class=\"aligncenter wp-image-12621\" title=\"Guan Yan\" src=\"https:\/\/sinotrip.net\/wp-content\/uploads\/2025\/03\/0105z120009d9ua9yDBF7_C_1200_800_Q70.jpg\" alt=\"Guan Yan\" width=\"488\" height=\"293\" srcset=\"https:\/\/sinotrip.net\/wp-content\/uploads\/2025\/03\/0105z120009d9ua9yDBF7_C_1200_800_Q70.jpg 600w, https:\/\/sinotrip.net\/wp-content\/uploads\/2025\/03\/0105z120009d9ua9yDBF7_C_1200_800_Q70-300x180.jpg 300w, https:\/\/sinotrip.net\/wp-content\/uploads\/2025\/03\/0105z120009d9ua9yDBF7_C_1200_800_Q70-18x12.jpg 18w\" sizes=\"(max-width: 488px) 100vw, 488px\" \/><\/p>\n<p>4. Une fusion parfaite entre les paysages de la rivi\u00e8re Li et l'exploration souterraine<br \/>\nLe charme de Guan Yan ne se limite pas \u00e0 ses merveilles souterraines. Sa situation privil\u00e9gi\u00e9e le long de la rivi\u00e8re Li permet aux visiteurs de compl\u00e9ter leur exploration des grottes par une croisi\u00e8re sur la rivi\u00e8re Li, du rafting en bambou ou de la photographie de nature, afin de s'immerger totalement dans les paysages \u00e9poustouflants de Guilin.<\/p>\n<p><img loading=\"lazy\" decoding=\"async\" class=\"aligncenter wp-image-12623\" title=\"Guan Yan\" src=\"https:\/\/sinotrip.net\/wp-content\/uploads\/2025\/03\/01071120009d9u9by9873_C_1200_800_Q70.jpg\" alt=\"Guan Yan\" width=\"482\" height=\"289\" srcset=\"https:\/\/sinotrip.net\/wp-content\/uploads\/2025\/03\/01071120009d9u9by9873_C_1200_800_Q70.jpg 600w, https:\/\/sinotrip.net\/wp-content\/uploads\/2025\/03\/01071120009d9u9by9873_C_1200_800_Q70-300x180.jpg 300w, https:\/\/sinotrip.net\/wp-content\/uploads\/2025\/03\/01071120009d9u9by9873_C_1200_800_Q70-18x12.jpg 18w\" sizes=\"(max-width: 482px) 100vw, 482px\" \/><\/p>\n<p>Les environs de Guan Yan sont \u00e9galement luxuriants et tranquilles, avec de l'air frais, des for\u00eats vertes et une atmosph\u00e8re sereine, ce qui en fait un lieu id\u00e9al pour des promenades tranquilles. Que vous soyez un amateur d'aventure ou une famille \u00e0 la recherche d'une escapade unique, Guan Yan offre une exp\u00e9rience inoubliable pour tous les \u00e2ges.<\/p>\n<p>Si vous vous trouvez un jour \u00e0 Guilin, ne manquez pas l'occasion d'explorer cet \u00e9poustouflant palais souterrain, chef-d'\u0153uvre cr\u00e9\u00e9 par la nature au cours de millions d'ann\u00e9es. Embarquez pour une aventure magique dans les grottes et d\u00e9couvrez la beaut\u00e9 cach\u00e9e sous la rivi\u00e8re Li !<\/p>","protected":false},"excerpt":{"rendered":"<p><a href=\"https:\/\/sinotrip.net\/fr\/\">Guan Yan<\/a>situ\u00e9e le long de la pittoresque rivi\u00e8re Li, est une vaste et impressionnante grotte fluviale souterraine.<\/p>","protected":false},"featured_media":12626,"comment_status":"open","ping_status":"closed","template":"","meta":[],"product_cat":[15,107],"product_tag":[101,135],"class_list":{"0":"post-12619","1":"product","2":"type-product","3":"status-publish","4":"has-post-thumbnail","6":"product_cat-city","7":"product_cat-guilin","8":"product_tag-group-travel","9":"product_tag-travel","11":"first","12":"instock","13":"shipping-taxable","14":"purchasable","15":"product-type-simple"},"aioseo_notices":[],"_links":{"self":[{"href":"https:\/\/sinotrip.net\/fr\/wp-json\/wp\/v2\/product\/12619","targetHints":{"allow":["GET"]}}],"collection":[{"href":"https:\/\/sinotrip.net\/fr\/wp-json\/wp\/v2\/product"}],"about":[{"href":"https:\/\/sinotrip.net\/fr\/wp-json\/wp\/v2\/types\/product"}],"replies":[{"embeddable":true,"href":"https:\/\/sinotrip.net\/fr\/wp-json\/wp\/v2\/comments?post=12619"}],"wp:featuredmedia":[{"embeddable":true,"href":"https:\/\/sinotrip.net\/fr\/wp-json\/wp\/v2\/media\/12626"}],"wp:attachment":[{"href":"https:\/\/sinotrip.net\/fr\/wp-json\/wp\/v2\/media?parent=12619"}],"wp:term":[{"taxonomy":"product_cat","embeddable":true,"href":"https:\/\/sinotrip.net\/fr\/wp-json\/wp\/v2\/product_cat?post=12619"},{"taxonomy":"product_tag","embeddable":true,"href":"https:\/\/sinotrip.net\/fr\/wp-json\/wp\/v2\/product_tag?post=12619"}],"curies":[{"name":"wp","href":"https:\/\/api.w.org\/{rel}","templated":true}]}}