{"id":12629,"date":"2025-03-22T05:50:42","date_gmt":"2025-03-22T05:50:42","guid":{"rendered":"https:\/\/sinotrip.net\/?post_type=product&#038;p=12629"},"modified":"2025-03-22T05:50:43","modified_gmt":"2025-03-22T05:50:43","slug":"explore-the-timeless-beauty-of-li-li-ancient-town","status":"publish","type":"product","link":"https:\/\/sinotrip.net\/fr\/produit\/explore-the-timeless-beauty-of-li-li-ancient-town\/","title":{"rendered":"\"D\u00e9couvrez la beaut\u00e9 intemporelle de l'ancienne ville de Li Li."},"content":{"rendered":"<p><a href=\"https:\/\/sinotrip.net\/fr\/en_us\/produit\/seven-star-scenic-area-a-magnificent-wonderland-of-mountains-and-waters\/\">Ville ancienne de Li Li<\/a> est situ\u00e9e dans le district de Wujiang, \u00e0 Suzhou, et est une ancienne ville typique de Jiangnan bien pr\u00e9serv\u00e9e. La ville est sillonn\u00e9e de voies d'eau et son sol fertile lui a valu la r\u00e9putation de \"pays du poisson et du riz\". Li Li est \u00e9galement la ville natale du c\u00e9l\u00e8bre d\u00e9mocrate patriote et po\u00e8te Liu Yazi. La ville abrite le Liu Yazi Memorial Hall, un site du patrimoine culturel, qui attire chaque ann\u00e9e de nombreux visiteurs chinois et \u00e9trangers.<\/p>\n<p><img fetchpriority=\"high\" decoding=\"async\" class=\"aligncenter wp-image-12631\" title=\"Ville ancienne de Li Li\" src=\"https:\/\/sinotrip.net\/wp-content\/uploads\/2025\/03\/01022120008ihfj9c0BC3_C_1200_800_Q70.jpg\" alt=\"Li Li Ancient Town\" width=\"440\" height=\"293\" srcset=\"https:\/\/sinotrip.net\/wp-content\/uploads\/2025\/03\/01022120008ihfj9c0BC3_C_1200_800_Q70.jpg 600w, https:\/\/sinotrip.net\/wp-content\/uploads\/2025\/03\/01022120008ihfj9c0BC3_C_1200_800_Q70-300x200.jpg 300w, https:\/\/sinotrip.net\/wp-content\/uploads\/2025\/03\/01022120008ihfj9c0BC3_C_1200_800_Q70-18x12.jpg 18w\" sizes=\"(max-width: 440px) 100vw, 440px\" \/><\/p>\n<p>La ville ancienne de Li Li poss\u00e8de un riche pass\u00e9 historique et de profondes racines culturelles. Elle est non seulement repr\u00e9sentative des villes d'eau traditionnelles du Jiangnan, mais aussi le lieu de naissance de nombreuses figures historiques. Parmi eux, le plus c\u00e9l\u00e8bre est Liu Yazi, un \u00e9minent d\u00e9mocrate patriote et po\u00e8te de l'histoire moderne de la Chine. Liu Yazi a consacr\u00e9 sa vie \u00e0 l'ind\u00e9pendance et \u00e0 la d\u00e9mocratie de la Chine et a apport\u00e9 d'importantes contributions \u00e0 la litt\u00e9rature chinoise. En tant que natif de Li Li, son esprit et ses r\u00e9alisations ont profond\u00e9ment influenc\u00e9 l'atmosph\u00e8re culturelle de la ville.<img decoding=\"async\" class=\"aligncenter wp-image-12632\" title=\"Ville ancienne de Li Li\" src=\"https:\/\/sinotrip.net\/wp-content\/uploads\/2025\/03\/01032120009g3iior5CA3_C_1200_800_Q70.jpg\" alt=\"Li Li Ancient Town\" width=\"458\" height=\"305\" srcset=\"https:\/\/sinotrip.net\/wp-content\/uploads\/2025\/03\/01032120009g3iior5CA3_C_1200_800_Q70.jpg 600w, https:\/\/sinotrip.net\/wp-content\/uploads\/2025\/03\/01032120009g3iior5CA3_C_1200_800_Q70-300x200.jpg 300w, https:\/\/sinotrip.net\/wp-content\/uploads\/2025\/03\/01032120009g3iior5CA3_C_1200_800_Q70-18x12.jpg 18w\" sizes=\"(max-width: 458px) 100vw, 458px\" \/><\/p>\n<p>Pour comm\u00e9morer ce grand po\u00e8te et patriote, la salle comm\u00e9morative Liu Yazi a \u00e9t\u00e9 cr\u00e9\u00e9e dans la ville. La salle comm\u00e9morative expose des objets pr\u00e9cieux, des manuscrits et l'histoire de sa vie, attirant des visiteurs et des passionn\u00e9s d'histoire du monde entier. Chaque ann\u00e9e, en particulier le jour de la comm\u00e9moration de Liu Yazi et lors des f\u00eates traditionnelles, de nombreuses personnes se rendent dans la ville pour rendre hommage \u00e0 cette grande figure et h\u00e9riter de son esprit patriotique et de son h\u00e9ritage culturel.<\/p>\n<p><img decoding=\"async\" class=\"aligncenter wp-image-12635\" title=\"Ville ancienne de Li Li\" src=\"https:\/\/sinotrip.net\/wp-content\/uploads\/2025\/03\/0103b120009g3ijm769F2_C_1200_800_Q70.jpg\" alt=\"Li Li Ancient Town\" width=\"477\" height=\"318\" srcset=\"https:\/\/sinotrip.net\/wp-content\/uploads\/2025\/03\/0103b120009g3ijm769F2_C_1200_800_Q70.jpg 600w, https:\/\/sinotrip.net\/wp-content\/uploads\/2025\/03\/0103b120009g3ijm769F2_C_1200_800_Q70-300x200.jpg 300w, https:\/\/sinotrip.net\/wp-content\/uploads\/2025\/03\/0103b120009g3ijm769F2_C_1200_800_Q70-18x12.jpg 18w\" sizes=\"(max-width: 477px) 100vw, 477px\" \/><\/p>\n<p>Outre la richesse de son histoire et de sa culture, le paysage naturel de l'ancienne ville de Li Li constitue une autre attraction majeure pour les visiteurs. Les petits ponts, l'eau qui coule, les maisons aux murs blancs, les ruelles sinueuses et les rues historiques de la ville donnent l'image d'une ville d'eau typique du Jiangnan. L'entrelacement des rivi\u00e8res et de la nature cr\u00e9e une atmosph\u00e8re tranquille et harmonieuse, ce qui en fait un endroit id\u00e9al pour les personnes modernes qui souhaitent \u00e9chapper \u00e0 l'agitation et profiter d'une vie au ralenti.<\/p>\n<p><img loading=\"lazy\" decoding=\"async\" class=\"aligncenter wp-image-12634\" title=\"Ville ancienne de Li Li\" src=\"https:\/\/sinotrip.net\/wp-content\/uploads\/2025\/03\/1lo0w12000bvwu1378A18_C_1200_800_Q70.jpg\" alt=\"Li Li Ancient Town\" width=\"459\" height=\"306\" srcset=\"https:\/\/sinotrip.net\/wp-content\/uploads\/2025\/03\/1lo0w12000bvwu1378A18_C_1200_800_Q70.jpg 600w, https:\/\/sinotrip.net\/wp-content\/uploads\/2025\/03\/1lo0w12000bvwu1378A18_C_1200_800_Q70-300x200.jpg 300w, https:\/\/sinotrip.net\/wp-content\/uploads\/2025\/03\/1lo0w12000bvwu1378A18_C_1200_800_Q70-18x12.jpg 18w\" sizes=\"(max-width: 459px) 100vw, 459px\" \/><\/p>\n<p>En r\u00e9sum\u00e9, la ville ancienne de Li Li n'est pas seulement une ville d'eau typique du Jiangnan, mais aussi une terre riche en culture et en histoire. Ici, les visiteurs peuvent non seulement admirer les magnifiques paysages de la ville ancienne, mais aussi mieux comprendre la grande figure de l'histoire moderne de la Chine, Liu Yazi, et son h\u00e9ritage. Chaque site et chaque b\u00e2timent de la ville porte la profonde signification culturelle et historique de cette terre, offrant une exp\u00e9rience spirituelle \u00e0 chaque visiteur.<\/p>","protected":false},"excerpt":{"rendered":"<p><a href=\"https:\/\/sinotrip.net\/fr\/en_us\/produit\/seven-star-scenic-area-a-magnificent-wonderland-of-mountains-and-waters\/\">Ville ancienne de Li Li<\/a> Situ\u00e9e dans le district de Wujiang, \u00e0 Suzhou, c'est une ancienne ville typique de Jiangnan bien pr\u00e9serv\u00e9e.<\/p>","protected":false},"featured_media":12636,"comment_status":"open","ping_status":"closed","template":"","meta":[],"product_cat":[15,106],"product_tag":[101,135],"class_list":{"0":"post-12629","1":"product","2":"type-product","3":"status-publish","4":"has-post-thumbnail","6":"product_cat-city","7":"product_cat-shanghai","8":"product_tag-group-travel","9":"product_tag-travel","11":"first","12":"instock","13":"shipping-taxable","14":"purchasable","15":"product-type-simple"},"aioseo_notices":[],"_links":{"self":[{"href":"https:\/\/sinotrip.net\/fr\/wp-json\/wp\/v2\/product\/12629","targetHints":{"allow":["GET"]}}],"collection":[{"href":"https:\/\/sinotrip.net\/fr\/wp-json\/wp\/v2\/product"}],"about":[{"href":"https:\/\/sinotrip.net\/fr\/wp-json\/wp\/v2\/types\/product"}],"replies":[{"embeddable":true,"href":"https:\/\/sinotrip.net\/fr\/wp-json\/wp\/v2\/comments?post=12629"}],"wp:featuredmedia":[{"embeddable":true,"href":"https:\/\/sinotrip.net\/fr\/wp-json\/wp\/v2\/media\/12636"}],"wp:attachment":[{"href":"https:\/\/sinotrip.net\/fr\/wp-json\/wp\/v2\/media?parent=12629"}],"wp:term":[{"taxonomy":"product_cat","embeddable":true,"href":"https:\/\/sinotrip.net\/fr\/wp-json\/wp\/v2\/product_cat?post=12629"},{"taxonomy":"product_tag","embeddable":true,"href":"https:\/\/sinotrip.net\/fr\/wp-json\/wp\/v2\/product_tag?post=12629"}],"curies":[{"name":"wp","href":"https:\/\/api.w.org\/{rel}","templated":true}]}}