{"id":12669,"date":"2025-03-25T06:24:42","date_gmt":"2025-03-25T06:24:42","guid":{"rendered":"https:\/\/sinotrip.net\/?post_type=product&#038;p=12669"},"modified":"2025-09-28T12:12:21","modified_gmt":"2025-09-28T12:12:21","slug":"huangpu-river-the-lifeline-of-shanghai-where-history-meets-modernity","status":"publish","type":"product","link":"https:\/\/sinotrip.net\/fr\/produit\/huangpu-river-the-lifeline-of-shanghai-where-history-meets-modernity\/","title":{"rendered":"Le fleuve Huangpu : La ligne de vie de Shanghai, o\u00f9 l'histoire rencontre la modernit\u00e9"},"content":{"rendered":"<p>Le <a href=\"https:\/\/sinotrip.net\/fr\/en_us\/produit\/discover-the-charm-of-luhuitou-scenic-area-a-beautiful-blend-of-nature-and-legend\/\">Rivi\u00e8re Huangpu<\/a> est connue comme la \"rivi\u00e8re m\u00e8re\" de Shanghai, faisant office de ligne de vie qui relie l'histoire de la ville \u00e0 son d\u00e9veloppement moderne. Le fleuve s\u00e9pare les zones de Pudong et de Puxi, et c'est le long de ses rives que sont apparus certains des sites les plus embl\u00e9matiques de la ville, notamment le Bund, c\u00e9l\u00e8bre dans le monde entier, et le centre financier de Lujiazui. Le Bund et la Riverside Promenade le long de la rivi\u00e8re Huangpu sont tous deux d'excellents endroits pour faire du tourisme, la Riverside Promenade \u00e9tant plus calme et moins fr\u00e9quent\u00e9e que le Bund. Pour une exp\u00e9rience plus intense de la rivi\u00e8re Huangpu, il est fortement recommand\u00e9 de faire une croisi\u00e8re sur la rivi\u00e8re Huangpu. \u00c0 bord du bateau, vous pourrez profiter d'une vue \u00e0 couper le souffle sur les deux rives du fleuve.<\/p>\n<p><img fetchpriority=\"high\" decoding=\"async\" class=\"aligncenter wp-image-12671\" title=\"Rivi\u00e8re Huangpu\" src=\"https:\/\/sinotrip.net\/wp-content\/uploads\/2025\/03\/c7d340bb1cfe6e7c3dd977c0ff3d0f66.jpeg\" alt=\"Huangpu River\" width=\"498\" height=\"331\" srcset=\"https:\/\/sinotrip.net\/wp-content\/uploads\/2025\/03\/c7d340bb1cfe6e7c3dd977c0ff3d0f66.jpeg 600w, https:\/\/sinotrip.net\/wp-content\/uploads\/2025\/03\/c7d340bb1cfe6e7c3dd977c0ff3d0f66-300x200.jpeg 300w, https:\/\/sinotrip.net\/wp-content\/uploads\/2025\/03\/c7d340bb1cfe6e7c3dd977c0ff3d0f66-18x12.jpeg 18w\" sizes=\"(max-width: 498px) 100vw, 498px\" \/><\/p>\n<p>Pudong et Puxi sont divis\u00e9s par la rivi\u00e8re Huangpu, qui forme la ligne d'horizon symbolique de Shanghai. Le Bund de Puxi, c\u0153ur culturel et historique de Shanghai, est l'une des destinations touristiques les plus populaires de la ville. On y trouve une collection de b\u00e2timents de style europ\u00e9en bien pr\u00e9serv\u00e9s qui refl\u00e8tent la gloire de l'histoire moderne de Shanghai. Sur le Bund, vous aurez une vue sur le fleuve Huangpu scintillant, avec le district financier de Lujiazui qui se dresse derri\u00e8re lui. Les gratte-ciel de Lujiazui et l'architecture historique du Bund se combinent pour cr\u00e9er un paysage urbain unique.<\/p>\n<p><img decoding=\"async\" class=\"aligncenter wp-image-12673\" title=\"Rivi\u00e8re Huangpu\" src=\"https:\/\/sinotrip.net\/wp-content\/uploads\/2025\/03\/5cd213d548d9dbf2e3ac3ea60ac148b2.jpg\" alt=\"Huangpu River\" width=\"493\" height=\"277\" srcset=\"https:\/\/sinotrip.net\/wp-content\/uploads\/2025\/03\/5cd213d548d9dbf2e3ac3ea60ac148b2.jpg 600w, https:\/\/sinotrip.net\/wp-content\/uploads\/2025\/03\/5cd213d548d9dbf2e3ac3ea60ac148b2-300x169.jpg 300w, https:\/\/sinotrip.net\/wp-content\/uploads\/2025\/03\/5cd213d548d9dbf2e3ac3ea60ac148b2-18x10.jpg 18w\" sizes=\"(max-width: 493px) 100vw, 493px\" \/><\/p>\n<p>Pour ceux qui recherchent une exp\u00e9rience plus calme et sereine, la Riverside Promenade \u00e0 Pudong est un choix parfait. Compar\u00e9e au Bund, la Riverside Promenade attire moins de touristes et est id\u00e9ale pour ceux qui appr\u00e9cient le calme et la nature. Le long de la promenade, vous trouverez de magnifiques espaces verts et des installations de loisirs modernes. En vous promenant ici, vous pourrez profiter d'une promenade tranquille tout en admirant la vue sur le fleuve et la ligne d'horizon environnante. Les b\u00e2timents lointains, encadr\u00e9s par un ciel bleu et des nuages blancs, cr\u00e9ent une atmosph\u00e8re tranquille et d\u00e9tendue.<\/p>\n<p><img decoding=\"async\" class=\"aligncenter wp-image-12675\" title=\"Rivi\u00e8re Huangpu\" src=\"https:\/\/sinotrip.net\/wp-content\/uploads\/2025\/03\/9910673b937cd70aab8fbfef0f9c9ec5.jpeg\" alt=\"Huangpu River\" width=\"490\" height=\"327\" srcset=\"https:\/\/sinotrip.net\/wp-content\/uploads\/2025\/03\/9910673b937cd70aab8fbfef0f9c9ec5.jpeg 600w, https:\/\/sinotrip.net\/wp-content\/uploads\/2025\/03\/9910673b937cd70aab8fbfef0f9c9ec5-300x201.jpeg 300w, https:\/\/sinotrip.net\/wp-content\/uploads\/2025\/03\/9910673b937cd70aab8fbfef0f9c9ec5-18x12.jpeg 18w\" sizes=\"(max-width: 490px) 100vw, 490px\" \/><\/p>\n<p>La rivi\u00e8re Huangpu est particuli\u00e8rement captivante la nuit, lorsque les b\u00e2timents qui bordent ses rives s'illuminent, ressemblant \u00e0 des perles brillantes qui illuminent la surface de la rivi\u00e8re, cr\u00e9ant un paysage nocturne \u00e0 couper le souffle. Assis sur le bateau, avec la brise nocturne qui souffle doucement, vous aurez l'impression que le temps s'est arr\u00eat\u00e9 et que l'agitation de la ville est loin derri\u00e8re vous.<\/p>\n<p><img loading=\"lazy\" decoding=\"async\" class=\"aligncenter wp-image-12674\" title=\"Rivi\u00e8re Huangpu\" src=\"https:\/\/sinotrip.net\/wp-content\/uploads\/2025\/03\/8897ebc020b3f2089aeee8c4e3c5b488.jpeg\" alt=\"Huangpu River\" width=\"481\" height=\"258\" srcset=\"https:\/\/sinotrip.net\/wp-content\/uploads\/2025\/03\/8897ebc020b3f2089aeee8c4e3c5b488.jpeg 600w, https:\/\/sinotrip.net\/wp-content\/uploads\/2025\/03\/8897ebc020b3f2089aeee8c4e3c5b488-300x161.jpeg 300w, https:\/\/sinotrip.net\/wp-content\/uploads\/2025\/03\/8897ebc020b3f2089aeee8c4e3c5b488-18x10.jpeg 18w\" sizes=\"(max-width: 481px) 100vw, 481px\" \/><\/p>\n<p>De jour comme de nuit, la rivi\u00e8re Huangpu et ses environs ont un charme infini, ce qui en fait un lieu incontournable pour tous les visiteurs. En vous promenant ou en faisant une croisi\u00e8re, vous pourrez profiter pleinement des paysages et des \u00e9motions uniques qu'offre le fleuve. La rivi\u00e8re Huangpu n'est pas seulement une voie d'eau, c'est l'\u00e2me de Shanghai.<\/p>","protected":false},"excerpt":{"rendered":"<p>Le <a href=\"https:\/\/sinotrip.net\/fr\/en_us\/produit\/discover-the-charm-of-luhuitou-scenic-area-a-beautiful-blend-of-nature-and-legend\/\">Rivi\u00e8re Huangpu<\/a> est connue comme la \"rivi\u00e8re m\u00e8re\" de Shanghai, faisant office de ligne de vie qui relie l'histoire de la ville \u00e0 son d\u00e9veloppement moderne.<\/p>","protected":false},"featured_media":12676,"comment_status":"open","ping_status":"closed","template":"","meta":[],"product_cat":[15,106],"product_tag":[101,135],"class_list":{"0":"post-12669","1":"product","2":"type-product","3":"status-publish","4":"has-post-thumbnail","6":"product_cat-city","7":"product_cat-shanghai","8":"product_tag-group-travel","9":"product_tag-travel","11":"first","12":"instock","13":"shipping-taxable","14":"purchasable","15":"product-type-simple"},"aioseo_notices":[],"_links":{"self":[{"href":"https:\/\/sinotrip.net\/fr\/wp-json\/wp\/v2\/product\/12669","targetHints":{"allow":["GET"]}}],"collection":[{"href":"https:\/\/sinotrip.net\/fr\/wp-json\/wp\/v2\/product"}],"about":[{"href":"https:\/\/sinotrip.net\/fr\/wp-json\/wp\/v2\/types\/product"}],"replies":[{"embeddable":true,"href":"https:\/\/sinotrip.net\/fr\/wp-json\/wp\/v2\/comments?post=12669"}],"wp:featuredmedia":[{"embeddable":true,"href":"https:\/\/sinotrip.net\/fr\/wp-json\/wp\/v2\/media\/12676"}],"wp:attachment":[{"href":"https:\/\/sinotrip.net\/fr\/wp-json\/wp\/v2\/media?parent=12669"}],"wp:term":[{"taxonomy":"product_cat","embeddable":true,"href":"https:\/\/sinotrip.net\/fr\/wp-json\/wp\/v2\/product_cat?post=12669"},{"taxonomy":"product_tag","embeddable":true,"href":"https:\/\/sinotrip.net\/fr\/wp-json\/wp\/v2\/product_tag?post=12669"}],"curies":[{"name":"wp","href":"https:\/\/api.w.org\/{rel}","templated":true}]}}