{"id":12868,"date":"2025-04-10T07:37:06","date_gmt":"2025-04-10T07:37:06","guid":{"rendered":"https:\/\/sinotrip.net\/?post_type=product&#038;p=12868"},"modified":"2025-04-10T07:38:20","modified_gmt":"2025-04-10T07:38:20","slug":"4-days-private-tour-of-guiyang-kaili-miao-ethnic-villages","status":"publish","type":"product","link":"https:\/\/sinotrip.net\/fr\/produit\/4-days-private-tour-of-guiyang-kaili-miao-ethnic-villages\/","title":{"rendered":"4 jours de visite priv\u00e9e de Guiyang - Kaili (villages ethniques Miao)"},"content":{"rendered":"<p>Type de visite : Visite priv\u00e9e, toutes les parties de l'itin\u00e9raire peuvent \u00eatre personnalis\u00e9es.<br \/>\nGuide et chauffeur : Guide anglophone, chauffeur exp\u00e9riment\u00e9 dans un v\u00e9hicule climatis\u00e9<br \/>\nRepas : 3 petits d\u00e9jeuners sous forme de buffet occidental, 2 d\u00e9jeuners<\/p>\n<p><img fetchpriority=\"high\" decoding=\"async\" class=\"aligncenter wp-image-12871 size-full\" title=\"Visite priv\u00e9e de Guiyang - Kaili (villages ethniques Miao)\" src=\"https:\/\/sinotrip.net\/wp-content\/uploads\/2025\/04\/37d84d6db0c5961354adf3ed955158ba.jpeg\" alt=\"Private Tour of Guiyang - Kaili (Miao Ethnic Villages)\" width=\"600\" height=\"388\" srcset=\"https:\/\/sinotrip.net\/wp-content\/uploads\/2025\/04\/37d84d6db0c5961354adf3ed955158ba.jpeg 600w, https:\/\/sinotrip.net\/wp-content\/uploads\/2025\/04\/37d84d6db0c5961354adf3ed955158ba-300x194.jpeg 300w, https:\/\/sinotrip.net\/wp-content\/uploads\/2025\/04\/37d84d6db0c5961354adf3ed955158ba-18x12.jpeg 18w\" sizes=\"(max-width: 600px) 100vw, 600px\" \/><\/p>\n<p>Faits marquants :<br \/>\n<a href=\"https:\/\/sinotrip.net\/fr\/en_us\/produit\/8-days-private-tour-of-kunming-dali-lijiang-shangri-la\/\">Ville ancienne de Qingyan<\/a>La ville est c\u00e9l\u00e8bre pour ses caract\u00e9ristiques culturelles des dynasties Ming et Qing.<br \/>\nD\u00e9couverte des villages de la minorit\u00e9 ethnique Miao et des Diaojiaolou, les maisons traditionnelles en bois<br \/>\nApprochez les populations locales et d\u00e9couvrez leurs coutumes folkloriques diversifi\u00e9es.<\/p>\n<p><img decoding=\"async\" class=\"aligncenter wp-image-12874 size-full\" title=\"Visite priv\u00e9e de Guiyang - Kaili (villages ethniques Miao)\" src=\"https:\/\/sinotrip.net\/wp-content\/uploads\/2025\/04\/c4776d2b0b382e09d998e0393050c415-1.png\" alt=\"Private Tour of Guiyang - Kaili (Miao Ethnic Villages)\" width=\"600\" height=\"352\" srcset=\"https:\/\/sinotrip.net\/wp-content\/uploads\/2025\/04\/c4776d2b0b382e09d998e0393050c415-1.png 600w, https:\/\/sinotrip.net\/wp-content\/uploads\/2025\/04\/c4776d2b0b382e09d998e0393050c415-1-300x176.png 300w, https:\/\/sinotrip.net\/wp-content\/uploads\/2025\/04\/c4776d2b0b382e09d998e0393050c415-1-18x12.png 18w\" sizes=\"(max-width: 600px) 100vw, 600px\" \/><\/p>\n<p>Jour 1 Arriv\u00e9e \u00e0 Guiyang<br \/>\nNotre guide vous accueillera \u00e0 l'ext\u00e9rieur de la zone de r\u00e9cup\u00e9ration des bagages de l'a\u00e9roport de Guiyang et vous transf\u00e9rera \u00e0 l'h\u00f4tel. Si le temps le permet, vous vous reposerez un peu et visiterez les sites suivants <a href=\"https:\/\/sinotrip.net\/fr\/en_us\/produit\/8-days-private-tour-of-kunming-dali-lijiang-shangri-la\/\">Ville ancienne de Qingyan<\/a>.<\/p>\n<p><img decoding=\"async\" class=\"aligncenter wp-image-12872 size-full\" title=\"Visite priv\u00e9e de Guiyang - Kaili (villages ethniques Miao)\" src=\"https:\/\/sinotrip.net\/wp-content\/uploads\/2025\/04\/160971766f156b3c697f575aaf330e63.jpeg\" alt=\"Private Tour of Guiyang - Kaili (Miao Ethnic Villages)\" width=\"600\" height=\"337\" srcset=\"https:\/\/sinotrip.net\/wp-content\/uploads\/2025\/04\/160971766f156b3c697f575aaf330e63.jpeg 600w, https:\/\/sinotrip.net\/wp-content\/uploads\/2025\/04\/160971766f156b3c697f575aaf330e63-300x169.jpeg 300w, https:\/\/sinotrip.net\/wp-content\/uploads\/2025\/04\/160971766f156b3c697f575aaf330e63-18x10.jpeg 18w\" sizes=\"(max-width: 600px) 100vw, 600px\" \/><\/p>\n<p>Jour 2 Guiyang - Kaili (villages de la minorit\u00e9 ethnique Miao)<br \/>\nLe matin, vous vous rendrez \u00e0 Kaili pour une visite priv\u00e9e de deux jours de la minorit\u00e9 ethnique Miao. La premi\u00e8re \u00e9tape sera le village Miao \u00e0 jupes longues de Qingman. Il est ainsi nomm\u00e9 parce que les Miao du village portent des jupes longues. Les villageois Miao hospitaliers vous accueilleront dans le village en buvant le vin de la rue.<\/p>\n<p><img loading=\"lazy\" decoding=\"async\" class=\"aligncenter wp-image-12870 size-full\" title=\"Visite priv\u00e9e de Guiyang - Kaili (villages ethniques Miao)\" src=\"https:\/\/sinotrip.net\/wp-content\/uploads\/2025\/04\/17f1e06f578fa0f8fd97b790d71a3f33.jpeg\" alt=\"Private Tour of Guiyang - Kaili (Miao Ethnic Villages)\" width=\"600\" height=\"400\" srcset=\"https:\/\/sinotrip.net\/wp-content\/uploads\/2025\/04\/17f1e06f578fa0f8fd97b790d71a3f33.jpeg 600w, https:\/\/sinotrip.net\/wp-content\/uploads\/2025\/04\/17f1e06f578fa0f8fd97b790d71a3f33-300x200.jpeg 300w, https:\/\/sinotrip.net\/wp-content\/uploads\/2025\/04\/17f1e06f578fa0f8fd97b790d71a3f33-18x12.jpeg 18w\" sizes=\"(max-width: 600px) 100vw, 600px\" \/><\/p>\n<p>Jour 3 Kaili (villages de la minorit\u00e9 ethnique Miao)<br \/>\nLe prochain arr\u00eat est le c\u00e9l\u00e8bre <a href=\"https:\/\/sinotrip.net\/fr\/en_us\/produit\/8-days-private-tour-of-kunming-dali-lijiang-shangri-la\/\">Village de Langde Miao<\/a>. Situ\u00e9 \u00e0 environ 31 miles au sud de la ville de Kaili, le village Langde Miao est entour\u00e9 de montagnes et de rivi\u00e8res et poss\u00e8de des maisons sur pilotis en bois, des chemins de montagne sinueux et un pont Wind and Rain bien pr\u00e9serv\u00e9.<\/p>\n<p>Jour 4 D\u00e9part de Guiyang<br \/>\nApr\u00e8s le petit-d\u00e9jeuner, nous vous transf\u00e9rons \u00e0 Guiyang pour votre vol de retour. Nous esp\u00e9rons que notre service vous a permis de passer un agr\u00e9able s\u00e9jour dans le Guizhou !<\/p>","protected":false},"excerpt":{"rendered":"<p>Type de visite : Visite priv\u00e9e, toutes les parties de l'itin\u00e9raire peuvent \u00eatre personnalis\u00e9es.<br \/>\nGuide et chauffeur : Guide anglophone, chauffeur exp\u00e9riment\u00e9 dans un v\u00e9hicule climatis\u00e9<br \/>\nRepas : 3 petits d\u00e9jeuners sous forme de buffet occidental, 2 d\u00e9jeuners<\/p>","protected":false},"featured_media":12875,"comment_status":"open","ping_status":"closed","template":"","meta":[],"product_cat":[15,142],"product_tag":[99,135],"class_list":{"0":"post-12868","1":"product","2":"type-product","3":"status-publish","4":"has-post-thumbnail","6":"product_cat-city","7":"product_cat-guiyang","8":"product_tag-number-of-days-to-visit-3-5-days","9":"product_tag-travel","11":"first","12":"instock","13":"shipping-taxable","14":"purchasable","15":"product-type-simple"},"aioseo_notices":[],"_links":{"self":[{"href":"https:\/\/sinotrip.net\/fr\/wp-json\/wp\/v2\/product\/12868","targetHints":{"allow":["GET"]}}],"collection":[{"href":"https:\/\/sinotrip.net\/fr\/wp-json\/wp\/v2\/product"}],"about":[{"href":"https:\/\/sinotrip.net\/fr\/wp-json\/wp\/v2\/types\/product"}],"replies":[{"embeddable":true,"href":"https:\/\/sinotrip.net\/fr\/wp-json\/wp\/v2\/comments?post=12868"}],"wp:featuredmedia":[{"embeddable":true,"href":"https:\/\/sinotrip.net\/fr\/wp-json\/wp\/v2\/media\/12875"}],"wp:attachment":[{"href":"https:\/\/sinotrip.net\/fr\/wp-json\/wp\/v2\/media?parent=12868"}],"wp:term":[{"taxonomy":"product_cat","embeddable":true,"href":"https:\/\/sinotrip.net\/fr\/wp-json\/wp\/v2\/product_cat?post=12868"},{"taxonomy":"product_tag","embeddable":true,"href":"https:\/\/sinotrip.net\/fr\/wp-json\/wp\/v2\/product_tag?post=12868"}],"curies":[{"name":"wp","href":"https:\/\/api.w.org\/{rel}","templated":true}]}}