{"id":12908,"date":"2025-04-14T06:59:01","date_gmt":"2025-04-14T06:59:01","guid":{"rendered":"https:\/\/sinotrip.net\/?post_type=product&#038;p=12908"},"modified":"2025-04-14T06:59:02","modified_gmt":"2025-04-14T06:59:02","slug":"10-days-private-tour-of-beijing-xian-chengdu-shanghai","status":"publish","type":"product","link":"https:\/\/sinotrip.net\/fr\/produit\/10-days-private-tour-of-beijing-xian-chengdu-shanghai\/","title":{"rendered":"10 jours de visite priv\u00e9e de P\u00e9kin - Xi'an - Chengdu - Shanghai"},"content":{"rendered":"<p>Type de visite : Visite priv\u00e9e, toute partie de l'itin\u00e9raire peut \u00eatre personnalis\u00e9e.<br \/>\nGuide et chauffeur : Guide anglophone, chauffeur exp\u00e9riment\u00e9 dans un v\u00e9hicule climatis\u00e9<\/p>\n<p>Faits marquants :<br \/>\nLes incontournables de la Chine - <a href=\"https:\/\/sinotrip.net\/fr\/en_us\/produit\/1-day-to-mutianyu-great-wall\/\">Grande Muraille de Mutianyu<\/a>Cit\u00e9 interdite, arm\u00e9e de terre cuite.<br \/>\nVivez une exp\u00e9rience unique en vous rapprochant des adorables pandas g\u00e9ants.<br \/>\nVivre des exp\u00e9riences terre \u00e0 terre dans une communaut\u00e9 chinoise.<br \/>\nCroisi\u00e8re sur la rivi\u00e8re Huangpu pour admirer les impressionnantes lignes d'horizon de Shanghai.<\/p>\n<p><img fetchpriority=\"high\" decoding=\"async\" class=\"aligncenter wp-image-12915 size-full\" title=\"10 jours de visite priv\u00e9e de P\u00e9kin - Xi&#039;an - Chengdu - Shanghai\" src=\"https:\/\/sinotrip.net\/wp-content\/uploads\/2025\/04\/873cfe72f88c861602d5e084d0116e9e.jpeg\" alt=\"10 Days Private Tour of Beijing - Xi'an - Chengdu - Shanghai\" width=\"600\" height=\"324\" srcset=\"https:\/\/sinotrip.net\/wp-content\/uploads\/2025\/04\/873cfe72f88c861602d5e084d0116e9e.jpeg 600w, https:\/\/sinotrip.net\/wp-content\/uploads\/2025\/04\/873cfe72f88c861602d5e084d0116e9e-300x162.jpeg 300w, https:\/\/sinotrip.net\/wp-content\/uploads\/2025\/04\/873cfe72f88c861602d5e084d0116e9e-18x10.jpeg 18w\" sizes=\"(max-width: 600px) 100vw, 600px\" \/><\/p>\n<p>Jour 1 Entr\u00e9e \u00e0 P\u00e9kin<br \/>\nAujourd'hui, votre guide priv\u00e9 vous attendra \u00e0 l'ext\u00e9rieur du hall d'arriv\u00e9e de l'a\u00e9roport, avec un panneau de bienvenue portant votre nom.<\/p>\n<figure id=\"attachment_12916\" aria-describedby=\"caption-attachment-12916\" style=\"width: 600px\" class=\"wp-caption aligncenter\"><img decoding=\"async\" class=\"wp-image-12916 size-full\" title=\"10 jours de visite priv\u00e9e de P\u00e9kin - Xi&#039;an - Chengdu - Shanghai\" src=\"https:\/\/sinotrip.net\/wp-content\/uploads\/2025\/04\/63170c6e4a3ca2a0082d0214f4806c2a.jpg\" alt=\"10 Days Private Tour of Beijing - Xi'an - Chengdu - Shanghai\" width=\"600\" height=\"449\" srcset=\"https:\/\/sinotrip.net\/wp-content\/uploads\/2025\/04\/63170c6e4a3ca2a0082d0214f4806c2a.jpg 600w, https:\/\/sinotrip.net\/wp-content\/uploads\/2025\/04\/63170c6e4a3ca2a0082d0214f4806c2a-300x225.jpg 300w, https:\/\/sinotrip.net\/wp-content\/uploads\/2025\/04\/63170c6e4a3ca2a0082d0214f4806c2a-16x12.jpg 16w\" sizes=\"(max-width: 600px) 100vw, 600px\" \/><figcaption id=\"caption-attachment-12916\" class=\"wp-caption-text\">\u00a0<\/figcaption><\/figure>\n<p>Jour 2 P\u00e9kin<br \/>\nVotre circuit priv\u00e9 en Chine commencera \u00e0 la c\u00e9l\u00e8bre <a href=\"https:\/\/sinotrip.net\/fr\/en_us\/produit\/1-day-to-mutianyu-great-wall\/\">Place Tiananmen<\/a> - la plus grande place centrale de ville au monde. C'est aussi un lieu de rassemblement pour les c\u00e9l\u00e9brations et les parades militaires lors des jours importants. Le guide vous conduira ensuite \u00e0 l'extr\u00e9mit\u00e9 nord de la place, traversera la tour Tian'anmen et visitera ensuite la majestueuse Cit\u00e9 interdite, un complexe de palais imp\u00e9riaux construit il y a pr\u00e8s de 600 ans.<\/p>\n<p><img decoding=\"async\" class=\"aligncenter wp-image-12917 size-full\" title=\"10 jours de visite priv\u00e9e de P\u00e9kin - Xi&#039;an - Chengdu - Shanghai\" src=\"https:\/\/sinotrip.net\/wp-content\/uploads\/2025\/04\/f190dc5703bd84b680c45067bde88ceb.jpeg\" alt=\"10 Days Private Tour of Beijing - Xi'an - Chengdu - Shanghai\" width=\"600\" height=\"367\" srcset=\"https:\/\/sinotrip.net\/wp-content\/uploads\/2025\/04\/f190dc5703bd84b680c45067bde88ceb.jpeg 600w, https:\/\/sinotrip.net\/wp-content\/uploads\/2025\/04\/f190dc5703bd84b680c45067bde88ceb-300x184.jpeg 300w, https:\/\/sinotrip.net\/wp-content\/uploads\/2025\/04\/f190dc5703bd84b680c45067bde88ceb-18x12.jpeg 18w\" sizes=\"(max-width: 600px) 100vw, 600px\" \/><\/p>\n<p>Jour 3 P\u00e9kin<br \/>\nLe matin, une excursion vous emm\u00e8ne visiter la Grande Muraille de Mutianyu, qui s'enorgueillit de sa magnificence et de ses vues naturelles. Un aller-retour en t\u00e9l\u00e9ph\u00e9rique est pr\u00e9vu pour faciliter la mont\u00e9e et la descente.<\/p>\n<p><img loading=\"lazy\" decoding=\"async\" class=\"aligncenter wp-image-12912 size-full\" title=\"10 jours de visite priv\u00e9e de P\u00e9kin - Xi&#039;an - Chengdu - Shanghai\" src=\"https:\/\/sinotrip.net\/wp-content\/uploads\/2025\/04\/8e1b667c55fbc036aa92301804892572.jpeg\" alt=\"10 Days Private Tour of Beijing - Xi'an - Chengdu - Shanghai\" width=\"600\" height=\"400\" srcset=\"https:\/\/sinotrip.net\/wp-content\/uploads\/2025\/04\/8e1b667c55fbc036aa92301804892572.jpeg 600w, https:\/\/sinotrip.net\/wp-content\/uploads\/2025\/04\/8e1b667c55fbc036aa92301804892572-300x200.jpeg 300w, https:\/\/sinotrip.net\/wp-content\/uploads\/2025\/04\/8e1b667c55fbc036aa92301804892572-18x12.jpeg 18w\" sizes=\"(max-width: 600px) 100vw, 600px\" \/><\/p>\n<p>Jour 4 P\u00e9kin - Xi'an en train \u00e0 grande vitesse<br \/>\nCe matin, notre guide vous accompagnera \u00e0 la d\u00e9couverte du Palais d'\u00e9t\u00e9, un lieu de vill\u00e9giature luxueux utilis\u00e9 par la famille royale pour ses loisirs et ses divertissements.<\/p>\n<p>Jour 6 Xi'an - Chengdu en train \u00e0 grande vitesse<br \/>\nCe matin, nous nous rendrons d'abord au parc de la muraille de la ville, qui est un bon endroit pour d\u00e9couvrir la vie de loisir et de divertissement des Chinois, en particulier des personnes \u00e2g\u00e9es.<\/p>\n<p>Jour 7 Chengdu<br \/>\nLa base de recherche sur l'\u00e9levage du panda g\u00e9ant sera l'une des priorit\u00e9s de la journ\u00e9e.<\/p>\n<p>Jour 8 : Vol de Chengdu \u00e0 Shanghai<br \/>\nAujourd'hui, vous faites vos adieux \u00e0 Chengdu. Vous serez accompagn\u00e9 \u00e0 l'a\u00e9roport et embarquerez pour Shanghai. Apr\u00e8s 2,5 heures de vol, notre guide de Shanghai vous accueillera chaleureusement dans le hall d'arriv\u00e9e.<\/p>\n<p>Jour 9 Shanghai<br \/>\nApr\u00e8s le petit-d\u00e9jeuner, vous serez guid\u00e9s pour visiter <a href=\"https:\/\/sinotrip.net\/fr\/en_us\/produit\/1-day-to-mutianyu-great-wall\/\">Mus\u00e9e de Shanghai<\/a> et <a href=\"https:\/\/sinotrip.net\/fr\/en_us\/produit\/1-day-to-mutianyu-great-wall\/\">Jardin de Yu<\/a>. Le mus\u00e9e de Shanghai, l'un des quatre mus\u00e9es les plus prestigieux, poss\u00e8de une collection riche et de grande qualit\u00e9 de 120 000 \u0153uvres d'art anciennes et pr\u00e9cieuses. Le jardin Yu est un jardin classique et \u00e9l\u00e9gant situ\u00e9 au c\u0153ur de la ville. De magnifiques panoramas ravissent les visiteurs \u00e0 chaque coin de rue, et l'on peut avoir l'impression que tout dans ce jardin a \u00e9t\u00e9 cr\u00e9\u00e9 par la nature.<\/p>\n<p>Jour 10 D\u00e9part de Shanghai<br \/>\nSelon l'horaire de votre vol international, notre guide et notre chauffeur viendront vous chercher \u00e0 l'h\u00f4tel et vous transf\u00e9reront \u00e0 l'a\u00e9roport \u00e0 l'heure pr\u00e9vue. Si vous pr\u00e9f\u00e9rez prendre le train maglev pour vous rendre \u00e0 l'a\u00e9roport de Pudong, nous pouvons \u00e9galement l'organiser pour vous. Nous vous souhaitons un agr\u00e9able voyage de retour !<\/p>\n<p>&nbsp;<\/p>","protected":false},"excerpt":{"rendered":"<p>Type de visite : Visite priv\u00e9e, toute partie de l'itin\u00e9raire peut \u00eatre personnalis\u00e9e.<br \/>\nGuide et chauffeur : Guide anglophone, chauffeur exp\u00e9riment\u00e9 dans un v\u00e9hicule climatis\u00e9<\/p>","protected":false},"featured_media":12918,"comment_status":"open","ping_status":"closed","template":"","meta":[],"product_cat":[15,112,108,106,98],"product_tag":[115,101,129,135,133],"class_list":{"0":"post-12908","1":"product","2":"type-product","3":"status-publish","4":"has-post-thumbnail","6":"product_cat-city","7":"product_cat-beijing","8":"product_cat-chengdu","9":"product_cat-shanghai","10":"product_cat-xian","11":"product_tag-beijing","12":"product_tag-group-travel","13":"product_tag-the-bund","14":"product_tag-travel","15":"product_tag-yu-garden","17":"first","18":"instock","19":"shipping-taxable","20":"purchasable","21":"product-type-simple"},"aioseo_notices":[],"_links":{"self":[{"href":"https:\/\/sinotrip.net\/fr\/wp-json\/wp\/v2\/product\/12908","targetHints":{"allow":["GET"]}}],"collection":[{"href":"https:\/\/sinotrip.net\/fr\/wp-json\/wp\/v2\/product"}],"about":[{"href":"https:\/\/sinotrip.net\/fr\/wp-json\/wp\/v2\/types\/product"}],"replies":[{"embeddable":true,"href":"https:\/\/sinotrip.net\/fr\/wp-json\/wp\/v2\/comments?post=12908"}],"wp:featuredmedia":[{"embeddable":true,"href":"https:\/\/sinotrip.net\/fr\/wp-json\/wp\/v2\/media\/12918"}],"wp:attachment":[{"href":"https:\/\/sinotrip.net\/fr\/wp-json\/wp\/v2\/media?parent=12908"}],"wp:term":[{"taxonomy":"product_cat","embeddable":true,"href":"https:\/\/sinotrip.net\/fr\/wp-json\/wp\/v2\/product_cat?post=12908"},{"taxonomy":"product_tag","embeddable":true,"href":"https:\/\/sinotrip.net\/fr\/wp-json\/wp\/v2\/product_tag?post=12908"}],"curies":[{"name":"wp","href":"https:\/\/api.w.org\/{rel}","templated":true}]}}