{"id":12953,"date":"2025-04-16T07:11:24","date_gmt":"2025-04-16T07:11:24","guid":{"rendered":"https:\/\/sinotrip.net\/?post_type=product&#038;p=12953"},"modified":"2025-04-16T07:11:24","modified_gmt":"2025-04-16T07:11:24","slug":"one-day-beijing-highlights-tour-to-tiananmen-square-forbidden-city-mutianyu-great-wall-and-hutong-2","status":"publish","type":"product","link":"https:\/\/sinotrip.net\/fr\/produit\/one-day-beijing-highlights-tour-to-tiananmen-square-forbidden-city-mutianyu-great-wall-and-hutong-2\/","title":{"rendered":"Excursion d'une journ\u00e9e \u00e0 P\u00e9kin avec visite de la place Tiananmen, de la Cit\u00e9 interdite, de la Grande Muraille de Mutianyu et des hutongs"},"content":{"rendered":"<p>Points forts du voyage<br \/>\nMini groupe d'environ 11 personnes, avec un service plus personnalis\u00e9.<br \/>\n<a href=\"https:\/\/sinotrip.net\/fr\/en_us\/produit\/explore-the-timeless-beauty-of-li-li-ancient-town\/\">Garantie du meilleur prix<\/a>: Le tarif le plus bas pour 100% est ici ! Nous battons tous les prix des services touristiques identiques.<br \/>\nVisitez la Cit\u00e9 interdite, vieille de 600 ans, et participez \u00e0 un festin culturel.<br \/>\n\u00c9viter intelligemment les foules et faire de la randonn\u00e9e <a href=\"https:\/\/sinotrip.net\/fr\/en_us\/produit\/explore-the-timeless-beauty-of-li-li-ancient-town\/\">Grande Muraille de Mutianyu<\/a> sur la plus belle partie.<br \/>\nBouteilles d'eau potable \u00e0 volont\u00e9 et petits rafra\u00eechissements locaux fournis gratuitement.<br \/>\nDes commentaires approfondis et des inspirations photographiques sont propos\u00e9s par votre guide professionnel anglophone.<br \/>\nPas d'arr\u00eats shopping, pas de soi-disant usine de jade, pas de c\u00e9r\u00e9monies du th\u00e9 ! \u00c9vitez de perdre du temps dans les arr\u00eats de motivation pour le shopping. C'est aussi la raison pour laquelle nous pouvons inclure plus d'attractions que d'autres. Nous accordons de l'importance au temps que vous passez sur les sites d'attraction pour une exp\u00e9rience touristique pure.<br \/>\nPas de visites optionnelles ! Les visites facultatives ne sont que des pi\u00e8ges \u00e0 touristes et vous co\u00fbteront toujours plus cher avec une majoration importante du prix.<\/p>\n<p><img fetchpriority=\"high\" decoding=\"async\" class=\"aligncenter wp-image-12958 size-full\" title=\"Excursion d&#039;une journ\u00e9e \u00e0 P\u00e9kin avec visite de la place Tiananmen, de la Cit\u00e9 interdite, de la Grande Muraille de Mutianyu et des hutongs\" src=\"https:\/\/sinotrip.net\/wp-content\/uploads\/2025\/04\/76c9adf94adcc60a81a45e562a84d7ce.jpeg\" alt=\"One Day Beijing Highlights Tour to Tiananmen Square, Forbidden City, Mutianyu Great Wall, and Hutong\" width=\"600\" height=\"380\" srcset=\"https:\/\/sinotrip.net\/wp-content\/uploads\/2025\/04\/76c9adf94adcc60a81a45e562a84d7ce.jpeg 600w, https:\/\/sinotrip.net\/wp-content\/uploads\/2025\/04\/76c9adf94adcc60a81a45e562a84d7ce-300x190.jpeg 300w, https:\/\/sinotrip.net\/wp-content\/uploads\/2025\/04\/76c9adf94adcc60a81a45e562a84d7ce-18x12.jpeg 18w\" sizes=\"(max-width: 600px) 100vw, 600px\" \/><\/p>\n<p>Chemins qui montent et descendent la Grande Muraille<\/p>\n<p>Faites la randonn\u00e9e jusqu'au bout : Si vous commencez la randonn\u00e9e par l'entr\u00e9e nord, vous atteindrez le mirador n\u00b0 8 ou n\u00b0 10, tandis que le mirador n\u00b0 6 ou n\u00b0 8 sera accessible si vous passez par l'entr\u00e9e sud. Il y a environ 500 marches sur le chemin de la montagne. Il faut en g\u00e9n\u00e9ral une demi-heure pour atteindre le mirador, quel que soit l'itin\u00e9raire emprunt\u00e9.<\/p>\n<p><img decoding=\"async\" class=\"aligncenter wp-image-12961 size-full\" title=\"Excursion d&#039;une journ\u00e9e \u00e0 P\u00e9kin avec visite de la place Tiananmen, de la Cit\u00e9 interdite, de la Grande Muraille de Mutianyu et des hutongs\" src=\"https:\/\/sinotrip.net\/wp-content\/uploads\/2025\/04\/b3b436ca04bc4affdba9c3585e12a115.jpg\" alt=\"One Day Beijing Highlights Tour to Tiananmen Square, Forbidden City, Mutianyu Great Wall, and Hutong\" width=\"600\" height=\"400\" srcset=\"https:\/\/sinotrip.net\/wp-content\/uploads\/2025\/04\/b3b436ca04bc4affdba9c3585e12a115.jpg 600w, https:\/\/sinotrip.net\/wp-content\/uploads\/2025\/04\/b3b436ca04bc4affdba9c3585e12a115-300x200.jpg 300w, https:\/\/sinotrip.net\/wp-content\/uploads\/2025\/04\/b3b436ca04bc4affdba9c3585e12a115-18x12.jpg 18w\" sizes=\"(max-width: 600px) 100vw, 600px\" \/><\/p>\n<p>Aller-retour en t\u00e9l\u00e9ph\u00e9rique : CNY140 par personne, \u00e0 vos frais. Il est \u00e9galement possible de monter en t\u00e9l\u00e9si\u00e8ge et de descendre en toboggan pour le m\u00eame prix, mais le trajet en t\u00e9l\u00e9ph\u00e9rique est recommand\u00e9 pour des raisons de s\u00e9curit\u00e9. Vous pouvez acheter les billets sur place avec l'aide de votre guide.<\/p>\n<p>Mont\u00e9e et descente en t\u00e9l\u00e9ph\u00e9rique : Vous pouvez monter \u00e0 pied jusqu'\u00e0 la muraille pour vous rendre compte des difficult\u00e9s rencontr\u00e9es par les ouvriers pour construire la muraille dans les temps anciens. Apr\u00e8s la visite de la muraille, vous pouvez descendre en t\u00e9l\u00e9ph\u00e9rique depuis la tour de guet n\u00b0 14 pour 100 CNY \u00e0 vos frais.<\/p>\n<p><img decoding=\"async\" class=\"aligncenter wp-image-12960 size-full\" title=\"Excursion d&#039;une journ\u00e9e \u00e0 P\u00e9kin avec visite de la place Tiananmen, de la Cit\u00e9 interdite, de la Grande Muraille de Mutianyu et des hutongs\" src=\"https:\/\/sinotrip.net\/wp-content\/uploads\/2025\/04\/a12df6d906adced2bcba9e0ac0329f47.jpeg\" alt=\"One Day Beijing Highlights Tour to Tiananmen Square, Forbidden City, Mutianyu Great Wall, and Hutong\" width=\"600\" height=\"378\" srcset=\"https:\/\/sinotrip.net\/wp-content\/uploads\/2025\/04\/a12df6d906adced2bcba9e0ac0329f47.jpeg 600w, https:\/\/sinotrip.net\/wp-content\/uploads\/2025\/04\/a12df6d906adced2bcba9e0ac0329f47-300x189.jpeg 300w, https:\/\/sinotrip.net\/wp-content\/uploads\/2025\/04\/a12df6d906adced2bcba9e0ac0329f47-18x12.jpeg 18w\" sizes=\"(max-width: 600px) 100vw, 600px\" \/><\/p>\n<p>Attention : La Cit\u00e9 interdite n'\u00e9tant g\u00e9n\u00e9ralement pas ouverte le lundi, nous vous organiserons une visite du Palais d'\u00e9t\u00e9 au lieu de la place Tiananmen et de la Cit\u00e9 interdite si votre date de voyage tombe un lundi. Il s'agit du jardin royal le plus grand et le mieux pr\u00e9serv\u00e9 de Chine. Le lac Kunming, la colline de la long\u00e9vit\u00e9, le pont aux dix-sept arches, la longue galerie, les palais et les pavillons du Palais d'\u00e9t\u00e9 valent tous la peine d'\u00eatre explor\u00e9s.<\/p>","protected":false},"excerpt":{"rendered":"<p>Visite de la Grande Muraille et de la Cit\u00e9 interdite de P\u00e9kin en mini-groupe, sans achats<\/p>","protected":false},"featured_media":12964,"comment_status":"open","ping_status":"closed","template":"","meta":[],"product_cat":[15,112],"product_tag":[],"class_list":{"0":"post-12953","1":"product","2":"type-product","3":"status-publish","4":"has-post-thumbnail","6":"product_cat-city","7":"product_cat-beijing","9":"first","10":"instock","11":"shipping-taxable","12":"purchasable","13":"product-type-simple"},"aioseo_notices":[],"_links":{"self":[{"href":"https:\/\/sinotrip.net\/fr\/wp-json\/wp\/v2\/product\/12953","targetHints":{"allow":["GET"]}}],"collection":[{"href":"https:\/\/sinotrip.net\/fr\/wp-json\/wp\/v2\/product"}],"about":[{"href":"https:\/\/sinotrip.net\/fr\/wp-json\/wp\/v2\/types\/product"}],"replies":[{"embeddable":true,"href":"https:\/\/sinotrip.net\/fr\/wp-json\/wp\/v2\/comments?post=12953"}],"wp:featuredmedia":[{"embeddable":true,"href":"https:\/\/sinotrip.net\/fr\/wp-json\/wp\/v2\/media\/12964"}],"wp:attachment":[{"href":"https:\/\/sinotrip.net\/fr\/wp-json\/wp\/v2\/media?parent=12953"}],"wp:term":[{"taxonomy":"product_cat","embeddable":true,"href":"https:\/\/sinotrip.net\/fr\/wp-json\/wp\/v2\/product_cat?post=12953"},{"taxonomy":"product_tag","embeddable":true,"href":"https:\/\/sinotrip.net\/fr\/wp-json\/wp\/v2\/product_tag?post=12953"}],"curies":[{"name":"wp","href":"https:\/\/api.w.org\/{rel}","templated":true}]}}