{"id":13019,"date":"2025-06-11T07:55:05","date_gmt":"2025-06-11T07:55:05","guid":{"rendered":"https:\/\/sinotrip.net\/?post_type=product&#038;p=13019"},"modified":"2025-06-11T07:55:05","modified_gmt":"2025-06-11T07:55:05","slug":"leshan-giant-buddha-a-millennium-of-buddhist-charm-serenity-amidst-mountains-and-waters","status":"publish","type":"product","link":"https:\/\/sinotrip.net\/fr\/produit\/leshan-giant-buddha-a-millennium-of-buddhist-charm-serenity-amidst-mountains-and-waters\/","title":{"rendered":"Le Bouddha g\u00e9ant de Leshan : Un mill\u00e9naire de charme bouddhiste, S\u00e9r\u00e9nit\u00e9 au milieu des montagnes et des eaux"},"content":{"rendered":"<p><strong>Raisons de la construction du Bouddha g\u00e9ant de Leshan<\/strong><\/p>\n<p>On dit qu'en <a href=\"https:\/\/sinotrip.net\/fr\/en_us\/produit\/one-day-beijing-highlights-tour-to-tiananmen-square-forbidden-city-mutianyu-great-wall-and-hutong\/\"><strong>L'ancienne Leshan<\/strong><\/a>\u00c0 l'\u00e9poque, au confluent des rivi\u00e8res Minjiang, Qingyi et Dadu, l'eau \u00e9tait tr\u00e8s forte et les bateaux qui passaient par l\u00e0 coulaient souvent. Afin de r\u00e9duire les eaux et de calmer la rivi\u00e8re, Ma\u00eetre Hai Tong a rassembl\u00e9 de la main d'\u0153uvre et des ressources mat\u00e9rielles pour construire le Bouddha g\u00e9ant de Leshan. Une fois la construction du bouddha achev\u00e9e, les eaux \u00e9taient beaucoup plus calmes et les bateaux pouvaient passer en toute s\u00e9curit\u00e9.<\/p>\n<p><img fetchpriority=\"high\" decoding=\"async\" class=\"aligncenter wp-image-13022 size-full\" title=\"L&#039;ancienne Leshan\" src=\"https:\/\/sinotrip.net\/wp-content\/uploads\/2025\/06\/\u56fe\u724738.png\" alt=\"ancient Leshan\" width=\"600\" height=\"400\" srcset=\"https:\/\/sinotrip.net\/wp-content\/uploads\/2025\/06\/\u56fe\u724738.png 600w, https:\/\/sinotrip.net\/wp-content\/uploads\/2025\/06\/\u56fe\u724738-300x200.png 300w, https:\/\/sinotrip.net\/wp-content\/uploads\/2025\/06\/\u56fe\u724738-18x12.png 18w\" sizes=\"(max-width: 600px) 100vw, 600px\" \/><\/p>\n<p>Le Bouddha g\u00e9ant de Leshan est situ\u00e9 dans la ville de Leshan, sur la paroi rocheuse du pic Qixia de la montagne Lingyun, au confluent de la rivi\u00e8re Minjiang, de la rivi\u00e8re Qingyi et de la rivi\u00e8re Dadu. Il est \u00e9galement connu sous le nom de Bouddha g\u00e9ant de Lingyun et a \u00e9t\u00e9 approuv\u00e9 par l'UNESCO en tant que \"patrimoine culturel et naturel mondial\". Il s'agit d'une statue de Bouddha Maitreya assis, chef-d'\u0153uvre de l'art de la sculpture des falaises de la dynastie Tang.<\/p>\n<p><strong>Appr\u00e9ciez la statue g\u00e9ante du Bouddha Maitreya, sculpt\u00e9e dans la pierre.<\/strong><\/p>\n<p>Le Bouddha g\u00e9ant de Leshan a \u00e9t\u00e9 sculpt\u00e9 sous la dynastie Tang et a \u00e9t\u00e9 achev\u00e9 apr\u00e8s 90 ans par trois g\u00e9n\u00e9rations d'artisans. Il s'agit d'une statue assise du Bouddha Maitr\u00e9ya, d'environ 70 m\u00e8tres de haut, une statue assise g\u00e9ante du Bouddha Maitr\u00e9ya sculpt\u00e9e dans la pierre. Observez le grand et majestueux Bouddha g\u00e9ant de Leshan et \u00e9merveillez-vous du fait que les anciens aient pu cr\u00e9er un si beau Bouddha sans les grands outils modernes.<\/p>\n<p><img decoding=\"async\" class=\"aligncenter wp-image-13024 size-full\" title=\"L&#039;ancienne Leshan\" src=\"https:\/\/sinotrip.net\/wp-content\/uploads\/2025\/06\/\u56fe\u724740.png\" alt=\"ancient Leshan\" width=\"600\" height=\"400\" srcset=\"https:\/\/sinotrip.net\/wp-content\/uploads\/2025\/06\/\u56fe\u724740.png 600w, https:\/\/sinotrip.net\/wp-content\/uploads\/2025\/06\/\u56fe\u724740-300x200.png 300w, https:\/\/sinotrip.net\/wp-content\/uploads\/2025\/06\/\u56fe\u724740-18x12.png 18w\" sizes=\"(max-width: 600px) 100vw, 600px\" \/><\/p>\n<p><strong>Prier pour la paix et la sant\u00e9<\/strong><\/p>\n<p>Le Bouddha g\u00e9ant de Leshan a toujours \u00e9t\u00e9 un lieu saint bouddhiste. Devant l'immense statue de Bouddha, joignez les mains et priez calmement, en demandant la paix et la sant\u00e9 pour vous, votre famille et vos amis.<\/p>\n<p><strong>Temple de Lingyun<\/strong><\/p>\n<p>Le temple de Lingyun est un b\u00e2timent \u00e0 cour de trois \u00e9tages comprenant le grand hall et la biblioth\u00e8que des soutras. Le temple est tr\u00e8s populaire et de nombreux touristes viennent y prier. Le temple de Lingyun est \u00e9galement tr\u00e8s bien am\u00e9nag\u00e9. Il est non seulement entour\u00e9 d'arbres, mais aussi de nombreuses plantes en pot. C'est un bon choix pour d\u00e9couvrir la culture bouddhiste.<\/p>\n<p><img decoding=\"async\" class=\"aligncenter wp-image-13020 size-full\" title=\"L&#039;ancienne Leshan\" src=\"https:\/\/sinotrip.net\/wp-content\/uploads\/2025\/06\/\u56fe\u724736.png\" alt=\"ancient Leshan\" width=\"600\" height=\"400\" srcset=\"https:\/\/sinotrip.net\/wp-content\/uploads\/2025\/06\/\u56fe\u724736.png 600w, https:\/\/sinotrip.net\/wp-content\/uploads\/2025\/06\/\u56fe\u724736-300x200.png 300w, https:\/\/sinotrip.net\/wp-content\/uploads\/2025\/06\/\u56fe\u724736-18x12.png 18w\" sizes=\"(max-width: 600px) 100vw, 600px\" \/><\/p>\n<p><strong>Le Bouddha endormi de Leshan : A la recherche du Bouddha couch\u00e9 sur la rivi\u00e8re<\/strong><\/p>\n<p>\u00c0 la surface de la rivi\u00e8re Qingyi, plusieurs pics sont reli\u00e9s entre eux. Si vous regardez de pr\u00e8s, vous constaterez que sa forme ressemble beaucoup \u00e0 une statue de Bouddha couch\u00e9e, avec la t\u00eate, le corps et les pieds du Bouddha. Le Bouddha endormi est tourn\u00e9 vers le ciel, ce qui est tr\u00e8s int\u00e9ressant. Le meilleur endroit pour observer le \"Bouddha endormi\" se trouve dans la zone du quai est de Yingchunmen, dans l'ancienne ville de Leshan.<\/p>\n<p><strong>Itin\u00e9raire de la visite :<\/strong><\/p>\n<p>L'itin\u00e9raire touristique le plus populaire consiste \u00e0 emprunter les escaliers du temple Lingyun, \u00e0 atteindre la t\u00eate du Bouddha et \u00e0 descendre de la t\u00eate du Bouddha \u00e0 partir de la route en planches \u00e0 neuf courbes. Prenez une photo lorsque vous atteignez les pieds du Bouddha, puis remontez. Une autre fa\u00e7on de visiter le site est de faire une visite en bateau du Bouddha, afin de voir la vue panoramique du Bouddha de loin.<\/p>\n<p>&nbsp;<\/p>\n<p>&nbsp;<\/p>","protected":false},"excerpt":{"rendered":"<p>On raconte que dans l'ancien Leshan, au confluent des rivi\u00e8res Minjiang, Qingyi et Dadu, l'eau \u00e9tait tr\u00e8s forte et les bateaux qui passaient par l\u00e0 coulaient souvent.<\/p>","protected":false},"featured_media":13025,"comment_status":"open","ping_status":"closed","template":"","meta":[],"product_cat":[15,108],"product_tag":[101,135],"class_list":{"0":"post-13019","1":"product","2":"type-product","3":"status-publish","4":"has-post-thumbnail","6":"product_cat-city","7":"product_cat-chengdu","8":"product_tag-group-travel","9":"product_tag-travel","11":"first","12":"instock","13":"shipping-taxable","14":"purchasable","15":"product-type-simple"},"aioseo_notices":[],"_links":{"self":[{"href":"https:\/\/sinotrip.net\/fr\/wp-json\/wp\/v2\/product\/13019","targetHints":{"allow":["GET"]}}],"collection":[{"href":"https:\/\/sinotrip.net\/fr\/wp-json\/wp\/v2\/product"}],"about":[{"href":"https:\/\/sinotrip.net\/fr\/wp-json\/wp\/v2\/types\/product"}],"replies":[{"embeddable":true,"href":"https:\/\/sinotrip.net\/fr\/wp-json\/wp\/v2\/comments?post=13019"}],"wp:featuredmedia":[{"embeddable":true,"href":"https:\/\/sinotrip.net\/fr\/wp-json\/wp\/v2\/media\/13025"}],"wp:attachment":[{"href":"https:\/\/sinotrip.net\/fr\/wp-json\/wp\/v2\/media?parent=13019"}],"wp:term":[{"taxonomy":"product_cat","embeddable":true,"href":"https:\/\/sinotrip.net\/fr\/wp-json\/wp\/v2\/product_cat?post=13019"},{"taxonomy":"product_tag","embeddable":true,"href":"https:\/\/sinotrip.net\/fr\/wp-json\/wp\/v2\/product_tag?post=13019"}],"curies":[{"name":"wp","href":"https:\/\/api.w.org\/{rel}","templated":true}]}}